{"id":88293,"date":"2022-01-11T08:41:20","date_gmt":"2022-01-11T08:41:20","guid":{"rendered":"https:\/\/www.tele-radio.com\/?page_id=88293"},"modified":"2022-01-11T08:41:21","modified_gmt":"2022-01-11T08:41:21","slug":"personvernerklaering","status":"publish","type":"page","link":"https:\/\/www.tele-radio.com\/nb\/personvernerklaering\/","title":{"rendered":"Personvernerkl\u00e6ring"},"content":{"rendered":"\n<h2 class=\"wp-block-heading\"><strong>INTRODUKSJON<\/strong><\/h2>\n\n\n\n<p>Tele Radio er forpliktet til \u00e5 beskytte personvernet og konfidensialiteten til informasjonen som er betrodd oss. Det betyr at Tele Radio har som m\u00e5l \u00e5 ivareta beskyttelsen og riktig bruk av din personlige identifiserbare informasjon (referert til som &laquo;personlig informasjon&raquo;).<\/p>\n\n\n\n<p>Denne personvernerkl\u00e6ringen gjelder for nettsidene til Tele Radio. Form\u00e5let med denne personvernerkl\u00e6ringen er \u00e5 informere bes\u00f8kende p\u00e5 nettsidene og brukere av tjenester og informasjon levert av Tele Radio om hvordan Tele Radio h\u00e5ndterer personopplysninger. Denne personvernerkl\u00e6ringen beskriver hvordan vi samler inn, bruker, deler og beskytter personlig informasjon.<\/p>\n\n\n\n<h3 class=\"wp-block-heading\"><strong><em>Hvilken informasjon samler vi inn?<\/em><\/strong><\/h3>\n\n\n\n<p><br>Tele Radio tilbyr deg muligheten til \u00e5 bestille produkter og tjenester, gj\u00f8re foresp\u00f8rsler eller registrere deg for \u00e5 motta ulike typer materiell, via v\u00e5r nettside, telefon eller e-post. Dette gir oss informasjon som ditt navn, hvordan vi kan n\u00e5 deg og informasjon som er n\u00f8dvendig for fakturering og levering. Vi mottar ogs\u00e5 informasjon om forretningstransaksjonen. I tillegg til informasjonen ovenfor ber vi deg ogs\u00e5 om \u00e5 oppgi informasjon som kan ber\u00f8re dine faglige interesser, slik at vi kan forbedre produktene og tjenestene v\u00e5re og tilpasse kommunikasjonen med deg.<\/p>\n\n\n\n<p>Tele Radio bruker de innsamlede dataene til ulike form\u00e5l:<\/p>\n\n\n\n<ul class=\"wp-block-list\"><li>For \u00e5 tilby og vedlikeholde v\u00e5re tjenester<\/li><li>For \u00e5 varsle deg om endringer i v\u00e5re tjenester<\/li><li>For \u00e5 tillate deg \u00e5 delta i interaktive funksjoner i tjenesten n\u00e5r du \u00f8nsker det<\/li><li>For \u00e5 gi kundest\u00f8tte<\/li><li>For \u00e5 samle inn analyser og verdifull informasjon slik at vi kan forbedre tjenesten v\u00e5r<\/li><li>For \u00e5 overv\u00e5ke bruken av v\u00e5re tjenester<\/li><li>For \u00e5 oppdage, forhindre og l\u00f8se tekniske problemer<\/li><li>For \u00e5 gi deg nyheter, spesielle tilbud og generell informasjon om andre varer, tjenester og arrangementer vi kan tilby som ligner p\u00e5 de du allerede har kj\u00f8pt eller spurt om med mindre du har valgt \u00e5 ikke motta slik informasjon<\/li><\/ul>\n\n\n\n<h2 class=\"wp-block-heading\"><strong>V\u00c5R BRUK AV COOKIES<\/strong><\/h2>\n\n\n\n<h3 class=\"wp-block-heading\"><strong>GOOGLE ANALYTICS<\/strong><\/h3>\n\n\n\n<p>Tele Radio bruker Google Analytics for \u00e5 analysere hvordan brukerne bruker nettstedet. Dette analytiske verkt\u00f8yet bruker &laquo;informasjonskapsler&raquo;, som er tekstfiler som er plassert p\u00e5 datamaskinen din, for \u00e5 samle inn standard internettlogginformasjon og informasjon om bes\u00f8kendes adferd i en anonym form.<\/p>\n\n\n\n<p>Informasjonen som genereres av informasjonskapselen om din bruk av nettstedet (inkludert IP-adressen din) overf\u00f8res til Google. Denne informasjonen brukes deretter til \u00e5 evaluere bes\u00f8kendes bruk av nettstedet og til \u00e5 sammenstille statistiske rapporter om nettstedaktivitet for Tele Radio.<\/p>\n\n\n\n<p>Tele Radio vil ikke (og vil ikke tillate noen tredjepart) \u00e5 bruke det statistiske analyseverkt\u00f8yet til \u00e5 spore eller samle inn personlig identifiserbar informasjon om bes\u00f8kende p\u00e5 nettstedet v\u00e5rt. Vi vil ikke assosiere data samlet fra dette nettstedet med personlig identifiserende informasjon fra noen kilde som en del av v\u00e5r bruk av Googles statistiske analyseverkt\u00f8y.<\/p>\n\n\n\n<p>Google vil ikke knytte IP-adressen din til andre data som holdes av Google. Verken Tele Radio eller Google vil koble, eller s\u00f8ke \u00e5 koble, en IP-adresse med identiteten til en datamaskinbruker.<\/p>\n\n\n\n<p>Ved \u00e5 bruke denne nettsiden samtykker du til behandling av data om deg av Google p\u00e5 den m\u00e5ten og for form\u00e5lene som er angitt ovenfor. Se&nbsp;<a href=\"https:\/\/support.google.com\/analytics\/answer\/6004245\" target=\"_blank\" rel=\"noreferrer noopener\">Google\u2019s Analytics overview<\/a>&nbsp;for n\u00e6rmere informasjon.<\/p>\n\n\n\n<h3 class=\"wp-block-heading\"><strong>GOOGLE ADS<\/strong><\/h3>\n\n\n\n<p>Tele Radio bruker f\u00f8rsteparts Google Analytics-informasjonskapsler for \u00e5 samle inn anonym informasjon om bes\u00f8kendes oppf\u00f8rsel p\u00e5 nettstedet. Denne informasjonen brukes til \u00e5 opprette markedsf\u00f8ringsm\u00e5lgrupper basert p\u00e5 spesifikke data om atferd, demografi og interesse. Disse listene deles med Google Ads.<\/p>\n\n\n\n<p>Disse m\u00e5lgruppene kan deretter m\u00e5lrettes ved nettannonsering gjennom Google Ads n\u00e5r bes\u00f8kende surfer p\u00e5 Google eller partnernettstedene.<\/p>\n\n\n\n<p>Tele Radio vil ikke (og vil ikke tillate tredjepart) \u00e5 bruke Google Analytics eller Google Ads for \u00e5 spore eller samle inn personlig identifiserbar informasjon om bes\u00f8kende p\u00e5 nettstedet v\u00e5rt.<\/p>\n\n\n\n<p>Finn ut hvordan du <a href=\"https:\/\/support.google.com\/ads\/answer\/2662922?hl=en-GB\">velger bort personlig tilpasset annonsering p\u00e5 nette<\/a>t.<\/p>\n\n\n\n<h3 class=\"wp-block-heading\">FACEBOOK<\/h3>\n\n\n\n<p>Tele Radio bruker en Facebook-informasjonskapsel som oppretter en kobling mellom ditt bes\u00f8k p\u00e5 denne nettsiden og Facebook. Dette hjelper oss med \u00e5 vise brukere relevant innhold p\u00e5 Facebook og \u00e5 l\u00e6re hvordan brukere samhandler med innholdet v\u00e5rt p\u00e5 Facebook. Facebook vil samle inn data for \u00e5 aktivere dette. Informasjon om hvordan Facebook h\u00e5ndterer brukernes data finner du&nbsp;<a href=\"https:\/\/www.facebook.com\/about\/privacy\">her<\/a>. Se nedenfor for informasjon om hvordan du deaktiverer denne informasjonskapselen.<\/p>\n\n\n\n<h3 class=\"wp-block-heading\">LEADINFO<\/h3>\n\n\n\n<p>Gjennom sin nettjeneste vil Leadinfo behandle personvernsensitive eller personopplysninger. Leadinfo verdsetter personvernet til sine kunder og utviser tilb\u00f8rlig forsiktighet ved behandling og beskyttelse av personopplysninger.<\/p>\n\n\n\n<p>Under behandlingen overholder vi kravene i gjeldende databeskyttelseslovgivning. Dette betyr at vi:<\/p>\n\n\n\n<ul class=\"wp-block-list\"><li><strong>Tydelig spesifiserer v\u00e5re form\u00e5l<\/strong>&nbsp;f\u00f8r vi behandler personopplysninger ved \u00e5 bruke denne personvernerkl\u00e6ringen;<\/li><li><strong>Begrense v\u00e5r innsamling av personopplysninger<\/strong>&nbsp;til bare personopplysningene som trengs for legitime form\u00e5l<\/li><li>F\u00f8rst&nbsp;<strong>be om eksplisitt tillatelse<\/strong> til \u00e5 behandle personopplysningene dine i tilfeller der din tillatelse kreves;<\/li><li>Ta <strong>passende sikkerhetstiltak<\/strong>&nbsp;for a beskytte dine personopplysninger, og vi krever det samme fra parter som behandler personopplysninger p\u00e5 v\u00e5re vegne;<\/li><li><strong>Respekterer<\/strong>&nbsp;din rett til \u00e5 inspisere, rette eller slette dine personopplysninger hos oss.<\/li><\/ul>\n\n\n\n<p>Ved \u00e5 bruke tjenesten v\u00e5r gir du visse data til oss. Dette kan v\u00e6re personopplysninger. Vi beholder og bruker kun personopplysningene som er gitt direkte av deg eller som det er klart at de har blitt levert til oss for \u00e5 bli behandlet for.<\/p>\n\n\n\n<p>Vi bruker f\u00f8lgende data til form\u00e5lene som er nevnt i denne personvernerkl\u00e6ringen:<\/p>\n\n\n\n<ul class=\"wp-block-list\"><li>Navn og adresse<\/li><li>Telefonnummer<\/li><li>Fakturaadresse<\/li><li>Email-adresse<\/li><li>Betalingsdetaler<\/li><li>IP-adresse<\/li><\/ul>\n\n\n\n<p><\/p>\n\n\n\n<h2 class=\"wp-block-heading\"><strong>KONFIDENSIALITET OG SIKKERHET<\/strong><\/h2>\n\n\n\n<ul class=\"wp-block-list\"><li>For \u00e5 beskytte din sikkerhet og personvern vil informasjonen din v\u00e6re beskyttet av et passord.<br><br><\/li><li>Vi begrenser tilgangen til personlig informasjon om deg til ansatte som vi mener med rimelighet trenger \u00e5 komme i kontakt med denne informasjonen for \u00e5 levere produkter eller tjenester til deg eller for \u00e5 utf\u00f8re jobben sin.<br><br><\/li><li>Vi vil iverksette rimelige og hensiktsmessige tiltak som fysiske, elektroniske og prosedyremessige sikkerhetstiltak som er i samsvar med gjeldende lover om personvern og personopplysningssikkerhet for \u00e5 beskytte personlig informasjon om deg.<br><br><\/li><li>Til tross for at vi tar rimelige skritt for \u00e5 bruke og forbedre ulike sikkerhetstiltak, erkjenner og godtar du at ingen systemer eller teknologi er helt sikre og trygge. Hvis du blir oppmerksom p\u00e5 noen s\u00e5rbarhet p\u00e5 nettstedet v\u00e5rt, vennligst kontakt oss for \u00e5 rapportere et slikt sikkerhetsproblem.<\/li><\/ul>\n\n\n\n<p><\/p>\n\n\n\n<h2 class=\"wp-block-heading\"><strong>KONTROLL OG TILGANG TIL DIN INFORMASJON<\/strong><\/h2>\n\n\n\n<p>Du kan kontakte oss hvis du har noen sp\u00f8rsm\u00e5l og\/eller foresp\u00f8rsler om dine personopplysninger under dine personopplysninger samlet inn av Tele Radio, for eksempel foresp\u00f8rsel om tilgang, retting, nedlasting, sletting, noen eller alle dine personlige opplysninger til enhver tid.<\/p>\n\n\n\n<p>Hvis vi ikke kan fjerne noen personlig informasjon, vil vi fortelle deg hvorfor. Hvis du har abonnert p\u00e5 markedsf\u00f8rings-e-poster, kan du stoppe disse ved \u00e5 f\u00f8lge avmeldingsinstruksjonene i e-posten mottatt.<br><br>Hvis du har sp\u00f8rsm\u00e5l, kommentarer eller \u00f8nsker \u00e5 komme med en foresp\u00f8rsel ang\u00e5ende din personlige informasjon eller v\u00e5r erkl\u00e6ring og datapraksis, vennligst kontakt oss:<\/p>\n\n\n\n<p>Telefon: +47 69334900<br>Email: info@teleradio.no<br>Adresse: Industrivegen 34B, 2072 Dal, Norge.<\/p>\n","protected":false},"excerpt":{"rendered":"<p>INTRODUKSJON Tele Radio er forpliktet til \u00e5 beskytte personvernet og konfidensialiteten til informasjonen som er betrodd oss. Det betyr at Tele Radio har som m\u00e5l \u00e5 ivareta beskyttelsen og riktig bruk av din personlige identifiserbare informasjon (referert til som &laquo;personlig informasjon&raquo;). Denne personvernerkl\u00e6ringen gjelder for nettsidene til Tele Radio. Form\u00e5let med denne personvernerkl\u00e6ringen er \u00e5 [&hellip;]<\/p>\n","protected":false},"author":18,"featured_media":0,"parent":0,"menu_order":0,"comment_status":"closed","ping_status":"closed","template":"","meta":{"_acf_changed":false,"footnotes":""},"class_list":["post-88293","page","type-page","status-publish","hentry"],"acf":[],"_links":{"self":[{"href":"https:\/\/www.tele-radio.com\/nb\/wp-json\/wp\/v2\/pages\/88293","targetHints":{"allow":["GET"]}}],"collection":[{"href":"https:\/\/www.tele-radio.com\/nb\/wp-json\/wp\/v2\/pages"}],"about":[{"href":"https:\/\/www.tele-radio.com\/nb\/wp-json\/wp\/v2\/types\/page"}],"author":[{"embeddable":true,"href":"https:\/\/www.tele-radio.com\/nb\/wp-json\/wp\/v2\/users\/18"}],"replies":[{"embeddable":true,"href":"https:\/\/www.tele-radio.com\/nb\/wp-json\/wp\/v2\/comments?post=88293"}],"version-history":[{"count":4,"href":"https:\/\/www.tele-radio.com\/nb\/wp-json\/wp\/v2\/pages\/88293\/revisions"}],"predecessor-version":[{"id":88312,"href":"https:\/\/www.tele-radio.com\/nb\/wp-json\/wp\/v2\/pages\/88293\/revisions\/88312"}],"wp:attachment":[{"href":"https:\/\/www.tele-radio.com\/nb\/wp-json\/wp\/v2\/media?parent=88293"}],"curies":[{"name":"wp","href":"https:\/\/api.w.org\/{rel}","templated":true}]}}