{"id":7003,"date":"2018-05-04T14:47:12","date_gmt":"2018-05-04T14:47:12","guid":{"rendered":"https:\/\/www.tele-radio.com\/support\/"},"modified":"2025-05-22T11:14:05","modified_gmt":"2025-05-22T11:14:05","slug":"service-og-support","status":"publish","type":"page","link":"https:\/\/www.tele-radio.com\/nb\/service-og-support\/","title":{"rendered":"Support"},"content":{"rendered":"\n<hr class=\"wp-block-separator has-text-color has-white-color has-alpha-channel-opacity has-white-background-color has-background\"\/>\n\n\n\n<div class=\"wp-block-columns is-layout-flex wp-container-core-columns-is-layout-9d6595d7 wp-block-columns-is-layout-flex\">\n<div class=\"wp-block-column is-layout-flow wp-block-column-is-layout-flow\" style=\"flex-basis:66.66%\">\n<h1 class=\"wp-block-heading\">Vi er her for deg n\u00e5r du trenger det!<\/h1>\n\n\n\n<p class=\"has-medium-font-size\">Har du sp\u00f8rsm\u00e5l om bestillinger, leveranser eller lagerstatus p\u00e5 v\u00e5re produkter? Ta gjerne kontakt! Vi kan ogs\u00e5 bist\u00e5 med installasjon, service eller programmering av v\u00e5re produkter.<\/p>\n\n\n\n<h3 class=\"wp-block-heading\">Service<\/h3>\n\n\n\n<p class=\"has-medium-font-size\">Vi utf\u00f8rer service p\u00e5 v\u00e5re produkter, og kan enkelt bytte deler for deg. Det er enkelt \u00e5 sende produktet ditt til reparasjon, men f\u00f8r du gj\u00f8r det, m\u00e5 du fylle inn v\u00e5rt serviceskjema. <\/p>\n\n\n\n<div class=\"wp-block-buttons is-layout-flex wp-block-buttons-is-layout-flex\">\n<div class=\"wp-block-button has-custom-font-size\" style=\"font-size:18px\"><a class=\"wp-block-button__link wp-element-button\" href=\"https:\/\/www.tele-radio.com\/nb\/serviceskjema\/\" style=\"border-radius:8px\">Last ned serviceskjema<\/a><\/div>\n<\/div>\n<\/div>\n\n\n\n<div class=\"wp-block-column is-vertically-aligned-center is-layout-flow wp-block-column-is-layout-flow\" style=\"flex-basis:33.33%\">\n<div class=\"wp-block-cover is-light has-custom-content-position is-position-top-center\" style=\"min-height:130px;aspect-ratio:unset;\"><span aria-hidden=\"true\" class=\"wp-block-cover__background has-luminous-vivid-amber-background-color has-background-dim-100 has-background-dim\"><\/span><div class=\"wp-block-cover__inner-container is-layout-constrained wp-block-cover-is-layout-constrained\">\n<h4 class=\"wp-block-heading has-text-align-center has-medium-font-size\">Kontakt<\/h4>\n\n\n\n<hr class=\"wp-block-separator has-alpha-channel-opacity is-style-default\"\/>\n\n\n\n<p class=\"has-text-align-center has-black-color has-text-color has-link-color wp-elements-10502cb66b949a1d80629f1b29eea18a\"><strong>Telefon:<\/strong> 69 33 49 00<br><strong>E-post:<\/strong> post@teleradio.no<\/p>\n<\/div><\/div>\n\n\n\n<figure class=\"wp-block-image size-large\"><img loading=\"lazy\" decoding=\"async\" width=\"1200\" height=\"801\" src=\"https:\/\/www.tele-radio.com\/app\/uploads\/\/FH_MI_TG_0046-1200x801.jpg\" alt=\"\" class=\"wp-image-28514\" srcset=\"https:\/\/www.tele-radio.com\/app\/uploads\/FH_MI_TG_0046-1200x801.jpg 1200w, https:\/\/www.tele-radio.com\/app\/uploads\/FH_MI_TG_0046-400x267.jpg 400w, https:\/\/www.tele-radio.com\/app\/uploads\/FH_MI_TG_0046-768x513.jpg 768w, https:\/\/www.tele-radio.com\/app\/uploads\/FH_MI_TG_0046-750x501.jpg 750w, https:\/\/www.tele-radio.com\/app\/uploads\/FH_MI_TG_0046-500x334.jpg 500w, https:\/\/www.tele-radio.com\/app\/uploads\/FH_MI_TG_0046-1600x1068.jpg 1600w, https:\/\/www.tele-radio.com\/app\/uploads\/FH_MI_TG_0046-800x534.jpg 800w\" sizes=\"auto, (max-width: 1200px) 100vw, 1200px\" \/><\/figure>\n<\/div>\n<\/div>\n\n\n\n<h3 class=\"wp-block-heading\">Instruksjonsvideoer<\/h3>\n\n\n\n<p>Du kan ogs\u00e5 ta en titt p\u00e5 v\u00e5r\u00a0<a href=\"https:\/\/www.youtube.com\/channel\/UC-qsxgQWLHU0c_o2XFBD28Q\">YouTube-kanal<\/a>\u00a0for enkle instruksjonsvideoer og tutorials for hvordan du setter opp et Tele Radio-system.<\/p>\n\n\n\n<div class=\"wp-block-columns is-layout-flex wp-container-core-columns-is-layout-9d6595d7 wp-block-columns-is-layout-flex\">\n<div class=\"wp-block-column is-layout-flow wp-block-column-is-layout-flow\">\n<div class=\"wp-block-cover is-light\"><span aria-hidden=\"true\" class=\"wp-block-cover__background has-background-dim-100 has-background-dim\" style=\"background-color:#f7f7f7\"><\/span><div class=\"wp-block-cover__inner-container is-layout-flow wp-block-cover-is-layout-flow\"><div class=\"wp-block-image\">\n<figure class=\"aligncenter size-full is-resized\"><img loading=\"lazy\" decoding=\"async\" width=\"52\" height=\"52\" src=\"https:\/\/www.tele-radio.com\/app\/uploads\/Asset-1-4.png\" alt=\"\" class=\"wp-image-197767\" style=\"width:64px;height:64px\"\/><\/figure><\/div>\n\n\n<h2 class=\"wp-block-heading has-text-align-center has-very-dark-gray-color has-text-color\">Brosjyrer og oppstartsguider<\/h2>\n\n\n\n<p class=\"has-text-align-center has-very-dark-gray-color has-text-color\">Finn og last ned brosjyrer og oppstartsguider for ditt system.<\/p>\n\n\n\n<div class=\"wp-block-buttons is-horizontal is-content-justification-center is-layout-flex wp-container-core-buttons-is-layout-499968f5 wp-block-buttons-is-layout-flex\">\n<div class=\"wp-block-button\"><a class=\"wp-block-button__link has-background wp-element-button\" href=\"https:\/\/www.tele-radio.com\/nb\/brosjyrer-og-kataloger\/\" style=\"border-radius:8px;background-color:#feb914\"><mark style=\"background-color:rgba(0, 0, 0, 0)\" class=\"has-inline-color has-black-color\">Last ned<\/mark><\/a><\/div>\n<\/div>\n\n\n\n<div style=\"height:30px\" aria-hidden=\"true\" class=\"wp-block-spacer\"><\/div>\n<\/div><\/div>\n<\/div>\n\n\n\n<div class=\"wp-block-column is-layout-flow wp-block-column-is-layout-flow\">\n<div class=\"wp-block-cover is-light\"><span aria-hidden=\"true\" class=\"wp-block-cover__background has-background-dim-100 has-background-dim\" style=\"background-color:#f7f7f7\"><\/span><div class=\"wp-block-cover__inner-container is-layout-flow wp-block-cover-is-layout-flow\"><div class=\"wp-block-image\">\n<figure class=\"aligncenter size-large is-resized\"><img loading=\"lazy\" decoding=\"async\" width=\"128\" height=\"128\" src=\"https:\/\/www.tele-radio.com\/app\/uploads\/certification.png\" alt=\"\" class=\"wp-image-46654\" style=\"width:64px;height:64px\"\/><\/figure><\/div>\n\n\n<h2 class=\"wp-block-heading has-text-align-center has-very-dark-gray-color has-text-color\">Nedlastinger<\/h2>\n\n\n\n<p class=\"has-text-align-center has-very-dark-gray-color has-text-color\">Finn og last ned installasjonsmanualer, tekniske dokumenter, sertifikater og annet.<\/p>\n\n\n\n<div class=\"wp-block-buttons is-horizontal is-content-justification-center is-layout-flex wp-container-core-buttons-is-layout-499968f5 wp-block-buttons-is-layout-flex\">\n<div class=\"wp-block-button\"><a class=\"wp-block-button__link has-background wp-element-button\" href=\"https:\/\/www.tele-radio.com\/nb\/support\/nedlastinger\/\" style=\"border-radius:8px;background-color:#feb914\"><mark style=\"background-color:rgba(0, 0, 0, 0)\" class=\"has-inline-color has-black-color\">Dokumentside<\/mark><\/a><\/div>\n<\/div>\n\n\n\n<div style=\"height:30px\" aria-hidden=\"true\" class=\"wp-block-spacer\"><\/div>\n<\/div><\/div>\n<\/div>\n\n\n\n<div class=\"wp-block-column is-layout-flow wp-block-column-is-layout-flow\">\n<div class=\"wp-block-cover is-light\"><span aria-hidden=\"true\" class=\"wp-block-cover__background has-background-dim-100 has-background-dim\" style=\"background-color:#f7f7f7\"><\/span><div class=\"wp-block-cover__inner-container is-layout-flow wp-block-cover-is-layout-flow\"><div class=\"wp-block-image\">\n<figure class=\"aligncenter size-large is-resized\"><img loading=\"lazy\" decoding=\"async\" width=\"64\" height=\"64\" src=\"https:\/\/www.tele-radio.com\/app\/uploads\/box.png\" alt=\"\" class=\"wp-image-50841\" style=\"width:64px;height:64px\"\/><\/figure><\/div>\n\n\n<h2 class=\"wp-block-heading has-text-align-center has-very-dark-gray-color has-text-color\">Utg\u00e5tte produkter<\/h2>\n\n\n\n<p class=\"has-text-align-center has-very-dark-gray-color has-text-color\">Informasjon om v\u00e5re utg\u00e5tte produkter og erstatninger.<\/p>\n\n\n\n<div class=\"wp-block-buttons is-horizontal is-content-justification-center is-layout-flex wp-container-core-buttons-is-layout-499968f5 wp-block-buttons-is-layout-flex\">\n<div class=\"wp-block-button\"><a class=\"wp-block-button__link has-background wp-element-button\" href=\"https:\/\/www.tele-radio.com\/nb\/utgatt-system\/\" style=\"border-radius:8px;background-color:#feb914\"><mark style=\"background-color:rgba(0, 0, 0, 0)\" class=\"has-inline-color has-black-color\">Utg\u00e5tte produkter<\/mark><\/a><\/div>\n<\/div>\n\n\n\n<div style=\"height:30px\" aria-hidden=\"true\" class=\"wp-block-spacer\"><\/div>\n<\/div><\/div>\n<\/div>\n<\/div>\n","protected":false},"excerpt":{"rendered":"<p>Vi er her for deg n\u00e5r du trenger det! Har du sp\u00f8rsm\u00e5l om bestillinger, leveranser eller lagerstatus p\u00e5 v\u00e5re produkter? Ta gjerne kontakt! Vi kan ogs\u00e5 bist\u00e5 med installasjon, service eller programmering av v\u00e5re produkter. Service Vi utf\u00f8rer service p\u00e5 v\u00e5re produkter, og kan enkelt bytte deler for deg. Det er enkelt \u00e5 sende produktet [&hellip;]<\/p>\n","protected":false},"author":1,"featured_media":0,"parent":0,"menu_order":0,"comment_status":"closed","ping_status":"closed","template":"","meta":{"_acf_changed":false,"footnotes":""},"class_list":["post-7003","page","type-page","status-publish","hentry"],"acf":[],"_links":{"self":[{"href":"https:\/\/www.tele-radio.com\/nb\/wp-json\/wp\/v2\/pages\/7003","targetHints":{"allow":["GET"]}}],"collection":[{"href":"https:\/\/www.tele-radio.com\/nb\/wp-json\/wp\/v2\/pages"}],"about":[{"href":"https:\/\/www.tele-radio.com\/nb\/wp-json\/wp\/v2\/types\/page"}],"author":[{"embeddable":true,"href":"https:\/\/www.tele-radio.com\/nb\/wp-json\/wp\/v2\/users\/1"}],"replies":[{"embeddable":true,"href":"https:\/\/www.tele-radio.com\/nb\/wp-json\/wp\/v2\/comments?post=7003"}],"version-history":[{"count":46,"href":"https:\/\/www.tele-radio.com\/nb\/wp-json\/wp\/v2\/pages\/7003\/revisions"}],"predecessor-version":[{"id":218865,"href":"https:\/\/www.tele-radio.com\/nb\/wp-json\/wp\/v2\/pages\/7003\/revisions\/218865"}],"wp:attachment":[{"href":"https:\/\/www.tele-radio.com\/nb\/wp-json\/wp\/v2\/media?parent=7003"}],"curies":[{"name":"wp","href":"https:\/\/api.w.org\/{rel}","templated":true}]}}