{"id":6963,"date":"2018-05-04T14:35:06","date_gmt":"2018-05-04T14:35:06","guid":{"rendered":"https:\/\/www.tele-radio.com\/start\/"},"modified":"2025-11-24T09:31:59","modified_gmt":"2025-11-24T09:31:59","slug":"sikker-radiostyring-fra-tele-radio","status":"publish","type":"page","link":"https:\/\/www.tele-radio.com\/nb\/","title":{"rendered":"Start"},"content":{"rendered":"\n<div class=\"wp-block-columns is-layout-flex wp-container-core-columns-is-layout-9d6595d7 wp-block-columns-is-layout-flex\">\n<div class=\"wp-block-column is-layout-flow wp-block-column-is-layout-flow\"><div class=\"wp-block-image\">\n<figure class=\"aligncenter size-full\"><img loading=\"lazy\" decoding=\"async\" width=\"1200\" height=\"800\" src=\"https:\/\/www.tele-radio.com\/app\/uploads\/PH_TG-T9-T11-T12-T15_0001kopie.jpg\" alt=\"Et stort utvalg sendere fra Tele Radio.\" class=\"wp-image-57347\" srcset=\"https:\/\/www.tele-radio.com\/app\/uploads\/PH_TG-T9-T11-T12-T15_0001kopie.jpg 1200w, https:\/\/www.tele-radio.com\/app\/uploads\/PH_TG-T9-T11-T12-T15_0001kopie-400x267.jpg 400w, https:\/\/www.tele-radio.com\/app\/uploads\/PH_TG-T9-T11-T12-T15_0001kopie-768x512.jpg 768w, https:\/\/www.tele-radio.com\/app\/uploads\/PH_TG-T9-T11-T12-T15_0001kopie-750x500.jpg 750w, https:\/\/www.tele-radio.com\/app\/uploads\/PH_TG-T9-T11-T12-T15_0001kopie-500x333.jpg 500w, https:\/\/www.tele-radio.com\/app\/uploads\/PH_TG-T9-T11-T12-T15_0001kopie-800x533.jpg 800w\" sizes=\"auto, (max-width: 1200px) 100vw, 1200px\" \/><\/figure><\/div><\/div>\n\n\n\n<div class=\"wp-block-column is-layout-flow wp-block-column-is-layout-flow\">\n<h1 class=\"wp-block-heading\" style=\"font-style:normal;font-weight:600\">Vi har markedets st\u00f8rste utvalg i radiostyringer!<\/h1>\n\n\n\n<p class=\"has-medium-font-size\"><strong>Tele Radio er eksperter p\u00e5 sikker radiostyring.<\/strong> V\u00e5rt hovedfokus er innen industri, med bruksomr\u00e5der innenfor kraner, vinsjer og l\u00f8fteutstyr, industrielle maskiner, hydrauliske maskiner og mobile applikasjoner. Vi har ogs\u00e5 radiostyringer til grinder, porter og d\u00f8rer.<a href=\"https:\/\/www.tele-radio.com\/nb\/produkter\/\"><\/a><\/p>\n\n\n\n<div class=\"wp-block-buttons is-content-justification-left is-layout-flex wp-container-core-buttons-is-layout-fdcfc74e wp-block-buttons-is-layout-flex\">\n<div class=\"wp-block-button\"><a class=\"wp-block-button__link has-black-color has-luminous-vivid-amber-background-color has-text-color has-background has-link-color has-medium-font-size has-custom-font-size wp-element-button\" href=\"https:\/\/www.tele-radio.com\/nb\/produkter\/\" style=\"border-radius:8px\"><strong>Se komplett utvalg<\/strong><\/a><\/div>\n<\/div>\n<\/div>\n<\/div>\n\n\n\n<div class=\"wp-block-columns is-layout-flex wp-container-core-columns-is-layout-9d6595d7 wp-block-columns-is-layout-flex\">\n<div class=\"wp-block-column is-vertically-aligned-center is-layout-flow wp-block-column-is-layout-flow\" style=\"flex-basis:50%\">\n<h2 class=\"wp-block-heading has-black-color has-text-color has-link-color has-large-font-size wp-elements-f892f83cdfdcedc69de5c9c8b3bfa134\"><strong>Vi s\u00f8rger for sikrere og effektive arbeidsplasser over hele landet<\/strong><\/h2>\n\n\n\n<p class=\"has-medium-font-size\">Med mer enn 60 \u00e5rs erfaring, kan du v\u00e6re trygg p\u00e5 at vi har solid kunnskap og erfaring innen radiostyring. M\u00e5let er \u00e5 levere ende-til-ende produktl\u00f8sninger, teknologi og tjenester innenfor tr\u00e5dl\u00f8s utstyrskontroll og maskinkommunikasjon.<br><br>Vi gir deg l\u00f8sninger som vil \u00f8ke bedriftens verdi gjennom effektivisering og sikker radiostyring, og vi er tilgjengelige for support n\u00e5r du trenger det.<\/p>\n\n\n\n<div class=\"wp-block-buttons is-layout-flex wp-block-buttons-is-layout-flex\">\n<div class=\"wp-block-button\"><a class=\"wp-block-button__link has-black-color has-luminous-vivid-amber-background-color has-text-color has-background has-link-color wp-element-button\" style=\"border-radius:8px\"><strong>Kontakt oss<\/strong><\/a><\/div>\n<\/div>\n<\/div>\n\n\n\n<div class=\"wp-block-column is-layout-flow wp-block-column-is-layout-flow\" style=\"flex-basis:50%\">\n<figure class=\"wp-block-image wp-duotone-unset-1\"><img loading=\"lazy\" decoding=\"async\" width=\"2560\" height=\"1703\" src=\"https:\/\/www.tele-radio.com\/app\/uploads\/FH_MI_PU_0106-scaled.jpg\" alt=\"\" class=\"wp-image-95318\" srcset=\"https:\/\/www.tele-radio.com\/app\/uploads\/FH_MI_PU_0106-scaled.jpg 2560w, https:\/\/www.tele-radio.com\/app\/uploads\/FH_MI_PU_0106-400x266.jpg 400w, https:\/\/www.tele-radio.com\/app\/uploads\/FH_MI_PU_0106-1200x798.jpg 1200w, https:\/\/www.tele-radio.com\/app\/uploads\/FH_MI_PU_0106-768x511.jpg 768w, https:\/\/www.tele-radio.com\/app\/uploads\/FH_MI_PU_0106-1536x1022.jpg 1536w, https:\/\/www.tele-radio.com\/app\/uploads\/FH_MI_PU_0106-2048x1363.jpg 2048w, https:\/\/www.tele-radio.com\/app\/uploads\/FH_MI_PU_0106-750x499.jpg 750w, https:\/\/www.tele-radio.com\/app\/uploads\/FH_MI_PU_0106-500x333.jpg 500w, https:\/\/www.tele-radio.com\/app\/uploads\/FH_MI_PU_0106-1600x1065.jpg 1600w, https:\/\/www.tele-radio.com\/app\/uploads\/FH_MI_PU_0106-800x532.jpg 800w\" sizes=\"auto, (max-width: 2560px) 100vw, 2560px\" \/><\/figure>\n<\/div>\n<\/div>\n\n\n\n<hr class=\"wp-block-separator has-text-color has-white-color has-alpha-channel-opacity has-white-background-color has-background is-style-default\"\/>\n\n\n\n<h2 class=\"wp-block-heading has-text-align-left has-black-color has-text-color has-link-color has-large-font-size wp-elements-ce73464435a13f00649a91076e5281f9\" style=\"font-style:normal;font-weight:600\">Hvorfor velge radiostyring fra Tele Radio?<\/h2>\n\n\n\n<hr class=\"wp-block-separator has-text-color has-white-color has-alpha-channel-opacity has-white-background-color has-background\"\/>\n\n\n\n<div class=\"wp-block-columns is-layout-flex wp-container-core-columns-is-layout-9d6595d7 wp-block-columns-is-layout-flex\">\n<div class=\"wp-block-column has-white-color has-text-color has-link-color wp-elements-e2fa1d42ffd0eee45af2f081415ac477 is-layout-flow wp-block-column-is-layout-flow\">\n<div class=\"wp-block-cover has-custom-content-position is-position-top-center\"><img loading=\"lazy\" decoding=\"async\" width=\"1200\" height=\"1200\" class=\"wp-block-cover__image-background wp-image-207980\" alt=\"\" src=\"https:\/\/www.tele-radio.com\/app\/uploads\/\/exster_puma-2048x1365-2-1200x1200.jpeg\" data-object-fit=\"cover\" srcset=\"https:\/\/www.tele-radio.com\/app\/uploads\/exster_puma-2048x1365-2-1200x1200.jpeg 1200w, https:\/\/www.tele-radio.com\/app\/uploads\/exster_puma-2048x1365-2-400x400.jpeg 400w, https:\/\/www.tele-radio.com\/app\/uploads\/exster_puma-2048x1365-2-150x150.jpeg 150w, https:\/\/www.tele-radio.com\/app\/uploads\/exster_puma-2048x1365-2-768x768.jpeg 768w, https:\/\/www.tele-radio.com\/app\/uploads\/exster_puma-2048x1365-2-250x250.jpeg 250w, https:\/\/www.tele-radio.com\/app\/uploads\/exster_puma-2048x1365-2-750x750.jpeg 750w, https:\/\/www.tele-radio.com\/app\/uploads\/exster_puma-2048x1365-2-500x500.jpeg 500w, https:\/\/www.tele-radio.com\/app\/uploads\/exster_puma-2048x1365-2-800x800.jpeg 800w, https:\/\/www.tele-radio.com\/app\/uploads\/exster_puma-2048x1365-2.jpeg 1365w\" sizes=\"auto, (max-width: 1200px) 100vw, 1200px\" \/><span aria-hidden=\"true\" class=\"wp-block-cover__background has-background-dim-100 has-background-dim\"><\/span><div class=\"wp-block-cover__inner-container is-layout-flow wp-block-cover-is-layout-flow\">\n<h4 class=\"wp-block-heading has-text-align-center has-luminous-vivid-amber-color has-text-color has-link-color has-large-font-size wp-elements-8a8208a576210d0668a0839f400ad68c\" style=\"font-style:normal;font-weight:500\">Sikkerhet<\/h4>\n\n\n\n<p class=\"has-text-align-center has-medium-font-size\">Vi legger betydelig innsats i \u00e5 s\u00f8rge for at produktene v\u00e5re oppfyller de strengeste sikkerhetsstandardene, derfor har vi ogs\u00e5 sertifikater til \u00e5 st\u00f8tte den p\u00e5standen.<\/p>\n<\/div><\/div>\n\n\n\n<p class=\"has-text-align-center has-medium-font-size\"><\/p>\n<\/div>\n\n\n\n<div class=\"wp-block-column is-layout-flow wp-block-column-is-layout-flow\">\n<div class=\"wp-block-cover has-custom-content-position is-position-top-center\" style=\"min-height:290px;aspect-ratio:unset;\"><img loading=\"lazy\" decoding=\"async\" width=\"1200\" height=\"499\" class=\"wp-block-cover__image-background wp-image-11790\" alt=\"\" src=\"https:\/\/www.tele-radio.com\/app\/uploads\/custom_remotes_from_Tele_Radio.jpg\" data-object-fit=\"cover\" srcset=\"https:\/\/www.tele-radio.com\/app\/uploads\/custom_remotes_from_Tele_Radio.jpg 1200w, https:\/\/www.tele-radio.com\/app\/uploads\/custom_remotes_from_Tele_Radio-400x166.jpg 400w, https:\/\/www.tele-radio.com\/app\/uploads\/custom_remotes_from_Tele_Radio-768x319.jpg 768w, https:\/\/www.tele-radio.com\/app\/uploads\/custom_remotes_from_Tele_Radio-750x312.jpg 750w, https:\/\/www.tele-radio.com\/app\/uploads\/custom_remotes_from_Tele_Radio-500x208.jpg 500w, https:\/\/www.tele-radio.com\/app\/uploads\/custom_remotes_from_Tele_Radio-800x333.jpg 800w\" sizes=\"auto, (max-width: 1200px) 100vw, 1200px\" \/><span aria-hidden=\"true\" class=\"wp-block-cover__background has-black-background-color has-background-dim-100 has-background-dim\"><\/span><div class=\"wp-block-cover__inner-container is-layout-constrained wp-block-cover-is-layout-constrained\">\n<h4 class=\"wp-block-heading has-text-align-center has-luminous-vivid-amber-color has-text-color has-link-color has-large-font-size wp-elements-0484d1d33c156b0efa6add875cb47a8d\" style=\"font-style:normal;font-weight:500\">Tilpasning<\/h4>\n\n\n\n<p class=\"has-text-align-center has-medium-font-size\">Vi finner l\u00f8sninger og tilpasser produktene v\u00e5re etter behov og \u00f8nsker fra v\u00e5re kunder. I Tele Radio utf\u00f8rer vi flere hundre tilpasningsprosjekter hvert \u00e5r. <br><br>Vi lager ogs\u00e5 skreddersydde folier til v\u00e5re produkter, slik at kontrollene passer inn i din bedrift. <\/p>\n<\/div><\/div>\n<\/div>\n\n\n\n<div class=\"wp-block-column is-layout-flow wp-block-column-is-layout-flow\">\n<div class=\"wp-block-cover has-custom-content-position is-position-top-center\" style=\"min-height:290px;aspect-ratio:unset;\"><img loading=\"lazy\" decoding=\"async\" width=\"1707\" height=\"2560\" class=\"wp-block-cover__image-background wp-image-216571\" alt=\"\" src=\"https:\/\/www.tele-radio.com\/app\/uploads\/IMG_9945-scaled.jpg\" style=\"object-position:48% 13%\" data-object-fit=\"cover\" data-object-position=\"48% 13%\" srcset=\"https:\/\/www.tele-radio.com\/app\/uploads\/IMG_9945-scaled.jpg 1707w, https:\/\/www.tele-radio.com\/app\/uploads\/IMG_9945-267x400.jpg 267w, https:\/\/www.tele-radio.com\/app\/uploads\/IMG_9945-800x1200.jpg 800w, https:\/\/www.tele-radio.com\/app\/uploads\/IMG_9945-768x1152.jpg 768w, https:\/\/www.tele-radio.com\/app\/uploads\/IMG_9945-1024x1536.jpg 1024w, https:\/\/www.tele-radio.com\/app\/uploads\/IMG_9945-1365x2048.jpg 1365w, https:\/\/www.tele-radio.com\/app\/uploads\/IMG_9945-500x750.jpg 500w, https:\/\/www.tele-radio.com\/app\/uploads\/IMG_9945-333x500.jpg 333w, https:\/\/www.tele-radio.com\/app\/uploads\/IMG_9945-1067x1600.jpg 1067w, https:\/\/www.tele-radio.com\/app\/uploads\/IMG_9945-533x800.jpg 533w\" sizes=\"auto, (max-width: 1707px) 100vw, 1707px\" \/><span aria-hidden=\"true\" class=\"wp-block-cover__background has-black-background-color has-background-dim-100 has-background-dim\"><\/span><div class=\"wp-block-cover__inner-container is-layout-constrained wp-block-cover-is-layout-constrained\">\n<h4 class=\"wp-block-heading has-text-align-center has-luminous-vivid-amber-color has-text-color has-link-color has-large-font-size wp-elements-0d275785bba6fe94586ec06aec38ac54\" style=\"font-style:normal;font-weight:500\">Service og support<\/h4>\n\n\n\n<p class=\"has-text-align-center has-medium-font-size\">Vi er med deg hele veien, og hjelper deg gjerne hvis det skulle v\u00e6re behov for det. Vi utf\u00f8rer service p\u00e5 produktene, og kan enkelt bytte deler for deg. <br><br>Ta gjerne kontakt hvis du har sp\u00f8rsm\u00e5l om v\u00e5re produkter eller trenger support!<\/p>\n\n\n\n<div class=\"wp-block-buttons is-content-justification-center is-layout-flex wp-container-core-buttons-is-layout-16018d1d wp-block-buttons-is-layout-flex\">\n<div class=\"wp-block-button\"><a class=\"wp-block-button__link has-black-color has-luminous-vivid-amber-background-color has-text-color has-background has-link-color has-medium-font-size has-custom-font-size wp-element-button\" href=\"https:\/\/www.tele-radio.com\/nb\/kontakt-oss\/\" style=\"border-radius:8px\"><strong>Ta kontakt<\/strong><\/a><\/div>\n<\/div>\n<\/div><\/div>\n<\/div>\n\n\n\n<div class=\"wp-block-column is-layout-flow wp-block-column-is-layout-flow\">\n<div class=\"wp-block-cover has-custom-content-position is-position-top-center\" style=\"min-height:290px;aspect-ratio:unset;\"><img loading=\"lazy\" decoding=\"async\" width=\"2560\" height=\"1703\" class=\"wp-block-cover__image-background wp-image-139274\" alt=\"\" src=\"https:\/\/www.tele-radio.com\/app\/uploads\/FH_MI_TI_0179-scaled.jpg\" data-object-fit=\"cover\" srcset=\"https:\/\/www.tele-radio.com\/app\/uploads\/FH_MI_TI_0179-scaled.jpg 2560w, https:\/\/www.tele-radio.com\/app\/uploads\/FH_MI_TI_0179-400x266.jpg 400w, https:\/\/www.tele-radio.com\/app\/uploads\/FH_MI_TI_0179-1200x798.jpg 1200w, https:\/\/www.tele-radio.com\/app\/uploads\/FH_MI_TI_0179-768x511.jpg 768w, https:\/\/www.tele-radio.com\/app\/uploads\/FH_MI_TI_0179-1536x1022.jpg 1536w, https:\/\/www.tele-radio.com\/app\/uploads\/FH_MI_TI_0179-2048x1363.jpg 2048w, https:\/\/www.tele-radio.com\/app\/uploads\/FH_MI_TI_0179-750x499.jpg 750w, https:\/\/www.tele-radio.com\/app\/uploads\/FH_MI_TI_0179-500x333.jpg 500w, https:\/\/www.tele-radio.com\/app\/uploads\/FH_MI_TI_0179-1600x1065.jpg 1600w, https:\/\/www.tele-radio.com\/app\/uploads\/FH_MI_TI_0179-800x532.jpg 800w\" sizes=\"auto, (max-width: 2560px) 100vw, 2560px\" \/><span aria-hidden=\"true\" class=\"wp-block-cover__background has-black-background-color has-background-dim-100 has-background-dim\"><\/span><div class=\"wp-block-cover__inner-container is-layout-constrained wp-block-cover-is-layout-constrained\">\n<h4 class=\"wp-block-heading has-text-align-center has-luminous-vivid-amber-color has-text-color has-link-color has-large-font-size wp-elements-c59585d1abba6bfc84fc576ecd20493c\" style=\"font-style:normal;font-weight:500\">Robuste produkter<\/h4>\n\n\n\n<p class=\"has-text-align-center has-medium-font-size\">Produktene v\u00e5re er ikke bare trygge \u00e5 bruke, de er ogs\u00e5 robuste og t\u00e5ler r\u00f8ff h\u00e5ndtering! Vi vet nemlig at v\u00e5re fjernkontroller blir kastet rundt, sluppet i gulvet, kj\u00f8rt over og blir v\u00e5te \u2013 og det er helt greit! Vi hadde det i tankene da vi designet dem, for det er meningen de skal brukes!<\/p>\n\n\n\n<div class=\"wp-block-buttons is-content-justification-center is-layout-flex wp-container-core-buttons-is-layout-16018d1d wp-block-buttons-is-layout-flex\">\n<div class=\"wp-block-button\"><a class=\"wp-block-button__link has-black-color has-luminous-vivid-amber-background-color has-text-color has-background has-link-color has-medium-font-size has-custom-font-size wp-element-button\" href=\"https:\/\/www.tele-radio.com\/nb\/produkter\/\" style=\"border-radius:8px\"><strong>Se alle v\u00e5re produkter<\/strong><\/a><\/div>\n<\/div>\n<\/div><\/div>\n<\/div>\n<\/div>\n\n\n\n<div class=\"wp-block-columns is-layout-flex wp-container-core-columns-is-layout-9d6595d7 wp-block-columns-is-layout-flex\">\n<div class=\"wp-block-column is-layout-flow wp-block-column-is-layout-flow\"><\/div>\n\n\n\n<div class=\"wp-block-column is-layout-flow wp-block-column-is-layout-flow\"><\/div>\n<\/div>\n\n\n\n<div class=\"wp-block-group has-large-font-size is-vertical is-content-justification-left is-nowrap is-layout-flex wp-container-core-group-is-layout-48af88f3 wp-block-group-is-layout-flex\">\n<h2 class=\"wp-block-heading\" style=\"font-style:normal;font-weight:600\">Siste nytt fra Tele Radio<\/h2>\n\n\n<ul style=\"font-size:25px;\" class=\"wp-block-latest-posts__list is-grid columns-3 has-dates has-link-color wp-elements-a561747237bf5e2990f25186034c3e4f wp-block-latest-posts has-text-color has-black-color wp-container-content-9cfa9a5a\"><li><div class=\"wp-block-latest-posts__featured-image\"><img loading=\"lazy\" decoding=\"async\" width=\"1200\" height=\"469\" src=\"https:\/\/www.tele-radio.com\/app\/uploads\/70Years_webbanner_NoText_1600_x_625_96dpi-1200x469.jpg\" class=\"attachment-large size-large wp-post-image\" alt=\"\" style=\"max-width:300px;max-height:300px;\" srcset=\"https:\/\/www.tele-radio.com\/app\/uploads\/70Years_webbanner_NoText_1600_x_625_96dpi-1200x469.jpg 1200w, https:\/\/www.tele-radio.com\/app\/uploads\/70Years_webbanner_NoText_1600_x_625_96dpi-400x156.jpg 400w, https:\/\/www.tele-radio.com\/app\/uploads\/70Years_webbanner_NoText_1600_x_625_96dpi-768x300.jpg 768w, https:\/\/www.tele-radio.com\/app\/uploads\/70Years_webbanner_NoText_1600_x_625_96dpi-1536x600.jpg 1536w, https:\/\/www.tele-radio.com\/app\/uploads\/70Years_webbanner_NoText_1600_x_625_96dpi-750x293.jpg 750w, https:\/\/www.tele-radio.com\/app\/uploads\/70Years_webbanner_NoText_1600_x_625_96dpi-500x195.jpg 500w, https:\/\/www.tele-radio.com\/app\/uploads\/70Years_webbanner_NoText_1600_x_625_96dpi-800x313.jpg 800w, https:\/\/www.tele-radio.com\/app\/uploads\/70Years_webbanner_NoText_1600_x_625_96dpi.jpg 1600w\" sizes=\"auto, (max-width: 1200px) 100vw, 1200px\" \/><\/div><a class=\"wp-block-latest-posts__post-title\" href=\"https:\/\/www.tele-radio.com\/nb\/tele-radio-feirer-70-ar\/\">Tele Radio feirer 70 \u00e5r med tr\u00e5dl\u00f8s innovasjon<\/a><time datetime=\"2025-11-24T09:28:32+00:00\" class=\"wp-block-latest-posts__post-date\">november 24, 2025<\/time><\/li>\n<li><div class=\"wp-block-latest-posts__featured-image\"><img loading=\"lazy\" decoding=\"async\" width=\"1200\" height=\"1166\" src=\"https:\/\/www.tele-radio.com\/app\/uploads\/PAQLine_Mood_A4_Landscape_3508x2480-1200x1166.png\" class=\"attachment-large size-large wp-post-image\" alt=\"\" style=\"max-width:300px;max-height:300px;\" srcset=\"https:\/\/www.tele-radio.com\/app\/uploads\/PAQLine_Mood_A4_Landscape_3508x2480-1200x1166.png 1200w, https:\/\/www.tele-radio.com\/app\/uploads\/PAQLine_Mood_A4_Landscape_3508x2480-400x389.png 400w, https:\/\/www.tele-radio.com\/app\/uploads\/PAQLine_Mood_A4_Landscape_3508x2480-768x746.png 768w, https:\/\/www.tele-radio.com\/app\/uploads\/PAQLine_Mood_A4_Landscape_3508x2480-1536x1492.png 1536w, https:\/\/www.tele-radio.com\/app\/uploads\/PAQLine_Mood_A4_Landscape_3508x2480-2048x1989.png 2048w, https:\/\/www.tele-radio.com\/app\/uploads\/PAQLine_Mood_A4_Landscape_3508x2480-750x729.png 750w, https:\/\/www.tele-radio.com\/app\/uploads\/PAQLine_Mood_A4_Landscape_3508x2480-500x486.png 500w, https:\/\/www.tele-radio.com\/app\/uploads\/PAQLine_Mood_A4_Landscape_3508x2480-1600x1554.png 1600w, https:\/\/www.tele-radio.com\/app\/uploads\/PAQLine_Mood_A4_Landscape_3508x2480-800x777.png 800w\" sizes=\"auto, (max-width: 1200px) 100vw, 1200px\" \/><\/div><a class=\"wp-block-latest-posts__post-title\" href=\"https:\/\/www.tele-radio.com\/nb\/tele-radio-presenterer-paq-beyond-expectations\/\">Tele Radio presenterer PAQ \u2013 Beyond Expectations<\/a><time datetime=\"2025-03-28T11:52:21+00:00\" class=\"wp-block-latest-posts__post-date\">mars 28, 2025<\/time><\/li>\n<li><div class=\"wp-block-latest-posts__featured-image\"><img loading=\"lazy\" decoding=\"async\" width=\"1200\" height=\"800\" src=\"https:\/\/www.tele-radio.com\/app\/uploads\/DSC05742-3-1200x800.jpg\" class=\"attachment-large size-large wp-post-image\" alt=\"\" style=\"max-width:300px;max-height:300px;\" srcset=\"https:\/\/www.tele-radio.com\/app\/uploads\/DSC05742-3-1200x800.jpg 1200w, https:\/\/www.tele-radio.com\/app\/uploads\/DSC05742-3-400x267.jpg 400w, https:\/\/www.tele-radio.com\/app\/uploads\/DSC05742-3-768x512.jpg 768w, https:\/\/www.tele-radio.com\/app\/uploads\/DSC05742-3-1536x1024.jpg 1536w, https:\/\/www.tele-radio.com\/app\/uploads\/DSC05742-3-2048x1365.jpg 2048w, https:\/\/www.tele-radio.com\/app\/uploads\/DSC05742-3-750x500.jpg 750w, https:\/\/www.tele-radio.com\/app\/uploads\/DSC05742-3-500x333.jpg 500w, https:\/\/www.tele-radio.com\/app\/uploads\/DSC05742-3-1600x1067.jpg 1600w, https:\/\/www.tele-radio.com\/app\/uploads\/DSC05742-3-800x533.jpg 800w\" sizes=\"auto, (max-width: 1200px) 100vw, 1200px\" \/><\/div><a class=\"wp-block-latest-posts__post-title\" href=\"https:\/\/www.tele-radio.com\/nb\/redningsstasjon-med-primateq-radiostyring\/\">Redningsstasjon bruker PrimaTEQ radiostyring<\/a><time datetime=\"2024-03-05T08:00:21+00:00\" class=\"wp-block-latest-posts__post-date\">mars 5, 2024<\/time><\/li>\n<\/ul><\/div>\n","protected":false},"excerpt":{"rendered":"<p>Vi har markedets st\u00f8rste utvalg i radiostyringer! Tele Radio er eksperter p\u00e5 sikker radiostyring. V\u00e5rt hovedfokus er innen industri, med bruksomr\u00e5der innenfor kraner, vinsjer og l\u00f8fteutstyr, industrielle maskiner, hydrauliske maskiner og mobile applikasjoner. Vi har ogs\u00e5 radiostyringer til grinder, porter og d\u00f8rer. Vi s\u00f8rger for sikrere og effektive arbeidsplasser over hele landet Med mer enn [&hellip;]<\/p>\n","protected":false},"author":1,"featured_media":0,"parent":0,"menu_order":0,"comment_status":"closed","ping_status":"closed","template":"","meta":{"_acf_changed":false,"footnotes":""},"class_list":["post-6963","page","type-page","status-publish","hentry"],"acf":[],"_links":{"self":[{"href":"https:\/\/www.tele-radio.com\/nb\/wp-json\/wp\/v2\/pages\/6963","targetHints":{"allow":["GET"]}}],"collection":[{"href":"https:\/\/www.tele-radio.com\/nb\/wp-json\/wp\/v2\/pages"}],"about":[{"href":"https:\/\/www.tele-radio.com\/nb\/wp-json\/wp\/v2\/types\/page"}],"author":[{"embeddable":true,"href":"https:\/\/www.tele-radio.com\/nb\/wp-json\/wp\/v2\/users\/1"}],"replies":[{"embeddable":true,"href":"https:\/\/www.tele-radio.com\/nb\/wp-json\/wp\/v2\/comments?post=6963"}],"version-history":[{"count":140,"href":"https:\/\/www.tele-radio.com\/nb\/wp-json\/wp\/v2\/pages\/6963\/revisions"}],"predecessor-version":[{"id":273487,"href":"https:\/\/www.tele-radio.com\/nb\/wp-json\/wp\/v2\/pages\/6963\/revisions\/273487"}],"wp:attachment":[{"href":"https:\/\/www.tele-radio.com\/nb\/wp-json\/wp\/v2\/media?parent=6963"}],"curies":[{"name":"wp","href":"https:\/\/api.w.org\/{rel}","templated":true}]}}