{"id":6611,"date":"2018-05-24T12:02:02","date_gmt":"2018-05-24T12:02:02","guid":{"rendered":"https:\/\/www.tele-radio.com\/retired-products\/"},"modified":"2019-06-05T07:19:08","modified_gmt":"2019-06-05T07:19:08","slug":"utgatt-system","status":"publish","type":"page","link":"https:\/\/www.tele-radio.com\/nb\/utgatt-system\/","title":{"rendered":"Utg\u00e5tt system"},"content":{"rendered":"<h1 class=\"defaultHeadLine\" align=\"\">Utg\u00e5tte systemer<\/h1>\n<h2><img loading=\"lazy\" decoding=\"async\" class=\"alignright size-medium wp-image-6265\" src=\"https:\/\/www.tele-radio.com\/app\/uploads\/\/T70-Jaguar-tele-radio-1-400x400.jpg\" alt=\"\" width=\"400\" height=\"400\" srcset=\"https:\/\/www.tele-radio.com\/app\/uploads\/T70-Jaguar-tele-radio-1-400x400.jpg 400w, https:\/\/www.tele-radio.com\/app\/uploads\/T70-Jaguar-tele-radio-1-150x150.jpg 150w, https:\/\/www.tele-radio.com\/app\/uploads\/T70-Jaguar-tele-radio-1-250x250.jpg 250w, https:\/\/www.tele-radio.com\/app\/uploads\/T70-Jaguar-tele-radio-1-500x500.jpg 500w, https:\/\/www.tele-radio.com\/app\/uploads\/T70-Jaguar-tele-radio-1.jpg 626w\" sizes=\"auto, (max-width: 400px) 100vw, 400px\" \/>T70 Jaguar<\/h2>\n<p>T70 Jaguar-systemet ble lansert i 2007 og var beregnet p\u00e5 markedet for elektriske og hydrauliske vinsjer. Prisen var konkurransedyktig, og den hadde mange fordeler i forhold til slektningen T60, deriblant flere funksjoner, smalb\u00e5ndsradio og st\u00f8rre senderekkevidde. T70 Jaguar gikk ut av produksjon i 2015 til fordel for det nye Panther-systemet, som har flere forbedrede parametere.<\/p>\n<p><a href=\"https:\/\/www.tele-radio.com\/nb\/products\/panther-2\/\">Du kan lese mer om Panther-systemet her.<\/a><\/p>\n<hr \/>\n<p><img loading=\"lazy\" decoding=\"async\" class=\"alignright wp-image-6266\" src=\"https:\/\/www.tele-radio.com\/app\/uploads\/tiger-retired-system-tele-radio-1.jpg\" alt=\"\" width=\"420\" height=\"231\" srcset=\"https:\/\/www.tele-radio.com\/app\/uploads\/tiger-retired-system-tele-radio-1.jpg 626w, https:\/\/www.tele-radio.com\/app\/uploads\/tiger-retired-system-tele-radio-1-400x220.jpg 400w, https:\/\/www.tele-radio.com\/app\/uploads\/tiger-retired-system-tele-radio-1-500x276.jpg 500w\" sizes=\"auto, (max-width: 420px) 100vw, 420px\" \/><\/p>\n<h2>Tiger Gen. 1<\/h2>\n<p>Tiger generasjon 1-systemet ble lansert rundt 2010 for \u00e5 innfri markedskravene om h\u00f8yere sikkerhet for fjernkontrollerte radiosystemer. Maskindirektivet til EU lanserte nyere og strengere krav for maskiner og deres kontrollsystemer.<\/p>\n<p>Tiger-systemet hadde lignende sendere som forgjengeren, 860 Lion, to-st\u00f8rrelses h\u00e5ndsendere og en styrespak i forskjellige konfigurasjoner. Senderne kom i tillegg ogs\u00e5 med display. Displayet kunne vise vektinformasjon, batteristatus, frekvens eller andre informative meldinger.<\/p>\n<p>Tiger-systemet hadde en SIL3-gradering, som betyr at den innfridde en meget h\u00f8y sikkerhetsstandard.<br \/>\nTiger-systemet ble kontinuerlig oppgradert, til et punkt der det opprinnelige produktet og det nyeste systemet hadde tilstrekkelige forskjeller til at det ble laget et Tiger-system generasjon 2. Generasjon 2 inkluderte sendere som folk gjenkjente fra generasjon 1, men generasjon 2-senderne hadde i tillegg mange oppgraderinger og forbedringer.<\/p>\n<p><a href=\"https:\/\/www.tele-radio.com\/nb\/products\/tiger-g2-2\/\">Les mer om Tiger (gen 2.)-systemet her.<\/a><\/p>\n<hr \/>\n<h2><img loading=\"lazy\" decoding=\"async\" class=\"alignright size-medium wp-image-6267\" src=\"https:\/\/www.tele-radio.com\/app\/uploads\/\/860-lion-retired-system-tele-radio-1-400x252.jpg\" alt=\"\" width=\"400\" height=\"252\" srcset=\"https:\/\/www.tele-radio.com\/app\/uploads\/860-lion-retired-system-tele-radio-1-400x252.jpg 400w, https:\/\/www.tele-radio.com\/app\/uploads\/860-lion-retired-system-tele-radio-1-500x315.jpg 500w, https:\/\/www.tele-radio.com\/app\/uploads\/860-lion-retired-system-tele-radio-1.jpg 626w\" sizes=\"auto, (max-width: 400px) 100vw, 400px\" \/>860 Lion<\/h2>\n<p>860 Lion ble introdusert i 2003 for \u00e5 tilby markedet et nytt, teknisk avansert kontrollsystem som ogs\u00e5 m\u00f8tte de nye sikkerhetsstandardene. I utgangspunktet ble systemet tilbudt med en 10-knapps og en 12-knapps h\u00e5ndholdt sender og en mottaker som varierte fra 10 til 24 funksjonsrel\u00e9er. Senere ble joystick-sendere ogs\u00e5 lagt til i systemet.<\/p>\n<p>I sin tid, var 860 Lion et veldig sikkert system. Det hadde en godkjent stoppe-funksjon i samsvar med kategori 3 og PLd. Sikkerhetsrel\u00e9ene overv\u00e5ket stoppfunksjonen.<\/p>\n<p>Systemet ble erstattet av Tiger-systemet mellom 2010 til 2013 og gikk til slutt ut til fordel Tiger (generasjon 2) sitt system som ogs\u00e5 oppfylte SIL3 standarden, noe 860 Lion ikke gjorde.<\/p>\n<p><a href=\"https:\/\/www.tele-radio.com\/tiger\/\">Les mer om Tiger (generasjon 2) her<\/a><\/p>\n<hr \/>\n<h2><img loading=\"lazy\" decoding=\"async\" class=\"alignright size-medium wp-image-6268\" src=\"https:\/\/www.tele-radio.com\/app\/uploads\/\/T80-leopard-retired-system-Tele-Radio-1-400x294.jpg\" alt=\"\" width=\"400\" height=\"294\" srcset=\"https:\/\/www.tele-radio.com\/app\/uploads\/T80-leopard-retired-system-Tele-Radio-1-400x294.jpg 400w, https:\/\/www.tele-radio.com\/app\/uploads\/T80-leopard-retired-system-Tele-Radio-1-500x367.jpg 500w, https:\/\/www.tele-radio.com\/app\/uploads\/T80-leopard-retired-system-Tele-Radio-1.jpg 626w\" sizes=\"auto, (max-width: 400px) 100vw, 400px\" \/>T80 Leopard<\/h2>\n<p>T80 Leopard-systemet ble introdusert i 2006 og var et robust system med \u00e9n sender og to typer mottakere beregnet til l\u00f8fte-industrien. Systemet inneholdt en godkjent stopp-funksjon og oppfylte kategori 3 og PLd sine sikkerhetsstandarder.<\/p>\n<p>MQ-mottakeren hadde et tynt design spesielt egnet for smale installasjonsomr\u00e5der. Systemet ble gikk ut i slutten av 2012 og har blitt erstattet av Tiger-systemet for lignende applikasjoner.<\/p>\n<p><span style=\"color: #feb914; text-decoration-line: underline;\">Les mer om Tiger-systemet her<\/span><\/p>\n<hr \/>\n<h2><img loading=\"lazy\" decoding=\"async\" class=\"alignright size-full wp-image-6263\" src=\"https:\/\/www.tele-radio.com\/app\/uploads\/460-system-retired-tele-radio.jpg\" alt=\"460 system retired Tele Radio\" width=\"339\" height=\"339\" srcset=\"https:\/\/www.tele-radio.com\/app\/uploads\/460-system-retired-tele-radio.jpg 339w, https:\/\/www.tele-radio.com\/app\/uploads\/460-system-retired-tele-radio-150x150.jpg 150w, https:\/\/www.tele-radio.com\/app\/uploads\/460-system-retired-tele-radio-250x250.jpg 250w\" sizes=\"auto, (max-width: 339px) 100vw, 339px\" \/>460 system<\/h2>\n<p>460-systemet ble lansert p\u00e5 begynnelsen av 1990-tallet og besto av flere sendere og mottakere, fra den minste 1-knapps senderen til de st\u00f8rre og mer robuste 8-knapps senderne. Systemet hadde flere mottakere fra 1-rel\u00e9 til st\u00f8rre 8-rel\u00e9mottakere. 460-produktene kommuniserte i 433 MHz-serien.<\/p>\n<p>460-systemet gikk ut i 2006 og ble erstattet av T60-systemet som var digitalt, i motsetning til forl\u00f8peren som var analog. T60 tilbyr mer oppdaterte funksjoner og muligheten for flere koder.<\/p>\n<p>Det nyere T60-systemet er for det meste kompatibelt med 460-systemet, og b\u00f8r i de fleste tilfeller v\u00e6re den beste erstatningen. For n\u00e6rmere informasjon om hvordan du skal g\u00e5 over til T60-systemet fra et 460-system, <a href=\"https:\/\/www.tele-radio.com\/nb\/kontakt-oss\/\">vennligst ta kontakt med oss<\/a>,\u00a0s\u00e5 hjelper vi deg gjerne.<\/p>\n<p><a href=\"https:\/\/www.tele-radio.com\/nb\/products\/tiger-g2\/\">Les mer om T60-systemet her<\/a><\/p>\n","protected":false},"excerpt":{"rendered":"<p>Utg\u00e5tte systemer T70 Jaguar T70 Jaguar-systemet ble lansert i 2007 og var beregnet p\u00e5 markedet for elektriske og hydrauliske vinsjer. Prisen var konkurransedyktig, og den hadde mange fordeler i forhold til slektningen T60, deriblant flere funksjoner, smalb\u00e5ndsradio og st\u00f8rre senderekkevidde. T70 Jaguar gikk ut av produksjon i 2015 til fordel for det nye Panther-systemet, som [&hellip;]<\/p>\n","protected":false},"author":29,"featured_media":6257,"parent":0,"menu_order":0,"comment_status":"closed","ping_status":"closed","template":"","meta":{"_acf_changed":false,"footnotes":""},"class_list":["post-6611","page","type-page","status-publish","has-post-thumbnail","hentry"],"acf":[],"_links":{"self":[{"href":"https:\/\/www.tele-radio.com\/nb\/wp-json\/wp\/v2\/pages\/6611","targetHints":{"allow":["GET"]}}],"collection":[{"href":"https:\/\/www.tele-radio.com\/nb\/wp-json\/wp\/v2\/pages"}],"about":[{"href":"https:\/\/www.tele-radio.com\/nb\/wp-json\/wp\/v2\/types\/page"}],"author":[{"embeddable":true,"href":"https:\/\/www.tele-radio.com\/nb\/wp-json\/wp\/v2\/users\/29"}],"replies":[{"embeddable":true,"href":"https:\/\/www.tele-radio.com\/nb\/wp-json\/wp\/v2\/comments?post=6611"}],"version-history":[{"count":6,"href":"https:\/\/www.tele-radio.com\/nb\/wp-json\/wp\/v2\/pages\/6611\/revisions"}],"predecessor-version":[{"id":22566,"href":"https:\/\/www.tele-radio.com\/nb\/wp-json\/wp\/v2\/pages\/6611\/revisions\/22566"}],"wp:featuredmedia":[{"embeddable":true,"href":"https:\/\/www.tele-radio.com\/nb\/wp-json\/wp\/v2\/media\/6257"}],"wp:attachment":[{"href":"https:\/\/www.tele-radio.com\/nb\/wp-json\/wp\/v2\/media?parent=6611"}],"curies":[{"name":"wp","href":"https:\/\/api.w.org\/{rel}","templated":true}]}}