{"id":6591,"date":"2018-05-13T19:29:47","date_gmt":"2018-05-13T19:29:47","guid":{"rendered":"https:\/\/www.tele-radio.com\/success-stories\/"},"modified":"2025-08-21T12:05:25","modified_gmt":"2025-08-21T12:05:25","slug":"kundehistorier","status":"publish","type":"page","link":"https:\/\/www.tele-radio.com\/nb\/kundehistorier\/","title":{"rendered":"Kundehistorier"},"content":{"rendered":"\n<h1 class=\"wp-block-heading\">Kundehistorier<\/h1>\n\n\n\n<div class=\"wp-block-columns is-layout-flex wp-container-core-columns-is-layout-9d6595d7 wp-block-columns-is-layout-flex\">\n<div class=\"wp-block-column is-layout-flow wp-block-column-is-layout-flow\">\n<p class=\"has-medium-font-size\">Radiostyring fra Tele Radio gj\u00f8r arbeid mer sikkert, effektivt og fleksibelt for kunder over hele verden. <\/p>\n<\/div>\n\n\n\n<div class=\"wp-block-column is-layout-flow wp-block-column-is-layout-flow\"><\/div>\n<\/div>\n\n\n\n<div class=\"wp-block-columns is-layout-flex wp-container-core-columns-is-layout-9d6595d7 wp-block-columns-is-layout-flex\">\n<div class=\"wp-block-column is-layout-flow wp-block-column-is-layout-flow\">\n<div class=\"wp-block-cover\"><img loading=\"lazy\" decoding=\"async\" width=\"2560\" height=\"1707\" class=\"wp-block-cover__image-background wp-image-164989\" alt=\"\" src=\"https:\/\/www.tele-radio.com\/app\/uploads\/Limach_E140.1_rev1_23_2022-scaled-1.webp\" data-object-fit=\"cover\" srcset=\"https:\/\/www.tele-radio.com\/app\/uploads\/Limach_E140.1_rev1_23_2022-scaled-1.webp 2560w, https:\/\/www.tele-radio.com\/app\/uploads\/Limach_E140.1_rev1_23_2022-scaled-1-400x267.webp 400w, https:\/\/www.tele-radio.com\/app\/uploads\/Limach_E140.1_rev1_23_2022-scaled-1-1200x800.webp 1200w, https:\/\/www.tele-radio.com\/app\/uploads\/Limach_E140.1_rev1_23_2022-scaled-1-768x512.webp 768w, https:\/\/www.tele-radio.com\/app\/uploads\/Limach_E140.1_rev1_23_2022-scaled-1-1536x1024.webp 1536w, https:\/\/www.tele-radio.com\/app\/uploads\/Limach_E140.1_rev1_23_2022-scaled-1-2048x1366.webp 2048w, https:\/\/www.tele-radio.com\/app\/uploads\/Limach_E140.1_rev1_23_2022-scaled-1-750x500.webp 750w, https:\/\/www.tele-radio.com\/app\/uploads\/Limach_E140.1_rev1_23_2022-scaled-1-500x333.webp 500w, https:\/\/www.tele-radio.com\/app\/uploads\/Limach_E140.1_rev1_23_2022-scaled-1-1600x1067.webp 1600w, https:\/\/www.tele-radio.com\/app\/uploads\/Limach_E140.1_rev1_23_2022-scaled-1-800x533.webp 800w\" sizes=\"auto, (max-width: 2560px) 100vw, 2560px\" \/><span aria-hidden=\"true\" class=\"wp-block-cover__background has-black-background-color has-background-dim-70 has-background-dim\"><\/span><div class=\"wp-block-cover__inner-container is-layout-constrained wp-block-cover-is-layout-constrained\">\n<h2 class=\"wp-block-heading has-text-align-center has-large-font-size\">B\u00e6rekraftig innovasjon: Limach<\/h2>\n\n\n\n<p class=\"has-text-align-center has-medium-font-size\">I jakten p\u00e5 b\u00e6rekraftige l\u00f8sninger innen bygg- og anleggsbransjen har Limach utviklet elektriske gravemaskiner siden 2018. Radiostyringen fra Tele Radio spiller en avgj\u00f8rende rolle i batteribyttesystemet.<\/p>\n\n\n\n<div class=\"wp-block-buttons is-content-justification-center is-layout-flex wp-container-core-buttons-is-layout-16018d1d wp-block-buttons-is-layout-flex\">\n<div class=\"wp-block-button\"><a class=\"wp-block-button__link has-black-color has-luminous-vivid-amber-background-color has-text-color has-background has-link-color has-medium-font-size has-custom-font-size wp-element-button\" href=\"https:\/\/www.tele-radio.com\/nb\/baerekraftig-innovasjon-limach-elektriske-gravemaskiner-med-radiostyring\/\" style=\"border-radius:8px\">Les mer<\/a><\/div>\n<\/div>\n<\/div><\/div>\n<\/div>\n\n\n\n<div class=\"wp-block-column is-layout-flow wp-block-column-is-layout-flow\">\n<div class=\"wp-block-cover\"><img loading=\"lazy\" decoding=\"async\" width=\"2560\" height=\"2560\" class=\"wp-block-cover__image-background wp-image-121054\" alt=\"vrachtwagen die werkt met industri\u00eble afstandsbediening\" src=\"https:\/\/www.tele-radio.com\/app\/uploads\/Web_800_x_800_300dpi_V2-scaled.jpg\" data-object-fit=\"cover\" srcset=\"https:\/\/www.tele-radio.com\/app\/uploads\/Web_800_x_800_300dpi_V2-scaled.jpg 2560w, https:\/\/www.tele-radio.com\/app\/uploads\/Web_800_x_800_300dpi_V2-400x400.jpg 400w, https:\/\/www.tele-radio.com\/app\/uploads\/Web_800_x_800_300dpi_V2-1200x1200.jpg 1200w, https:\/\/www.tele-radio.com\/app\/uploads\/Web_800_x_800_300dpi_V2-150x150.jpg 150w, https:\/\/www.tele-radio.com\/app\/uploads\/Web_800_x_800_300dpi_V2-768x768.jpg 768w, https:\/\/www.tele-radio.com\/app\/uploads\/Web_800_x_800_300dpi_V2-1536x1536.jpg 1536w, https:\/\/www.tele-radio.com\/app\/uploads\/Web_800_x_800_300dpi_V2-2048x2048.jpg 2048w, https:\/\/www.tele-radio.com\/app\/uploads\/Web_800_x_800_300dpi_V2-250x250.jpg 250w, https:\/\/www.tele-radio.com\/app\/uploads\/Web_800_x_800_300dpi_V2-750x750.jpg 750w, https:\/\/www.tele-radio.com\/app\/uploads\/Web_800_x_800_300dpi_V2-500x500.jpg 500w, https:\/\/www.tele-radio.com\/app\/uploads\/Web_800_x_800_300dpi_V2-1600x1600.jpg 1600w, https:\/\/www.tele-radio.com\/app\/uploads\/Web_800_x_800_300dpi_V2-800x800.jpg 800w\" sizes=\"auto, (max-width: 2560px) 100vw, 2560px\" \/><span aria-hidden=\"true\" class=\"wp-block-cover__background has-background-dim-70 has-background-dim\"><\/span><div class=\"wp-block-cover__inner-container is-layout-constrained wp-block-cover-is-layout-constrained\">\n<h2 class=\"wp-block-heading has-text-align-center has-large-font-size\">Effektiv hydraulisk dyrking: Hydroseeding<\/h2>\n\n\n\n<p class=\"has-text-align-center has-medium-font-size\">Hydroseeding valgte Panther-sender fra Tele Radio p\u00e5 grunn av senderens fleksibilitet og brukervennlighet.<\/p>\n\n\n\n<div class=\"wp-block-buttons is-content-justification-center is-layout-flex wp-container-core-buttons-is-layout-16018d1d wp-block-buttons-is-layout-flex\">\n<div class=\"wp-block-button\"><a class=\"wp-block-button__link has-black-color has-luminous-vivid-amber-background-color has-text-color has-background has-link-color has-medium-font-size has-custom-font-size wp-element-button\" href=\"https:\/\/www.tele-radio.com\/nb\/effektiv-hydraulisk-dyrking-i-nederland-takket-vaere-tele-radio\/\" style=\"border-radius:8px\">Les mer<\/a><\/div>\n<\/div>\n<\/div><\/div>\n<\/div>\n<\/div>\n\n\n\n<div class=\"wp-block-columns is-layout-flex wp-container-core-columns-is-layout-9d6595d7 wp-block-columns-is-layout-flex\">\n<div class=\"wp-block-column is-layout-flow wp-block-column-is-layout-flow\">\n<div class=\"wp-block-cover\"><img loading=\"lazy\" decoding=\"async\" width=\"2560\" height=\"1440\" class=\"wp-block-cover__image-background wp-image-97387\" alt=\"\" src=\"https:\/\/www.tele-radio.com\/app\/uploads\/20190920_140335-scaled.jpg\" data-object-fit=\"cover\" srcset=\"https:\/\/www.tele-radio.com\/app\/uploads\/20190920_140335-scaled.jpg 2560w, https:\/\/www.tele-radio.com\/app\/uploads\/20190920_140335-400x225.jpg 400w, https:\/\/www.tele-radio.com\/app\/uploads\/20190920_140335-1200x675.jpg 1200w, https:\/\/www.tele-radio.com\/app\/uploads\/20190920_140335-768x432.jpg 768w, https:\/\/www.tele-radio.com\/app\/uploads\/20190920_140335-1536x864.jpg 1536w, https:\/\/www.tele-radio.com\/app\/uploads\/20190920_140335-2048x1152.jpg 2048w, https:\/\/www.tele-radio.com\/app\/uploads\/20190920_140335-750x422.jpg 750w, https:\/\/www.tele-radio.com\/app\/uploads\/20190920_140335-500x281.jpg 500w, https:\/\/www.tele-radio.com\/app\/uploads\/20190920_140335-1600x900.jpg 1600w, https:\/\/www.tele-radio.com\/app\/uploads\/20190920_140335-800x450.jpg 800w\" sizes=\"auto, (max-width: 2560px) 100vw, 2560px\" \/><span aria-hidden=\"true\" class=\"wp-block-cover__background has-black-background-color has-background-dim-70 has-background-dim\"><\/span><div class=\"wp-block-cover__inner-container is-layout-constrained wp-block-cover-is-layout-constrained\">\n<h2 class=\"wp-block-heading has-text-align-center has-large-font-size\">Groupe Industriel Premium <\/h2>\n\n\n\n<p class=\"has-text-align-center has-medium-font-size\">V\u00e5re radiostyringssystemer driver 18 elektriske traverskraner (EOT) ved Nortek Air Solutions nye produksjonsanlegg for ventilasjonsutstyr i Qu\u00e9bec. De har brukt Tele Radio-produkter siden september 2009 og fortsetter \u00e5 gj\u00f8re det basert p\u00e5 kvalitet, robusthet, sikkerhet og tilgjengelighet av reservedeler.<\/p>\n\n\n\n<div class=\"wp-block-buttons is-content-justification-center is-layout-flex wp-container-core-buttons-is-layout-16018d1d wp-block-buttons-is-layout-flex\">\n<div class=\"wp-block-button\"><a class=\"wp-block-button__link has-black-color has-luminous-vivid-amber-background-color has-text-color has-background has-link-color has-medium-font-size has-custom-font-size wp-element-button\" href=\"https:\/\/www.tele-radio.com\/nb\/groupe-industriel-premiums-suksesshistorie\/\" style=\"border-radius:8px\">Les mer<\/a><\/div>\n<\/div>\n<\/div><\/div>\n<\/div>\n\n\n\n<div class=\"wp-block-column is-layout-flow wp-block-column-is-layout-flow\">\n<div class=\"wp-block-cover\"><img loading=\"lazy\" decoding=\"async\" width=\"2560\" height=\"2560\" class=\"wp-block-cover__image-background wp-image-101090\" alt=\"\" src=\"https:\/\/www.tele-radio.com\/app\/uploads\/GMT_WEB_800x800px-1-scaled.jpg\" data-object-fit=\"cover\" srcset=\"https:\/\/www.tele-radio.com\/app\/uploads\/GMT_WEB_800x800px-1-scaled.jpg 2560w, https:\/\/www.tele-radio.com\/app\/uploads\/GMT_WEB_800x800px-1-400x400.jpg 400w, https:\/\/www.tele-radio.com\/app\/uploads\/GMT_WEB_800x800px-1-1200x1200.jpg 1200w, https:\/\/www.tele-radio.com\/app\/uploads\/GMT_WEB_800x800px-1-150x150.jpg 150w, https:\/\/www.tele-radio.com\/app\/uploads\/GMT_WEB_800x800px-1-768x768.jpg 768w, https:\/\/www.tele-radio.com\/app\/uploads\/GMT_WEB_800x800px-1-1536x1536.jpg 1536w, https:\/\/www.tele-radio.com\/app\/uploads\/GMT_WEB_800x800px-1-2048x2048.jpg 2048w, https:\/\/www.tele-radio.com\/app\/uploads\/GMT_WEB_800x800px-1-250x250.jpg 250w, https:\/\/www.tele-radio.com\/app\/uploads\/GMT_WEB_800x800px-1-750x750.jpg 750w, https:\/\/www.tele-radio.com\/app\/uploads\/GMT_WEB_800x800px-1-500x500.jpg 500w, https:\/\/www.tele-radio.com\/app\/uploads\/GMT_WEB_800x800px-1-1600x1600.jpg 1600w, https:\/\/www.tele-radio.com\/app\/uploads\/GMT_WEB_800x800px-1-800x800.jpg 800w\" sizes=\"auto, (max-width: 2560px) 100vw, 2560px\" \/><span aria-hidden=\"true\" class=\"wp-block-cover__background has-background-dim-70 has-background-dim\"><\/span><div class=\"wp-block-cover__inner-container is-layout-constrained wp-block-cover-is-layout-constrained\">\n<h2 class=\"wp-block-heading has-text-align-center has-large-font-size\">GMT Equipment<\/h2>\n\n\n\n<p class=\"has-text-align-center has-medium-font-size\"> For GMT Equipment har vi utviklet og levert en skreddersydd l\u00f8sning. Resultatet er tryggere og mer effektivt arbeid.<\/p>\n\n\n\n<div class=\"wp-block-buttons is-content-justification-center is-layout-flex wp-container-core-buttons-is-layout-16018d1d wp-block-buttons-is-layout-flex\">\n<div class=\"wp-block-button\"><a class=\"wp-block-button__link has-black-color has-luminous-vivid-amber-background-color has-text-color has-background has-link-color has-medium-font-size has-custom-font-size wp-element-button\" href=\"https:\/\/www.tele-radio.com\/nb\/gmt-equipment-suksesshistorie\/\" style=\"border-radius:8px\">Les mer<\/a><\/div>\n<\/div>\n<\/div><\/div>\n<\/div>\n<\/div>\n\n\n\n<div class=\"wp-block-columns is-layout-flex wp-container-core-columns-is-layout-9d6595d7 wp-block-columns-is-layout-flex\">\n<div class=\"wp-block-column is-layout-flow wp-block-column-is-layout-flow\">\n<div class=\"wp-block-cover\"><img loading=\"lazy\" decoding=\"async\" width=\"1200\" height=\"1200\" class=\"wp-block-cover__image-background wp-image-260460 size-large\" alt=\"\" src=\"https:\/\/www.tele-radio.com\/app\/uploads\/\/XT5A6837-1-1200x1200.jpg\" style=\"object-position:52% 67%\" data-object-fit=\"cover\" data-object-position=\"52% 67%\" srcset=\"https:\/\/www.tele-radio.com\/app\/uploads\/XT5A6837-1-1200x1200.jpg 1200w, https:\/\/www.tele-radio.com\/app\/uploads\/XT5A6837-1-400x400.jpg 400w, https:\/\/www.tele-radio.com\/app\/uploads\/XT5A6837-1-150x150.jpg 150w, https:\/\/www.tele-radio.com\/app\/uploads\/XT5A6837-1-768x768.jpg 768w, https:\/\/www.tele-radio.com\/app\/uploads\/XT5A6837-1-250x250.jpg 250w, https:\/\/www.tele-radio.com\/app\/uploads\/XT5A6837-1-750x750.jpg 750w, https:\/\/www.tele-radio.com\/app\/uploads\/XT5A6837-1-500x500.jpg 500w, https:\/\/www.tele-radio.com\/app\/uploads\/XT5A6837-1-800x800.jpg 800w, https:\/\/www.tele-radio.com\/app\/uploads\/XT5A6837-1.jpg 1440w\" sizes=\"auto, (max-width: 1200px) 100vw, 1200px\" \/><span aria-hidden=\"true\" class=\"wp-block-cover__background has-black-background-color has-background-dim-70 has-background-dim\"><\/span><div class=\"wp-block-cover__inner-container is-layout-constrained wp-block-cover-is-layout-constrained\">\n<h2 class=\"wp-block-heading has-text-align-center has-large-font-size\">Global Towing Systems<\/h2>\n\n\n\n<p class=\"has-text-align-center has-medium-font-size\">Hvert sekund teller n\u00e5r Global Towing Systems sine kunder er ute p\u00e5 oppdrag, og med radiostyring fra Tele Radio f\u00e5r de gjennomf\u00f8rt sine redningsoperasjoner mer effektivt og sikkert.<\/p>\n\n\n\n<div class=\"wp-block-buttons is-content-justification-center is-layout-flex wp-container-core-buttons-is-layout-16018d1d wp-block-buttons-is-layout-flex\">\n<div class=\"wp-block-button\"><a class=\"wp-block-button__link has-black-color has-luminous-vivid-amber-background-color has-text-color has-background has-link-color has-medium-font-size has-custom-font-size wp-element-button\" href=\"https:\/\/www.tele-radio.com\/nb\/global-towing-systems\/\" style=\"border-radius:8px\">Les mer<\/a><\/div>\n<\/div>\n<\/div><\/div>\n<\/div>\n\n\n\n<div class=\"wp-block-column is-layout-flow wp-block-column-is-layout-flow\">\n<div class=\"wp-block-cover\"><img loading=\"lazy\" decoding=\"async\" width=\"1200\" height=\"675\" class=\"wp-block-cover__image-background wp-image-261749 size-large\" alt=\"\" src=\"https:\/\/www.tele-radio.com\/app\/uploads\/\/Foto-8-1200x675.jpg\" data-object-fit=\"cover\" srcset=\"https:\/\/www.tele-radio.com\/app\/uploads\/Foto-8-1200x675.jpg 1200w, https:\/\/www.tele-radio.com\/app\/uploads\/Foto-8-400x225.jpg 400w, https:\/\/www.tele-radio.com\/app\/uploads\/Foto-8-768x432.jpg 768w, https:\/\/www.tele-radio.com\/app\/uploads\/Foto-8-1536x864.jpg 1536w, https:\/\/www.tele-radio.com\/app\/uploads\/Foto-8-750x422.jpg 750w, https:\/\/www.tele-radio.com\/app\/uploads\/Foto-8-500x281.jpg 500w, https:\/\/www.tele-radio.com\/app\/uploads\/Foto-8-1600x900.jpg 1600w, https:\/\/www.tele-radio.com\/app\/uploads\/Foto-8-800x450.jpg 800w, https:\/\/www.tele-radio.com\/app\/uploads\/Foto-8.jpg 1920w\" sizes=\"auto, (max-width: 1200px) 100vw, 1200px\" \/><span aria-hidden=\"true\" class=\"wp-block-cover__background has-black-background-color has-background-dim-70 has-background-dim\"><\/span><div class=\"wp-block-cover__inner-container is-layout-constrained wp-block-cover-is-layout-constrained\">\n<h2 class=\"wp-block-heading has-text-align-center has-large-font-size\">VDL Container Systems<\/h2>\n\n\n\n<p class=\"has-text-align-center has-medium-font-size\">VDL Container Systems produserer\u00a0h\u00e5ndteringssystemer for containere, og stoler p\u00e5 Tele Radio for sikker radiostyring.<br><\/p>\n\n\n\n<div class=\"wp-block-buttons is-content-justification-center is-layout-flex wp-container-core-buttons-is-layout-16018d1d wp-block-buttons-is-layout-flex\">\n<div class=\"wp-block-button\"><a class=\"wp-block-button__link has-black-color has-luminous-vivid-amber-background-color has-text-color has-background has-link-color has-medium-font-size has-custom-font-size wp-element-button\" href=\"https:\/\/www.tele-radio.com\/nb\/vdl-container-systems\/\" style=\"border-radius:8px\">Les mer<\/a><\/div>\n<\/div>\n<\/div><\/div>\n<\/div>\n<\/div>\n\n\n\n<div class=\"wp-block-columns is-layout-flex wp-container-core-columns-is-layout-9d6595d7 wp-block-columns-is-layout-flex\">\n<div class=\"wp-block-column is-layout-flow wp-block-column-is-layout-flow\">\n<h2 class=\"wp-block-heading has-text-align-center\">Interessert i \u00e5 l\u00e6re mer om hva vi kan gj\u00f8re for din bedrift?<\/h2>\n\n\n\n<p class=\"has-text-align-center\"> Vi svarer gjerne p\u00e5 dine sp\u00f8rsm\u00e5l om radiostyring, sikkerhet og fleksibilitet!<\/p>\n\n\n\n<div class=\"wp-block-group has-small-font-size is-content-justification-center is-nowrap is-layout-flex wp-container-core-group-is-layout-94bc23d7 wp-block-group-is-layout-flex\">\n<div class=\"wp-block-buttons is-layout-flex wp-block-buttons-is-layout-flex\">\n<div class=\"wp-block-button has-custom-width wp-block-button__width-100 is-style-fill\"><a class=\"wp-block-button__link has-medium-font-size has-custom-font-size wp-element-button\" href=\"https:\/\/www.tele-radio.com\/nb\/produkter\/\" style=\"border-radius:8px\">Produktoversikt<\/a><\/div>\n<\/div>\n\n\n\n<div class=\"wp-block-buttons is-layout-flex wp-block-buttons-is-layout-flex\">\n<div class=\"wp-block-button has-custom-width wp-block-button__width-100 is-style-fill\"><a class=\"wp-block-button__link has-black-color has-luminous-vivid-amber-background-color has-text-color has-background has-link-color has-medium-font-size has-custom-font-size wp-element-button\" href=\"https:\/\/www.tele-radio.com\/nb\/kontakt-oss\/\" style=\"border-radius:8px\">Kontakt<\/a><\/div>\n<\/div>\n<\/div>\n<\/div>\n<\/div>\n","protected":false},"excerpt":{"rendered":"<p>Kundehistorier Radiostyring fra Tele Radio gj\u00f8r arbeid mer sikkert, effektivt og fleksibelt for kunder over hele verden. Interessert i \u00e5 l\u00e6re mer om hva vi kan gj\u00f8re for din bedrift? Vi svarer gjerne p\u00e5 dine sp\u00f8rsm\u00e5l om radiostyring, sikkerhet og fleksibilitet!<\/p>\n","protected":false},"author":29,"featured_media":0,"parent":0,"menu_order":0,"comment_status":"closed","ping_status":"closed","template":"","meta":{"_acf_changed":false,"footnotes":""},"class_list":["post-6591","page","type-page","status-publish","hentry"],"acf":[],"_links":{"self":[{"href":"https:\/\/www.tele-radio.com\/nb\/wp-json\/wp\/v2\/pages\/6591","targetHints":{"allow":["GET"]}}],"collection":[{"href":"https:\/\/www.tele-radio.com\/nb\/wp-json\/wp\/v2\/pages"}],"about":[{"href":"https:\/\/www.tele-radio.com\/nb\/wp-json\/wp\/v2\/types\/page"}],"author":[{"embeddable":true,"href":"https:\/\/www.tele-radio.com\/nb\/wp-json\/wp\/v2\/users\/29"}],"replies":[{"embeddable":true,"href":"https:\/\/www.tele-radio.com\/nb\/wp-json\/wp\/v2\/comments?post=6591"}],"version-history":[{"count":28,"href":"https:\/\/www.tele-radio.com\/nb\/wp-json\/wp\/v2\/pages\/6591\/revisions"}],"predecessor-version":[{"id":266463,"href":"https:\/\/www.tele-radio.com\/nb\/wp-json\/wp\/v2\/pages\/6591\/revisions\/266463"}],"wp:attachment":[{"href":"https:\/\/www.tele-radio.com\/nb\/wp-json\/wp\/v2\/media?parent=6591"}],"curies":[{"name":"wp","href":"https:\/\/api.w.org\/{rel}","templated":true}]}}