{"id":6567,"date":"2018-05-13T20:05:40","date_gmt":"2018-05-13T20:05:40","guid":{"rendered":"https:\/\/www.tele-radio.com\/munck-cranes-a-s\/"},"modified":"2020-02-20T14:32:19","modified_gmt":"2020-02-20T14:32:19","slug":"munck-cranes-forst-innen-radiostyring-pa-kran","status":"publish","type":"page","link":"https:\/\/www.tele-radio.com\/nb\/munck-cranes-forst-innen-radiostyring-pa-kran\/","title":{"rendered":"Munck Cranes A\/S"},"content":{"rendered":"<h1>Munck Cranes A\/S<\/h1>\n<p>Munck Cranes er en kranprodusent som ligger i Bergen. Bedriften ble stiftet i 1924 av Sverre Munck og startet som en handelsbedrift som solgte rulletrapper, heiser og tauvinsjer. Munck Company har v\u00e6rt en pioner innen norsk eksportindustri. Den aller f\u00f8rste Munck-vinsjen for eksport ble sendt til Sverige i 1948, og samme \u00e5r ogs\u00e5 til England. Derfor \u00f8kte eksporten til sv\u00e6rt mange utenlandske markeder veldig raskt.<\/p>\n<h2>En global leverand\u00f8r<\/h2>\n<p>Senere, p\u00e5 1950- og 1960-tallet, ble datterselskaper etablert i USA, Canada, Storbritannia, Sverige, Brasil og Belgia. Videre ble et nettverk av samarbeidspartnere og selskaper opprettet i andre deler av verden. Munck samarbeider fortsatt sv\u00e6rt tett med mange av disse bedriftene, selv om de styres av lokale eiere. Munch Cranes leverer produktene sine globalt og den norske fabrikken alene sender ut 750 kraner i \u00e5ret, men n\u00e5r en legger til andre Munck-avdelinger, stiger det antallet til over 1000 kraner.<\/p>\n<h2>De f\u00f8rste innen radiostyring til kraner<\/h2>\n<p>Munck var den f\u00f8rste kranprodusenten som droppet kabelkontrollen som standard p\u00e5 kranene deres og erstattet den med radiostyring. Hvis du \u00f8nsket kabelkontroll, m\u00e5tte du kj\u00f8pe det separat. Det var uh\u00f8rt \u00e5 fjerne kabelkontrollen, og det f\u00f8rte til en b\u00f8lge av kritikk fra konkurrenter. N\u00e5r vi ser tilbake, kan vi ikke nekte for at Munck var pioner i den tekniske fremmingen av kranstyring gjennom sin modige handling.<\/p>\n<blockquote><p>\u201cVi bruker Tele Radio p\u00e5 grunn av deres enest\u00e5ende service- og supportorganisasjon, noe som er sv\u00e6rt viktig for oss og v\u00e5r bedrift.\u201d<\/p><\/blockquote>\n<p>Sier Rune Wab\u00f8, Adm. dir. hos Munck Cranes.<\/p>\n<p><a href=\"https:\/\/munck-cranes.no\/no\/\">Les mer om Munck Cranes her.<\/a><\/p>\n","protected":false},"excerpt":{"rendered":"<p>Munck Cranes A\/S Munck Cranes er en kranprodusent som ligger i Bergen. Bedriften ble stiftet i 1924 av Sverre Munck og startet som en handelsbedrift som solgte rulletrapper, heiser og tauvinsjer. Munck Company har v\u00e6rt en pioner innen norsk eksportindustri. Den aller f\u00f8rste Munck-vinsjen for eksport ble sendt til Sverige i 1948, og samme \u00e5r [&hellip;]<\/p>\n","protected":false},"author":29,"featured_media":9720,"parent":0,"menu_order":0,"comment_status":"closed","ping_status":"closed","template":"","meta":{"_acf_changed":false,"footnotes":""},"class_list":["post-6567","page","type-page","status-publish","has-post-thumbnail","hentry"],"acf":[],"_links":{"self":[{"href":"https:\/\/www.tele-radio.com\/nb\/wp-json\/wp\/v2\/pages\/6567","targetHints":{"allow":["GET"]}}],"collection":[{"href":"https:\/\/www.tele-radio.com\/nb\/wp-json\/wp\/v2\/pages"}],"about":[{"href":"https:\/\/www.tele-radio.com\/nb\/wp-json\/wp\/v2\/types\/page"}],"author":[{"embeddable":true,"href":"https:\/\/www.tele-radio.com\/nb\/wp-json\/wp\/v2\/users\/29"}],"replies":[{"embeddable":true,"href":"https:\/\/www.tele-radio.com\/nb\/wp-json\/wp\/v2\/comments?post=6567"}],"version-history":[{"count":3,"href":"https:\/\/www.tele-radio.com\/nb\/wp-json\/wp\/v2\/pages\/6567\/revisions"}],"predecessor-version":[{"id":33739,"href":"https:\/\/www.tele-radio.com\/nb\/wp-json\/wp\/v2\/pages\/6567\/revisions\/33739"}],"wp:featuredmedia":[{"embeddable":true,"href":"https:\/\/www.tele-radio.com\/nb\/wp-json\/wp\/v2\/media\/9720"}],"wp:attachment":[{"href":"https:\/\/www.tele-radio.com\/nb\/wp-json\/wp\/v2\/media?parent=6567"}],"curies":[{"name":"wp","href":"https:\/\/api.w.org\/{rel}","templated":true}]}}