{"id":6519,"date":"2018-05-14T06:20:21","date_gmt":"2018-05-14T06:20:21","guid":{"rendered":"https:\/\/www.tele-radio.com\/easy-silage\/"},"modified":"2019-06-18T13:32:36","modified_gmt":"2019-06-18T13:32:36","slug":"easy-silage-radiostyring","status":"publish","type":"page","link":"https:\/\/www.tele-radio.com\/nb\/easy-silage-radiostyring\/","title":{"rendered":"Easy Silage BV"},"content":{"rendered":"<h1>Radiostyring for tildekking av plansilo<\/h1>\n<p>Easy Silage BV er spesialister p\u00e5 tildekking av plansiloer. Selskapet ligger i Dearsum, midt i provinsen Friesland,\u00a0 ogs\u00e5 kjent som Nederlands meieriprovins.<\/p>\n<h2>Tilpasset dine behov<\/h2>\n<p>Easy Silage sine tildekkingssystemer er egnet for plansiloer opptil 100 meter i lengde og 25 meters bredde. Funksjonen fjernstyres med et <a href=\"https:\/\/www.tele-radio.com\/nb\/products\/panther\/\">Panther<\/a>-fjernkontrollsystem fra Tele Radio. Det er i utgangspunktet tre komponenter Easy Silage BV trenger \u00e5 styre; skinnesystemet, vinsjsystemet og portalsystemet. Fordi alle g\u00e5rder er unike i m\u00e5ten de driver virksomheten p\u00e5, er tildekkingssystemene laget etter egendefinerte spesifikasjoner som passer hver enkelt kunde. Tele Radio tilbyr spesialtilpassede systemer for alle som trenger det. Vi har kompetansen for \u00e5 gj\u00f8re arbeidsdagen din mer effektiv!<\/p>\n<h2>Fleksibelt system<\/h2>\n<p>Skinne- og vinsjsystemene passer til nesten alle siloer som finnes. Maskinen med rullemekanismen kj\u00f8rer langs kanalen og mottakerenheten er montert p\u00e5 siloveggen med spesialbraketter. Vinsjsystemet kan brukes til flere siloer, takket v\u00e6re et spesialdesignet kontaktpunkt. Ved hjelp av en traktor eller teleskopisk laster, kan f\u00f8reren enkelt flytte tildekkingsmaskinen fra den ene siloen til den andre.<\/p>\n<h2>Bytte ut et fast kontrollpanel med radiostyring<\/h2>\n<p>Easy Silage byttet fra faste kontroller til radiostyring fordi sistnevnte gir f\u00f8reren bedre oversikt over driften. Dette ville v\u00e6rt delvis skjult fra det stedet der de opprinnelige kontrollene ble montert. Tele Radio BV forventer \u00e5 levere minst 40 systemer i \u00e5ret til Easy Silage BV.<\/p>\n","protected":false},"excerpt":{"rendered":"<p>Radiostyring for tildekking av plansilo Easy Silage BV er spesialister p\u00e5 tildekking av plansiloer. Selskapet ligger i Dearsum, midt i provinsen Friesland,\u00a0 ogs\u00e5 kjent som Nederlands meieriprovins. Tilpasset dine behov Easy Silage sine tildekkingssystemer er egnet for plansiloer opptil 100 meter i lengde og 25 meters bredde. Funksjonen fjernstyres med et Panther-fjernkontrollsystem fra Tele Radio. [&hellip;]<\/p>\n","protected":false},"author":29,"featured_media":9792,"parent":0,"menu_order":0,"comment_status":"closed","ping_status":"closed","template":"","meta":{"_acf_changed":false,"footnotes":""},"class_list":["post-6519","page","type-page","status-publish","has-post-thumbnail","hentry"],"acf":[],"_links":{"self":[{"href":"https:\/\/www.tele-radio.com\/nb\/wp-json\/wp\/v2\/pages\/6519","targetHints":{"allow":["GET"]}}],"collection":[{"href":"https:\/\/www.tele-radio.com\/nb\/wp-json\/wp\/v2\/pages"}],"about":[{"href":"https:\/\/www.tele-radio.com\/nb\/wp-json\/wp\/v2\/types\/page"}],"author":[{"embeddable":true,"href":"https:\/\/www.tele-radio.com\/nb\/wp-json\/wp\/v2\/users\/29"}],"replies":[{"embeddable":true,"href":"https:\/\/www.tele-radio.com\/nb\/wp-json\/wp\/v2\/comments?post=6519"}],"version-history":[{"count":10,"href":"https:\/\/www.tele-radio.com\/nb\/wp-json\/wp\/v2\/pages\/6519\/revisions"}],"predecessor-version":[{"id":22866,"href":"https:\/\/www.tele-radio.com\/nb\/wp-json\/wp\/v2\/pages\/6519\/revisions\/22866"}],"wp:featuredmedia":[{"embeddable":true,"href":"https:\/\/www.tele-radio.com\/nb\/wp-json\/wp\/v2\/media\/9792"}],"wp:attachment":[{"href":"https:\/\/www.tele-radio.com\/nb\/wp-json\/wp\/v2\/media?parent=6519"}],"curies":[{"name":"wp","href":"https:\/\/api.w.org\/{rel}","templated":true}]}}