{"id":6495,"date":"2018-05-14T09:08:21","date_gmt":"2018-05-14T09:08:21","guid":{"rendered":"https:\/\/www.tele-radio.com\/euro-prima-doo\/"},"modified":"2019-06-18T13:52:04","modified_gmt":"2019-06-18T13:52:04","slug":"euro-prima-doo-bruker-radiostyring-tele-radio","status":"publish","type":"page","link":"https:\/\/www.tele-radio.com\/nb\/euro-prima-doo-bruker-radiostyring-tele-radio\/","title":{"rendered":"Euro Prima Doo"},"content":{"rendered":"<h1>Spesialister i urtedyrking med radiostyring<\/h1>\n<p>Selskapet Euro Prima Doo er en serbisk leverand\u00f8r av innh\u00f8stingsmaskiner. De har spesialisert seg i innh\u00f8sting av medisinske planter og urter\u00a0som mynte, rosmarin, sitrongress, persille og mange flere. Euro Prima holder til i Novi Sad i Serbia og har kunder i over 50 land.<\/p>\n<p><span style=\"font-size: 26px;\">\u00a0Enklere med radiostyring fra Tele Radio<\/span><\/p>\n<p>P\u00e5 bildet til ovenfor er en Harvester-Mower NB 2005 V, og som navnet tilsier, er dette en innh\u00f8stningsenhet. Euro Prima Doo bruker denne til innh\u00f8sting av kamomille, mynte og andre urter.\u00a0Den beveger seg over plantene, hevet i luften av traktoren der den separerer blomstene fra stilken og etterlater det meste av planten intakt. Selskapet og deres kunder opplevde ofte problemer med kabelkontrollen og at dette var lite praktisk i en arbeidssituasjon. Fordi de ofte m\u00e5tte g\u00e5 inn og ut av det avkj\u00f8lte f\u00f8rerhuset p\u00e5 jordene som til tider blir veldig varme, var det en veldig tungvint l\u00f8sning. Derfor bestemte de seg for \u00e5 g\u00e5 over til radiostyring fra Tele Radio, da trengte ikke f\u00f8reren lenger \u00e5 g\u00e5 ut av f\u00f8rerhuset for \u00e5 kontrollere innh\u00f8stingsmaskinen. Radiostyring ga, med andre ord, en mer effektiv hverdag for bedriften, og en lettere arbeidsdag for sluttbrukeren!<\/p>\n<p>Til dette form\u00e5let kj\u00f8pte kunden <a href=\"https:\/\/www.tele-radio.com\/nb\/products\/panther\/\">Panther-systemet<\/a> med <a href=\"https:\/\/www.tele-radio.com\/nb\/products\/panther\/panther-sender-8x2trinn-trykknapp-pld-cat3\/\">PN-T19-2<\/a> sender og en <a href=\"https:\/\/www.tele-radio.com\/nb\/products\/panther\/panther-mottager-9-function-relays\/\">PN-R8-3<\/a> mottaker.\u00a0Oppsettet bruker sammenkoblede rel\u00e9grupper som sl\u00e5r av en funksjon mens du starter en annen. Denne l\u00f8sningen med radiostyring gjorde kundene forn\u00f8yde og viste seg \u00e5 v\u00e6re veldig enkelt \u00e5 installere for selskapet.<\/p>\n","protected":false},"excerpt":{"rendered":"<p>Spesialister i urtedyrking med radiostyring Selskapet Euro Prima Doo er en serbisk leverand\u00f8r av innh\u00f8stingsmaskiner. De har spesialisert seg i innh\u00f8sting av medisinske planter og urter\u00a0som mynte, rosmarin, sitrongress, persille og mange flere. Euro Prima holder til i Novi Sad i Serbia og har kunder i over 50 land. \u00a0Enklere med radiostyring fra Tele Radio [&hellip;]<\/p>\n","protected":false},"author":29,"featured_media":9828,"parent":0,"menu_order":0,"comment_status":"closed","ping_status":"closed","template":"","meta":{"_acf_changed":false,"footnotes":""},"class_list":["post-6495","page","type-page","status-publish","has-post-thumbnail","hentry"],"acf":[],"_links":{"self":[{"href":"https:\/\/www.tele-radio.com\/nb\/wp-json\/wp\/v2\/pages\/6495","targetHints":{"allow":["GET"]}}],"collection":[{"href":"https:\/\/www.tele-radio.com\/nb\/wp-json\/wp\/v2\/pages"}],"about":[{"href":"https:\/\/www.tele-radio.com\/nb\/wp-json\/wp\/v2\/types\/page"}],"author":[{"embeddable":true,"href":"https:\/\/www.tele-radio.com\/nb\/wp-json\/wp\/v2\/users\/29"}],"replies":[{"embeddable":true,"href":"https:\/\/www.tele-radio.com\/nb\/wp-json\/wp\/v2\/comments?post=6495"}],"version-history":[{"count":10,"href":"https:\/\/www.tele-radio.com\/nb\/wp-json\/wp\/v2\/pages\/6495\/revisions"}],"predecessor-version":[{"id":17388,"href":"https:\/\/www.tele-radio.com\/nb\/wp-json\/wp\/v2\/pages\/6495\/revisions\/17388"}],"wp:featuredmedia":[{"embeddable":true,"href":"https:\/\/www.tele-radio.com\/nb\/wp-json\/wp\/v2\/media\/9828"}],"wp:attachment":[{"href":"https:\/\/www.tele-radio.com\/nb\/wp-json\/wp\/v2\/media?parent=6495"}],"curies":[{"name":"wp","href":"https:\/\/api.w.org\/{rel}","templated":true}]}}