{"id":6388,"date":"2018-05-10T13:37:16","date_gmt":"2018-05-10T13:37:16","guid":{"rendered":"https:\/\/www.tele-radio.com\/ethical-standards\/"},"modified":"2019-06-18T13:37:58","modified_gmt":"2019-06-18T13:37:58","slug":"etiske-standarder-for-sikker-radiostyring","status":"publish","type":"page","link":"https:\/\/www.tele-radio.com\/nb\/etiske-standarder-for-sikker-radiostyring\/","title":{"rendered":"Etiske standarder"},"content":{"rendered":"<h2>Etiske standarder<\/h2>\n<h3>Tele Radio overholder sosiale- og milj\u00f8standarder<\/h3>\n<p>Vi tror p\u00e5 \u00e5 beskytte milj\u00f8et og gj\u00f8r dette ved \u00e5 oppmuntre til reduksjon, gjenbruk og resirkulering av avfallsmateriale. Tele Radio oppmuntrer videre sine leverand\u00f8rer til \u00e5 redusere omfanget av emballasje.<br \/>\nDette ved hjelp av resirkulerte og ikke-giftige materialer n\u00e5r det er mulig. Utslipp fra alle virksomheter skal reduseres for \u00e5 minimere skade p\u00e5 milj\u00f8et.<br \/>\nDet skal v\u00e6re en plan p\u00e5 plass for \u00e5 redusere ytterligere risiko for utslipp i fremtiden.<\/p>\n<h2>Trygt milj\u00f8 p\u00e5 arbeidsplassen<\/h2>\n<p>Leverand\u00f8rer skal gi ansatte trygge og sunne arbeidsforhold. Fabrikker som jobber med varer eller produkter fra Tele Radio skal gi tilstrekkelige medisinske kompetanse, sikkerhetsutstyr og gode arbeidsforhold. \u00a0Tele Radio aksepterer ikke \u00e5 drive virksomhet med noen leverand\u00f8r som gir et usunt eller farlig arbeidsmilj\u00f8 eller som bruker mentale eller fysiske disiplin\u00e6rtiltak.<\/p>\n<h2>Mot diskriminering<\/h2>\n<p>Tele Radio erkjenner at det finnes kulturelle forskjeller og standarder.<\/p>\n<p>Vi krever av oss selv og v\u00e5re leverand\u00f8rer at de grunnleggende prinsippene for menneskerettigheter skal opprettholdes og ikke diskriminere mot ansatte p\u00e5 grunnlag av rase, hudfarge, nasjonal opprinnelse, kj\u00f8nn, religion, uf\u00f8rhet, seksuell legning eller politisk overbevisning<\/p>\n<h2>Barnearbeid tolereres ikke<\/h2>\n<p>Tele Radio tolererer ikke bruken av barnearbeid i designen eller produksjonen av produkter de kj\u00f8per eller selger. Tele Radio aksepterer ikke produkter fra leverand\u00f8rer som benytter noen form for barnearbeid i arbeidskontrakter, underkontrakter eller andre forhold i forbindelse med produksjonen av deres produkter eller gjennomf\u00f8ring av deres tjenester.<\/p>\n<h2>Les hele v\u00e5r adferdskodeks<\/h2>\n<p><a href=\"https:\/\/api.tele-radio.com\/api\/files\/1990\">Du kan lese hele v\u00e5r adferdskodeks her.<\/a><\/p>\n<h2>Verdens naturfond<\/h2>\n<p>Her i Tele Radio st\u00f8tter vi Verdens naturfond (WWF) og deres satsing p\u00e5 \u00e5 bevare tigeren. Tigerbestanden kommer seg langsomt gjennom WWFs iherdige innsats. Da tigeren er sentral i v\u00e5r markedsf\u00f8ring og er navnet p\u00e5 ett av systemene v\u00e5re.\u00a0 synes vi det er naturlig at vi gj\u00f8r v\u00e5r del i arbeidet for \u00e5 bevare dem. <a href=\"https:\/\/www.wwf.no\/stott-wwf\/faddertyper\/tigerfadder?gclid=Cj0KCQjwl6LoBRDqARIsABllMSbAbT0ELTtDtzU8GoERjulIWp-Wp9wOttVb8DLnrUVfcLf5HEHInwEaApqHEALw_wcB\">Her kan du lese mer om WWF og deres vern av Tigeren!<\/a><\/p>\n<p><img loading=\"lazy\" decoding=\"async\" class=\"aligncenter size-full wp-image-6302\" src=\"https:\/\/www.tele-radio.com\/app\/uploads\/tiger_wwf.jpg\" alt=\"Tele Radio st\u00f8tter WWF\" width=\"1200\" height=\"555\" \/><\/p>\n","protected":false},"excerpt":{"rendered":"<p>Etiske standarder Tele Radio overholder sosiale- og milj\u00f8standarder Vi tror p\u00e5 \u00e5 beskytte milj\u00f8et og gj\u00f8r dette ved \u00e5 oppmuntre til reduksjon, gjenbruk og resirkulering av avfallsmateriale. Tele Radio oppmuntrer videre sine leverand\u00f8rer til \u00e5 redusere omfanget av emballasje. Dette ved hjelp av resirkulerte og ikke-giftige materialer n\u00e5r det er mulig. Utslipp fra alle virksomheter [&hellip;]<\/p>\n","protected":false},"author":29,"featured_media":9702,"parent":0,"menu_order":0,"comment_status":"closed","ping_status":"closed","template":"","meta":{"_acf_changed":false,"footnotes":""},"class_list":["post-6388","page","type-page","status-publish","has-post-thumbnail","hentry"],"acf":[],"_links":{"self":[{"href":"https:\/\/www.tele-radio.com\/nb\/wp-json\/wp\/v2\/pages\/6388","targetHints":{"allow":["GET"]}}],"collection":[{"href":"https:\/\/www.tele-radio.com\/nb\/wp-json\/wp\/v2\/pages"}],"about":[{"href":"https:\/\/www.tele-radio.com\/nb\/wp-json\/wp\/v2\/types\/page"}],"author":[{"embeddable":true,"href":"https:\/\/www.tele-radio.com\/nb\/wp-json\/wp\/v2\/users\/29"}],"replies":[{"embeddable":true,"href":"https:\/\/www.tele-radio.com\/nb\/wp-json\/wp\/v2\/comments?post=6388"}],"version-history":[{"count":10,"href":"https:\/\/www.tele-radio.com\/nb\/wp-json\/wp\/v2\/pages\/6388\/revisions"}],"predecessor-version":[{"id":22867,"href":"https:\/\/www.tele-radio.com\/nb\/wp-json\/wp\/v2\/pages\/6388\/revisions\/22867"}],"wp:featuredmedia":[{"embeddable":true,"href":"https:\/\/www.tele-radio.com\/nb\/wp-json\/wp\/v2\/media\/9702"}],"wp:attachment":[{"href":"https:\/\/www.tele-radio.com\/nb\/wp-json\/wp\/v2\/media?parent=6388"}],"curies":[{"name":"wp","href":"https:\/\/api.w.org\/{rel}","templated":true}]}}