{"id":6369,"date":"2018-05-10T13:37:03","date_gmt":"2018-05-10T13:37:03","guid":{"rendered":"https:\/\/www.tele-radio.com\/iso-certifications\/"},"modified":"2024-04-18T07:32:56","modified_gmt":"2024-04-18T07:32:56","slug":"iso-sertifiseringer","status":"publish","type":"page","link":"https:\/\/www.tele-radio.com\/nb\/iso-sertifiseringer\/","title":{"rendered":"ISO sertifiseringer"},"content":{"rendered":"\n<h1 class=\"wp-block-heading\"><strong>Tele Radio er en ISO-sertifisert bedrift<\/strong><\/h1>\n\n\n\n<p>Tele Radio AB er sertifisert i henhold til ISO 9001 kvalitetsstyringssystem og ISO 14001 milj\u00f8styringssystem. Dette betyr at du kan stole p\u00e5 v\u00e5r kunnskap og kapasitet i gjennomf\u00f8ringen av arbeidet v\u00e5rt, at vi jobber kontinuerlig for \u00e5 unng\u00e5 \u00e5 gj\u00f8re samme feil flere ganger, at vi bruker s\u00e5 milj\u00f8vennlige komponenter som mulig, og at vi bruker de mest milj\u00f8vennlige alternativene tilgjengelig, b\u00e5de for forretningsreiser og til frakt av produkter.<\/p>\n\n\n\n<h2 class=\"wp-block-heading\">ISO9001<\/h2>\n\n\n\n<p>De viktigste delene av ISO 9001-sertifisering for styringssystemer er kvalitet, ansvar, ressurser, produktutvikling s\u00e5 vel som m\u00e5ling, analyse og forbedring.<br><a href=\"https:\/\/api.tele-radio.com\/api\/files\/1986\">Last ned ISO9001-sertifikat<\/a><\/p>\n\n\n<a href=\"https:\/\/www.tele-radio.com\/app\/uploads\/Tele-Radio-i-Lysekil-AB-Certificate-SE007699-V2-9k-2023.pdf\" class=\"pdfemb-viewer\" style=\"\" data-width=\"max\" data-height=\"max\" data-toolbar=\"bottom\" data-toolbar-fixed=\"off\">Tele-Radio-i-Lysekil-AB-Certificate-SE007699-V2-9k-2023<\/a>\n<p class=\"wp-block-pdfemb-pdf-embedder-viewer\"><\/p>\n\n\n\n<h2 class=\"wp-block-heading\">ISO14001<\/h2>\n\n\n\n<p>ISO 14001 krever at vi p\u00e5tar oss ansvar med \u00e5 forhindre forurensning og at v\u00e5r ledelse p\u00e5tar seg fullt ansvar for \u00e5 bli bedre \u00e5r etter \u00e5r. I v\u00e5r forskning og utvikling har vi satt oss m\u00e5l at produktene v\u00e5re oppfyller standardene til REACH og RoHS. REACH er en EU-forskrift, innf\u00f8rt for \u00e5 beskytte menneskers helse og milj\u00f8et mot de risikoene som kjemikalier kan utgj\u00f8re, samtidig gj\u00f8res konkurransedyktigheten til EU-kjemikalieindustrien bedre.<br><a href=\"https:\/\/api.tele-radio.com\/api\/files\/1987\">Last ned ISO14001-sertifikat<\/a><\/p>\n\n\n<a href=\"https:\/\/www.tele-radio.com\/app\/uploads\/Tele-Radio-i-Lysekil-AB-Certificate-SE007700-V2-14k-2023-2.pdf\" class=\"pdfemb-viewer\" style=\"\" data-width=\"max\" data-height=\"max\" data-toolbar=\"bottom\" data-toolbar-fixed=\"off\">Tele-Radio-i-Lysekil-AB-Certificate-SE007700-V2-14k-2023-2<\/a>\n<p class=\"wp-block-pdfemb-pdf-embedder-viewer\"><\/p>\n","protected":false},"excerpt":{"rendered":"<p>Tele Radio er en ISO-sertifisert bedrift Tele Radio AB er sertifisert i henhold til ISO 9001 kvalitetsstyringssystem og ISO 14001 milj\u00f8styringssystem. Dette betyr at du kan stole p\u00e5 v\u00e5r kunnskap og kapasitet i gjennomf\u00f8ringen av arbeidet v\u00e5rt, at vi jobber kontinuerlig for \u00e5 unng\u00e5 \u00e5 gj\u00f8re samme feil flere ganger, at vi bruker s\u00e5 milj\u00f8vennlige [&hellip;]<\/p>\n","protected":false},"author":29,"featured_media":9684,"parent":0,"menu_order":0,"comment_status":"closed","ping_status":"closed","template":"","meta":{"_acf_changed":false,"footnotes":""},"class_list":["post-6369","page","type-page","status-publish","has-post-thumbnail","hentry"],"acf":[],"_links":{"self":[{"href":"https:\/\/www.tele-radio.com\/nb\/wp-json\/wp\/v2\/pages\/6369","targetHints":{"allow":["GET"]}}],"collection":[{"href":"https:\/\/www.tele-radio.com\/nb\/wp-json\/wp\/v2\/pages"}],"about":[{"href":"https:\/\/www.tele-radio.com\/nb\/wp-json\/wp\/v2\/types\/page"}],"author":[{"embeddable":true,"href":"https:\/\/www.tele-radio.com\/nb\/wp-json\/wp\/v2\/users\/29"}],"replies":[{"embeddable":true,"href":"https:\/\/www.tele-radio.com\/nb\/wp-json\/wp\/v2\/comments?post=6369"}],"version-history":[{"count":9,"href":"https:\/\/www.tele-radio.com\/nb\/wp-json\/wp\/v2\/pages\/6369\/revisions"}],"predecessor-version":[{"id":215713,"href":"https:\/\/www.tele-radio.com\/nb\/wp-json\/wp\/v2\/pages\/6369\/revisions\/215713"}],"wp:featuredmedia":[{"embeddable":true,"href":"https:\/\/www.tele-radio.com\/nb\/wp-json\/wp\/v2\/media\/9684"}],"wp:attachment":[{"href":"https:\/\/www.tele-radio.com\/nb\/wp-json\/wp\/v2\/media?parent=6369"}],"curies":[{"name":"wp","href":"https:\/\/api.w.org\/{rel}","templated":true}]}}