{"id":6350,"date":"2018-05-10T13:36:49","date_gmt":"2018-05-10T13:36:49","guid":{"rendered":"https:\/\/www.tele-radio.com\/specialized-production\/"},"modified":"2024-06-26T08:28:01","modified_gmt":"2024-06-26T08:28:01","slug":"tilpasning-av-produkter","status":"publish","type":"page","link":"https:\/\/www.tele-radio.com\/nb\/tilpasning-av-produkter\/","title":{"rendered":"Tilpasning av produkter"},"content":{"rendered":"\n<h1 class=\"wp-block-heading\">Radiostyring tilpasset din applikasjon<\/h1>\n\n\n\n<div class=\"wp-block-columns is-layout-flex wp-container-core-columns-is-layout-9d6595d7 wp-block-columns-is-layout-flex\">\n<div class=\"wp-block-column is-layout-flow wp-block-column-is-layout-flow\">\n<p class=\"has-medium-font-size\">Veldig ofte er det helt n\u00f8dvendig \u00e5 tilpasse produktet til hver enkelt kundes behov, derfor gj\u00f8r Tele Radio alltid v\u00e5rt beste for \u00e5 m\u00f8te v\u00e5re kunders krav. For \u00e5 gj\u00f8re dette, har vi et teknisk team som utelukkende jobber for \u00e5 lage tilpassede l\u00f8sninger. Det kan for eksempel v\u00e6re at kunden trenger et spesielt program for \u00e5 styre applikasjonen p\u00e5 en unik m\u00e5te. Av og til trenger radiostyringen v\u00e5r tilpasninger, og av og til trengs det for begge. Vi kan ogs\u00e5 levere <a href=\"https:\/\/www.tele-radio.com\/nb\/skreddersydde-folier\/\">skreddersydde folier og frontplater<\/a> til kundene v\u00e5re som de selv kan designe med egen logo, symboler, tekst etc. Uansett hvilke behov kunden m\u00e5tte ha, gj\u00f8r vi v\u00e5rt beste for \u00e5 gj\u00f8re alle forn\u00f8yde! Samtidig som det b\u00e5de er kostnadseffektivt og l\u00f8ser kundenes problemer.<\/p>\n<\/div>\n\n\n\n<div class=\"wp-block-column is-layout-flow wp-block-column-is-layout-flow\"><\/div>\n<\/div>\n\n\n\n<div class=\"wp-block-columns is-layout-flex wp-container-core-columns-is-layout-9d6595d7 wp-block-columns-is-layout-flex\">\n<div class=\"wp-block-column is-layout-flow wp-block-column-is-layout-flow\"><div class=\"wp-block-image\">\n<figure class=\"aligncenter size-large\"><img loading=\"lazy\" decoding=\"async\" width=\"1200\" height=\"499\" src=\"https:\/\/www.tele-radio.com\/app\/uploads\/\/custom_remotes_from_Tele_Radio-1200x499.jpg\" alt=\"Egendefinerte fjernkontroller preges\" class=\"wp-image-6293\" srcset=\"https:\/\/www.tele-radio.com\/app\/uploads\/custom_remotes_from_Tele_Radio.jpg 1200w, https:\/\/www.tele-radio.com\/app\/uploads\/custom_remotes_from_Tele_Radio-400x166.jpg 400w, https:\/\/www.tele-radio.com\/app\/uploads\/custom_remotes_from_Tele_Radio-768x319.jpg 768w, https:\/\/www.tele-radio.com\/app\/uploads\/custom_remotes_from_Tele_Radio-750x312.jpg 750w, https:\/\/www.tele-radio.com\/app\/uploads\/custom_remotes_from_Tele_Radio-500x208.jpg 500w, https:\/\/www.tele-radio.com\/app\/uploads\/custom_remotes_from_Tele_Radio-800x333.jpg 800w\" sizes=\"auto, (max-width: 1200px) 100vw, 1200px\" \/><\/figure><\/div><\/div>\n\n\n\n<div class=\"wp-block-column is-layout-flow wp-block-column-is-layout-flow\">\n<h2 class=\"wp-block-heading\">Programvare eller maskinvare?<\/h2>\n\n\n\n<p class=\"has-medium-font-size\">Prosjektets kompleksitet kan variere. De enkleste og raskeste prosjektene er vanligvis knyttet til programvare. Det tar bare noen dager fra kunden f\u00e5r ideen, til programvaren er ferdig. 90 % av alle tilpasningsprosjekter er kun endringer i programvaren.<br><br>Vi tilbyr ogs\u00e5 l\u00f8sninger for mer komplekse tilpasninger. Disse prosjektene tar vanligvis for seg endringer i b\u00e5de programvare og maskinvare og vi kan derfor tilby kunden en sv\u00e6rt unik l\u00f8sning. Prosjektene h\u00e5ndteres p\u00e5 omtrent samme m\u00e5te, men med noen ekstra runder inspeksjon for \u00e5 v\u00e6re sikker p\u00e5 at alt g\u00e5r s\u00e5 smidig som kunden forventer. Vi utf\u00f8rer flere hundre tilpasningsprosjekter hvert \u00e5r.<\/p>\n<\/div>\n<\/div>\n\n\n\n<div class=\"wp-block-columns has-black-background-color has-background is-layout-flex wp-container-core-columns-is-layout-9d6595d7 wp-block-columns-is-layout-flex\">\n<div class=\"wp-block-column is-layout-flow wp-block-column-is-layout-flow\" style=\"flex-basis:25%\"><\/div>\n\n\n\n<div class=\"wp-block-column is-layout-flow wp-block-column-is-layout-flow\" style=\"flex-basis:50%\">\n<h2 class=\"wp-block-heading has-text-align-center has-luminous-vivid-amber-color has-text-color has-link-color has-large-font-size wp-elements-2e3e3afd0fb6a4c0728b637608157eb7\">Du er unik!<\/h2>\n\n\n\n<p class=\"has-text-align-center has-white-color has-text-color has-link-color has-medium-font-size wp-elements-9ee926f8f5e48b6e408665f434b3b543\">Vi vet at v\u00e5re kunders bruksomr\u00e5der for radiostyring ofte er helt unike, og at det derfor ikke finnes noe standardprodukt som vil dekke alles behov. Derfor liker vi \u00e5 ha god kontakt med v\u00e5re kunder og utvikle et godt samarbeid.<br><br>Dette er b\u00e5de gjensidig og fordelaktig. Det f\u00f8rer oss n\u00e6rmere kundene, slik at vi forst\u00e5r de bedre, og gir oss muligheten til \u00e5 utvikle bedre produkter.<\/p>\n<\/div>\n\n\n\n<div class=\"wp-block-column is-layout-flow wp-block-column-is-layout-flow\" style=\"flex-basis:25%\"><\/div>\n<\/div>\n","protected":false},"excerpt":{"rendered":"<p>Radiostyring tilpasset din applikasjon Veldig ofte er det helt n\u00f8dvendig \u00e5 tilpasse produktet til hver enkelt kundes behov, derfor gj\u00f8r Tele Radio alltid v\u00e5rt beste for \u00e5 m\u00f8te v\u00e5re kunders krav. For \u00e5 gj\u00f8re dette, har vi et teknisk team som utelukkende jobber for \u00e5 lage tilpassede l\u00f8sninger. Det kan for eksempel v\u00e6re at kunden [&hellip;]<\/p>\n","protected":false},"author":29,"featured_media":11790,"parent":0,"menu_order":0,"comment_status":"closed","ping_status":"closed","template":"","meta":{"_acf_changed":false,"footnotes":""},"class_list":["post-6350","page","type-page","status-publish","has-post-thumbnail","hentry"],"acf":[],"_links":{"self":[{"href":"https:\/\/www.tele-radio.com\/nb\/wp-json\/wp\/v2\/pages\/6350","targetHints":{"allow":["GET"]}}],"collection":[{"href":"https:\/\/www.tele-radio.com\/nb\/wp-json\/wp\/v2\/pages"}],"about":[{"href":"https:\/\/www.tele-radio.com\/nb\/wp-json\/wp\/v2\/types\/page"}],"author":[{"embeddable":true,"href":"https:\/\/www.tele-radio.com\/nb\/wp-json\/wp\/v2\/users\/29"}],"replies":[{"embeddable":true,"href":"https:\/\/www.tele-radio.com\/nb\/wp-json\/wp\/v2\/comments?post=6350"}],"version-history":[{"count":14,"href":"https:\/\/www.tele-radio.com\/nb\/wp-json\/wp\/v2\/pages\/6350\/revisions"}],"predecessor-version":[{"id":221623,"href":"https:\/\/www.tele-radio.com\/nb\/wp-json\/wp\/v2\/pages\/6350\/revisions\/221623"}],"wp:featuredmedia":[{"embeddable":true,"href":"https:\/\/www.tele-radio.com\/nb\/wp-json\/wp\/v2\/media\/11790"}],"wp:attachment":[{"href":"https:\/\/www.tele-radio.com\/nb\/wp-json\/wp\/v2\/media?parent=6350"}],"curies":[{"name":"wp","href":"https:\/\/api.w.org\/{rel}","templated":true}]}}