{"id":6331,"date":"2018-05-10T13:36:29","date_gmt":"2018-05-10T13:36:29","guid":{"rendered":"https:\/\/www.tele-radio.com\/why-remote-control\/"},"modified":"2024-05-24T11:22:31","modified_gmt":"2024-05-24T11:22:31","slug":"sikker-radiostyring","status":"publish","type":"page","link":"https:\/\/www.tele-radio.com\/nb\/sikker-radiostyring\/","title":{"rendered":"Sikker radiostyring"},"content":{"rendered":"\n<h1 class=\"wp-block-heading\">Hvorfor er radiostyring mer sikkert?<\/h1>\n\n\n\n<div class=\"wp-block-columns is-layout-flex wp-container-core-columns-is-layout-9d6595d7 wp-block-columns-is-layout-flex\">\n<div class=\"wp-block-column is-layout-flow wp-block-column-is-layout-flow\">\n<h2 class=\"wp-block-heading\">Praktisk, men ogs\u00e5 sikkert<\/h2>\n\n\n\n<p class=\"has-medium-font-size\">Radiostyring, ogs\u00e5 kalt fjernstyring, er et praktisk sikkerhetssystem for \u00e5 styre et maskineri. Den mest \u00e5penbare fordelen er f\u00f8rst og fremst at du ikke trenger \u00e5 g\u00e5 frem og tilbake til maskinen for \u00e5 betjene den. Med andre ord, kan brukerne jobbe fra n\u00f8yaktig der de trenger \u00e5 v\u00e6re, i stedet for begrensningene som et kontrollpanel eller en kablet kontroll medf\u00f8rer. <br><br>Radiostyringen er heller ikke i veien for brukeren, noe et kablet system kan v\u00e6re. Kabelen er b\u00e5de hemmende for arbeidet og en sikkerhetsfare. For eksempel gir den \u00f8kt snublefare og er ofte utsatt for skade og korrosjon. Det kan v\u00e6re b\u00e5de kostbart og tidkrevende \u00e5 f\u00e5 en kablet fjernkontroll reparert midt i arbeidsdagen, for ikke \u00e5 nevne om det skulle skje utenfor vanlig kontortid! Kostnaden ved driftsstans i produksjonen skal ogs\u00e5 tas hensyn til, som i mange tilfeller kan v\u00e6re mye mer enn reparasjonskostnadene.<\/p>\n<\/div>\n\n\n\n<div class=\"wp-block-column is-layout-flow wp-block-column-is-layout-flow\"><div class=\"wp-block-image\">\n<figure class=\"aligncenter size-large\"><img loading=\"lazy\" decoding=\"async\" width=\"1200\" height=\"1200\" src=\"https:\/\/www.tele-radio.com\/app\/uploads\/\/Webbanner_800_x_800_300dpi_img2-1200x1200.jpg\" alt=\"\" class=\"wp-image-207883\" style=\"object-fit:cover\" title=\"Tr\u00e5dl\u00f8s styring med Panther system fra Tele Radio\" srcset=\"https:\/\/www.tele-radio.com\/app\/uploads\/Webbanner_800_x_800_300dpi_img2-1200x1200.jpg 1200w, https:\/\/www.tele-radio.com\/app\/uploads\/Webbanner_800_x_800_300dpi_img2-400x400.jpg 400w, https:\/\/www.tele-radio.com\/app\/uploads\/Webbanner_800_x_800_300dpi_img2-150x150.jpg 150w, https:\/\/www.tele-radio.com\/app\/uploads\/Webbanner_800_x_800_300dpi_img2-768x768.jpg 768w, https:\/\/www.tele-radio.com\/app\/uploads\/Webbanner_800_x_800_300dpi_img2-1536x1536.jpg 1536w, https:\/\/www.tele-radio.com\/app\/uploads\/Webbanner_800_x_800_300dpi_img2-2048x2048.jpg 2048w, https:\/\/www.tele-radio.com\/app\/uploads\/Webbanner_800_x_800_300dpi_img2-250x250.jpg 250w, https:\/\/www.tele-radio.com\/app\/uploads\/Webbanner_800_x_800_300dpi_img2-750x750.jpg 750w, https:\/\/www.tele-radio.com\/app\/uploads\/Webbanner_800_x_800_300dpi_img2-500x500.jpg 500w, https:\/\/www.tele-radio.com\/app\/uploads\/Webbanner_800_x_800_300dpi_img2-1600x1600.jpg 1600w, https:\/\/www.tele-radio.com\/app\/uploads\/Webbanner_800_x_800_300dpi_img2-800x800.jpg 800w\" sizes=\"auto, (max-width: 1200px) 100vw, 1200px\" \/><\/figure><\/div><\/div>\n<\/div>\n\n\n\n<h2 class=\"wp-block-heading\">Frihet ved drift av maskiner<\/h2>\n\n\n\n<p class=\"has-medium-font-size\">Radiostyring gir deg fullstendig bevegelsesfrihet n\u00e5r en kran, presse, flishugger, h\u00f8yttrykkpumpe, kran eller vinsj skal betjenes. Samtidig har man alltid vissheten om at stoppknappen er innenfor rekkevidde. Derfor bidrar radiostyringen ogs\u00e5 til med \u00e5 begrense risikoene p\u00e5 arbeidsplassen betydelig. Tele Radio gir deg mange sikkerhetsfunksjoner akkurat der du trenger det. Vi s\u00f8rger for at systemene v\u00e5re <a href=\"https:\/\/www.tele-radio.com\/nb\/viktigheten-av-et-kontrollorgan-for-din-sikkerhet\/\">overholder de h\u00f8yeste industristandardene<\/a> for at alt skal fungere under de mest krevende forhold. Systemene med de h\u00f8yeste sikkerhetskravene er sertifisert til SIL3, PLd eller PLe. P\u00e5 disse systemene er det sikkerhetsreleer som jobber i tandem for at du skal kunne beholde kontroll over maskinen din selv med et visst niv\u00e5 av funksjonsfeil.<\/p>\n\n\n<div class=\"wp-block-image\">\n<figure class=\"aligncenter\"><img loading=\"lazy\" decoding=\"async\" width=\"1200\" height=\"612\" src=\"https:\/\/www.tele-radio.com\/app\/uploads\/tow.jpg\" alt=\"Taue en bil med radiofjernkontroll fra Tele Radio\" class=\"wp-image-6287\" title=\"Med tr\u00e5dl\u00f8s styring fra Tele Radio ordner alt seg. \" srcset=\"https:\/\/www.tele-radio.com\/app\/uploads\/tow.jpg 1200w, https:\/\/www.tele-radio.com\/app\/uploads\/tow-400x204.jpg 400w, https:\/\/www.tele-radio.com\/app\/uploads\/tow-768x392.jpg 768w, https:\/\/www.tele-radio.com\/app\/uploads\/tow-750x383.jpg 750w, https:\/\/www.tele-radio.com\/app\/uploads\/tow-500x255.jpg 500w, https:\/\/www.tele-radio.com\/app\/uploads\/tow-800x408.jpg 800w\" sizes=\"auto, (max-width: 1200px) 100vw, 1200px\" \/><\/figure><\/div>\n\n\n<h2 class=\"wp-block-heading\">Hvorfor radiostyring er mer sikkert enn kabelkontroller<\/h2>\n\n\n\n<p class=\"has-medium-font-size\">Ingenting er sikkert om man bruker det feil, men ved riktig bruk har radiostyring derimot mange fordeler fremfor tradisjonelle kabelkontroller. I tillegg til fordelene nevnt over, har ogs\u00e5 systemene v\u00e5re flere sikkerhetsfunksjoner, for eksempel justerbart arbeidsomr\u00e5de. Den starter bare opp eller fungerer i en gitt avstand\/n\u00e6rhet fra maskineriet. Dette gir en ekstra sikkerhet til arbeidet, f\u00f8rst og fremst ved at den ikke kan brukes i umiddelbar n\u00e6rhet av maskinen der det er farlig, men heller ikke for langt unna, der brukeren ikke har nok sikt. Med kablet l\u00f8sning er det vanskelig \u00e5 oppn\u00e5 en slik funksjon, og i de fleste tilfeller ikke mulig.<br>For \u00e5 unng\u00e5 at en maskin styres av en uautorisert sender eller at signalet avbrytes, benytter senderne v\u00e5re ogs\u00e5 en unik n\u00f8kkel som sendes via programvaren. Selve oppstartprosedyren kan sikres med en PIN-kode og\/eller avstandsdeteksjon.<\/p>\n\n\n\n<div class=\"wp-block-columns is-layout-flex wp-container-core-columns-is-layout-9d6595d7 wp-block-columns-is-layout-flex\">\n<div class=\"wp-block-column is-layout-flow wp-block-column-is-layout-flow\">\n<h2 class=\"wp-block-heading\">Uavhengig testing og sertifisering<\/h2>\n\n\n\n<p class=\"has-medium-font-size\">I 95 % av tilfellene utf\u00f8rer leverand\u00f8rer av maskiner og komponenter selv inspeksjonene for de obligatoriske sikkerhetsmerkingene og erkl\u00e6ringene. Men det er fortsatt uklart for sluttbrukeren i hvilken grad produsenten faktisk har utf\u00f8rt testene og analysene i samsvar med kravene.<br>Tele Radio er veldig klar over det faktum at deres sendere og mottakere brukes p\u00e5 viktige steder. For \u00e5 garantere det h\u00f8yeste niv\u00e5et av sikkerhet, inspiseres derfor produktene uavhengig av et anerkjent kontrollorgan. Sertifikatene kan alltid vises hvis du ber om dem. Som sluttbruker skal du v\u00e6re 100 % sikker p\u00e5 at Tele Radios produkter er sikre! <a href=\"https:\/\/www.tele-radio.com\/nb\/viktigheten-av-et-kontrollorgan-for-din-sikkerhet\/\">Les mer om viktigheten av et kontrollorgan her.<\/a><\/p>\n<\/div>\n\n\n\n<div class=\"wp-block-column is-layout-flow wp-block-column-is-layout-flow\"><\/div>\n<\/div>\n","protected":false},"excerpt":{"rendered":"<p>Hvorfor er radiostyring mer sikkert? Praktisk, men ogs\u00e5 sikkert Radiostyring, ogs\u00e5 kalt fjernstyring, er et praktisk sikkerhetssystem for \u00e5 styre et maskineri. Den mest \u00e5penbare fordelen er f\u00f8rst og fremst at du ikke trenger \u00e5 g\u00e5 frem og tilbake til maskinen for \u00e5 betjene den. Med andre ord, kan brukerne jobbe fra n\u00f8yaktig der de [&hellip;]<\/p>\n","protected":false},"author":29,"featured_media":120757,"parent":0,"menu_order":0,"comment_status":"closed","ping_status":"closed","template":"","meta":{"_acf_changed":false,"footnotes":""},"class_list":["post-6331","page","type-page","status-publish","has-post-thumbnail","hentry"],"acf":[],"_links":{"self":[{"href":"https:\/\/www.tele-radio.com\/nb\/wp-json\/wp\/v2\/pages\/6331","targetHints":{"allow":["GET"]}}],"collection":[{"href":"https:\/\/www.tele-radio.com\/nb\/wp-json\/wp\/v2\/pages"}],"about":[{"href":"https:\/\/www.tele-radio.com\/nb\/wp-json\/wp\/v2\/types\/page"}],"author":[{"embeddable":true,"href":"https:\/\/www.tele-radio.com\/nb\/wp-json\/wp\/v2\/users\/29"}],"replies":[{"embeddable":true,"href":"https:\/\/www.tele-radio.com\/nb\/wp-json\/wp\/v2\/comments?post=6331"}],"version-history":[{"count":17,"href":"https:\/\/www.tele-radio.com\/nb\/wp-json\/wp\/v2\/pages\/6331\/revisions"}],"predecessor-version":[{"id":218918,"href":"https:\/\/www.tele-radio.com\/nb\/wp-json\/wp\/v2\/pages\/6331\/revisions\/218918"}],"wp:featuredmedia":[{"embeddable":true,"href":"https:\/\/www.tele-radio.com\/nb\/wp-json\/wp\/v2\/media\/120757"}],"wp:attachment":[{"href":"https:\/\/www.tele-radio.com\/nb\/wp-json\/wp\/v2\/media?parent=6331"}],"curies":[{"name":"wp","href":"https:\/\/api.w.org\/{rel}","templated":true}]}}