{"id":5710,"date":"2018-05-04T14:47:03","date_gmt":"2018-05-04T14:47:03","guid":{"rendered":"https:\/\/www.tele-radio.com\/about-us\/"},"modified":"2025-05-22T11:11:42","modified_gmt":"2025-05-22T11:11:42","slug":"om-oss","status":"publish","type":"page","link":"https:\/\/www.tele-radio.com\/nb\/om-oss\/","title":{"rendered":"Om oss"},"content":{"rendered":"\n<h2 class=\"wp-block-heading\">&nbsp;<\/h2>\n\n\n\n<hr class=\"wp-block-separator has-text-color has-white-color has-alpha-channel-opacity has-white-background-color has-background\"\/>\n\n\n\n<div class=\"wp-block-columns is-layout-flex wp-container-core-columns-is-layout-9d6595d7 wp-block-columns-is-layout-flex\">\n<div class=\"wp-block-column is-layout-flow wp-block-column-is-layout-flow\" style=\"flex-basis:50%\">\n<figure class=\"wp-block-image size-large\"><img loading=\"lazy\" decoding=\"async\" width=\"1200\" height=\"798\" src=\"https:\/\/www.tele-radio.com\/app\/uploads\/\/FH_MI_TI_0179-1200x798.jpg\" alt=\"\" class=\"wp-image-139274\" srcset=\"https:\/\/www.tele-radio.com\/app\/uploads\/FH_MI_TI_0179-1200x798.jpg 1200w, https:\/\/www.tele-radio.com\/app\/uploads\/FH_MI_TI_0179-400x266.jpg 400w, https:\/\/www.tele-radio.com\/app\/uploads\/FH_MI_TI_0179-768x511.jpg 768w, https:\/\/www.tele-radio.com\/app\/uploads\/FH_MI_TI_0179-1536x1022.jpg 1536w, https:\/\/www.tele-radio.com\/app\/uploads\/FH_MI_TI_0179-2048x1363.jpg 2048w, https:\/\/www.tele-radio.com\/app\/uploads\/FH_MI_TI_0179-750x499.jpg 750w, https:\/\/www.tele-radio.com\/app\/uploads\/FH_MI_TI_0179-500x333.jpg 500w, https:\/\/www.tele-radio.com\/app\/uploads\/FH_MI_TI_0179-1600x1065.jpg 1600w, https:\/\/www.tele-radio.com\/app\/uploads\/FH_MI_TI_0179-800x532.jpg 800w\" sizes=\"auto, (max-width: 1200px) 100vw, 1200px\" \/><\/figure>\n<\/div>\n\n\n\n<div class=\"wp-block-column is-layout-flow wp-block-column-is-layout-flow\">\n<h1 class=\"wp-block-heading has-x-large-font-size\" style=\"font-style:normal;font-weight:600\">Vi har utviklet radiostyring i mer enn 60 \u00e5r<\/h1>\n\n\n\n<p class=\"has-medium-font-size\">I mer enn 60 \u00e5r har Tele Radio utviklet, produsert og markedsf\u00f8rt radiostyringssystemer av h\u00f8y kvalitet til industriell bruk. <br><br>Selskapet fikk sin begynnelse i Sverige i 1955, og har siden den gang utviklet seg til et stort internasjonalt selskap. V\u00e5rt hovedkontor ligger i V\u00e4stre Fr\u00f6lunda i utkanten av G\u00f6teborg, og du finner datterselskapene over hele verden. <\/p>\n<\/div>\n<\/div>\n\n\n\n<div class=\"wp-block-columns is-layout-flex wp-container-core-columns-is-layout-9d6595d7 wp-block-columns-is-layout-flex\">\n<div class=\"wp-block-column is-layout-flow wp-block-column-is-layout-flow\">\n<h2 class=\"wp-block-heading has-large-font-size\" style=\"font-style:normal;font-weight:600\">Radiostyring for din bedrift<\/h2>\n\n\n\n<p class=\"has-black-color has-text-color has-link-color has-medium-font-size wp-elements-637e81237cfd0b8602115c01f4edec1e\">Vi har et stort utvalg av produktl\u00f8sninger \u2013 Alt fra sm\u00e5 sendere til st\u00f8rre joysticksendere. Vi tilpasser oss din bedrift, og finner l\u00f8sninger som passer for dere. <a href=\"https:\/\/www.tele-radio.com\/nb\/tilpasning-av-produkter\/\">Du kan lese mer om tilpasning her<\/a>.<br><br>\u00c5 bygge opp et godt samarbeid verdsettes hos oss i Tele Radio, og vi er derfor alltid tilgjengelige for support eller service n\u00e5r du har behov. <\/p>\n\n\n\n<div class=\"wp-block-buttons is-layout-flex wp-block-buttons-is-layout-flex\">\n<div class=\"wp-block-button\"><a class=\"wp-block-button__link has-custom-font-size wp-element-button\" href=\"https:\/\/www.tele-radio.com\/nb\/kontakt-oss\/\" style=\"border-radius:8px;font-size:18px\">Ta kontakt<\/a><\/div>\n\n\n\n<div class=\"wp-block-button is-style-fill\"><a class=\"wp-block-button__link has-black-color has-luminous-vivid-amber-background-color has-text-color has-background has-link-color has-custom-font-size wp-element-button\" href=\"https:\/\/www.tele-radio.com\/nb\/produkter\/\" style=\"border-radius:8px;font-size:18px\">Alle produkter<\/a><\/div>\n<\/div>\n<\/div>\n\n\n\n<div class=\"wp-block-column is-layout-flow wp-block-column-is-layout-flow\">\n<figure class=\"wp-block-image size-large\"><img loading=\"lazy\" decoding=\"async\" width=\"1200\" height=\"801\" src=\"https:\/\/www.tele-radio.com\/app\/uploads\/\/FH_MI_CO_0009_Edit-1200x801.jpg\" alt=\"\" class=\"wp-image-218880\" srcset=\"https:\/\/www.tele-radio.com\/app\/uploads\/FH_MI_CO_0009_Edit-1200x801.jpg 1200w, https:\/\/www.tele-radio.com\/app\/uploads\/FH_MI_CO_0009_Edit-400x267.jpg 400w, https:\/\/www.tele-radio.com\/app\/uploads\/FH_MI_CO_0009_Edit-768x513.jpg 768w, https:\/\/www.tele-radio.com\/app\/uploads\/FH_MI_CO_0009_Edit-1536x1025.jpg 1536w, https:\/\/www.tele-radio.com\/app\/uploads\/FH_MI_CO_0009_Edit-750x501.jpg 750w, https:\/\/www.tele-radio.com\/app\/uploads\/FH_MI_CO_0009_Edit-500x334.jpg 500w, https:\/\/www.tele-radio.com\/app\/uploads\/FH_MI_CO_0009_Edit-1600x1068.jpg 1600w, https:\/\/www.tele-radio.com\/app\/uploads\/FH_MI_CO_0009_Edit-800x534.jpg 800w, https:\/\/www.tele-radio.com\/app\/uploads\/FH_MI_CO_0009_Edit.jpg 2000w\" sizes=\"auto, (max-width: 1200px) 100vw, 1200px\" \/><\/figure>\n<\/div>\n<\/div>\n\n\n\n<div class=\"wp-block-columns is-layout-flex wp-container-core-columns-is-layout-9d6595d7 wp-block-columns-is-layout-flex\">\n<div class=\"wp-block-column has-luminous-vivid-amber-background-color has-background is-layout-flow wp-block-column-is-layout-flow\">\n<hr class=\"wp-block-separator has-text-color has-luminous-vivid-amber-color has-alpha-channel-opacity has-luminous-vivid-amber-background-color has-background\"\/>\n\n\n\n<p class=\"has-text-align-center has-medium-font-size\" style=\"font-style:normal;font-weight:300\"><strong>\u00abTele Radio-sendere kan h\u00e5ndtere mye mekanisk mishandling uten at de \u00f8delegges, og batteritiden er imponerende.\u00bb <br><\/strong>Tomasz Fraczek, vedlikeholdssjef, Thames Reinforcements Ltd.<\/p>\n<\/div>\n<\/div>\n\n\n\n<div class=\"wp-block-columns is-layout-flex wp-container-core-columns-is-layout-9d6595d7 wp-block-columns-is-layout-flex\">\n<div class=\"wp-block-column is-layout-flow wp-block-column-is-layout-flow\">\n<h2 class=\"wp-block-heading has-text-align-left has-large-font-size\" style=\"font-style:normal;font-weight:600\">Vi er ISO-sertifisert<\/h2>\n\n\n\n<p class=\"has-text-align-left has-medium-font-size\"><strong>Tele Radio er sertifisert i henhold til ISO 9001 kvalitetsstyringssystem og ISO 14001 milj\u00f8styringssystem. <\/strong><br><strong>Det betyr at du kan stole p\u00e5:<br><\/strong>\u2713 V\u00e5r kunnskap og kapasitet i gjennomf\u00f8ringen av arbeidet v\u00e5rt<br>\u2713 At vi kontinuerlig arbeider for \u00e5 unng\u00e5 \u00e5 gj\u00f8re samme feil flere ganger<br>\u2713 At vi bruker s\u00e5 milj\u00f8vennlige komponenter som mulig<br>\u2713 At vi bruker de mest milj\u00f8vennlige alternativene tilgjengelig \u2013 b\u00e5de for forretningsreiser og frakt av produkter.<\/p>\n\n\n\n<div class=\"wp-block-buttons is-content-justification-left is-layout-flex wp-container-core-buttons-is-layout-fdcfc74e wp-block-buttons-is-layout-flex\">\n<div class=\"wp-block-button\"><a class=\"wp-block-button__link has-custom-font-size wp-element-button\" href=\"https:\/\/api.tele-radio.com\/api\/files\/1986\" style=\"border-radius:8px;font-size:18px\">Last ned ISO9001-sertifikat<\/a><\/div>\n\n\n\n<div class=\"wp-block-button\"><a class=\"wp-block-button__link has-custom-font-size wp-element-button\" href=\"https:\/\/api.tele-radio.com\/api\/files\/1987\" style=\"border-radius:8px;font-size:18px\">Last ned ISO14001-sertifikat<\/a><\/div>\n<\/div>\n<\/div>\n<\/div>\n\n\n\n<blockquote class=\"wp-block-quote is-layout-flow wp-block-quote-is-layout-flow\">\n<p><\/p>\n<\/blockquote>\n\n\n\n<hr class=\"wp-block-separator has-text-color has-white-color has-alpha-channel-opacity has-white-background-color has-background\"\/>\n","protected":false},"excerpt":{"rendered":"<p>&nbsp; Vi har utviklet radiostyring i mer enn 60 \u00e5r I mer enn 60 \u00e5r har Tele Radio utviklet, produsert og markedsf\u00f8rt radiostyringssystemer av h\u00f8y kvalitet til industriell bruk. Selskapet fikk sin begynnelse i Sverige i 1955, og har siden den gang utviklet seg til et stort internasjonalt selskap. V\u00e5rt hovedkontor ligger i V\u00e4stre Fr\u00f6lunda [&hellip;]<\/p>\n","protected":false},"author":1,"featured_media":9000,"parent":0,"menu_order":0,"comment_status":"closed","ping_status":"closed","template":"","meta":{"_acf_changed":false,"footnotes":""},"class_list":["post-5710","page","type-page","status-publish","has-post-thumbnail","hentry"],"acf":[],"_links":{"self":[{"href":"https:\/\/www.tele-radio.com\/nb\/wp-json\/wp\/v2\/pages\/5710","targetHints":{"allow":["GET"]}}],"collection":[{"href":"https:\/\/www.tele-radio.com\/nb\/wp-json\/wp\/v2\/pages"}],"about":[{"href":"https:\/\/www.tele-radio.com\/nb\/wp-json\/wp\/v2\/types\/page"}],"author":[{"embeddable":true,"href":"https:\/\/www.tele-radio.com\/nb\/wp-json\/wp\/v2\/users\/1"}],"replies":[{"embeddable":true,"href":"https:\/\/www.tele-radio.com\/nb\/wp-json\/wp\/v2\/comments?post=5710"}],"version-history":[{"count":42,"href":"https:\/\/www.tele-radio.com\/nb\/wp-json\/wp\/v2\/pages\/5710\/revisions"}],"predecessor-version":[{"id":260555,"href":"https:\/\/www.tele-radio.com\/nb\/wp-json\/wp\/v2\/pages\/5710\/revisions\/260555"}],"wp:featuredmedia":[{"embeddable":true,"href":"https:\/\/www.tele-radio.com\/nb\/wp-json\/wp\/v2\/media\/9000"}],"wp:attachment":[{"href":"https:\/\/www.tele-radio.com\/nb\/wp-json\/wp\/v2\/media?parent=5710"}],"curies":[{"name":"wp","href":"https:\/\/api.w.org\/{rel}","templated":true}]}}