{"id":5596,"date":"2018-05-09T09:41:58","date_gmt":"2018-05-09T09:41:58","guid":{"rendered":"https:\/\/www.tele-radio.com\/downloads\/"},"modified":"2022-02-02T09:59:48","modified_gmt":"2022-02-02T09:59:48","slug":"nedlastinger","status":"publish","type":"page","link":"https:\/\/www.tele-radio.com\/nb\/service-og-support\/nedlastinger\/","title":{"rendered":"Nedlastinger"},"content":{"rendered":"<h2>Passordbeskyttelse<\/h2>\n<p>Dette er Tele Radios bibliotek for nedlastninger. Her kan du laste ned installasjonsinstruksjoner, sertifikater, brev fra tilsynsorganer, og mer. Noen filer er passordbeskyttet, <a href=\"https:\/\/www.tele-radio.com\/nb\/kontakt-oss\/\">ta kontakt<\/a> med din lokale forhandler for \u00e5 f\u00e5 passord til \u00e5 laste ned disse.<\/p>\n<h2>Utg\u00e5tte systemer<\/h2>\n<p>Vi har ogs\u00e5 informasjon om v\u00e5re eldre og utg\u00e5tte systemer. Finn systemet ditt under og naviger til dokumentene du trenger.<\/p>\n","protected":false},"excerpt":{"rendered":"<p>Passordbeskyttelse Dette er Tele Radios bibliotek for nedlastninger. Her kan du laste ned installasjonsinstruksjoner, sertifikater, brev fra tilsynsorganer, og mer. Noen filer er passordbeskyttet, ta kontakt med din lokale forhandler for \u00e5 f\u00e5 passord til \u00e5 laste ned disse. Utg\u00e5tte systemer Vi har ogs\u00e5 informasjon om v\u00e5re eldre og utg\u00e5tte systemer. Finn systemet ditt under [&hellip;]<\/p>\n","protected":false},"author":1,"featured_media":6075,"parent":7003,"menu_order":0,"comment_status":"closed","ping_status":"closed","template":"page-templates\/downloads.php","meta":{"_acf_changed":false,"footnotes":""},"class_list":["post-5596","page","type-page","status-publish","has-post-thumbnail","hentry"],"acf":[],"_links":{"self":[{"href":"https:\/\/www.tele-radio.com\/nb\/wp-json\/wp\/v2\/pages\/5596","targetHints":{"allow":["GET"]}}],"collection":[{"href":"https:\/\/www.tele-radio.com\/nb\/wp-json\/wp\/v2\/pages"}],"about":[{"href":"https:\/\/www.tele-radio.com\/nb\/wp-json\/wp\/v2\/types\/page"}],"author":[{"embeddable":true,"href":"https:\/\/www.tele-radio.com\/nb\/wp-json\/wp\/v2\/users\/1"}],"replies":[{"embeddable":true,"href":"https:\/\/www.tele-radio.com\/nb\/wp-json\/wp\/v2\/comments?post=5596"}],"version-history":[{"count":10,"href":"https:\/\/www.tele-radio.com\/nb\/wp-json\/wp\/v2\/pages\/5596\/revisions"}],"predecessor-version":[{"id":91292,"href":"https:\/\/www.tele-radio.com\/nb\/wp-json\/wp\/v2\/pages\/5596\/revisions\/91292"}],"up":[{"embeddable":true,"href":"https:\/\/www.tele-radio.com\/nb\/wp-json\/wp\/v2\/pages\/7003"}],"wp:featuredmedia":[{"embeddable":true,"href":"https:\/\/www.tele-radio.com\/nb\/wp-json\/wp\/v2\/media\/6075"}],"wp:attachment":[{"href":"https:\/\/www.tele-radio.com\/nb\/wp-json\/wp\/v2\/media?parent=5596"}],"curies":[{"name":"wp","href":"https:\/\/api.w.org\/{rel}","templated":true}]}}