{"id":33265,"date":"2020-02-07T12:29:38","date_gmt":"2020-02-07T12:29:38","guid":{"rendered":"https:\/\/www.tele-radio.com\/customer-case-volvo\/"},"modified":"2022-05-30T06:13:16","modified_gmt":"2022-05-30T06:13:16","slug":"volvo-lastebil-pabygger","status":"publish","type":"page","link":"https:\/\/www.tele-radio.com\/nb\/volvo-lastebil-pabygger\/","title":{"rendered":"Radiostyrt lastebil med Volvo Truck Reus Fleming"},"content":{"rendered":"<h1 style=\"text-align: left;\">Volvo Trucks &#8211; Reus Fleming<\/h1>\n<p><em>Reus Fleming, S.A. er en offisiell autorisert Volvo forhandler i&nbsp; Catalonia (Spania) i disse provinsene: Tarragona, Lleida, Huesca og Teruel. En god relasjon med kundene er deres motto og de gj\u00f8r sitt ytterste for \u00e5 m\u00f8te kundenes behov og krav n\u00e5r det kommer til de tekniske utfordringene. Deres fokus er \u00e5 kunne gi utmerket service og support i enhver situasjon, uansett hvilken utfordring.<\/em> <img loading=\"lazy\" decoding=\"async\" class=\"wp-image-32135 alignright\" style=\"box-shadow: 0 4px 8px 0 rgba(0, 0, 0, 0.2), 0 6px 20px 0 rgba(0, 0, 0, 0.19); margin-left: 70px;\" src=\"https:\/\/www.tele-radio.com\/app\/uploads\/colaboracion-remoto-control-volvo-tele-radio.jpg\" alt=\"\" width=\"236\" height=\"279\" srcset=\"https:\/\/www.tele-radio.com\/app\/uploads\/colaboracion-remoto-control-volvo-tele-radio.jpg 507w, https:\/\/www.tele-radio.com\/app\/uploads\/colaboracion-remoto-control-volvo-tele-radio-338x400.jpg 338w, https:\/\/www.tele-radio.com\/app\/uploads\/colaboracion-remoto-control-volvo-tele-radio-423x500.jpg 423w\" sizes=\"auto, (max-width: 236px) 100vw, 236px\" \/><\/p>\n<h2 style=\"text-align: left;\">En milep\u00e6l i Iberia sitt marked<\/h2>\n<p>I tett samarbeid med Tele Radio, gjorde&nbsp;<strong>Volvo Reus Fleming<\/strong>&nbsp;en utmerket jobb og lyktes med&nbsp; \u00e5 integrere det nyskapende <em>Volvo Dynamic Steering<\/em>&nbsp; for f\u00f8rste gang i Spania og Portugal. Inkludert&nbsp;<em>EXSTER &#8211;<\/em>variant, noe som gj\u00f8r det mulig \u00e5 koble til tr\u00e5dl\u00f8st med en&nbsp;<a href=\"https:\/\/www.tele-radio.com\/nb\/produkter\/puma_basic_line\/\"><strong>Tele Radio sender<\/strong><\/a>.<\/p>\n<p>&nbsp;<\/p>\n<p>Denne l\u00f8sningen har blitt implementert med sikkerhet som hovedm\u00e5l. Volvo og Tele Radio, begge med hovedkontor i G\u00f8teborg (Sverige), fokuserer alltid p\u00e5 \u00e5 utvikle trygge og ergonomiske l\u00f8sninger.<\/p>\n<p><img loading=\"lazy\" decoding=\"async\" class=\"alignleft wp-image-32229\" style=\"box-shadow: 0 4px 8px 0 rgba(0, 0, 0, 0.2), 0 6px 20px 0 rgba(0, 0, 0, 0.19); margin-right: 70px;\" src=\"https:\/\/www.tele-radio.com\/app\/uploads\/remote-for-volvo-truck-tele-radio-sm-2.jpg\" alt=\"\" width=\"496\" height=\"315\" srcset=\"https:\/\/www.tele-radio.com\/app\/uploads\/remote-for-volvo-truck-tele-radio-sm-2.jpg 500w, https:\/\/www.tele-radio.com\/app\/uploads\/remote-for-volvo-truck-tele-radio-sm-2-400x254.jpg 400w\" sizes=\"auto, (max-width: 496px) 100vw, 496px\" \/><\/p>\n<h2 style=\"text-align: left;\">Applikasjoner<\/h2>\n<p>Kunden valgte en Volvo-lastebil FH 500 8&#215;2 med p\u00e5byggerfunksjoner fra <em>Cubas Segre<\/em>. Dette for \u00e5 forbedre og effektivisere arbeidet med lasting\/lossing av f\u00f4r til husdyr, samt transport til forskjellige g\u00e5rder.<\/p>\n<p>Denne l\u00f8sningen gir en <b>betydelig forbedring av sikkerheten<\/b>, b\u00e5de fordi den \u00f8ker det visuelle feltet for sj\u00e5f\u00f8ren, men ogs\u00e5 fordi han trygt kan radiostyre hele bilen fra utsiden. I tillegg f\u00f8les det mer ergonomisk n\u00e5r du slipper \u00e5 klatre opp og ned fra lastebilen flere ganger om dagen (noen ganger dusinvis) avhengig av arbeidsmengden. Effektiviteten resulterer i en stor forbedring av produktiviteten og en betydelig reduksjon i utmattelse i det daglige arbeidet.<\/p>\n<p><a href=\"https:\/\/www.tele-radio.com\/nb\/kontakt-oss\/\">Kontakt oss for mer informasjon.<\/a><\/p>\n<p>&nbsp;<\/p>\n<h2 style=\"text-align: center;\">Video og bilder<\/h2>\n<p>&nbsp;<\/p>\n<div style=\"width: 1280px;\" class=\"wp-video\"><!--[if lt IE 9]><script>document.createElement('video');<\/script><![endif]-->\n<video class=\"wp-video-shortcode\" id=\"video-33265-1\" width=\"1280\" height=\"720\" preload=\"metadata\" controls=\"controls\"><source type=\"video\/mp4\" src=\"https:\/\/www.tele-radio.com\/app\/uploads\/CUBAS-SEGRE-ESTABILIZADO-Y-LOGO-1.mp4?_=1\" \/><a href=\"https:\/\/www.tele-radio.com\/app\/uploads\/CUBAS-SEGRE-ESTABILIZADO-Y-LOGO-1.mp4\">https:\/\/www.tele-radio.com\/app\/uploads\/CUBAS-SEGRE-ESTABILIZADO-Y-LOGO-1.mp4<\/a><\/video><\/div>\n<p><a href=\"https:\/\/www.tele-radio.com\/nb\/volvo-trucks-remote-control-segre-1-2\/\" rel=\"attachment wp-att-32862\"><img loading=\"lazy\" decoding=\"async\" class=\"alignleft wp-image-32862 size-large\" src=\"https:\/\/www.tele-radio.com\/app\/uploads\/\/volvo-trucks-remote-control-segre-1-1200x675.jpg\" alt=\"\" width=\"1200\" height=\"675\" srcset=\"https:\/\/www.tele-radio.com\/app\/uploads\/volvo-trucks-remote-control-segre-1.jpg 1200w, https:\/\/www.tele-radio.com\/app\/uploads\/volvo-trucks-remote-control-segre-1-400x225.jpg 400w, https:\/\/www.tele-radio.com\/app\/uploads\/volvo-trucks-remote-control-segre-1-768x432.jpg 768w, https:\/\/www.tele-radio.com\/app\/uploads\/volvo-trucks-remote-control-segre-1-750x422.jpg 750w, https:\/\/www.tele-radio.com\/app\/uploads\/volvo-trucks-remote-control-segre-1-500x281.jpg 500w, https:\/\/www.tele-radio.com\/app\/uploads\/volvo-trucks-remote-control-segre-1-800x450.jpg 800w\" sizes=\"auto, (max-width: 1200px) 100vw, 1200px\" \/><\/a><\/p>\n<p><a href=\"https:\/\/www.tele-radio.com\/nb\/volvo-trucks-remote-control-segre-2-2\/\" rel=\"attachment wp-att-32882\"><img loading=\"lazy\" decoding=\"async\" class=\"alignleft wp-image-32882 size-full\" src=\"https:\/\/www.tele-radio.com\/app\/uploads\/volvo-trucks-remote-control-segre-2.jpg\" alt=\"\" width=\"1200\" height=\"728\" srcset=\"https:\/\/www.tele-radio.com\/app\/uploads\/volvo-trucks-remote-control-segre-2.jpg 1200w, https:\/\/www.tele-radio.com\/app\/uploads\/volvo-trucks-remote-control-segre-2-400x243.jpg 400w, https:\/\/www.tele-radio.com\/app\/uploads\/volvo-trucks-remote-control-segre-2-768x466.jpg 768w, https:\/\/www.tele-radio.com\/app\/uploads\/volvo-trucks-remote-control-segre-2-750x455.jpg 750w, https:\/\/www.tele-radio.com\/app\/uploads\/volvo-trucks-remote-control-segre-2-500x303.jpg 500w, https:\/\/www.tele-radio.com\/app\/uploads\/volvo-trucks-remote-control-segre-2-800x485.jpg 800w\" sizes=\"auto, (max-width: 1200px) 100vw, 1200px\" \/><\/a><\/p>\n","protected":false},"excerpt":{"rendered":"<p>Volvo Trucks &#8211; Reus Fleming Reus Fleming, S.A. er en offisiell autorisert Volvo forhandler i&nbsp; Catalonia (Spania) i disse provinsene: Tarragona, Lleida, Huesca og Teruel. En god relasjon med kundene er deres motto og de gj\u00f8r sitt ytterste for \u00e5 m\u00f8te kundenes behov og krav n\u00e5r det kommer til de tekniske utfordringene. Deres fokus er [&hellip;]<\/p>\n","protected":false},"author":54,"featured_media":32839,"parent":0,"menu_order":0,"comment_status":"closed","ping_status":"closed","template":"","meta":{"_acf_changed":false,"footnotes":""},"class_list":["post-33265","page","type-page","status-publish","has-post-thumbnail","hentry"],"acf":[],"_links":{"self":[{"href":"https:\/\/www.tele-radio.com\/nb\/wp-json\/wp\/v2\/pages\/33265","targetHints":{"allow":["GET"]}}],"collection":[{"href":"https:\/\/www.tele-radio.com\/nb\/wp-json\/wp\/v2\/pages"}],"about":[{"href":"https:\/\/www.tele-radio.com\/nb\/wp-json\/wp\/v2\/types\/page"}],"author":[{"embeddable":true,"href":"https:\/\/www.tele-radio.com\/nb\/wp-json\/wp\/v2\/users\/54"}],"replies":[{"embeddable":true,"href":"https:\/\/www.tele-radio.com\/nb\/wp-json\/wp\/v2\/comments?post=33265"}],"version-history":[{"count":10,"href":"https:\/\/www.tele-radio.com\/nb\/wp-json\/wp\/v2\/pages\/33265\/revisions"}],"predecessor-version":[{"id":103786,"href":"https:\/\/www.tele-radio.com\/nb\/wp-json\/wp\/v2\/pages\/33265\/revisions\/103786"}],"wp:featuredmedia":[{"embeddable":true,"href":"https:\/\/www.tele-radio.com\/nb\/wp-json\/wp\/v2\/media\/32839"}],"wp:attachment":[{"href":"https:\/\/www.tele-radio.com\/nb\/wp-json\/wp\/v2\/media?parent=33265"}],"curies":[{"name":"wp","href":"https:\/\/api.w.org\/{rel}","templated":true}]}}