{"id":263164,"date":"2025-08-21T11:48:36","date_gmt":"2025-08-21T11:48:36","guid":{"rendered":"https:\/\/www.tele-radio.com\/?page_id=263164"},"modified":"2025-08-21T12:08:41","modified_gmt":"2025-08-21T12:08:41","slug":"vdl-container-systems","status":"publish","type":"page","link":"https:\/\/www.tele-radio.com\/nb\/vdl-container-systems\/","title":{"rendered":"VDL Container Systems: \u00abTele Radio s\u00f8rger for sikkerheten til v\u00e5re kunder\u00bb\u00a0"},"content":{"rendered":"\n<p><\/p>\n\n\n\n<div style=\"height:100px\" aria-hidden=\"true\" class=\"wp-block-spacer\"><\/div>\n\n\n\n<div class=\"wp-block-cover aligncenter\" style=\"min-height:500px;aspect-ratio:unset;\"><img loading=\"lazy\" decoding=\"async\" width=\"2560\" height=\"1707\" class=\"wp-block-cover__image-background wp-image-261238 size-full\" alt=\"\" src=\"https:\/\/www.tele-radio.com\/app\/uploads\/SAEYS_Tele_Radio_VDL_Containersystemen_8150-scaled.jpg\" style=\"object-position:48% 49%\" data-object-fit=\"cover\" data-object-position=\"48% 49%\" srcset=\"https:\/\/www.tele-radio.com\/app\/uploads\/SAEYS_Tele_Radio_VDL_Containersystemen_8150-scaled.jpg 2560w, https:\/\/www.tele-radio.com\/app\/uploads\/SAEYS_Tele_Radio_VDL_Containersystemen_8150-400x267.jpg 400w, https:\/\/www.tele-radio.com\/app\/uploads\/SAEYS_Tele_Radio_VDL_Containersystemen_8150-1200x800.jpg 1200w, https:\/\/www.tele-radio.com\/app\/uploads\/SAEYS_Tele_Radio_VDL_Containersystemen_8150-768x512.jpg 768w, https:\/\/www.tele-radio.com\/app\/uploads\/SAEYS_Tele_Radio_VDL_Containersystemen_8150-1536x1024.jpg 1536w, https:\/\/www.tele-radio.com\/app\/uploads\/SAEYS_Tele_Radio_VDL_Containersystemen_8150-2048x1365.jpg 2048w, https:\/\/www.tele-radio.com\/app\/uploads\/SAEYS_Tele_Radio_VDL_Containersystemen_8150-750x500.jpg 750w, https:\/\/www.tele-radio.com\/app\/uploads\/SAEYS_Tele_Radio_VDL_Containersystemen_8150-500x333.jpg 500w, https:\/\/www.tele-radio.com\/app\/uploads\/SAEYS_Tele_Radio_VDL_Containersystemen_8150-1600x1067.jpg 1600w, https:\/\/www.tele-radio.com\/app\/uploads\/SAEYS_Tele_Radio_VDL_Containersystemen_8150-800x533.jpg 800w\" sizes=\"auto, (max-width: 2560px) 100vw, 2560px\" \/><span aria-hidden=\"true\" class=\"wp-block-cover__background has-background-dim-60 has-background-dim\"><\/span><div class=\"wp-block-cover__inner-container is-layout-flow wp-block-cover-is-layout-flow\">\n<div class=\"wp-block-group is-vertical is-content-justification-center is-layout-flex wp-container-core-group-is-layout-19dca076 wp-block-group-is-layout-flex\">\n<h1 class=\"wp-block-heading has-text-align-center has-white-color has-text-color\" style=\"font-size:56px\">VDL Container Systems: \u00abTele Radio s\u00f8rger for sikkerheten til v\u00e5re kunder\u00bb<\/h1>\n\n\n\n<p class=\"has-text-align-center has-white-color has-text-color\" style=\"font-size:22px\">VDL Container Systems produserer\u00a0h\u00e5ndteringssystemer for containere, og stoler p\u00e5 Tele Radio for sikker radiostyring.<\/p>\n\n\n\n<div class=\"wp-block-buttons is-content-justification-center is-layout-flex wp-container-core-buttons-is-layout-16018d1d wp-block-buttons-is-layout-flex\">\n<div class=\"wp-block-button\"><a class=\"wp-block-button__link has-kelp-color has-amber-background-color has-text-color has-background has-custom-font-size wp-element-button\" href=\"https:\/\/www.tele-radio.com\/nb\/kontakt-oss\/\" style=\"border-radius:4px;font-size:20px\">Be om en demo<\/a><\/div>\n<\/div>\n<\/div>\n<\/div><\/div>\n\n\n\n<div class=\"wp-block-group\" style=\"padding-top:80px;padding-bottom:60px\"><div class=\"wp-block-group__inner-container is-layout-flow wp-block-group-is-layout-flow\">\n<div class=\"wp-block-columns are-vertically-aligned-center is-layout-flex wp-container-core-columns-is-layout-a0017d07 wp-block-columns-is-layout-flex\">\n<div class=\"wp-block-column is-vertically-aligned-center is-layout-flow wp-block-column-is-layout-flow\" style=\"flex-basis:50%\">\n<h2 class=\"wp-block-heading has-kelp-color has-text-color\">Utfordringen<\/h2>\n\n\n\n<p>Operat\u00f8rer innen containerh\u00e5ndtering m\u00f8ter flere risikofylte utfordringer daglig:<\/p>\n\n\n\n<ul class=\"wp-block-list\">\n<li><strong>Begrenset sikt<\/strong> rundt krokbiler, liftbiler og kjettingsystemer gj\u00f8r det vanskelig \u00e5 vurdere svingradius eller veltefaren.<\/li>\n\n\n\n<li><strong>Hydraulisk st\u00f8t<\/strong> fra to- eller trestegsknapper kan rykke til lasten, som skaper uforutsigbare bevegelser og potensielt velting.<\/li>\n\n\n\n<li><strong>Hete, kulde og fallende gjenstander<\/strong> \u2013 fra brennhete industrielle ovner til minusgrader i nordiske anlegg \u2013 skadelig for b\u00e5de mennesker og utstyr, og \u00f8kt risiko for brudd p\u00e5 tilkoblingen og ulykker.<\/li>\n<\/ul>\n\n\n\n<p>\u00c9n feil p\u00e5 koblingen mellom sender og mottaker kan f\u00f8re til tap av kontroll \u2013 med kostbare og potensielt fatale konsekvenser.<\/p>\n<\/div>\n\n\n\n<div class=\"wp-block-column is-vertically-aligned-center is-layout-flow wp-block-column-is-layout-flow\" style=\"flex-basis:50%\">\n<figure class=\"wp-block-image size-large\"><img loading=\"lazy\" decoding=\"async\" width=\"1200\" height=\"675\" src=\"https:\/\/www.tele-radio.com\/app\/uploads\/\/Foto-8-1200x675.jpg\" alt=\"\" class=\"wp-image-261732\" style=\"aspect-ratio:1;object-fit:cover\" srcset=\"https:\/\/www.tele-radio.com\/app\/uploads\/Foto-8-1200x675.jpg 1200w, https:\/\/www.tele-radio.com\/app\/uploads\/Foto-8-400x225.jpg 400w, https:\/\/www.tele-radio.com\/app\/uploads\/Foto-8-768x432.jpg 768w, https:\/\/www.tele-radio.com\/app\/uploads\/Foto-8-1536x864.jpg 1536w, https:\/\/www.tele-radio.com\/app\/uploads\/Foto-8-750x422.jpg 750w, https:\/\/www.tele-radio.com\/app\/uploads\/Foto-8-500x281.jpg 500w, https:\/\/www.tele-radio.com\/app\/uploads\/Foto-8-1600x900.jpg 1600w, https:\/\/www.tele-radio.com\/app\/uploads\/Foto-8-800x450.jpg 800w, https:\/\/www.tele-radio.com\/app\/uploads\/Foto-8.jpg 1920w\" sizes=\"auto, (max-width: 1200px) 100vw, 1200px\" \/><\/figure>\n<\/div>\n<\/div>\n<\/div><\/div>\n\n\n\n<div class=\"wp-block-group\" style=\"border-top-color:var(--wp--preset--color--gallery);border-top-width:3px;padding-top:60px;padding-bottom:60px\"><div class=\"wp-block-group__inner-container is-layout-flow wp-block-group-is-layout-flow\">\n<div style=\"height:50px\" aria-hidden=\"true\" class=\"wp-block-spacer\"><\/div>\n\n\n\n<div class=\"wp-block-columns are-vertically-aligned-center is-layout-flex wp-container-core-columns-is-layout-a0017d07 wp-block-columns-is-layout-flex\">\n<div class=\"wp-block-column is-vertically-aligned-center is-layout-flow wp-block-column-is-layout-flow\" style=\"flex-basis:50%\">\n<figure class=\"wp-block-embed is-type-video is-provider-youtube wp-block-embed-youtube wp-embed-aspect-16-9 wp-has-aspect-ratio\"><div class=\"wp-block-embed__wrapper\">\n<iframe loading=\"lazy\" title=\"Tele Radio &amp; VDL Container Systems\" width=\"500\" height=\"281\" src=\"https:\/\/www.youtube.com\/embed\/niwTAvnNVr8?feature=oembed\" frameborder=\"0\" allow=\"accelerometer; autoplay; clipboard-write; encrypted-media; gyroscope; picture-in-picture; web-share\" referrerpolicy=\"strict-origin-when-cross-origin\" allowfullscreen><\/iframe>\n<\/div><\/figure>\n<\/div>\n\n\n\n<div class=\"wp-block-column is-vertically-aligned-center is-layout-flow wp-block-column-is-layout-flow\" style=\"flex-basis:50%\">\n<h2 class=\"wp-block-heading has-kelp-color has-text-color\"><strong>L\u00f8sningen<\/strong><\/h2>\n\n\n\n<p><strong>Tele Radios TIGER T14-7 &amp; T15-7 proporsjonale sendere<\/strong> gir VDL Container Systems sine kunder kontroll helt ut til fingerspissene, fra trygg avstand:<\/p>\n\n\n\n<ul class=\"wp-block-list\">\n<li><strong>Proposjonalitet p\u00e5 millimeterniv\u00e5<\/strong> \u2013 trykkf\u00f8lsomme knapper regulerer hydraulikkstr\u00f8mmen i sanntid, og eliminerer dermed \u00abrykk\u00bb i lasten.<\/li>\n\n\n\n<li><strong>Trygg og feilsikker tilkobling<\/strong> \u2013 opprettholder kontrollen i de mest ekstreme arbeidsforhold.<\/li>\n\n\n\n<li><strong>Opptil 50 m rekkevidde<\/strong> \u2013 operat\u00f8rene kan holde seg godt utenfor omr\u00e5der med ekstrem varme, h\u00f8yt st\u00f8yniv\u00e5, eller svingende gjenstander mens de har full oversikt over lasten.<\/li>\n<\/ul>\n<\/div>\n<\/div>\n<\/div><\/div>\n\n\n\n<h2 class=\"wp-block-heading has-text-align-left has-black-color has-text-color has-link-color has-large-font-size wp-elements-8579a39dce3e87572eece5181baf626d\"><strong>VDL Container Systems: \u00abTele Radio s\u00f8rger for sikkerheten til v\u00e5re kunder\u00bb<\/strong><\/h2>\n\n\n\n<p><strong>VDL Container Systems produserer systemer for h\u00e5ndtering av containere, og deres kunder har en risikofylt arbeidshverdag. \u00abOperat\u00f8rene f\u00e5r et bedre overblikk over deres omgivelser n\u00e5r de bruker radiostyring. De kan ta avstand fra den intense varmen fra industriovner eller usikret last p\u00e5 lastebilene. Sikkerheten ligger i tilkoblingen mellom sender og mottaker \u2013 hvis denne tilkoblingen svikter, mister man kontrollen.<\/strong>\u00bb<\/p>\n\n\n\n<p>Paul van der Loo, Product Manager hos VDL Container Systems, gir oss en omvisning av firmaets lokaler i Hapert \u2013 et lite tettsted i en region som har v\u00e6rt f\u00f8destedet for over 100 bedrifter, som i dag er en del av VDL Groep. VDL Container Systems, grunnlagt i 1999, utvikler og produserer krokbiler, liftbiler, og kabel- og kjettingl\u00f8ftesystemer, og har vokst til en internasjonal virksomhet med kunder over hele verden.<\/p>\n\n\n\n<details class=\"wp-block-details is-layout-flow wp-block-details-is-layout-flow\"><summary>Les hele historien<\/summary>\n<h3 class=\"wp-block-heading\"><strong>Bedre oversikt<\/strong><\/h3>\n\n\n\n<p>\u00abVDL Container Systems og Tele Radio begynte et samarbeid\u00bb minnes Van der Loo, \u00abda kundene v\u00e5re fortalte oss om utfordringene og farene de m\u00f8ter p\u00e5 arbeidsplassen. Se for deg \u00e5 frakte en last med smeltet metall, en s\u00f8ppelbil som tipper lasten sin bakover til punktet hvor den kan velte, eller en leveranse i trafikken midt i en storby. Tele Radio gir sluttbrukerne v\u00e5re muligheten til \u00e5 ta et steg tilbake og f\u00e5 et fullstendig overblikk over situasjonen.\u00bb<\/p>\n\n\n\n<p><em>\u00abTele Radio gir sluttbrukerne muligheten til \u00e5 ta et steg tilbake og f\u00e5 et fullstendig overblikk over situasjonen.<\/em>\u00bb<\/p>\n\n\n\n<p><strong><em>\u2013 Paul van der Loo, Product Manager hos VDL Container Systems<\/em><\/strong><\/p>\n\n\n\n<p>For VDL Container Systems falt valget p\u00e5 Tele Radios tr\u00e5dl\u00f8se sendere <a href=\"https:\/\/www.tele-radio.com\/products\/tiger-g2\/tiger-g2-transmitter-4x2-step-buttons-display-sil3-ple\/\">T14-7<\/a> og <a href=\"https:\/\/www.tele-radio.com\/products\/tiger-g2\/tiger-g2-transmitter-4x2-step-buttons-display-sil3-ple-2\/\">T15-7<\/a>, som tilh\u00f8rer <a href=\"https:\/\/www.tele-radio.com\/products\/tiger-g2\/\">TIGER<\/a>-systemet. Van der Loo: \u00abDeres proporsjonale kontroller gj\u00f8r dem til det beste valget for v\u00e5re hydrauliske systemer.\u00bb<\/p>\n\n\n\n<p><strong>P\u00e5litelig tilkobling<\/strong><\/p>\n\n\n\n<p>Proporsjonalitet er viktig for VDL Container Systems. To- eller trestegsknapper kan skape hydrauliske st\u00f8t, som potensielt kan lede til uforutsigbare bevegelser og i verste fall ulykker. \u00abOperat\u00f8rene trenger presis kontroll\u00bb sier Van der Loo. \u00abTele Radio leverer b\u00e5de den sikre tilkoblingen og presisjonen vi trenger.\u00bb<\/p>\n\n\n\n<p>Han konkluderer: \u00abV\u00e5re systemer blir utsatt for t\u00f8ffe forhold i industrier som gruvedrift, landbruk og konstruksjon, i tillegg til ekstremt lave temperaturer nord i Europa og ekstrem hete i s\u00f8r. Tele Radio garanterer en p\u00e5litelig og stabil tilkobling mellom sender og mottaker, uansett situasjon.\u00bb<\/p>\n<\/details>\n\n\n\n<hr class=\"wp-block-separator has-text-color has-white-color has-alpha-channel-opacity has-white-background-color has-background is-style-dots\"\/>\n\n\n\n<div class=\"wp-block-group has-gallery-background-color has-background\" style=\"padding-top:50px;padding-bottom:50px\"><div class=\"wp-block-group__inner-container is-layout-flow wp-block-group-is-layout-flow\">\n<blockquote class=\"wp-block-quote is-style-large is-layout-flow wp-block-quote-is-layout-flow\">\n<p>\u00abTele Radio er uten sidestykke n\u00e5r det gjelder \u00e5 etablere sikker tilkobling, og sikrer brukernes sikkerhet.\u00bb<\/p>\n\n\n\n<p class=\"has-medium-font-size\"><strong>Paul van der Loo, Product Manager \u2013 VDL Container Systems<\/strong><\/p>\n<\/blockquote>\n\n\n\n<div style=\"height:23px\" aria-hidden=\"true\" class=\"wp-block-spacer\"><\/div>\n<\/div><\/div>\n\n\n\n<div class=\"wp-block-group\" style=\"padding-top:60px;padding-bottom:60px\"><div class=\"wp-block-group__inner-container is-layout-flow wp-block-group-is-layout-flow\">\n<h2 class=\"wp-block-heading has-text-align-center has-kelp-color has-text-color\">Hvorfor velge Tele Radio?<\/h2>\n\n\n\n<div class=\"wp-block-columns is-layout-flex wp-container-core-columns-is-layout-7501fc45 wp-block-columns-is-layout-flex\" style=\"padding-top:40px\">\n<div class=\"wp-block-column is-layout-flow wp-block-column-is-layout-flow\">\n<h3 class=\"wp-block-heading has-amber-color has-text-color\"><strong>Proporsjonal presisjon<\/strong><\/h3>\n\n\n\n<p class=\"has-gray-color has-text-color\">Smidige bevegelser uten rykk beskytter sylindere, rammer og menneskene rundt.<\/p>\n<\/div>\n\n\n\n<div class=\"wp-block-column is-layout-flow wp-block-column-is-layout-flow\">\n<h3 class=\"wp-block-heading has-amber-color has-text-color\"><strong>T\u00e5ler t\u00f8ffe forhold<\/strong><\/h3>\n\n\n\n<p class=\"has-gray-color has-text-color\">Sendere som t\u00e5ler alt fra -20 \u00b0C frost til +55 \u00b0C overflatetemperatur, og holder st\u00f8v og smuss ute takket v\u00e6re innfatning med IP-klassifisering.<\/p>\n<\/div>\n\n\n\n<div class=\"wp-block-column is-layout-flow wp-block-column-is-layout-flow\">\n<h3 class=\"wp-block-heading has-amber-color has-text-color\"><strong>Modul\u00e6r fleksibilitet<\/strong><\/h3>\n\n\n\n<p class=\"has-gray-color has-text-color\">Fra kompakte h\u00e5ndholdte sendere til st\u00f8rre midjesendere; CAN-bus, SAE-J1939 eller analog \u2013 kan kobles til ethvert system.<\/p>\n<\/div>\n<\/div>\n\n\n\n<p><\/p>\n<\/div><\/div>\n\n\n\n<section id=\"cta\" class=\"wp-block-group has-amber-background-color has-background is-vertical is-content-justification-center is-layout-flex wp-container-core-group-is-layout-a164e0d7 wp-block-group-is-layout-flex\" style=\"padding-top:60px;padding-bottom:60px\">\n<h2 class=\"wp-block-heading has-text-align-center has-kelp-color has-text-color\"><br><br><strong>Klar for \u00e5 sikre hvert l\u00f8ft og maksimere oppetiden?<\/strong><\/h2>\n\n\n\n<div style=\"height:0px\" aria-hidden=\"true\" class=\"wp-block-spacer wp-container-content-6b166158\"><\/div>\n\n\n\n<div class=\"wp-block-buttons is-content-justification-center is-layout-flex wp-container-core-buttons-is-layout-16018d1d wp-block-buttons-is-layout-flex\">\n<div class=\"wp-block-button is-style-fill\"><a class=\"wp-block-button__link has-white-color has-kelp-background-color has-text-color has-background has-custom-font-size wp-element-button\" href=\"https:\/\/www.tele-radio.com\/nb\/kontakt-oss\/\" style=\"border-radius:4px;padding-top:14px;padding-right:34px;padding-bottom:14px;padding-left:34px;font-size:20px\">Bestill en gratis konsultasjon<\/a><\/div>\n<\/div>\n<\/section>\n\n\n\n<p><\/p>\n\n\n\n<section id=\"contact\" class=\"wp-block-group contact-section has-kelp-background-color has-background\" style=\"padding-top:60px;padding-bottom:60px\"><div class=\"wp-block-group__inner-container is-layout-flow wp-block-group-is-layout-flow\">\n<h2 class=\"wp-block-heading has-text-align-center has-white-color has-text-color\">Ta kontakt<\/h2>\n\n\n\n<p class=\"has-text-align-center has-white-color has-text-color\">Fyll ut kontaktskjemaet under, s\u00e5 h\u00f8rer du fra oss i l\u00f8pet av kort tid.<\/p>\n<\/div><\/section>\n\n\n\n<div style=\"height:33px\" aria-hidden=\"true\" class=\"wp-block-spacer\"><\/div>\n\n\n\n<div class=\"wp-block-contact-form-7-contact-form-selector\">\n<div class=\"wpcf7 no-js\" id=\"wpcf7-f259832-o1\" lang=\"en-EN\" dir=\"ltr\" data-wpcf7-id=\"259832\">\n<div class=\"screen-reader-response\"><p role=\"status\" aria-live=\"polite\" aria-atomic=\"true\"><\/p> <ul><\/ul><\/div>\n<form action=\"\/nb\/wp-json\/wp\/v2\/pages\/263164#wpcf7-f259832-o1\" method=\"post\" class=\"wpcf7-form init\" aria-label=\"Contact form\" novalidate=\"novalidate\" data-status=\"init\">\n<fieldset class=\"hidden-fields-container\"><input type=\"hidden\" name=\"_wpcf7\" value=\"259832\" \/><input type=\"hidden\" name=\"_wpcf7_version\" value=\"6.1\" \/><input type=\"hidden\" name=\"_wpcf7_locale\" value=\"en_EN\" \/><input type=\"hidden\" name=\"_wpcf7_unit_tag\" value=\"wpcf7-f259832-o1\" \/><input type=\"hidden\" name=\"_wpcf7_container_post\" value=\"0\" \/><input type=\"hidden\" name=\"_wpcf7_posted_data_hash\" value=\"\" \/><input type=\"hidden\" name=\"_wpcf7_recaptcha_response\" value=\"\" \/>\n<\/fieldset>\n<p><label> Ditt navn<br \/>\n<span class=\"wpcf7-form-control-wrap\" data-name=\"your-name\"><input size=\"40\" maxlength=\"400\" class=\"wpcf7-form-control wpcf7-text wpcf7-validates-as-required\" aria-required=\"true\" aria-invalid=\"false\" value=\"\" type=\"text\" name=\"your-name\" \/><\/span> <\/label>\n<\/p>\n<p><label> E-post<br \/>\n<span class=\"wpcf7-form-control-wrap\" data-name=\"your-email\"><input size=\"40\" maxlength=\"400\" class=\"wpcf7-form-control wpcf7-email wpcf7-validates-as-required wpcf7-text wpcf7-validates-as-email\" aria-required=\"true\" aria-invalid=\"false\" value=\"\" type=\"email\" name=\"your-email\" \/><\/span> <\/label>\n<\/p>\n<p><label> Din beskjed<br \/>\n<span class=\"wpcf7-form-control-wrap\" data-name=\"your-message\"><textarea cols=\"40\" rows=\"10\" maxlength=\"2000\" class=\"wpcf7-form-control wpcf7-textarea\" aria-invalid=\"false\" name=\"your-message\"><\/textarea><\/span> <\/label>\n<\/p>\n<p><input class=\"wpcf7-form-control wpcf7-submit has-spinner\" type=\"submit\" value=\"Send inn\" \/>\n<\/p><div class=\"wpcf7-response-output\" aria-hidden=\"true\"><\/div>\n<\/form>\n<\/div>\n\r\n\t\t\t\t<script>\r\n\t\t\t\tif ( typeof huOptions !== 'undefined' ) {\r\n\t\t\t\t\tvar huFormData = {\"source\":\"contactform7\",\"id\":259832,\"title\":\"TRNOR\",\"fields\":{\"subject\":{\"first_name\":\"your-name\",\"email\":\"your-email\"},\"preferences\":{\"terms\":\"your-consent\"}}};\r\n\t\t\t\t\tvar huFormNode = document.querySelector( '[id^=\"wpcf7-f259832-\"] form' );\r\n\r\n\t\t\t\t\thuFormData['node'] = huFormNode;\r\n\t\t\t\t\thuOptions['forms'].push( huFormData );\r\n\t\t\t\t}\r\n\t\t\t\t<\/script><\/div>\n","protected":false},"excerpt":{"rendered":"<p>Utfordringen Operat\u00f8rer innen containerh\u00e5ndtering m\u00f8ter flere risikofylte utfordringer daglig: \u00c9n feil p\u00e5 koblingen mellom sender og mottaker kan f\u00f8re til tap av kontroll \u2013 med kostbare og potensielt fatale konsekvenser. L\u00f8sningen Tele Radios TIGER T14-7 &amp; T15-7 proporsjonale sendere gir VDL Container Systems sine kunder kontroll helt ut til fingerspissene, fra trygg avstand: VDL Container [&hellip;]<\/p>\n","protected":false},"author":18,"featured_media":261591,"parent":0,"menu_order":0,"comment_status":"closed","ping_status":"closed","template":"content-customer-stories.php","meta":{"_acf_changed":false,"footnotes":""},"class_list":["post-263164","page","type-page","status-publish","has-post-thumbnail","hentry"],"acf":[],"_links":{"self":[{"href":"https:\/\/www.tele-radio.com\/nb\/wp-json\/wp\/v2\/pages\/263164","targetHints":{"allow":["GET"]}}],"collection":[{"href":"https:\/\/www.tele-radio.com\/nb\/wp-json\/wp\/v2\/pages"}],"about":[{"href":"https:\/\/www.tele-radio.com\/nb\/wp-json\/wp\/v2\/types\/page"}],"author":[{"embeddable":true,"href":"https:\/\/www.tele-radio.com\/nb\/wp-json\/wp\/v2\/users\/18"}],"replies":[{"embeddable":true,"href":"https:\/\/www.tele-radio.com\/nb\/wp-json\/wp\/v2\/comments?post=263164"}],"version-history":[{"count":18,"href":"https:\/\/www.tele-radio.com\/nb\/wp-json\/wp\/v2\/pages\/263164\/revisions"}],"predecessor-version":[{"id":266464,"href":"https:\/\/www.tele-radio.com\/nb\/wp-json\/wp\/v2\/pages\/263164\/revisions\/266464"}],"wp:featuredmedia":[{"embeddable":true,"href":"https:\/\/www.tele-radio.com\/nb\/wp-json\/wp\/v2\/media\/261591"}],"wp:attachment":[{"href":"https:\/\/www.tele-radio.com\/nb\/wp-json\/wp\/v2\/media?parent=263164"}],"curies":[{"name":"wp","href":"https:\/\/api.w.org\/{rel}","templated":true}]}}