{"id":259572,"date":"2025-05-07T05:58:10","date_gmt":"2025-05-07T05:58:10","guid":{"rendered":"https:\/\/www.tele-radio.com\/?page_id=259572"},"modified":"2025-05-15T09:26:18","modified_gmt":"2025-05-15T09:26:18","slug":"global-towing-systems","status":"publish","type":"page","link":"https:\/\/www.tele-radio.com\/nb\/global-towing-systems\/","title":{"rendered":"Global Towing Systems"},"content":{"rendered":"<p><!-- #############################################################\n     TELE RADIO \u2013 GLOBAL TOWING SYSTEMS  |  LANDING PAGE FUNNEL\n     ############################################################# --><\/p>\n<p><!-- ==========  HERO  ========== --><\/p>\n\n\n<div class=\"wp-block-cover alignfull\" style=\"min-height:640px;aspect-ratio:unset;\"><img decoding=\"async\" class=\"wp-block-cover__image-background\" alt=\"\" src=\"https:\/\/www.tele-radio.com\/app\/uploads\/XT5A6738.jpg\" data-object-fit=\"cover\"\/><span aria-hidden=\"true\" class=\"wp-block-cover__background has-kelp-background-color has-background-dim-60 has-background-dim\"><\/span><div class=\"wp-block-cover__inner-container is-layout-flow wp-block-cover-is-layout-flow\">\n<div class=\"wp-block-group is-vertical is-content-justification-center is-layout-flex wp-container-core-group-is-layout-19dca076 wp-block-group-is-layout-flex\">\n<h1 class=\"wp-block-heading has-text-align-center has-white-color has-text-color\" style=\"font-size:56px\">Tunge og krevende operasjoner? L\u00f8ft selvsikkert med Tele Radio.<\/h1>\n\n\n\n<p class=\"has-text-align-center has-white-color has-text-color\" style=\"font-size:22px\">Les alt om Global Towing Systems og deres opplevelse med radiostyring fra Tele Radio<\/p>\n\n\n\n<div class=\"wp-block-buttons is-content-justification-center is-layout-flex wp-container-core-buttons-is-layout-16018d1d wp-block-buttons-is-layout-flex\">\n<div class=\"wp-block-button\"><a class=\"wp-block-button__link has-kelp-color has-amber-background-color has-text-color has-background has-custom-font-size wp-element-button\" href=\"https:\/\/www.tele-radio.com\/nb\/kontakt-oss\/\" style=\"border-radius:4px;font-size:20px\">Kontakt oss<\/a><\/div>\n<\/div>\n<\/div>\n<\/div><\/div>\n\n\n\n<div class=\"wp-block-group\" style=\"padding-top:80px;padding-bottom:60px\"><div class=\"wp-block-group__inner-container is-layout-flow wp-block-group-is-layout-flow\">\n<div class=\"wp-block-columns are-vertically-aligned-center is-layout-flex wp-container-core-columns-is-layout-a0017d07 wp-block-columns-is-layout-flex\">\n<div class=\"wp-block-column is-vertically-aligned-center is-layout-flow wp-block-column-is-layout-flow\" style=\"flex-basis:50%\">\n<h2 class=\"wp-block-heading has-kelp-color has-text-color\">Deres utfordring<\/h2>\n\n\n\n<p class=\"has-gray-color has-text-color\">Lastebiler, busser og milit\u00e6re kj\u00f8ret\u00f8y som havner i ulykker krever ekstrem presisjon i en redningsoperasjon. Et feilsteg kan for\u00e5rsake store materielle skader \u2013 eller i verste fall \u2013 personskader.<\/p>\n\n\n\n<ul class=\"wp-block-list\">\n<li>Begrenset synlighet rundt kj\u00f8ret\u00f8yene<\/li>\n\n\n\n<li>H\u00f8y risiko for kollaps eller skader<\/li>\n\n\n\n<li>Tap av kritisk tid brukt p\u00e5 \u00e5 bevege seg mellom kj\u00f8ret\u00f8yene som reddes, og panelene i bergingsbilen<\/li>\n<\/ul>\n<\/div>\n\n\n\n<div class=\"wp-block-column is-vertically-aligned-center is-layout-flow wp-block-column-is-layout-flow\" style=\"flex-basis:50%\">\n<figure class=\"wp-block-image size-large\"><img decoding=\"async\" src=\"https:\/\/www.tele-radio.com\/app\/uploads\/XT5A6812.jpg\" alt=\"High-risk recovery operation\" style=\"aspect-ratio:1;object-fit:cover\"\/><\/figure>\n<\/div>\n<\/div>\n<\/div><\/div>\n\n\n\n<div class=\"wp-block-group\" style=\"border-top-color:var(--wp--preset--color--gallery);border-top-width:3px;padding-top:60px;padding-bottom:60px\"><div class=\"wp-block-group__inner-container is-layout-flow wp-block-group-is-layout-flow\">\n<div class=\"wp-block-columns are-vertically-aligned-center is-layout-flex wp-container-core-columns-is-layout-a0017d07 wp-block-columns-is-layout-flex\">\n<div class=\"wp-block-column is-vertically-aligned-center is-layout-flow wp-block-column-is-layout-flow\" style=\"flex-basis:50%\">\n<figure class=\"wp-block-embed is-type-video is-provider-youtube wp-block-embed-youtube wp-embed-aspect-16-9 wp-has-aspect-ratio\"><div class=\"wp-block-embed__wrapper\">\n<iframe loading=\"lazy\" title=\"From Chaos to Control: Wireless Vehicle Recovery with Tele Radio\" width=\"500\" height=\"281\" src=\"https:\/\/www.youtube.com\/embed\/vE4_Ynxbc9k?feature=oembed\" frameborder=\"0\" allow=\"accelerometer; autoplay; clipboard-write; encrypted-media; gyroscope; picture-in-picture; web-share\" referrerpolicy=\"strict-origin-when-cross-origin\" allowfullscreen><\/iframe>\n<\/div><\/figure>\n<\/div>\n\n\n\n<div class=\"wp-block-column is-vertically-aligned-center is-layout-flow wp-block-column-is-layout-flow\" style=\"flex-basis:50%\">\n<h2 class=\"wp-block-heading has-kelp-color has-text-color\">V\u00e5r l\u00f8sning<\/h2>\n\n\n\n<p class=\"has-gray-color has-text-color\">Tele Radios VersaTEQ og Panther-systemer gir operat\u00f8rene kontroll p\u00e5 milimeteren \u2013 fra en avstand p\u00e5 hele 50 meter.<\/p>\n\n\n\n<div class=\"wp-block-buttons is-layout-flex wp-block-buttons-is-layout-flex\">\n<div class=\"wp-block-button\"><a class=\"wp-block-button__link has-kelp-color has-amber-background-color has-text-color has-background wp-element-button\" href=\"https:\/\/www.tele-radio.com\/nb\/versateq\/\" style=\"border-radius:19px\">Tekniske spesifikasjoner<\/a><\/div>\n<\/div>\n<\/div>\n<\/div>\n<\/div><\/div>\n\n\n\n<p class=\"has-text-align-left has-black-color has-text-color has-link-color has-large-font-size wp-elements-68a2d0c06a5ffc86517a2ab859ed5a1b\"><strong>Global Towing Systems: \u00ab<strong>Forhindring av operasjonell risiko krever den beste radiostyringen som er tilgjengelig<\/strong>\u00bb<\/strong><\/p>\n\n\n\n<p class=\"has-text-align-left has-black-color has-text-color has-link-color has-medium-font-size wp-elements-eb1725b9722ff862044781327094e90f\"><strong><strong>N\u00e5r et stort og tungt kj\u00f8ret\u00f8y f\u00e5r problemer, er det Global Towing Systems kunder som kommer til unnsetning. \u00abUlykker med lastebiler, busser og milit\u00e6re kj\u00f8ret\u00f8y er redningsselskapenes verste mareritt,\u00bb sier Michel Noel, Managing Director hos Global Towing Systems, forkortet <a href=\"https:\/\/www.globaltowingsystems.com\/\">GTS<\/a><\/strong>.<\/strong><\/p>\n\n\n\n<p>\u00abF\u00e5r \u00e5 n\u00e5 alle hjulene p\u00e5 kj\u00f8ret\u00f8yet, m\u00e5 bergingsbilen strekkes til maksimum kapasitet.\u00bb forklarer Michel fra kontoret i Koml\u00f3, helt s\u00f8r i Ungarn. GTS produserer overbygg til bergingsbiler, og siden 2023 har virksomheten i tillegg levert radiostyring fra Tele Radio.<\/p>\n\n\n\n<details class=\"wp-block-details has-kelp-color has-text-color has-medium-font-size is-layout-flow wp-block-details-is-layout-flow\" style=\"padding-top:60px;padding-bottom:60px\"><summary>Les hele historien<\/summary>\n<p>Michel: \u00abV\u00e5re kunder arbeider med tunge og store kj\u00f8ret\u00f8y. Gj\u00f8r man \u00e9n feil, kan hele kj\u00f8ret\u00f8yet kollapse.\u00bb Det er her radiostyring kommer inn. \u00ab\u00d8nsker du \u00e5 unng\u00e5 skader eller \u00f8deleggelse p\u00e5 de viktigste delene, trenger du den beste radiostyringen tilgjengelig. F\u00f8lsomheten p\u00e5 utstyret fra Tele Radio gj\u00f8r at operat\u00f8rene smidig kan l\u00f8fte kj\u00f8ret\u00f8yene og ha full kontroll over den tunge lasten.\u00bb<\/p>\n\n\n\n<h3 class=\"wp-block-heading has-black-color has-text-color\"><strong>Proporsjonalitet: Kjernen under tunge operasjoner\u00a0<\/strong><\/h3>\n\n\n\n<p>Michel setter pris p\u00e5 Tele Radios engasjement i utviklingen av GTS. \u00abFabrikken ble bes\u00f8kt av representanter fra Tele Radio to ganger i l\u00f8pet av et \u00e5r. De tar seg tid til \u00e5 forst\u00e5 v\u00e5re utfordringer og behov, og finner de beste l\u00f8sningene for v\u00e5re produkter og tjenester.\u00bb<\/p>\n\n\n\n<p>Det er flere grunner til at valget falt p\u00e5 Tele Radio: \u00abSenderne leveres med proporsjonalitet, som kan v\u00e6re avgj\u00f8rende for at oppdraget lykkes. Hvor mye styrke som legges p\u00e5 \u00e9n knapp p\u00e5virker bevegelsene i sanntid. Radiostyring fra Tele Radio tillater ekstremt presise og kontrollerte bevegelser, som i v\u00e5rt arbeid kan v\u00e6re livreddende.\u00bb<\/p>\n\n\n\n<p>\u00abV\u00e5re kunder kontrollerer n\u00e5 bergingsbiler fra en avstand p\u00e5 hele 50 meter. Operat\u00f8rene trekker kabelen til et kj\u00f8ret\u00f8y som har hatt et uhell og begynner redningsoperasjonen p\u00e5 stedet, uten at man trenger \u00e5 g\u00e5 tilbake til kontrollpanelet i lastebilen.\u00bb<\/p>\n\n\n\n<h3 class=\"wp-block-heading has-black-color has-text-color\">Leverand\u00f8r av den beste servicen og de beste komponentene<\/h3>\n\n\n\n<p>GTS benytter seg av Tele Radios systemer <a href=\"https:\/\/www.tele-radio.com\/nb\/joysticksendere\/\">VersaTEQ<\/a> og <a href=\"https:\/\/www.tele-radio.com\/nb\/produkter\/panther-enkel-og-fleksibel-radiostyring\/\">Panther<\/a>. Avhengig av kundens lokasjon og behov, tilbyr bedriften den st\u00f8rre og mer komplekse VersaTEQ, i tillegg til den mindre Panther-senderen.<\/p>\n\n\n\n<p>\u00abN\u00e5r en operat\u00f8r m\u00e5 krype under et kj\u00f8ret\u00f8y, er det ikke alltid god nok plass til \u00e5 bruke VersaTEQ. I disse tilfellene kan han ta i bruk Panther-senderen, og fortsatt kontrollere mange av bergingbilens funksjoner.\u00bb<\/p>\n\n\n\n<p>\u00abV\u00e5rt m\u00e5l er \u00e5 levere den beste servicen og de beste komponentene som overhodet mulig. Tele Radio knytter seg til denne ambisjonen.\u201d<\/p>\n<\/details>\n\n\n\n<div class=\"wp-block-group has-gallery-background-color has-background\" style=\"padding-top:50px;padding-bottom:50px\"><div class=\"wp-block-group__inner-container is-layout-flow wp-block-group-is-layout-flow\">\n<blockquote class=\"wp-block-quote is-style-large is-layout-flow wp-block-quote-is-layout-flow\">\n<p>\u00abF\u00f8lsomheten p\u00e5 utstyret fra Tele Radio gj\u00f8r at operat\u00f8rene smidig kan l\u00f8fte kj\u00f8ret\u00f8yene og ha full kontroll over den tunge lasten.\u00bb<\/p>\n<cite>Michel Noel, Managing Director \u2013 Global Towing Systems<\/cite><\/blockquote>\n<\/div><\/div>\n\n\n\n<div class=\"wp-block-group\" style=\"padding-top:60px;padding-bottom:60px\"><div class=\"wp-block-group__inner-container is-layout-flow wp-block-group-is-layout-flow\">\n<h2 class=\"wp-block-heading has-text-align-center has-kelp-color has-text-color\">Hvorfor Tele Radio?<\/h2>\n\n\n\n<div class=\"wp-block-columns is-layout-flex wp-container-core-columns-is-layout-7501fc45 wp-block-columns-is-layout-flex\" style=\"padding-top:40px\">\n<div class=\"wp-block-column is-layout-flow wp-block-column-is-layout-flow\">\n<h3 class=\"wp-block-heading has-amber-color has-text-color\">Milimeterpresisjon<\/h3>\n\n\n\n<p class=\"has-gray-color has-text-color\">Proporsjonale knapper overf\u00f8rer trykk og press fra fingrene direkte til smidige bevegelser i arbeidet \u2013 kritisk n\u00e5r det l\u00f8ftes tungt.<\/p>\n<\/div>\n\n\n\n<div class=\"wp-block-column is-layout-flow wp-block-column-is-layout-flow\">\n<h3 class=\"wp-block-heading has-amber-color has-text-color\">Arbeidsomr\u00e5de p\u00e5 50 m<\/h3>\n\n\n\n<p class=\"has-gray-color has-text-color\">Bli p\u00e5 trygg grunn, samtidig som du har full kontroll \u2013 dagene med \u00e5 l\u00f8pe frem og tilbake til kontrollpanelet er over.<\/p>\n<\/div>\n\n\n\n<div class=\"wp-block-column is-layout-flow wp-block-column-is-layout-flow\">\n<h3 class=\"wp-block-heading has-amber-color has-text-color\">Robust &amp; Modul\u00e6r<\/h3>\n\n\n\n<p class=\"has-gray-color has-text-color\">Fra TEQ-sender i full-size til en kompakt h\u00e5ndholdt Panther: velg senderen som passer oppgaven perfekt.<\/p>\n<\/div>\n<\/div>\n<\/div><\/div>\n\n\n\n<p><\/p>\n\n\n\n<section id=\"cta\" class=\"wp-block-group has-amber-background-color has-background\" style=\"padding-top:60px;padding-bottom:60px\"><div class=\"wp-block-group__inner-container is-layout-flow wp-block-group-is-layout-flow\">\n<h2 class=\"wp-block-heading has-text-align-center has-kelp-color has-text-color\">Klar for \u00e5 arbeide mer effektivt og fleksibelt?<\/h2>\n\n\n\n<div class=\"wp-block-buttons is-content-justification-center is-layout-flex wp-container-core-buttons-is-layout-16018d1d wp-block-buttons-is-layout-flex\">\n<div class=\"wp-block-button\"><a class=\"wp-block-button__link has-white-color has-kelp-background-color has-text-color has-background has-custom-font-size wp-element-button\" href=\"https:\/\/www.tele-radio.com\/nb\/kontakt-oss\/\" style=\"border-radius:4px;padding-top:14px;padding-right:34px;padding-bottom:14px;padding-left:34px;font-size:20px\">Ta kontakt med oss i dag!<\/a><\/div>\n<\/div>\n<\/div><\/section>\n\n\n\n<section id=\"contact\" class=\"wp-block-group contact-section has-kelp-background-color has-background\" style=\"padding-top:60px;padding-bottom:60px\"><div class=\"wp-block-group__inner-container is-layout-flow wp-block-group-is-layout-flow\">\n<h2 class=\"wp-block-heading has-text-align-center has-white-color has-text-color\">Kom i kontakt med en ekspert<\/h2>\n\n\n\n<p class=\"has-text-align-center has-white-color has-text-color\">Fyll ut skjemaet under, og vi tar kontakt med deg!<\/p>\n<\/div><\/section>\n\n\n\n<div style=\"height:33px\" aria-hidden=\"true\" class=\"wp-block-spacer\"><\/div>\n\n\n\n<div class=\"wp-block-contact-form-7-contact-form-selector\">\n<div class=\"wpcf7 no-js\" id=\"wpcf7-f259832-o1\" lang=\"en-EN\" dir=\"ltr\" data-wpcf7-id=\"259832\">\n<div class=\"screen-reader-response\"><p role=\"status\" aria-live=\"polite\" aria-atomic=\"true\"><\/p> <ul><\/ul><\/div>\n<form action=\"\/nb\/wp-json\/wp\/v2\/pages\/259572#wpcf7-f259832-o1\" method=\"post\" class=\"wpcf7-form init\" aria-label=\"Contact form\" novalidate=\"novalidate\" data-status=\"init\">\n<fieldset class=\"hidden-fields-container\"><input type=\"hidden\" name=\"_wpcf7\" value=\"259832\" \/><input type=\"hidden\" name=\"_wpcf7_version\" value=\"6.1\" \/><input type=\"hidden\" name=\"_wpcf7_locale\" value=\"en_EN\" \/><input type=\"hidden\" name=\"_wpcf7_unit_tag\" value=\"wpcf7-f259832-o1\" \/><input type=\"hidden\" name=\"_wpcf7_container_post\" value=\"0\" \/><input type=\"hidden\" name=\"_wpcf7_posted_data_hash\" value=\"\" \/><input type=\"hidden\" name=\"_wpcf7_recaptcha_response\" value=\"\" \/>\n<\/fieldset>\n<p><label> Ditt navn<br \/>\n<span class=\"wpcf7-form-control-wrap\" data-name=\"your-name\"><input size=\"40\" maxlength=\"400\" class=\"wpcf7-form-control wpcf7-text wpcf7-validates-as-required\" aria-required=\"true\" aria-invalid=\"false\" value=\"\" type=\"text\" name=\"your-name\" \/><\/span> <\/label>\n<\/p>\n<p><label> E-post<br \/>\n<span class=\"wpcf7-form-control-wrap\" data-name=\"your-email\"><input size=\"40\" maxlength=\"400\" class=\"wpcf7-form-control wpcf7-email wpcf7-validates-as-required wpcf7-text wpcf7-validates-as-email\" aria-required=\"true\" aria-invalid=\"false\" value=\"\" type=\"email\" name=\"your-email\" \/><\/span> <\/label>\n<\/p>\n<p><label> Din beskjed<br \/>\n<span class=\"wpcf7-form-control-wrap\" data-name=\"your-message\"><textarea cols=\"40\" rows=\"10\" maxlength=\"2000\" class=\"wpcf7-form-control wpcf7-textarea\" aria-invalid=\"false\" name=\"your-message\"><\/textarea><\/span> <\/label>\n<\/p>\n<p><input class=\"wpcf7-form-control wpcf7-submit has-spinner\" type=\"submit\" value=\"Send inn\" \/>\n<\/p><div class=\"wpcf7-response-output\" aria-hidden=\"true\"><\/div>\n<\/form>\n<\/div>\n\r\n\t\t\t\t<script>\r\n\t\t\t\tif ( typeof huOptions !== 'undefined' ) {\r\n\t\t\t\t\tvar huFormData = {\"source\":\"contactform7\",\"id\":259832,\"title\":\"TRNOR\",\"fields\":{\"subject\":{\"first_name\":\"your-name\",\"email\":\"your-email\"},\"preferences\":{\"terms\":\"your-consent\"}}};\r\n\t\t\t\t\tvar huFormNode = document.querySelector( '[id^=\"wpcf7-f259832-\"] form' );\r\n\r\n\t\t\t\t\thuFormData['node'] = huFormNode;\r\n\t\t\t\t\thuOptions['forms'].push( huFormData );\r\n\t\t\t\t}\r\n\t\t\t\t<\/script><\/div>\n","protected":false},"excerpt":{"rendered":"<p>Deres utfordring Lastebiler, busser og milit\u00e6re kj\u00f8ret\u00f8y som havner i ulykker krever ekstrem presisjon i en redningsoperasjon. Et feilsteg kan for\u00e5rsake store materielle skader \u2013 eller i verste fall \u2013 personskader. V\u00e5r l\u00f8sning Tele Radios VersaTEQ og Panther-systemer gir operat\u00f8rene kontroll p\u00e5 milimeteren \u2013 fra en avstand p\u00e5 hele 50 meter. Global Towing Systems: \u00abForhindring [&hellip;]<\/p>\n","protected":false},"author":78,"featured_media":259366,"parent":0,"menu_order":0,"comment_status":"closed","ping_status":"closed","template":"content-customer-stories.php","meta":{"_acf_changed":false,"footnotes":""},"class_list":["post-259572","page","type-page","status-publish","has-post-thumbnail","hentry"],"acf":[],"_links":{"self":[{"href":"https:\/\/www.tele-radio.com\/nb\/wp-json\/wp\/v2\/pages\/259572","targetHints":{"allow":["GET"]}}],"collection":[{"href":"https:\/\/www.tele-radio.com\/nb\/wp-json\/wp\/v2\/pages"}],"about":[{"href":"https:\/\/www.tele-radio.com\/nb\/wp-json\/wp\/v2\/types\/page"}],"author":[{"embeddable":true,"href":"https:\/\/www.tele-radio.com\/nb\/wp-json\/wp\/v2\/users\/78"}],"replies":[{"embeddable":true,"href":"https:\/\/www.tele-radio.com\/nb\/wp-json\/wp\/v2\/comments?post=259572"}],"version-history":[{"count":13,"href":"https:\/\/www.tele-radio.com\/nb\/wp-json\/wp\/v2\/pages\/259572\/revisions"}],"predecessor-version":[{"id":259857,"href":"https:\/\/www.tele-radio.com\/nb\/wp-json\/wp\/v2\/pages\/259572\/revisions\/259857"}],"wp:featuredmedia":[{"embeddable":true,"href":"https:\/\/www.tele-radio.com\/nb\/wp-json\/wp\/v2\/media\/259366"}],"wp:attachment":[{"href":"https:\/\/www.tele-radio.com\/nb\/wp-json\/wp\/v2\/media?parent=259572"}],"curies":[{"name":"wp","href":"https:\/\/api.w.org\/{rel}","templated":true}]}}