{"id":250906,"date":"2025-04-01T13:09:48","date_gmt":"2025-04-01T13:09:48","guid":{"rendered":"https:\/\/www.tele-radio.com\/?page_id=250906"},"modified":"2025-05-15T07:38:06","modified_gmt":"2025-05-15T07:38:06","slug":"duropaq-th55","status":"publish","type":"page","link":"https:\/\/www.tele-radio.com\/nb\/duropaq-th55\/","title":{"rendered":"DuroPAQ TH55"},"content":{"rendered":"\n<h1 class=\"wp-block-heading is-style-outlined-title\"><strong>DuroPAQ TH55<\/strong><\/h1>\n\n\n\n<div style=\"height:59px\" aria-hidden=\"true\" class=\"wp-block-spacer\"><\/div>\n\n\n\n<div class=\"wp-block-columns is-layout-flex wp-container-core-columns-is-layout-9d6595d7 wp-block-columns-is-layout-flex\">\n<div class=\"wp-block-column is-layout-flow wp-block-column-is-layout-flow\" style=\"flex-basis:66.66%\">\n<div style=\"height:55px\" aria-hidden=\"true\" class=\"wp-block-spacer\"><\/div>\n\n\n\n<p style=\"font-size:25px;font-style:normal;font-weight:400\">Ser du etter en sender som er allsidig, robust og utviklet for fremtiden? Her har du svaret.&nbsp;<strong>DuroPAQ TH55 (T37)&nbsp;<\/strong>er i frontlinjen av tr\u00e5dl\u00f8se radiokontroller og er utviklet for \u00e5 m\u00f8te fremtidige krav til sikkerhet. Med den robuste og solide konstruksjonen er du garantert en sender som t\u00e5ler de mest utfordrende og t\u00f8ffeste forholdene. Det oppgraderte gummidekselet beskytter senderen \u2013 spesielt utviklet for v\u00e5re kunders krevende arbeidsplasser. <strong>De \u00e5tte knappene<\/strong>&nbsp;p\u00e5 denne senderen p\u00e5&nbsp;<strong>inngangsniv\u00e5?<\/strong> De erstatter skjermen p\u00e5 navnebroren, DuroPAQ TH56, for flere muligheter for tilpasning og kontroll av maskiner.<\/p>\n<\/div>\n\n\n\n<div class=\"wp-block-column is-layout-flow wp-block-column-is-layout-flow\" style=\"flex-basis:33.33%\">\n<figure class=\"wp-block-image size-large is-resized is-style-rounded\"><img decoding=\"async\" src=\"https:\/\/www.tele-radio.com\/app\/uploads\/\/FH-LC-DURP_TH37_55-1200x798.jpg\" alt=\"\" class=\"wp-image-248668\" style=\"width:385px;height:auto\"\/><\/figure>\n<\/div>\n<\/div>\n\n\n\n<div style=\"height:56px\" aria-hidden=\"true\" class=\"wp-block-spacer\"><\/div>\n\n\n\n<h2 class=\"wp-block-heading has-text-align-center is-style-outlined-title\"><strong>Egenskaper<\/strong><\/h2>\n\n\n\n<div style=\"height:50px\" aria-hidden=\"true\" class=\"wp-block-spacer\"><\/div>\n\n\n\n<div class=\"wp-block-columns is-layout-flex wp-container-core-columns-is-layout-9d6595d7 wp-block-columns-is-layout-flex\">\n<div class=\"wp-block-column is-layout-flow wp-block-column-is-layout-flow\"><\/div>\n\n\n\n<div class=\"wp-block-column is-layout-flow wp-block-column-is-layout-flow\" style=\"flex-basis:100%\">\n<div class=\"paq-container\">\n  <div class=\"paq-sidebar\">\n    <button class=\"tab-button\" onclick=\"openSpec(event, 'General')\" id=\"defaultOpen\">Generelt<\/button>\n    <button class=\"tab-button\" onclick=\"openSpec(event, 'Flexibility')\">Fleksibilitet<\/button>\n    <button class=\"tab-button\" onclick=\"openSpec(event, 'Connectivity')\">Tilkobling<\/button>\n    <button class=\"tab-button\" onclick=\"openSpec(event, 'Protection')\">Sikkerhet<\/button>\n  <\/div>\n\n  <div class=\"paq-content\">\n    <div id=\"General\" class=\"tab-content\">\n      <h3>Generelt<\/h3>\n      <p>DuroPAQ TH55 er spesielt utviklet for krevende industrielle applikasjoner. Senderen kombinerer 8 responsive two-stegs-knapper med et robust, kompakt design. Ideell til styring av transportb\u00e5nd, vinsjer p\u00e5 tauebiler, eller landbruksmaskiner \u2013 denne senderen garanterer presis og p\u00e5litelig kontroll under t\u00f8ffe arbeidsforhold. Det robuste dekselet med IP66-beskyttelse, gj\u00f8r at senderen er stabil og yter sitt beste, selv i krevende milj\u00f8er.<\/p>\n    <\/div>\n\n    <div id=\"Flexibility\" class=\"tab-content\" style=\"display:none\">\n      <h3>Fleksibilitet<\/h3>\n      <p>Med DuroPAQ TH55, har du alltid full kontroll. Avansert plug-in-technologi tilbyr deg uendelige muligheter for tilpasning, som \u00e5 definere egne funksjoner til knappene eller LED-indikatorene, og konfigurere sensorer til dine spesifikke behov. For eksempel kan du bruke den innebygde akselerasjonssensoren og varsleren for \u00e5 advare operat\u00f8rene om maskiner eller utstyr ikke lenger er stabilt eller sikkert \u00e5 bruke \u2014 En n\u00f8dvendighet for oppgaver som inneb\u00e6rer tunge l\u00f8ft p\u00e5 byggeplasser eller skogsdrift.<\/p>\n    <\/div>\n\n    <div id=\"Connectivity\" class=\"tab-content\" style=\"display:none\">\n      <h3>Tilkobling<\/h3>\n      <p>DuroPAQ TH55 ensures seamless connectivity via den intuitive FieldManager\u2122-appen for Android og iOS. Konfigurer innstillinger for senderen uansett hvor du befinner deg, administrer brukertilganger sikkert gjennom RFID-identifisering, eller del oppsett og teknisk informasjon raskt via e-post. Ideelt for brukere som trenger \u00f8yeblikkelig tilgang til enhetens innstillinger eller dokumenter og manualer for support, uansett hvor de befinner seg.<\/p>\n    <\/div>\n\n    <div id=\"Protection\" class=\"tab-content\" style=\"display:none\">\n      <h3>Sikkerhet<\/h3>\n      <p>Designet til \u00e5 m\u00f8te industriens h\u00f8yeste krav til sikkerhet (PLe, CAT4, SIL3), DuroPAQ TH55 tilbyr eksepsjonell sikkerhet. Separate prosessorer til hver eneste funksjon; radiokommunikasjon, brukerinstallerte plug-ins og kritiske sikkerhetsfunksjoner, som betyr at kundenes egen software eller deres modifikasjoner ikke kan forstyrre senderens viktigste funksjoner. Dette beskytter brukerne, utstyr og maskiner, og garanterer trygge arbeidsforhold hver dag.<\/p>\n    <\/div>\n  <\/div>\n<\/div>\n<\/div>\n<\/div>\n\n\n\n<div style=\"height:78px\" aria-hidden=\"true\" class=\"wp-block-spacer\"><\/div>\n\n\n\n<h2 class=\"wp-block-heading\"><strong>R30 Mottaker \u2013 Allsidig kontroll, ekstremt p\u00e5litelig<\/strong><\/h2>\n\n\n\n<p><strong>R30 mottakeren<\/strong>&nbsp;fra Tele Radio tilbyr maksimalt med fleksibilitet, med hele \u00e5tte forskjellige modeller skreddersydd til ditt spenningssystem \u2013 fire av de utviklet for 12-24 VDC og 24-48 VAC og fire for 110\u2013230 VAC. Designet for holdbarhet; alle R30 mottakerne fullstendig vanntette med IP66-beskyttelse, noe som gj\u00f8r mottakerne idelle for krevende industrielle forhold, som utend\u00f8rs kranstyring eller styring av maskiner i landbrukssektoren.<\/p>\n\n\n\n<p>Med innebygde sikkerhetsfunksjoner som to dedikerte stopprel\u00e9er, fem standard funksjonsrel\u00e9er og muligheten til \u00e5 legge til ekspansjonskort som tilf\u00f8yer fem ekstra rel\u00e9er, garanterer R30 presis, responsiv og trygg kontroll. En intern antenne s\u00f8rger for stabil og p\u00e5litelig kommunikasjon, mens den valgfrie eksterne antennen styrker signalet i spesielt utfordrende milj\u00f8er. Utvalgte modeller er ogs\u00e5 sertifisert i henhold til de nyeste maskinforskriftene, slik at du f\u00e5r full trygghet og samsvarsgaranti.<\/p>\n\n\n\n<div style=\"height:70px\" aria-hidden=\"true\" class=\"wp-block-spacer\"><\/div>\n\n\n\n<div class=\"wp-block-columns is-layout-flex wp-container-core-columns-is-layout-9d6595d7 wp-block-columns-is-layout-flex\">\n<div class=\"wp-block-column has-black-background-color has-background is-layout-flow wp-block-column-is-layout-flow\" style=\"flex-basis:25%\">\n<div style=\"height:50px\" aria-hidden=\"true\" class=\"wp-block-spacer\"><\/div>\n\n\n<div class=\"wp-block-image paq-style-rounded\">\n<figure class=\"aligncenter size-large is-resized\"><img loading=\"lazy\" decoding=\"async\" width=\"1200\" height=\"800\" src=\"https:\/\/www.tele-radio.com\/app\/uploads\/\/R30_01-1-1200x800.png\" alt=\"\" class=\"wp-image-247952\" style=\"aspect-ratio:1;object-fit:contain;width:189px;height:auto\" srcset=\"https:\/\/www.tele-radio.com\/app\/uploads\/R30_01-1-1200x800.png 1200w, https:\/\/www.tele-radio.com\/app\/uploads\/R30_01-1-400x267.png 400w, https:\/\/www.tele-radio.com\/app\/uploads\/R30_01-1-768x512.png 768w, https:\/\/www.tele-radio.com\/app\/uploads\/R30_01-1-1536x1024.png 1536w, https:\/\/www.tele-radio.com\/app\/uploads\/R30_01-1-2048x1365.png 2048w, https:\/\/www.tele-radio.com\/app\/uploads\/R30_01-1-750x500.png 750w, https:\/\/www.tele-radio.com\/app\/uploads\/R30_01-1-500x333.png 500w, https:\/\/www.tele-radio.com\/app\/uploads\/R30_01-1-1600x1067.png 1600w, https:\/\/www.tele-radio.com\/app\/uploads\/R30_01-1-800x533.png 800w\" sizes=\"auto, (max-width: 1200px) 100vw, 1200px\" \/><\/figure><\/div>\n\n\n<div style=\"height:32px\" aria-hidden=\"true\" class=\"wp-block-spacer\"><\/div>\n\n\n\n<p class=\"has-text-align-center has-white-color has-text-color has-link-color wp-elements-392f2188fccfd390028f7054659aeb03\" style=\"font-size:24px\"><strong>R30-21\/R30-26<\/strong><br><em>MOTTAKER<\/em><\/p>\n\n\n\n<p class=\"has-text-align-left has-white-color has-text-color has-link-color has-medium-font-size wp-elements-b99fa424c837d2d7224d392fa80f6790\">\u2705&nbsp;<strong>Spenning:<\/strong> 12-24 VDC &amp; 24-48 VAC<br>\u2705&nbsp;<strong>Frekvens:<\/strong> 2.4 GHz (2405 &#8211; 2480 MHz), DSSS<br>\u2705&nbsp;<strong>Kommunikasjon:<\/strong> Dupleks (TEQ) \/ Simpleks (Panther)<br>\u2705&nbsp;<strong>Rel\u00e9er:<\/strong> 2 stopp + 5 funksjonsrel\u00e9er<br>\u274c&nbsp;<strong>Ekspansjonskort:<\/strong> Nei<br>\u2705&nbsp;<strong>Antenne:<\/strong> Intern (mulighet for ekstern antenne)<br>\u2705&nbsp;<strong>Beskyttelse:<\/strong> IP66<br>\u2705&nbsp;<strong>Safety Certification:<\/strong> PLe, CAT4, SIL3 (stop function)<br>\u2705&nbsp;<strong>App:<\/strong> Smartphone FieldManager\u2122 til Android\/iOS<br>\u2705&nbsp;<strong>Sertifisering (Maskinforskrifter):<\/strong> kun R30\u201326<\/p>\n\n\n\n<div style=\"height:50px\" aria-hidden=\"true\" class=\"wp-block-spacer\"><\/div>\n\n\n\n<div style=\"height:30px\" aria-hidden=\"true\" class=\"wp-block-spacer\"><\/div>\n<\/div>\n\n\n\n<div class=\"wp-block-column has-black-background-color has-background is-layout-flow wp-block-column-is-layout-flow\" style=\"flex-basis:25%\">\n<div style=\"height:50px\" aria-hidden=\"true\" class=\"wp-block-spacer\"><\/div>\n\n\n<div class=\"wp-block-image paq-style-rounded\">\n<figure class=\"aligncenter size-large is-resized\"><img loading=\"lazy\" decoding=\"async\" width=\"1200\" height=\"800\" src=\"https:\/\/www.tele-radio.com\/app\/uploads\/\/R30_01-1-1200x800.png\" alt=\"\" class=\"wp-image-247952\" style=\"aspect-ratio:1;object-fit:contain;width:189px\" srcset=\"https:\/\/www.tele-radio.com\/app\/uploads\/R30_01-1-1200x800.png 1200w, https:\/\/www.tele-radio.com\/app\/uploads\/R30_01-1-400x267.png 400w, https:\/\/www.tele-radio.com\/app\/uploads\/R30_01-1-768x512.png 768w, https:\/\/www.tele-radio.com\/app\/uploads\/R30_01-1-1536x1024.png 1536w, https:\/\/www.tele-radio.com\/app\/uploads\/R30_01-1-2048x1365.png 2048w, https:\/\/www.tele-radio.com\/app\/uploads\/R30_01-1-750x500.png 750w, https:\/\/www.tele-radio.com\/app\/uploads\/R30_01-1-500x333.png 500w, https:\/\/www.tele-radio.com\/app\/uploads\/R30_01-1-1600x1067.png 1600w, https:\/\/www.tele-radio.com\/app\/uploads\/R30_01-1-800x533.png 800w\" sizes=\"auto, (max-width: 1200px) 100vw, 1200px\" \/><\/figure><\/div>\n\n\n<div style=\"height:35px\" aria-hidden=\"true\" class=\"wp-block-spacer\"><\/div>\n\n\n\n<p class=\"has-text-align-center has-white-color has-text-color has-link-color wp-elements-b8e1c7588163ee9f105274c31c37b52d\" style=\"font-size:22px\"><strong>R30-22\/R30-27<\/strong><br><em>MOTTAKER<\/em><\/p>\n\n\n\n<p class=\"has-text-align-left has-white-color has-text-color has-link-color has-medium-font-size wp-elements-161620a62e2b9a49c2d233e51c29846e\">\u2705&nbsp;<strong>Spenning:<\/strong> 12-24 VDC &amp; 24-48 VAC<br>\u2705&nbsp;<strong>Frekvens:<\/strong> 2.4 GHz (2405 &#8211; 2480 MHz), DSSS<br>\u2705&nbsp;<strong>Kommunikasjon:<\/strong> Dupleks (TEQ) \/ Simpleks (Panther)<br>\u2705&nbsp;<strong>Rel\u00e9er:<\/strong> 2 stopp + 5 funksjonsrel\u00e9er<br>\u2705&nbsp;<strong>Ekspansjonskort:<\/strong> Ja (5 ekstra rel\u00e9er)<br>\u2705 <strong>Antenne:<\/strong> Intern (mulighet for ekstern antenne)<br>\u2705&nbsp;<strong>Beskyttelse:<\/strong>&nbsp;IP66<br>\u2705&nbsp;<strong>Safety Certification:<\/strong>&nbsp;PLe, CAT4, SIL3 (stop function)<br>\u2705&nbsp;<strong>App:<\/strong> Smartphone FieldManager\u2122 til Android\/iOS<br>\u2705&nbsp;<strong>Sertifisering (Maskinforskrifter):<\/strong> kun R30\u201327<\/p>\n\n\n\n<div style=\"height:40px\" aria-hidden=\"true\" class=\"wp-block-spacer\"><\/div>\n\n\n\n<div style=\"height:30px\" aria-hidden=\"true\" class=\"wp-block-spacer\"><\/div>\n<\/div>\n\n\n\n<div class=\"wp-block-column has-black-background-color has-background is-layout-flow wp-block-column-is-layout-flow\" style=\"flex-basis:25%\">\n<div style=\"height:50px\" aria-hidden=\"true\" class=\"wp-block-spacer\"><\/div>\n\n\n<div class=\"wp-block-image paq-style-rounded\">\n<figure class=\"aligncenter size-large is-resized\"><img loading=\"lazy\" decoding=\"async\" width=\"1200\" height=\"800\" src=\"https:\/\/www.tele-radio.com\/app\/uploads\/\/R30_01-1-1200x800.png\" alt=\"\" class=\"wp-image-247952\" style=\"aspect-ratio:1;object-fit:contain;width:189px\" srcset=\"https:\/\/www.tele-radio.com\/app\/uploads\/R30_01-1-1200x800.png 1200w, https:\/\/www.tele-radio.com\/app\/uploads\/R30_01-1-400x267.png 400w, https:\/\/www.tele-radio.com\/app\/uploads\/R30_01-1-768x512.png 768w, https:\/\/www.tele-radio.com\/app\/uploads\/R30_01-1-1536x1024.png 1536w, https:\/\/www.tele-radio.com\/app\/uploads\/R30_01-1-2048x1365.png 2048w, https:\/\/www.tele-radio.com\/app\/uploads\/R30_01-1-750x500.png 750w, https:\/\/www.tele-radio.com\/app\/uploads\/R30_01-1-500x333.png 500w, https:\/\/www.tele-radio.com\/app\/uploads\/R30_01-1-1600x1067.png 1600w, https:\/\/www.tele-radio.com\/app\/uploads\/R30_01-1-800x533.png 800w\" sizes=\"auto, (max-width: 1200px) 100vw, 1200px\" \/><\/figure><\/div>\n\n\n<div style=\"height:36px\" aria-hidden=\"true\" class=\"wp-block-spacer\"><\/div>\n\n\n\n<p class=\"has-text-align-center has-white-color has-text-color has-link-color wp-elements-402969be64f6a430b4b579a8f754ddc8\" style=\"font-size:22px\"><strong>R30-71\/R30-76<br><\/strong><em>MOTTAKER<\/em><\/p>\n\n\n\n<p class=\"has-white-color has-text-color has-link-color has-medium-font-size wp-elements-b22ea7b9e728326fb0981ffcadcbc04f\">\u2705&nbsp;<strong>Spenning:<\/strong> 110-230 VAC<br>\u2705&nbsp;<strong>Frekvens:<\/strong> 2.4 GHz (2405 &#8211; 2480 MHz), DSSS<br>\u2705&nbsp;<strong>Kommunikasjon:<\/strong> Dupleks (TEQ) \/ Simpleks (Panther)<br>\u2705&nbsp;<strong>Rel\u00e9er:<\/strong> 2 stopp + 5 funksjonsrel\u00e9er<br>\u274c&nbsp;<strong>Ekspansjonskort:<\/strong> Nei<br>\u2705 <strong>Antenne<\/strong>: Intern (mulighet for ekstern antenne)<br>\u2705&nbsp;<strong>Beskyttelse:<\/strong>&nbsp;IP66<br>\u2705&nbsp;<strong>Safety Certification:<\/strong>&nbsp;PLe, CAT4, SIL3 (stop function)<br>\u2705&nbsp;<strong>App:<\/strong> Smartphone FieldManager\u2122 til Android\/iOS<br>\u2705&nbsp;<strong>Sertifisering (Maskinforskrifter):<\/strong> kun R30\u201376<\/p>\n\n\n\n<div style=\"height:66px\" aria-hidden=\"true\" class=\"wp-block-spacer\"><\/div>\n\n\n\n<div style=\"height:30px\" aria-hidden=\"true\" class=\"wp-block-spacer\"><\/div>\n<\/div>\n\n\n\n<div class=\"wp-block-column has-black-background-color has-background is-layout-flow wp-block-column-is-layout-flow\" style=\"flex-basis:25%\">\n<div style=\"height:50px\" aria-hidden=\"true\" class=\"wp-block-spacer\"><\/div>\n\n\n<div class=\"wp-block-image paq-style-rounded\">\n<figure class=\"aligncenter size-large is-resized\"><img loading=\"lazy\" decoding=\"async\" width=\"1200\" height=\"800\" src=\"https:\/\/www.tele-radio.com\/app\/uploads\/\/R30_01-1-1200x800.png\" alt=\"\" class=\"wp-image-247952\" style=\"aspect-ratio:1;object-fit:contain;width:189px\" srcset=\"https:\/\/www.tele-radio.com\/app\/uploads\/R30_01-1-1200x800.png 1200w, https:\/\/www.tele-radio.com\/app\/uploads\/R30_01-1-400x267.png 400w, https:\/\/www.tele-radio.com\/app\/uploads\/R30_01-1-768x512.png 768w, https:\/\/www.tele-radio.com\/app\/uploads\/R30_01-1-1536x1024.png 1536w, https:\/\/www.tele-radio.com\/app\/uploads\/R30_01-1-2048x1365.png 2048w, https:\/\/www.tele-radio.com\/app\/uploads\/R30_01-1-750x500.png 750w, https:\/\/www.tele-radio.com\/app\/uploads\/R30_01-1-500x333.png 500w, https:\/\/www.tele-radio.com\/app\/uploads\/R30_01-1-1600x1067.png 1600w, https:\/\/www.tele-radio.com\/app\/uploads\/R30_01-1-800x533.png 800w\" sizes=\"auto, (max-width: 1200px) 100vw, 1200px\" \/><\/figure><\/div>\n\n\n<div style=\"height:36px\" aria-hidden=\"true\" class=\"wp-block-spacer\"><\/div>\n\n\n\n<p class=\"has-text-align-center has-white-color has-text-color has-link-color wp-elements-d3623c9f9a5ed55f8f2ecc7e19d905a6\" style=\"font-size:22px\"><strong>R30-72\/R30-77<br><\/strong><em>MOTTAKER<\/em><\/p>\n\n\n\n<p class=\"has-white-color has-text-color has-link-color has-medium-font-size wp-elements-185e046e57f258ed0a13ed0219e2c607\">\u2705&nbsp;<strong>Spenning:<\/strong> 110-230 VAC<br>\u2705&nbsp;<strong>Frekvens:<\/strong> 2.4 GHz (2405 &#8211; 2480 MHz), DSSS<br>\u2705&nbsp;<strong>Kommunikasjon:<\/strong> Dupleks (TEQ) \/ Simpleks (Panther)<br>\u2705&nbsp;<strong>Rel\u00e9er:<\/strong> 2 stopp + 5 funksjonsrel\u00e9er<br>\u2705&nbsp;<strong>Ekspansjonskort:<\/strong> Ja (5 ekstra rel\u00e9er)<br>\u2705 <strong>Antenne<\/strong>: Intern (mulighet for ekstern antenne)<br>\u2705&nbsp;<strong>Beskyttelse:&nbsp;<\/strong>IP66<br>\u2705&nbsp;<strong>Safety Certification:<\/strong>&nbsp;PLe, CAT4, SIL3 (stop function)<br>\u2705&nbsp;<strong>App:<\/strong> Smartphone FieldManager\u2122 til Android\/iOS<br>\u2705&nbsp;<strong>Sertifisering (Maskinforskrifter):<\/strong> kun R30\u201377<\/p>\n<\/div>\n<\/div>\n\n\n\n<div style=\"height:57px\" aria-hidden=\"true\" class=\"wp-block-spacer\"><\/div>\n\n\n\n<h2 class=\"wp-block-heading has-text-align-center\"><strong>Last ned datablad med full teknisk spesifikasjon<\/strong><\/h2>\n\n\n\n<div style=\"height:39px\" aria-hidden=\"true\" class=\"wp-block-spacer\"><\/div>\n\n\n\n<div class=\"wp-block-columns is-layout-flex wp-container-core-columns-is-layout-9d6595d7 wp-block-columns-is-layout-flex\">\n<div class=\"wp-block-column is-layout-flow wp-block-column-is-layout-flow\">\n<h3 class=\"wp-block-heading has-text-align-center\"><strong>DuroPAQ TH55<\/strong><\/h3>\n\n\n\n<div class=\"wp-block-buttons is-content-justification-center is-layout-flex wp-container-core-buttons-is-layout-16018d1d wp-block-buttons-is-layout-flex\">\n<div class=\"wp-block-button\"><a class=\"wp-block-button__link has-black-color has-text-color has-background has-link-color wp-element-button\" href=\"https:\/\/www.tele-radio.com\/app\/uploads\/Techsheet_DuroPAQ_TH55.pdf\" style=\"border-radius:16px;background-color:#fabb00\" target=\"_blank\" rel=\"noreferrer noopener\"><strong>Last ned<\/strong><\/a><\/div>\n<\/div>\n<\/div>\n\n\n\n<div class=\"wp-block-column is-layout-flow wp-block-column-is-layout-flow\">\n<h3 class=\"wp-block-heading has-text-align-center\"><strong>R30<\/strong><\/h3>\n\n\n\n<div class=\"wp-block-buttons is-content-justification-center is-layout-flex wp-container-core-buttons-is-layout-16018d1d wp-block-buttons-is-layout-flex\">\n<div class=\"wp-block-button\"><a class=\"wp-block-button__link has-black-color has-text-color has-background has-link-color wp-element-button\" href=\"https:\/\/www.tele-radio.com\/app\/uploads\/Techsheet_R30.pdf\" style=\"border-radius:16px;background-color:#fabb00\" target=\"_blank\" rel=\"noreferrer noopener\"><strong>Last ned<\/strong><\/a><\/div>\n<\/div>\n<\/div>\n<\/div>\n\n\n\n<div style=\"height:64px\" aria-hidden=\"true\" class=\"wp-block-spacer\"><\/div>\n\n\n\n<h2 class=\"wp-block-heading is-style-outlined-title\">Ta kontakt for mer informasjon!<\/h2>\n\n\n\n<div class=\"wp-block-contact-form-7-contact-form-selector\">\n<div class=\"wpcf7 no-js\" id=\"wpcf7-f259832-o1\" lang=\"en-EN\" dir=\"ltr\" data-wpcf7-id=\"259832\">\n<div class=\"screen-reader-response\"><p role=\"status\" aria-live=\"polite\" aria-atomic=\"true\"><\/p> <ul><\/ul><\/div>\n<form action=\"\/nb\/wp-json\/wp\/v2\/pages\/250906#wpcf7-f259832-o1\" method=\"post\" class=\"wpcf7-form init\" aria-label=\"Contact form\" novalidate=\"novalidate\" data-status=\"init\">\n<fieldset class=\"hidden-fields-container\"><input type=\"hidden\" name=\"_wpcf7\" value=\"259832\" \/><input type=\"hidden\" name=\"_wpcf7_version\" value=\"6.1\" \/><input type=\"hidden\" name=\"_wpcf7_locale\" value=\"en_EN\" \/><input type=\"hidden\" name=\"_wpcf7_unit_tag\" value=\"wpcf7-f259832-o1\" \/><input type=\"hidden\" name=\"_wpcf7_container_post\" value=\"0\" \/><input type=\"hidden\" name=\"_wpcf7_posted_data_hash\" value=\"\" \/><input type=\"hidden\" name=\"_wpcf7_recaptcha_response\" value=\"\" \/>\n<\/fieldset>\n<p><label> Ditt navn<br \/>\n<span class=\"wpcf7-form-control-wrap\" data-name=\"your-name\"><input size=\"40\" maxlength=\"400\" class=\"wpcf7-form-control wpcf7-text wpcf7-validates-as-required\" aria-required=\"true\" aria-invalid=\"false\" value=\"\" type=\"text\" name=\"your-name\" \/><\/span> <\/label>\n<\/p>\n<p><label> E-post<br \/>\n<span class=\"wpcf7-form-control-wrap\" data-name=\"your-email\"><input size=\"40\" maxlength=\"400\" class=\"wpcf7-form-control wpcf7-email wpcf7-validates-as-required wpcf7-text wpcf7-validates-as-email\" aria-required=\"true\" aria-invalid=\"false\" value=\"\" type=\"email\" name=\"your-email\" \/><\/span> <\/label>\n<\/p>\n<p><label> Din beskjed<br \/>\n<span class=\"wpcf7-form-control-wrap\" data-name=\"your-message\"><textarea cols=\"40\" rows=\"10\" maxlength=\"2000\" class=\"wpcf7-form-control wpcf7-textarea\" aria-invalid=\"false\" name=\"your-message\"><\/textarea><\/span> <\/label>\n<\/p>\n<p><input class=\"wpcf7-form-control wpcf7-submit has-spinner\" type=\"submit\" value=\"Send inn\" \/>\n<\/p><div class=\"wpcf7-response-output\" aria-hidden=\"true\"><\/div>\n<\/form>\n<\/div>\n\r\n\t\t\t\t<script>\r\n\t\t\t\tif ( typeof huOptions !== 'undefined' ) {\r\n\t\t\t\t\tvar huFormData = {\"source\":\"contactform7\",\"id\":259832,\"title\":\"TRNOR\",\"fields\":{\"subject\":{\"first_name\":\"your-name\",\"email\":\"your-email\"},\"preferences\":{\"terms\":\"your-consent\"}}};\r\n\t\t\t\t\tvar huFormNode = document.querySelector( '[id^=\"wpcf7-f259832-\"] form' );\r\n\r\n\t\t\t\t\thuFormData['node'] = huFormNode;\r\n\t\t\t\t\thuOptions['forms'].push( huFormData );\r\n\t\t\t\t}\r\n\t\t\t\t<\/script><\/div>\n\n\n\n<script>\nfunction openSpec(evt, specName) {\n  var i, tabcontent, tabbuttons;\n  \n  tabcontent = document.getElementsByClassName(\"tab-content\");\n  for (i = 0; i < tabcontent.length; i++) {\n    tabcontent[i].style.display = \"none\"; \/\/ verberg alle inhoud\n  }\n\n  tabbuttons = document.getElementsByClassName(\"tab-button\");\n  for (i = 0; i < tabbuttons.length; i++) {\n    tabbuttons[i].className = tabbuttons[i].className.replace(\" active\", \"\"); \/\/ verwijder actieve styling\n  }\n\n  document.getElementById(specName).style.display = \"block\"; \/\/ toon geselecteerde inhoud\n  evt.currentTarget.className += \" active\"; \/\/ activeer geselecteerde knop\n}\n\n\/\/ Open standaard tab (Frequency) bij het laden van de pagina\ndocument.getElementById(\"defaultOpen\").click();\n<\/script>\n","protected":false},"excerpt":{"rendered":"<p>DuroPAQ TH55 Ser du etter en sender som er allsidig, robust og utviklet for fremtiden? Her har du svaret.&nbsp;DuroPAQ TH55 (T37)&nbsp;er i frontlinjen av tr\u00e5dl\u00f8se radiokontroller og er utviklet for \u00e5 m\u00f8te fremtidige krav til sikkerhet. Med den robuste og solide konstruksjonen er du garantert en sender som t\u00e5ler de mest utfordrende og t\u00f8ffeste forholdene. [&hellip;]<\/p>\n","protected":false},"author":18,"featured_media":0,"parent":0,"menu_order":0,"comment_status":"closed","ping_status":"closed","template":"","meta":{"_acf_changed":false,"footnotes":""},"class_list":["post-250906","page","type-page","status-publish","hentry"],"acf":[],"_links":{"self":[{"href":"https:\/\/www.tele-radio.com\/nb\/wp-json\/wp\/v2\/pages\/250906","targetHints":{"allow":["GET"]}}],"collection":[{"href":"https:\/\/www.tele-radio.com\/nb\/wp-json\/wp\/v2\/pages"}],"about":[{"href":"https:\/\/www.tele-radio.com\/nb\/wp-json\/wp\/v2\/types\/page"}],"author":[{"embeddable":true,"href":"https:\/\/www.tele-radio.com\/nb\/wp-json\/wp\/v2\/users\/18"}],"replies":[{"embeddable":true,"href":"https:\/\/www.tele-radio.com\/nb\/wp-json\/wp\/v2\/comments?post=250906"}],"version-history":[{"count":25,"href":"https:\/\/www.tele-radio.com\/nb\/wp-json\/wp\/v2\/pages\/250906\/revisions"}],"predecessor-version":[{"id":259837,"href":"https:\/\/www.tele-radio.com\/nb\/wp-json\/wp\/v2\/pages\/250906\/revisions\/259837"}],"wp:attachment":[{"href":"https:\/\/www.tele-radio.com\/nb\/wp-json\/wp\/v2\/media?parent=250906"}],"curies":[{"name":"wp","href":"https:\/\/api.w.org\/{rel}","templated":true}]}}