{"id":250741,"date":"2025-04-01T12:57:55","date_gmt":"2025-04-01T12:57:55","guid":{"rendered":"https:\/\/www.tele-radio.com\/?page_id=250741"},"modified":"2025-05-15T07:39:42","modified_gmt":"2025-05-15T07:39:42","slug":"duropaq-th56","status":"publish","type":"page","link":"https:\/\/www.tele-radio.com\/nb\/duropaq-th56\/","title":{"rendered":"DuroPAQ TH56"},"content":{"rendered":"\n<h1 class=\"wp-block-heading is-style-outlined-title\">DuroPAQ TH56<\/h1>\n\n\n\n<div style=\"height:59px\" aria-hidden=\"true\" class=\"wp-block-spacer\"><\/div>\n\n\n\n<div class=\"wp-block-columns is-layout-flex wp-container-core-columns-is-layout-9d6595d7 wp-block-columns-is-layout-flex\">\n<div class=\"wp-block-column is-layout-flow wp-block-column-is-layout-flow\" style=\"flex-basis:66.66%\">\n<div style=\"height:29px\" aria-hidden=\"true\" class=\"wp-block-spacer\"><\/div>\n\n\n\n<p style=\"font-size:25px;font-style:normal;font-weight:400\">Ser du etter allsidig, robust, og fremtidssikker radiostyring? Da har funnet den. Den tr\u00e5dl\u00f8se senderen <strong>DuroPAQ TH56 (T35)<\/strong>&nbsp;er i frontlinjen av tr\u00e5dl\u00f8se radiokontroller og er klar for \u00e5 m\u00f8te de strenge sikkerhetskravene som kommer. Med sin solide og slitesterke konstruksjon f\u00e5r du en sender som t\u00e5ler selv de t\u00f8ffeste forholdene. Den oppgraderte gummibeskyttelsen skjermer den mot t\u00f8ffe forhold \u2013 perfekt for v\u00e5re kunders krevende omgivelser. De <strong>6 knappene<\/strong> p\u00e5 denne senderen p\u00e5 <strong>inngangsniv\u00e5<\/strong> gir deg et bredt spekter av bruksomr\u00e5der, med bevegelse opp, ned, venstre, og\/eller h\u00f8yre. OmniPAQ TH56 er i tillegg utstyrt med integrert <strong>skjerm<\/strong> for tilbakemeldinger.<\/p>\n<\/div>\n\n\n\n<div class=\"wp-block-column is-layout-flow wp-block-column-is-layout-flow\" style=\"flex-basis:33.33%\">\n<figure class=\"wp-block-image size-large is-resized is-style-rounded\"><img decoding=\"async\" src=\"https:\/\/www.tele-radio.com\/app\/uploads\/\/FH-LC-DURP_60-1200x798.jpg\" alt=\"wireless remote control duropaq\" class=\"wp-image-248562\" style=\"width:385px;height:auto\"\/><\/figure>\n<\/div>\n<\/div>\n\n\n\n<div style=\"height:56px\" aria-hidden=\"true\" class=\"wp-block-spacer\"><\/div>\n\n\n\n<h2 class=\"wp-block-heading has-text-align-center is-style-outlined-title\"><strong>Egenskaper<\/strong><\/h2>\n\n\n\n<div style=\"height:50px\" aria-hidden=\"true\" class=\"wp-block-spacer\"><\/div>\n\n\n\n<div class=\"wp-block-columns is-layout-flex wp-container-core-columns-is-layout-9d6595d7 wp-block-columns-is-layout-flex\">\n<div class=\"wp-block-column is-layout-flow wp-block-column-is-layout-flow\"><\/div>\n\n\n\n<div class=\"wp-block-column is-layout-flow wp-block-column-is-layout-flow\" style=\"flex-basis:100%\">\n<div class=\"paq-container\">\n  <div class=\"paq-sidebar\">\n    <button class=\"tab-button\" onclick=\"openSpec(event, 'General')\" id=\"defaultOpen\">Generelt<\/button>\n    <button class=\"tab-button\" onclick=\"openSpec(event, 'Flexibility')\">Fleksibilitet<\/button>\n    <button class=\"tab-button\" onclick=\"openSpec(event, 'Connectivity')\">Tilkobling<\/button>\n    <button class=\"tab-button\" onclick=\"openSpec(event, 'Protection')\">Sikkerhet<\/button>\n  <\/div>\n\n  <div class=\"paq-content\">\n    <div id=\"General\" class=\"tab-content\">\n      <h3>Generelt<\/h3>\n      <p>DuroPAQ TH56 er din avanserte h\u00e5ndholdte sender, utstyrt med 6 ergonomiske totrinnsknapper kombinert med en tydelig og bakgrunnsbelyst skjerm. Spesielt utviklet for industrielle oppgaver, gir den presis kontroll og tilbakemeldinger i sanntid direkte p\u00e5 senderen. Enten du styrer kraner p\u00e5 en byggeplass, h\u00e5ndterer tungt landbruksutstyr, eller styrer hydrauliske systemer i kj\u00f8ret\u00f8y, s\u00f8rger den robuste IP66-klassifiserte senderen for p\u00e5litelig ytelse \u2013 selv i krevende omgivelser.<\/p>\n    <\/div>\n\n    <div id=\"Flexibility\" class=\"tab-content\" style=\"display:none\">\n      <h3>Fleksibilitet<\/h3>\n      <p>Tilpass DuroPAQ TH56 akkurat slik du har behov for. Med avansert plug-in-teknologi kan du programmere knappefunksjoner, angi LED-indikatorer, konfigurere sensoradferd og angi presise \u00abbuzzer\u00bb-varsler. For eksempel bruke tiltgjenkjennelse for \u00e5 automatisk stoppe maskineri n\u00e5r den n\u00e5r utrygge vinkler \u2013 perfekt for gruvedrift eller byggeplasser.<\/p>\n    <\/div>\n\n    <div id=\"Connectivity\" class=\"tab-content\" style=\"display:none\">\n      <h3>Tilkobling<\/h3>\n      <p>Behold full kontroll overalt med Tele Radios intuitive FieldManager\u2122-app, kompatibel med Android- and iOS-enheter. Konfigurer senderen enkelt, juster brukerrettigheter gjennom innebygd RFID-funksjonalitet, eller del viktig oppsettsinformasjon p\u00e5 e-post. Perfekt for operat\u00f8rer som jobber p\u00e5 store fabrikkomr\u00e5der eller p\u00e5 avsidesliggende steder \u2013 st\u00f8tte og viktig informasjon er kun et trykk unna.<\/p>\n    <\/div>\n\n    <div id=\"Protection\" class=\"tab-content\" style=\"display:none\">\n      <h3>Sikkerhet<\/h3>\n      <p>Sikkerhet er h\u00f8yeste prioritet med DuroPAQ TH56, som oppfyller strenge sikkerhetsstandarder (PLe, CAT4, SIL3). Den unike tre-prosessorarkitekturen sikrer uavhengig drift av radiokommunikasjon, innebygd programvare og sikkerhetsfunksjoner. Dette betyr at kritiske senderoperasjoner forblir uber\u00f8rte av brukerinstallert programvare eller tilpasningsinnstillinger \u2013 og beskytter dine ansatte, utstyr og drift under alle forhold.<\/p>\n    <\/div>\n  <\/div>\n<\/div>\n<\/div>\n<\/div>\n\n\n\n<div style=\"height:78px\" aria-hidden=\"true\" class=\"wp-block-spacer\"><\/div>\n\n\n\n<h2 class=\"wp-block-heading\"><strong>R30 Mottaker <\/strong><\/h2>\n\n\n\n<h3 class=\"wp-block-heading\"><strong>Allsidig kontroll<\/strong><\/h3>\n\n\n\n<p><strong>R30 Mottaker<\/strong> fra Tele Radio tilbyr maksimal fleksibilitet med \u00e5tte ulike modeller skreddersydd til dine spenningskrav \u2013 fire designet for 12\u201324 VDC &amp; 24\u201348 VAC og fire for 110\u2013230 VAC. Konstruert for holdbarhet, er hver R30-mottaker fullstendig vanntett med IP66-klassifisering, noe som gj\u00f8r den ideell for krevende industrielle forhold som utend\u00f8rs kranstyring og styring av landbruksmaskiner.<\/p>\n\n\n\n<h3 class=\"wp-block-heading\"><strong>Bygget for p\u00e5litelighet<\/strong><\/h3>\n\n\n\n<p>Med innebygde sikkerhetsfunksjoner \u2013 som 2 stropprel\u00e9er, 5 standard funksjonsrel\u00e9er og en valgfri utvidelsesmodul med 5 ekstra rel\u00e9er \u2013 sikrer R30 presis, responsiv, og sikker kontroll av utstyret ditt. En intern antenne garanterer p\u00e5litelig kommunikasjon, mens en valgfri ekstern antenne forbedrer signalstyrken i utfordrende omgivelser. Utvalgte modeller er ogs\u00e5 sertifisert i henhold til de nyeste maskinforskriftene, slik at du f\u00e5r full trygghet og samsvarsgaranti.<\/p>\n\n\n\n<h3 class=\"wp-block-heading\">Sertifiserte R30-mottakere<\/h3>\n\n\n\n<div style=\"height:29px\" aria-hidden=\"true\" class=\"wp-block-spacer\"><\/div>\n\n\n\n<div class=\"wp-block-columns is-layout-flex wp-container-core-columns-is-layout-9d6595d7 wp-block-columns-is-layout-flex\">\n<div class=\"wp-block-column has-black-background-color has-background is-layout-flow wp-block-column-is-layout-flow\" style=\"flex-basis:25%\">\n<div style=\"height:50px\" aria-hidden=\"true\" class=\"wp-block-spacer\"><\/div>\n\n\n<div class=\"wp-block-image paq-style-rounded\">\n<figure class=\"aligncenter size-large is-resized\"><img loading=\"lazy\" decoding=\"async\" width=\"1200\" height=\"800\" src=\"https:\/\/www.tele-radio.com\/app\/uploads\/\/R30_01-1-1200x800.png\" alt=\"Receiver for PAQ line hand transmitter r30-21\/r30-26\" class=\"wp-image-247952\" style=\"aspect-ratio:1;object-fit:contain;width:189px;height:auto\" srcset=\"https:\/\/www.tele-radio.com\/app\/uploads\/R30_01-1-1200x800.png 1200w, https:\/\/www.tele-radio.com\/app\/uploads\/R30_01-1-400x267.png 400w, https:\/\/www.tele-radio.com\/app\/uploads\/R30_01-1-768x512.png 768w, https:\/\/www.tele-radio.com\/app\/uploads\/R30_01-1-1536x1024.png 1536w, https:\/\/www.tele-radio.com\/app\/uploads\/R30_01-1-2048x1365.png 2048w, https:\/\/www.tele-radio.com\/app\/uploads\/R30_01-1-750x500.png 750w, https:\/\/www.tele-radio.com\/app\/uploads\/R30_01-1-500x333.png 500w, https:\/\/www.tele-radio.com\/app\/uploads\/R30_01-1-1600x1067.png 1600w, https:\/\/www.tele-radio.com\/app\/uploads\/R30_01-1-800x533.png 800w\" sizes=\"auto, (max-width: 1200px) 100vw, 1200px\" \/><\/figure><\/div>\n\n\n<div style=\"height:32px\" aria-hidden=\"true\" class=\"wp-block-spacer\"><\/div>\n\n\n\n<p class=\"has-text-align-center has-white-color has-text-color has-link-color wp-elements-f0bd050b51e3a787e96d5a3c2fa780a5\" style=\"font-size:24px\"><strong>R30\u201321\/R30\u201326<\/strong><br><em>MOTTAKER<\/em><\/p>\n\n\n\n<p class=\"has-text-align-left has-white-color has-text-color has-link-color has-medium-font-size wp-elements-18915b12f0461d13219c8a39ab78f7e7\">\u2705&nbsp;<strong>Spenning:<\/strong> 12\u201324 VDC &amp; 24\u201348 VAC<br>\u2705&nbsp;<strong>Frekvens:<\/strong> 2.4 GHz (2405\u20132480 MHz), DSSS<br>\u2705 <strong>Kommunikasjon:<\/strong> Dupleks (TEQ) \/ Simpleks (Panther)<\/p>\n\n\n\n<p class=\"has-text-align-left has-white-color has-text-color has-link-color has-medium-font-size wp-elements-1a4582315f11d7d37d781f0cbb183c1e\">\u2705&nbsp;<strong>Rel\u00e9er:<\/strong> 2 Stopprel\u00e9er + 5 Funksjonsrel\u00e9er<br>\u274c&nbsp;<strong>Ekspansjonskort:<\/strong> Nei<br>\u2705&nbsp;<strong>Antenne:<\/strong> <br>Intern (mulighet for ekstern antenne)<br>\u2705&nbsp;<strong>Sikkerhet:<\/strong> IP66<br>\u2705<strong> Sikkerhetssertifisering:<\/strong> PLe, CAT4, SIL3 (stoppfunksjon)<br>\u2705&nbsp;<strong>App:<\/strong> FieldManager\u2122 til Android\/iOS<br>\u2705&nbsp;<br><strong>Sertifisering (maskinforskrifter): <\/strong>Kun R30\u201326 <\/p>\n\n\n\n<div style=\"height:50px\" aria-hidden=\"true\" class=\"wp-block-spacer\"><\/div>\n\n\n\n<div style=\"height:30px\" aria-hidden=\"true\" class=\"wp-block-spacer\"><\/div>\n<\/div>\n\n\n\n<div class=\"wp-block-column has-black-background-color has-background is-layout-flow wp-block-column-is-layout-flow\" style=\"flex-basis:25%\">\n<div style=\"height:50px\" aria-hidden=\"true\" class=\"wp-block-spacer\"><\/div>\n\n\n<div class=\"wp-block-image paq-style-rounded\">\n<figure class=\"aligncenter size-large is-resized\"><img loading=\"lazy\" decoding=\"async\" width=\"1200\" height=\"800\" src=\"https:\/\/www.tele-radio.com\/app\/uploads\/\/R30_01-1-1200x800.png\" alt=\"Receiver for PAQ line hand transmitter r30-22\/r30-27\" class=\"wp-image-247952\" style=\"aspect-ratio:1;object-fit:contain;width:189px\" srcset=\"https:\/\/www.tele-radio.com\/app\/uploads\/R30_01-1-1200x800.png 1200w, https:\/\/www.tele-radio.com\/app\/uploads\/R30_01-1-400x267.png 400w, https:\/\/www.tele-radio.com\/app\/uploads\/R30_01-1-768x512.png 768w, https:\/\/www.tele-radio.com\/app\/uploads\/R30_01-1-1536x1024.png 1536w, https:\/\/www.tele-radio.com\/app\/uploads\/R30_01-1-2048x1365.png 2048w, https:\/\/www.tele-radio.com\/app\/uploads\/R30_01-1-750x500.png 750w, https:\/\/www.tele-radio.com\/app\/uploads\/R30_01-1-500x333.png 500w, https:\/\/www.tele-radio.com\/app\/uploads\/R30_01-1-1600x1067.png 1600w, https:\/\/www.tele-radio.com\/app\/uploads\/R30_01-1-800x533.png 800w\" sizes=\"auto, (max-width: 1200px) 100vw, 1200px\" \/><\/figure><\/div>\n\n\n<div style=\"height:35px\" aria-hidden=\"true\" class=\"wp-block-spacer\"><\/div>\n\n\n\n<p class=\"has-text-align-center has-white-color has-text-color has-link-color wp-elements-93da17bc4b245e1adc9db017b6e40ef0\" style=\"font-size:22px\"><strong>R30\u201322\/R30\u201327<\/strong><br><em>MOTTAKER<\/em><\/p>\n\n\n\n<p class=\"has-text-align-left has-white-color has-text-color has-link-color has-medium-font-size wp-elements-ddee24d15b1e1c632ef9058323f456c6\">\u2705&nbsp;<strong>Spenning:<\/strong> 12\u201324 VDC &amp; 24\u201348 VAC<br>\u2705&nbsp;<strong>Frekvens:<\/strong> 2.4 GHz (2405\u20132480 MHz), DSSS<br>\u2705 <strong>Kommunikasjon: <\/strong>Dupleks (TEQ) \/ Simpleks (Panther)<br>\u2705&nbsp;<strong>Rel\u00e9er:<\/strong> 2 Stopprel\u00e9er + 5 Funksjonsrel\u00e9er<br>\u2705&nbsp;<strong>Ekspansjonskort:<\/strong> Ja (5 ekstra rel\u00e9er)<br>\u2705 <strong>Antenne:<\/strong> <br>Intern (mulighet for ekstern antenne)<br>\u2705 <strong>Sikkerhet:<\/strong>&nbsp;IP66<br>\u2705&nbsp;<strong>Sikkerhetssertifisering:<\/strong>&nbsp;PLe, CAT4, SIL3 (stoppfunksjon)<br>\u2705&nbsp;<strong>App:<\/strong> FieldManager\u2122 til Android\/iOS<br>\u2705&nbsp;<br><strong>Sertifisering (maskinforskrifter): <\/strong>Kun R30\u201327 <\/p>\n\n\n\n<div style=\"height:53px\" aria-hidden=\"true\" class=\"wp-block-spacer\"><\/div>\n\n\n\n<div style=\"height:30px\" aria-hidden=\"true\" class=\"wp-block-spacer\"><\/div>\n<\/div>\n\n\n\n<div class=\"wp-block-column has-black-background-color has-background is-layout-flow wp-block-column-is-layout-flow\" style=\"flex-basis:25%\">\n<div style=\"height:50px\" aria-hidden=\"true\" class=\"wp-block-spacer\"><\/div>\n\n\n<div class=\"wp-block-image paq-style-rounded\">\n<figure class=\"aligncenter size-large is-resized\"><img loading=\"lazy\" decoding=\"async\" width=\"1200\" height=\"800\" src=\"https:\/\/www.tele-radio.com\/app\/uploads\/\/R30_01-1-1200x800.png\" alt=\"Receiver for PAQ line hand transmitter r30-71\/r30-76\" class=\"wp-image-247952\" style=\"aspect-ratio:1;object-fit:contain;width:189px\" srcset=\"https:\/\/www.tele-radio.com\/app\/uploads\/R30_01-1-1200x800.png 1200w, https:\/\/www.tele-radio.com\/app\/uploads\/R30_01-1-400x267.png 400w, https:\/\/www.tele-radio.com\/app\/uploads\/R30_01-1-768x512.png 768w, https:\/\/www.tele-radio.com\/app\/uploads\/R30_01-1-1536x1024.png 1536w, https:\/\/www.tele-radio.com\/app\/uploads\/R30_01-1-2048x1365.png 2048w, https:\/\/www.tele-radio.com\/app\/uploads\/R30_01-1-750x500.png 750w, https:\/\/www.tele-radio.com\/app\/uploads\/R30_01-1-500x333.png 500w, https:\/\/www.tele-radio.com\/app\/uploads\/R30_01-1-1600x1067.png 1600w, https:\/\/www.tele-radio.com\/app\/uploads\/R30_01-1-800x533.png 800w\" sizes=\"auto, (max-width: 1200px) 100vw, 1200px\" \/><\/figure><\/div>\n\n\n<div style=\"height:36px\" aria-hidden=\"true\" class=\"wp-block-spacer\"><\/div>\n\n\n\n<p class=\"has-text-align-center has-white-color has-text-color has-link-color wp-elements-7d776883160046674cdc72d1ebcb9a9e\" style=\"font-size:22px\"><strong>R30\u201371\/R30\u201376<br><\/strong><em>MOTTAKER<\/em><\/p>\n\n\n\n<p class=\"has-white-color has-text-color has-link-color has-medium-font-size wp-elements-fff38f570422ed065af8dc0cfa5216b4\">\u2705&nbsp;<strong>Spenning:<\/strong> 110-230 VAC<br>\u2705&nbsp;<strong>Frekvens:<\/strong> 2.4 GHz (2405\u20132480 MHz), DSSS<br>\u2705 <strong>Kommunikasjon:<\/strong> Dupleks (TEQ) \/ Simpleks (Panther)<br>\u2705 <strong>Rel\u00e9er:<\/strong> 2 Stopprel\u00e9er + 5 Funksjonsrel\u00e9er<br>\u274c&nbsp;<strong>Ekspansjonskort:<\/strong> Nei<br>\u2705 <strong>Antenne:<\/strong> <br>Intern (mulighet for ekstern antenne)<br>\u2705&nbsp;<strong>Sikkerhet:<\/strong>&nbsp;IP66<br>\u2705&nbsp;<strong>Sikkerhetssertifisering:<\/strong>&nbsp;PLe, CAT4, SIL3 (stoppfunksjon)<br>\u2705&nbsp;<strong>App:<\/strong> FieldManager\u2122 til Android\/iOS<br>\u2705&nbsp;<br><strong>Sertifisering (maskinforskrifter): <\/strong>Kun R30\u201376 <\/p>\n\n\n\n<div style=\"height:58px\" aria-hidden=\"true\" class=\"wp-block-spacer\"><\/div>\n\n\n\n<div style=\"height:30px\" aria-hidden=\"true\" class=\"wp-block-spacer\"><\/div>\n<\/div>\n\n\n\n<div class=\"wp-block-column has-black-background-color has-background is-layout-flow wp-block-column-is-layout-flow\" style=\"flex-basis:25%\">\n<div style=\"height:50px\" aria-hidden=\"true\" class=\"wp-block-spacer\"><\/div>\n\n\n<div class=\"wp-block-image paq-style-rounded\">\n<figure class=\"aligncenter size-large is-resized\"><img loading=\"lazy\" decoding=\"async\" width=\"1200\" height=\"800\" src=\"https:\/\/www.tele-radio.com\/app\/uploads\/\/R30_01-1-1200x800.png\" alt=\"Receiver for PAQ line hand transmitter r30-72\/r30-77\" class=\"wp-image-247952\" style=\"aspect-ratio:1;object-fit:contain;width:189px\" srcset=\"https:\/\/www.tele-radio.com\/app\/uploads\/R30_01-1-1200x800.png 1200w, https:\/\/www.tele-radio.com\/app\/uploads\/R30_01-1-400x267.png 400w, https:\/\/www.tele-radio.com\/app\/uploads\/R30_01-1-768x512.png 768w, https:\/\/www.tele-radio.com\/app\/uploads\/R30_01-1-1536x1024.png 1536w, https:\/\/www.tele-radio.com\/app\/uploads\/R30_01-1-2048x1365.png 2048w, https:\/\/www.tele-radio.com\/app\/uploads\/R30_01-1-750x500.png 750w, https:\/\/www.tele-radio.com\/app\/uploads\/R30_01-1-500x333.png 500w, https:\/\/www.tele-radio.com\/app\/uploads\/R30_01-1-1600x1067.png 1600w, https:\/\/www.tele-radio.com\/app\/uploads\/R30_01-1-800x533.png 800w\" sizes=\"auto, (max-width: 1200px) 100vw, 1200px\" \/><\/figure><\/div>\n\n\n<div style=\"height:36px\" aria-hidden=\"true\" class=\"wp-block-spacer\"><\/div>\n\n\n\n<p class=\"has-text-align-center has-white-color has-text-color has-link-color wp-elements-12c8d5fdab09e129b07b4822caea8ecf\" style=\"font-size:22px\"><strong>R30\u201372\/R30\u201377<br><\/strong><em>MOTTAKER<\/em><\/p>\n\n\n\n<p class=\"has-white-color has-text-color has-link-color has-medium-font-size wp-elements-eb9226cf69ced558a56bf0236850bf64\">\u2705&nbsp;<strong>Spenning:<\/strong> 110\u2013230 VAC<br>\u2705&nbsp;<strong>Frekvens:<\/strong> 2.4 GHz (2405\u20132480 MHz), DSSS<br>\u2705<strong>Kommunikasjon: <\/strong>Dupleks (TEQ) \/ Simpleks (Panther)<br>\u2705&nbsp;<strong>Rel\u00e9er: <\/strong>2 Stopprel\u00e9er + 5 Funksjonsrel\u00e9er<br>\u2705&nbsp;<strong>Ekspansjonskort:<\/strong> Ja (5 ekstra rel\u00e9er)<br>\u2705 <strong>Antenne: <\/strong><br>Intern (mulighet for ekstern antenne)<br>\u2705&nbsp;<strong>Sikkerhet:<\/strong>&nbsp;IP66<br>\u2705&nbsp;<strong>Sikkerhetssertifisering:<\/strong>&nbsp;PLe, CAT4, SIL3 (stoppfunksjon)<br>\u2705&nbsp;<strong>App:<\/strong> FieldManager\u2122 til Android\/iOS<br>\u2705&nbsp;<br><strong>Sertifisering (maskinforskrifter):<\/strong> Kun R30\u201377 <\/p>\n\n\n\n<div style=\"height:54px\" aria-hidden=\"true\" class=\"wp-block-spacer\"><\/div>\n\n\n\n<div style=\"height:30px\" aria-hidden=\"true\" class=\"wp-block-spacer\"><\/div>\n<\/div>\n<\/div>\n\n\n\n<div style=\"height:57px\" aria-hidden=\"true\" class=\"wp-block-spacer\"><\/div>\n\n\n\n<h2 class=\"wp-block-heading has-text-align-center\"><strong>Last ned datablad med full teknisk spesifikasjon<\/strong><\/h2>\n\n\n\n<div style=\"height:28px\" aria-hidden=\"true\" class=\"wp-block-spacer\"><\/div>\n\n\n\n<div class=\"wp-block-columns is-layout-flex wp-container-core-columns-is-layout-9d6595d7 wp-block-columns-is-layout-flex\">\n<div class=\"wp-block-column is-layout-flow wp-block-column-is-layout-flow\">\n<h3 class=\"wp-block-heading has-text-align-center\">DuroPAQ TH56<\/h3>\n\n\n\n<div class=\"wp-block-buttons is-content-justification-center is-layout-flex wp-container-core-buttons-is-layout-16018d1d wp-block-buttons-is-layout-flex\">\n<div class=\"wp-block-button\"><a class=\"wp-block-button__link has-black-color has-text-color has-background has-link-color wp-element-button\" href=\"https:\/\/www.tele-radio.com\/app\/uploads\/Techsheet_DuroPAQ_TH56.pdf\" style=\"border-radius:16px;background-color:#fabb00\" target=\"_blank\" rel=\"noreferrer noopener\"><strong>Last ned<\/strong><\/a><\/div>\n<\/div>\n<\/div>\n\n\n\n<div class=\"wp-block-column is-layout-flow wp-block-column-is-layout-flow\">\n<h3 class=\"wp-block-heading has-text-align-center\">R30<\/h3>\n\n\n\n<div class=\"wp-block-buttons is-content-justification-center is-layout-flex wp-container-core-buttons-is-layout-16018d1d wp-block-buttons-is-layout-flex\">\n<div class=\"wp-block-button\"><a class=\"wp-block-button__link has-black-color has-text-color has-background has-link-color wp-element-button\" href=\"https:\/\/www.tele-radio.com\/app\/uploads\/Techsheet_R30.pdf\" style=\"border-radius:16px;background-color:#fabb00\" target=\"_blank\" rel=\"noreferrer noopener\"><strong>Last ned<\/strong><\/a><\/div>\n<\/div>\n<\/div>\n<\/div>\n\n\n\n<div style=\"height:64px\" aria-hidden=\"true\" class=\"wp-block-spacer\"><\/div>\n\n\n\n<h2 class=\"wp-block-heading is-style-outlined-title\">Ta kontakt for mer informasjon!<\/h2>\n\n\n\n<div class=\"wp-block-contact-form-7-contact-form-selector\">\n<div class=\"wpcf7 no-js\" id=\"wpcf7-f259832-o1\" lang=\"en-EN\" dir=\"ltr\" data-wpcf7-id=\"259832\">\n<div class=\"screen-reader-response\"><p role=\"status\" aria-live=\"polite\" aria-atomic=\"true\"><\/p> <ul><\/ul><\/div>\n<form action=\"\/nb\/wp-json\/wp\/v2\/pages\/250741#wpcf7-f259832-o1\" method=\"post\" class=\"wpcf7-form init\" aria-label=\"Contact form\" novalidate=\"novalidate\" data-status=\"init\">\n<fieldset class=\"hidden-fields-container\"><input type=\"hidden\" name=\"_wpcf7\" value=\"259832\" \/><input type=\"hidden\" name=\"_wpcf7_version\" value=\"6.1\" \/><input type=\"hidden\" name=\"_wpcf7_locale\" value=\"en_EN\" \/><input type=\"hidden\" name=\"_wpcf7_unit_tag\" value=\"wpcf7-f259832-o1\" \/><input type=\"hidden\" name=\"_wpcf7_container_post\" value=\"0\" \/><input type=\"hidden\" name=\"_wpcf7_posted_data_hash\" value=\"\" \/><input type=\"hidden\" name=\"_wpcf7_recaptcha_response\" value=\"\" \/>\n<\/fieldset>\n<p><label> Ditt navn<br \/>\n<span class=\"wpcf7-form-control-wrap\" data-name=\"your-name\"><input size=\"40\" maxlength=\"400\" class=\"wpcf7-form-control wpcf7-text wpcf7-validates-as-required\" aria-required=\"true\" aria-invalid=\"false\" value=\"\" type=\"text\" name=\"your-name\" \/><\/span> <\/label>\n<\/p>\n<p><label> E-post<br \/>\n<span class=\"wpcf7-form-control-wrap\" data-name=\"your-email\"><input size=\"40\" maxlength=\"400\" class=\"wpcf7-form-control wpcf7-email wpcf7-validates-as-required wpcf7-text wpcf7-validates-as-email\" aria-required=\"true\" aria-invalid=\"false\" value=\"\" type=\"email\" name=\"your-email\" \/><\/span> <\/label>\n<\/p>\n<p><label> Din beskjed<br \/>\n<span class=\"wpcf7-form-control-wrap\" data-name=\"your-message\"><textarea cols=\"40\" rows=\"10\" maxlength=\"2000\" class=\"wpcf7-form-control wpcf7-textarea\" aria-invalid=\"false\" name=\"your-message\"><\/textarea><\/span> <\/label>\n<\/p>\n<p><input class=\"wpcf7-form-control wpcf7-submit has-spinner\" type=\"submit\" value=\"Send inn\" \/>\n<\/p><div class=\"wpcf7-response-output\" aria-hidden=\"true\"><\/div>\n<\/form>\n<\/div>\n\r\n\t\t\t\t<script>\r\n\t\t\t\tif ( typeof huOptions !== 'undefined' ) {\r\n\t\t\t\t\tvar huFormData = {\"source\":\"contactform7\",\"id\":259832,\"title\":\"TRNOR\",\"fields\":{\"subject\":{\"first_name\":\"your-name\",\"email\":\"your-email\"},\"preferences\":{\"terms\":\"your-consent\"}}};\r\n\t\t\t\t\tvar huFormNode = document.querySelector( '[id^=\"wpcf7-f259832-\"] form' );\r\n\r\n\t\t\t\t\thuFormData['node'] = huFormNode;\r\n\t\t\t\t\thuOptions['forms'].push( huFormData );\r\n\t\t\t\t}\r\n\t\t\t\t<\/script><\/div>\n\n\n\n<script>\nfunction openSpec(evt, specName) {\n  var i, tabcontent, tabbuttons;\n  \n  tabcontent = document.getElementsByClassName(\"tab-content\");\n  for (i = 0; i < tabcontent.length; i++) {\n    tabcontent[i].style.display = \"none\"; \/\/ verberg alle inhoud\n  }\n\n  tabbuttons = document.getElementsByClassName(\"tab-button\");\n  for (i = 0; i < tabbuttons.length; i++) {\n    tabbuttons[i].className = tabbuttons[i].className.replace(\" active\", \"\"); \/\/ verwijder actieve styling\n  }\n\n  document.getElementById(specName).style.display = \"block\"; \/\/ toon geselecteerde inhoud\n  evt.currentTarget.className += \" active\"; \/\/ activeer geselecteerde knop\n}\n\n\/\/ Open standaard tab (Frequency) bij het laden van de pagina\ndocument.getElementById(\"defaultOpen\").click();\n<\/script>\n","protected":false},"excerpt":{"rendered":"<p>DuroPAQ TH56 Ser du etter allsidig, robust, og fremtidssikker radiostyring? Da har funnet den. Den tr\u00e5dl\u00f8se senderen DuroPAQ TH56 (T35)&nbsp;er i frontlinjen av tr\u00e5dl\u00f8se radiokontroller og er klar for \u00e5 m\u00f8te de strenge sikkerhetskravene som kommer. Med sin solide og slitesterke konstruksjon f\u00e5r du en sender som t\u00e5ler selv de t\u00f8ffeste forholdene. Den oppgraderte gummibeskyttelsen [&hellip;]<\/p>\n","protected":false},"author":18,"featured_media":0,"parent":0,"menu_order":0,"comment_status":"closed","ping_status":"closed","template":"","meta":{"_acf_changed":false,"footnotes":""},"class_list":["post-250741","page","type-page","status-publish","hentry"],"acf":[],"_links":{"self":[{"href":"https:\/\/www.tele-radio.com\/nb\/wp-json\/wp\/v2\/pages\/250741","targetHints":{"allow":["GET"]}}],"collection":[{"href":"https:\/\/www.tele-radio.com\/nb\/wp-json\/wp\/v2\/pages"}],"about":[{"href":"https:\/\/www.tele-radio.com\/nb\/wp-json\/wp\/v2\/types\/page"}],"author":[{"embeddable":true,"href":"https:\/\/www.tele-radio.com\/nb\/wp-json\/wp\/v2\/users\/18"}],"replies":[{"embeddable":true,"href":"https:\/\/www.tele-radio.com\/nb\/wp-json\/wp\/v2\/comments?post=250741"}],"version-history":[{"count":12,"href":"https:\/\/www.tele-radio.com\/nb\/wp-json\/wp\/v2\/pages\/250741\/revisions"}],"predecessor-version":[{"id":259835,"href":"https:\/\/www.tele-radio.com\/nb\/wp-json\/wp\/v2\/pages\/250741\/revisions\/259835"}],"wp:attachment":[{"href":"https:\/\/www.tele-radio.com\/nb\/wp-json\/wp\/v2\/media?parent=250741"}],"curies":[{"name":"wp","href":"https:\/\/api.w.org\/{rel}","templated":true}]}}