{"id":250438,"date":"2025-03-31T11:59:56","date_gmt":"2025-03-31T11:59:56","guid":{"rendered":"https:\/\/www.tele-radio.com\/?page_id=250438"},"modified":"2025-05-15T07:38:49","modified_gmt":"2025-05-15T07:38:49","slug":"suprapaq-th76","status":"publish","type":"page","link":"https:\/\/www.tele-radio.com\/nb\/suprapaq-th76\/","title":{"rendered":"SupraPAQ TH76"},"content":{"rendered":"\n<h1 class=\"wp-block-heading is-style-outlined-title\">SupraPAQ TH76<\/h1>\n\n\n\n<div style=\"height:59px\" aria-hidden=\"true\" class=\"wp-block-spacer\"><\/div>\n\n\n\n<div class=\"wp-block-columns is-layout-flex wp-container-core-columns-is-layout-9d6595d7 wp-block-columns-is-layout-flex\">\n<div class=\"wp-block-column is-layout-flow wp-block-column-is-layout-flow\" style=\"flex-basis:66.66%\">\n<div style=\"height:55px\" aria-hidden=\"true\" class=\"wp-block-spacer\"><\/div>\n\n\n\n<p style=\"font-size:25px;font-style:normal;font-weight:400\">Ser du etter en sender som er allsidig, robust og utviklet for fremtiden? Her har du svaret.&nbsp;<strong>SupraPAQ&nbsp;TH76 (T36)<\/strong>&nbsp;er i frontlinjen av tr\u00e5dl\u00f8se radiokontroller og er utviklet for \u00e5 m\u00f8te fremtidige krav til sikkerhet. Med den robuste og solide konstruksjonen er du garantert en sender som t\u00e5ler de mest utfordrende og t\u00f8ffeste forholdene. Det oppgraderte gummidekselet beskytter senderen \u2013 spesielt utviklet for v\u00e5re kunders krevende arbeidsplasser. Med hele&nbsp;<strong>10 knapper<\/strong>&nbsp;p\u00e5 denne&nbsp;<strong>mellomstore <\/strong>senderen har du alt du trenger for vellykket gjennomf\u00f8ring av et bredt spekter av oppgaver som kranstyring, bilberging, samt mobile maritime applikasjoner. SupraPAQ&nbsp;TH76 har ogs\u00e5 en&nbsp;<strong>skjerm<\/strong>&nbsp;for tilbakemeldinger fra maskiner og utstyr.<\/p>\n<\/div>\n\n\n\n<div class=\"wp-block-column is-layout-flow wp-block-column-is-layout-flow\" style=\"flex-basis:33.33%\">\n<figure class=\"wp-block-image size-large is-resized is-style-rounded\"><img decoding=\"async\" src=\"https:\/\/www.tele-radio.com\/app\/uploads\/\/FH-LC-SUPP_TH76_64-1200x798.jpg\" alt=\"\" class=\"wp-image-248627\" style=\"width:385px;height:auto\"\/><\/figure>\n<\/div>\n<\/div>\n\n\n\n<div style=\"height:56px\" aria-hidden=\"true\" class=\"wp-block-spacer\"><\/div>\n\n\n\n<h2 class=\"wp-block-heading has-text-align-center is-style-outlined-title\"><strong>Egenskaper<\/strong><\/h2>\n\n\n\n<div style=\"height:50px\" aria-hidden=\"true\" class=\"wp-block-spacer\"><\/div>\n\n\n\n<div class=\"wp-block-columns is-layout-flex wp-container-core-columns-is-layout-9d6595d7 wp-block-columns-is-layout-flex\">\n<div class=\"wp-block-column is-layout-flow wp-block-column-is-layout-flow\"><\/div>\n\n\n\n<div class=\"wp-block-column is-layout-flow wp-block-column-is-layout-flow\" style=\"flex-basis:100%\">\n<div class=\"paq-container\">\n  <div class=\"paq-sidebar\">\n    <button class=\"tab-button\" onclick=\"openSpec(event, 'General')\" id=\"defaultOpen\">Generelt<\/button>\n    <button class=\"tab-button\" onclick=\"openSpec(event, 'Flexibility')\">Fleksibilitet<\/button>\n    <button class=\"tab-button\" onclick=\"openSpec(event, 'Connectivity')\">Tilkobling<\/button>\n    <button class=\"tab-button\" onclick=\"openSpec(event, 'Protection')\">Sikkerhet<\/button>\n  <\/div>\n\n  <div class=\"paq-content\">\n    <div id=\"General\" class=\"tab-content\">\n      <h3>Generelt<\/h3>\n      <p>SupraPAQ TH76 er Tele Radios premium h\u00e5ndholdte sender, som leverer presis kontroll og umiddelbar visuell tilbakemelding p\u00e5 den klare og opplyste skjermen, i tillegg til 10 intuitive to-stegs knapper. Konstruert for krevende industrielle oppgaver \u2013 alt fra kontroll av store kraner og komplekse hydrauliske maskiner i byggebransjen, til avanserte landbruks- eller skogsmaskiner \u2014 Det robuste gummidekselet som er beskyttet p\u00e5 IP65-niv\u00e5 gir deg p\u00e5litelig og konsekvent resultat selv i krevende situasjoner.<\/p>\n    <\/div>\n\n    <div id=\"Flexibility\" class=\"tab-content\" style=\"display:none\">\n      <h3>Fleksibilitet<\/h3>\n      <p>Tilpass din SupraPAQ TH76 til dine arbeidsoppgaver! Avansert plug-in-teknologi gir deg muligheten til \u00e5 programmere funksjoner p\u00e5 hver knapp, skreddersy LED-indikatorer og konfigurere funksjoner som innstillinger for akselerasjonssensor, for \u00e5 oppdage fall eller helling. For eksempel kan det settes egne varsler som advarer operat\u00f8rene n\u00e5r utstyr eller maskiner g\u00e5r over trygge driftsvinkler eller forhold, som \u00f8ker sikkerheten for gruvearbeidere eller de som jobber i ulendt terreng.<\/p>\n    <\/div>\n\n    <div id=\"Connectivity\" class=\"tab-content\" style=\"display:none\">\n      <h3>Tilkobling<\/h3>\n      <p>Med den intuitive FieldManager\u2122-appen, kompatibel med Android og iOS-enheter, er Tele Radio-produktene alltid tilgjengelige, uansett hvor du befinner deg. Med appen kan du lett konfigurere sendere og innstillinger, sikkert administrere brukertilganger med innebygd RFID-funksjonalitet og raskt dele teknisk oppsett eller dokumentasjon til feils\u00f8king via e-post. Appen er perfekt for team som arbeider p\u00e5 store produksjonsanlegg eller de som arbeider p\u00e5 avsidesliggende steder, og gir de s\u00f8ml\u00f8s, umiddelbar support.<\/p>\n    <\/div>\n\n    <div id=\"Protection\" class=\"tab-content\" style=\"display:none\">\n      <h3>Sikkerhet<\/h3>\n      <p>Designet til \u00e5 m\u00f8te industriens h\u00f8yeste krav til sikkerhet (PLe, CAT4, SIL3), har SupraPAQ TH76 en helt unik arkitektur bygget p\u00e5 multiprosessorer. Separate prosessorer til hver eneste funksjon; radiokommunikasjon, brukerinstallerte plug-ins og kritiske sikkerhetsfunksjoner, som betyr at kundenes egen software eller deres modifikasjoner ikke kan forstyrre senderens viktigste funksjoner. Dette beskytter brukerne, utstyr og maskiner, og garanterer trygge arbeidsforhold hver dag.<\/p>\n    <\/div>\n  <\/div>\n<\/div>\n<\/div>\n<\/div>\n\n\n\n<div style=\"height:78px\" aria-hidden=\"true\" class=\"wp-block-spacer\"><\/div>\n\n\n\n<h2 class=\"wp-block-heading\"><strong>R30 Mottakeren \u2013 Allsidig kontroll, og ekstremt p\u00e5litelig<\/strong><\/h2>\n\n\n\n<p><strong>R30 mottakeren<\/strong> fra Tele Radio tilbyr maksimalt med fleksibilitet, med hele \u00e5tte forskjellige modeller skreddersydd til ditt spenningssystem \u2013 fire av de utviklet for 12\u201324 VDC &amp; 24\u201348 VAC og fire for 110\u2013230 VAC. Designet for holdbarhet; alle R30 mottakerne fullstendig vanntette med IP66-beskyttelse, noe som gj\u00f8r mottakerne idelle for krevende industrielle forhold, som utend\u00f8rs kranstyring eller styring av maskiner i landbrukssektoren.<\/p>\n\n\n\n<p>Med innebygde sikkerhetsfunksjoner som to dedikerte stopprel\u00e9er, fem standard funksjonsrel\u00e9er og muligheten til \u00e5 legge til ekspansjonskort som tilf\u00f8yer fem ekstra rel\u00e9er, garanterer R30 presis, responsiv og trygg kontroll. En intern antenne s\u00f8rger for stabil og p\u00e5litelig kommunikasjon, mens den valgfrie eksterne antennen styrker signalet i spesielt utfordrende milj\u00f8er. Utvalgte modeller er ogs\u00e5 sertifisert i henhold til de nyeste maskinforskriftene, slik at du f\u00e5r full trygghet og samsvarsgaranti.<\/p>\n\n\n\n<div style=\"height:70px\" aria-hidden=\"true\" class=\"wp-block-spacer\"><\/div>\n\n\n\n<div class=\"wp-block-columns is-layout-flex wp-container-core-columns-is-layout-9d6595d7 wp-block-columns-is-layout-flex\">\n<div class=\"wp-block-column has-black-background-color has-background is-layout-flow wp-block-column-is-layout-flow\" style=\"flex-basis:25%\">\n<div style=\"height:50px\" aria-hidden=\"true\" class=\"wp-block-spacer\"><\/div>\n\n\n<div class=\"wp-block-image paq-style-rounded\">\n<figure class=\"aligncenter size-large is-resized\"><img loading=\"lazy\" decoding=\"async\" width=\"1200\" height=\"800\" src=\"https:\/\/www.tele-radio.com\/app\/uploads\/\/R30_01-1-1200x800.png\" alt=\"\" class=\"wp-image-247952\" style=\"aspect-ratio:1;object-fit:contain;width:189px;height:auto\" srcset=\"https:\/\/www.tele-radio.com\/app\/uploads\/R30_01-1-1200x800.png 1200w, https:\/\/www.tele-radio.com\/app\/uploads\/R30_01-1-400x267.png 400w, https:\/\/www.tele-radio.com\/app\/uploads\/R30_01-1-768x512.png 768w, https:\/\/www.tele-radio.com\/app\/uploads\/R30_01-1-1536x1024.png 1536w, https:\/\/www.tele-radio.com\/app\/uploads\/R30_01-1-2048x1365.png 2048w, https:\/\/www.tele-radio.com\/app\/uploads\/R30_01-1-750x500.png 750w, https:\/\/www.tele-radio.com\/app\/uploads\/R30_01-1-500x333.png 500w, https:\/\/www.tele-radio.com\/app\/uploads\/R30_01-1-1600x1067.png 1600w, https:\/\/www.tele-radio.com\/app\/uploads\/R30_01-1-800x533.png 800w\" sizes=\"auto, (max-width: 1200px) 100vw, 1200px\" \/><\/figure><\/div>\n\n\n<div style=\"height:32px\" aria-hidden=\"true\" class=\"wp-block-spacer\"><\/div>\n\n\n\n<p class=\"has-text-align-center has-white-color has-text-color has-link-color wp-elements-392f2188fccfd390028f7054659aeb03\" style=\"font-size:24px\"><strong>R30-21\/R30-26<\/strong><br><em>MOTTAKER<\/em><\/p>\n\n\n\n<p class=\"has-text-align-left has-white-color has-text-color has-link-color has-medium-font-size wp-elements-19ac73c22de06dfcf8d3a52cfcb62eeb\">\u2705&nbsp;<strong>Spenning:<\/strong> 12\u201324 VDC &amp; 24\u201348 VAC<br>\u2705&nbsp;<strong>Frekvens:<\/strong> 2.4 GHz (2405\u20132480 MHz), DSSS<br>\u2705&nbsp;<strong>Kommunikasjon:<\/strong> Dupleks (TEQ) \/ Simpleks (Panther)<br>\u2705&nbsp;<strong>Rel\u00e9er:<\/strong> 2 stopp + 5 funksjonsrel\u00e9er<br>\u274c&nbsp;<strong>Ekspansjonskort:<\/strong> Nei<br>\u2705&nbsp;<strong>Antenne:<\/strong> Intern (mulighet for ekstern antenne)<br>\u2705&nbsp;<strong>Beskyttelse:<\/strong> IP66<br>\u2705&nbsp;<strong>Sertifisering:<\/strong> PLe, CAT4, SIL3 (stoppfunksjon)<br>\u2705&nbsp;<strong>App:<\/strong> FieldManager\u2122 til Android\/iOS<br>\u2705&nbsp;<strong>Sertifisering (Maskinforskrifter): <\/strong>Kun R30\u201326<\/p>\n\n\n\n<div style=\"height:50px\" aria-hidden=\"true\" class=\"wp-block-spacer\"><\/div>\n\n\n\n<div style=\"height:30px\" aria-hidden=\"true\" class=\"wp-block-spacer\"><\/div>\n<\/div>\n\n\n\n<div class=\"wp-block-column has-black-background-color has-background is-layout-flow wp-block-column-is-layout-flow\" style=\"flex-basis:25%\">\n<div style=\"height:50px\" aria-hidden=\"true\" class=\"wp-block-spacer\"><\/div>\n\n\n<div class=\"wp-block-image paq-style-rounded\">\n<figure class=\"aligncenter size-large is-resized\"><img loading=\"lazy\" decoding=\"async\" width=\"1200\" height=\"800\" src=\"https:\/\/www.tele-radio.com\/app\/uploads\/\/R30_01-1-1200x800.png\" alt=\"\" class=\"wp-image-247952\" style=\"aspect-ratio:1;object-fit:contain;width:189px\" srcset=\"https:\/\/www.tele-radio.com\/app\/uploads\/R30_01-1-1200x800.png 1200w, https:\/\/www.tele-radio.com\/app\/uploads\/R30_01-1-400x267.png 400w, https:\/\/www.tele-radio.com\/app\/uploads\/R30_01-1-768x512.png 768w, https:\/\/www.tele-radio.com\/app\/uploads\/R30_01-1-1536x1024.png 1536w, https:\/\/www.tele-radio.com\/app\/uploads\/R30_01-1-2048x1365.png 2048w, https:\/\/www.tele-radio.com\/app\/uploads\/R30_01-1-750x500.png 750w, https:\/\/www.tele-radio.com\/app\/uploads\/R30_01-1-500x333.png 500w, https:\/\/www.tele-radio.com\/app\/uploads\/R30_01-1-1600x1067.png 1600w, https:\/\/www.tele-radio.com\/app\/uploads\/R30_01-1-800x533.png 800w\" sizes=\"auto, (max-width: 1200px) 100vw, 1200px\" \/><\/figure><\/div>\n\n\n<div style=\"height:35px\" aria-hidden=\"true\" class=\"wp-block-spacer\"><\/div>\n\n\n\n<p class=\"has-text-align-center has-white-color has-text-color has-link-color wp-elements-b8e1c7588163ee9f105274c31c37b52d\" style=\"font-size:22px\"><strong>R30-22\/R30-27<\/strong><br><em>MOTTAKER<\/em><\/p>\n\n\n\n<p class=\"has-text-align-left has-white-color has-text-color has-link-color has-medium-font-size wp-elements-9f2de2726313ff7b32718bcec26f8c53\">\u2705&nbsp;<strong>Spenning:<\/strong> 12\u201324 VDC &amp; 24\u201348 VAC<br>\u2705&nbsp;<strong>Frekvens:<\/strong> 2.4 GHz (2405\u20132480 MHz), DSSS<br>\u2705&nbsp;<strong>Kommunikasjon:<\/strong> Dupleks (TEQ) \/ Simpleks (Panther)<br>\u2705&nbsp;<strong>Rel\u00e9er:<\/strong> 2 stopp + 5 funksjonsrel\u00e9er<br>\u2705&nbsp;<strong>Ekspansjonskort:<\/strong> Ja (5 ekstra rel\u00e9er)<br>\u2705 <strong>Antenne:<\/strong> Intern (mulighet for ekstern antenne)<br>\u2705&nbsp;<strong>Beskyttelse:<\/strong>&nbsp;IP66<br>\u2705&nbsp;<strong>Sertifisering:<\/strong>&nbsp;PLe, CAT4, SIL3 (stoppfunksjon)<br>\u2705&nbsp;<strong>App:<\/strong> FieldManager\u2122 til Android\/iOS<br>\u2705&nbsp;<strong>Sertifisering (Maskinforskrifter): <\/strong>Kun R30\u201327<\/p>\n\n\n\n<div style=\"height:40px\" aria-hidden=\"true\" class=\"wp-block-spacer\"><\/div>\n\n\n\n<div style=\"height:30px\" aria-hidden=\"true\" class=\"wp-block-spacer\"><\/div>\n<\/div>\n\n\n\n<div class=\"wp-block-column has-black-background-color has-background is-layout-flow wp-block-column-is-layout-flow\" style=\"flex-basis:25%\">\n<div style=\"height:50px\" aria-hidden=\"true\" class=\"wp-block-spacer\"><\/div>\n\n\n<div class=\"wp-block-image paq-style-rounded\">\n<figure class=\"aligncenter size-large is-resized\"><img loading=\"lazy\" decoding=\"async\" width=\"1200\" height=\"800\" src=\"https:\/\/www.tele-radio.com\/app\/uploads\/\/R30_01-1-1200x800.png\" alt=\"\" class=\"wp-image-247952\" style=\"aspect-ratio:1;object-fit:contain;width:189px\" srcset=\"https:\/\/www.tele-radio.com\/app\/uploads\/R30_01-1-1200x800.png 1200w, https:\/\/www.tele-radio.com\/app\/uploads\/R30_01-1-400x267.png 400w, https:\/\/www.tele-radio.com\/app\/uploads\/R30_01-1-768x512.png 768w, https:\/\/www.tele-radio.com\/app\/uploads\/R30_01-1-1536x1024.png 1536w, https:\/\/www.tele-radio.com\/app\/uploads\/R30_01-1-2048x1365.png 2048w, https:\/\/www.tele-radio.com\/app\/uploads\/R30_01-1-750x500.png 750w, https:\/\/www.tele-radio.com\/app\/uploads\/R30_01-1-500x333.png 500w, https:\/\/www.tele-radio.com\/app\/uploads\/R30_01-1-1600x1067.png 1600w, https:\/\/www.tele-radio.com\/app\/uploads\/R30_01-1-800x533.png 800w\" sizes=\"auto, (max-width: 1200px) 100vw, 1200px\" \/><\/figure><\/div>\n\n\n<div style=\"height:36px\" aria-hidden=\"true\" class=\"wp-block-spacer\"><\/div>\n\n\n\n<p class=\"has-text-align-center has-white-color has-text-color has-link-color wp-elements-402969be64f6a430b4b579a8f754ddc8\" style=\"font-size:22px\"><strong>R30-71\/R30-76<br><\/strong><em>MOTTAKER<\/em><\/p>\n\n\n\n<p class=\"has-white-color has-text-color has-link-color has-medium-font-size wp-elements-669dbb287d6ba5d178b156c2b492e9e6\">\u2705&nbsp;<strong>Spenning:<\/strong> 110\u2013230 VAC<br>\u2705&nbsp;<strong>Frekvens:<\/strong> 2.4 GHz (2405\u20132480 MHz), DSSS<br>\u2705&nbsp;<strong>Kommunikasjon:<\/strong> Dupleks (TEQ) \/ Simpleks (Panther)<br>\u2705&nbsp;<strong>Rel\u00e9er:<\/strong> 2 stopp + 5 funksjonsrel\u00e9er<br>\u274c&nbsp;<strong>Ekspansjonskort:<\/strong> Nei<br>\u2705 <strong>Antenne: <\/strong>Intern (mulighet for ekstern antenne)<br>\u2705&nbsp;<strong>Beskyttelse<\/strong>:&nbsp;IP66<br>\u2705&nbsp;<strong>Sertifisering:<\/strong>&nbsp;PLe, CAT4, SIL3 (stoppfunksjon)<br>\u2705&nbsp;<strong>App:<\/strong> FieldManager\u2122 til Android\/iOS<br>\u2705&nbsp;<strong>Sertifisering (Maskinforskrifter):<\/strong> Kun R30\u201376<\/p>\n\n\n\n<div style=\"height:66px\" aria-hidden=\"true\" class=\"wp-block-spacer\"><\/div>\n\n\n\n<div style=\"height:30px\" aria-hidden=\"true\" class=\"wp-block-spacer\"><\/div>\n<\/div>\n\n\n\n<div class=\"wp-block-column has-black-background-color has-background is-layout-flow wp-block-column-is-layout-flow\" style=\"flex-basis:25%\">\n<div style=\"height:50px\" aria-hidden=\"true\" class=\"wp-block-spacer\"><\/div>\n\n\n<div class=\"wp-block-image paq-style-rounded\">\n<figure class=\"aligncenter size-large is-resized\"><img loading=\"lazy\" decoding=\"async\" width=\"1200\" height=\"800\" src=\"https:\/\/www.tele-radio.com\/app\/uploads\/\/R30_01-1-1200x800.png\" alt=\"\" class=\"wp-image-247952\" style=\"aspect-ratio:1;object-fit:contain;width:189px\" srcset=\"https:\/\/www.tele-radio.com\/app\/uploads\/R30_01-1-1200x800.png 1200w, https:\/\/www.tele-radio.com\/app\/uploads\/R30_01-1-400x267.png 400w, https:\/\/www.tele-radio.com\/app\/uploads\/R30_01-1-768x512.png 768w, https:\/\/www.tele-radio.com\/app\/uploads\/R30_01-1-1536x1024.png 1536w, https:\/\/www.tele-radio.com\/app\/uploads\/R30_01-1-2048x1365.png 2048w, https:\/\/www.tele-radio.com\/app\/uploads\/R30_01-1-750x500.png 750w, https:\/\/www.tele-radio.com\/app\/uploads\/R30_01-1-500x333.png 500w, https:\/\/www.tele-radio.com\/app\/uploads\/R30_01-1-1600x1067.png 1600w, https:\/\/www.tele-radio.com\/app\/uploads\/R30_01-1-800x533.png 800w\" sizes=\"auto, (max-width: 1200px) 100vw, 1200px\" \/><\/figure><\/div>\n\n\n<div style=\"height:36px\" aria-hidden=\"true\" class=\"wp-block-spacer\"><\/div>\n\n\n\n<p class=\"has-text-align-center has-white-color has-text-color has-link-color wp-elements-d3623c9f9a5ed55f8f2ecc7e19d905a6\" style=\"font-size:22px\"><strong>R30-72\/R30-77<br><\/strong><em>MOTTAKER<\/em><\/p>\n\n\n\n<p class=\"has-white-color has-text-color has-link-color has-medium-font-size wp-elements-bf48fe4c72a2f7a16b31d7769631eec2\">\u2705&nbsp;<strong>Spenning:<\/strong> 110\u2013230 VAC<br>\u2705&nbsp;<strong>Frekvens:<\/strong> 2.4 GHz (2405\u20132480 MHz), DSSS<br>\u2705&nbsp;<strong>Kommunikasjon:<\/strong> Dupleks (TEQ) \/ Simpleks (Panther)<br>\u2705&nbsp;<strong>Rel\u00e9er:<\/strong> 2 stopp + 5 funksjonsrel\u00e9er<br>\u2705&nbsp;<strong><strong>Ekspansjonskort<\/strong>:<\/strong> Ja (5 ekstra rel\u00e9er)<br>\u2705 <strong>Antenne:<\/strong> Intern (mulighet for ekstern antenne)<br>\u2705&nbsp;<strong>Beskyttelse<\/strong>:&nbsp;IP66<br>\u2705&nbsp;<strong>Sertifisering:<\/strong>&nbsp;PLe, CAT4, SIL3 (stoppfunksjon)<br>\u2705&nbsp;<strong>App:<\/strong> FieldManager\u2122 til Android\/iOS<br>\u2705&nbsp;<strong>Sertifisering (Maskinforskrifter): <\/strong>Kun R30\u201377<\/p>\n\n\n\n<div style=\"height:63px\" aria-hidden=\"true\" class=\"wp-block-spacer\"><\/div>\n\n\n\n<div style=\"height:30px\" aria-hidden=\"true\" class=\"wp-block-spacer\"><\/div>\n<\/div>\n<\/div>\n\n\n\n<div style=\"height:57px\" aria-hidden=\"true\" class=\"wp-block-spacer\"><\/div>\n\n\n\n<h2 class=\"wp-block-heading has-text-align-center\"><strong>Last ned datablad med full teknisk spesifikasjon<\/strong><\/h2>\n\n\n\n<div style=\"height:39px\" aria-hidden=\"true\" class=\"wp-block-spacer\"><\/div>\n\n\n\n<div class=\"wp-block-columns is-layout-flex wp-container-core-columns-is-layout-9d6595d7 wp-block-columns-is-layout-flex\">\n<div class=\"wp-block-column is-layout-flow wp-block-column-is-layout-flow\">\n<h3 class=\"wp-block-heading has-text-align-center\"><strong>SupraPAQ TH76<\/strong><\/h3>\n\n\n\n<div class=\"wp-block-buttons is-content-justification-center is-layout-flex wp-container-core-buttons-is-layout-16018d1d wp-block-buttons-is-layout-flex\">\n<div class=\"wp-block-button\"><a class=\"wp-block-button__link has-black-color has-text-color has-background has-link-color wp-element-button\" href=\"https:\/\/www.tele-radio.com\/app\/uploads\/Techsheet_SupraPAQ_TH76.pdf\" style=\"border-radius:16px;background-color:#fabb00\" target=\"_blank\" rel=\"noreferrer noopener\"><strong>Last ned<\/strong><\/a><\/div>\n<\/div>\n<\/div>\n\n\n\n<div class=\"wp-block-column is-layout-flow wp-block-column-is-layout-flow\">\n<h3 class=\"wp-block-heading has-text-align-center\"><strong>R30<\/strong><\/h3>\n\n\n\n<div class=\"wp-block-buttons is-content-justification-center is-layout-flex wp-container-core-buttons-is-layout-16018d1d wp-block-buttons-is-layout-flex\">\n<div class=\"wp-block-button\"><a class=\"wp-block-button__link has-black-color has-text-color has-background has-link-color wp-element-button\" href=\"https:\/\/www.tele-radio.com\/app\/uploads\/Techsheet_R30.pdf\" style=\"border-radius:16px;background-color:#fabb00\" target=\"_blank\" rel=\"noreferrer noopener\"><strong>Last ned<\/strong><\/a><\/div>\n<\/div>\n<\/div>\n<\/div>\n\n\n\n<div style=\"height:64px\" aria-hidden=\"true\" class=\"wp-block-spacer\"><\/div>\n\n\n\n<h2 class=\"wp-block-heading is-style-outlined-title\">Ta kontakt for mer informasjon!<\/h2>\n\n\n\n<div class=\"wp-block-contact-form-7-contact-form-selector\">\n<div class=\"wpcf7 no-js\" id=\"wpcf7-f259832-o1\" lang=\"en-EN\" dir=\"ltr\" data-wpcf7-id=\"259832\">\n<div class=\"screen-reader-response\"><p role=\"status\" aria-live=\"polite\" aria-atomic=\"true\"><\/p> <ul><\/ul><\/div>\n<form action=\"\/nb\/wp-json\/wp\/v2\/pages\/250438#wpcf7-f259832-o1\" method=\"post\" class=\"wpcf7-form init\" aria-label=\"Contact form\" novalidate=\"novalidate\" data-status=\"init\">\n<fieldset class=\"hidden-fields-container\"><input type=\"hidden\" name=\"_wpcf7\" value=\"259832\" \/><input type=\"hidden\" name=\"_wpcf7_version\" value=\"6.1\" \/><input type=\"hidden\" name=\"_wpcf7_locale\" value=\"en_EN\" \/><input type=\"hidden\" name=\"_wpcf7_unit_tag\" value=\"wpcf7-f259832-o1\" \/><input type=\"hidden\" name=\"_wpcf7_container_post\" value=\"0\" \/><input type=\"hidden\" name=\"_wpcf7_posted_data_hash\" value=\"\" \/><input type=\"hidden\" name=\"_wpcf7_recaptcha_response\" value=\"\" \/>\n<\/fieldset>\n<p><label> Ditt navn<br \/>\n<span class=\"wpcf7-form-control-wrap\" data-name=\"your-name\"><input size=\"40\" maxlength=\"400\" class=\"wpcf7-form-control wpcf7-text wpcf7-validates-as-required\" aria-required=\"true\" aria-invalid=\"false\" value=\"\" type=\"text\" name=\"your-name\" \/><\/span> <\/label>\n<\/p>\n<p><label> E-post<br \/>\n<span class=\"wpcf7-form-control-wrap\" data-name=\"your-email\"><input size=\"40\" maxlength=\"400\" class=\"wpcf7-form-control wpcf7-email wpcf7-validates-as-required wpcf7-text wpcf7-validates-as-email\" aria-required=\"true\" aria-invalid=\"false\" value=\"\" type=\"email\" name=\"your-email\" \/><\/span> <\/label>\n<\/p>\n<p><label> Din beskjed<br \/>\n<span class=\"wpcf7-form-control-wrap\" data-name=\"your-message\"><textarea cols=\"40\" rows=\"10\" maxlength=\"2000\" class=\"wpcf7-form-control wpcf7-textarea\" aria-invalid=\"false\" name=\"your-message\"><\/textarea><\/span> <\/label>\n<\/p>\n<p><input class=\"wpcf7-form-control wpcf7-submit has-spinner\" type=\"submit\" value=\"Send inn\" \/>\n<\/p><div class=\"wpcf7-response-output\" aria-hidden=\"true\"><\/div>\n<\/form>\n<\/div>\n\r\n\t\t\t\t<script>\r\n\t\t\t\tif ( typeof huOptions !== 'undefined' ) {\r\n\t\t\t\t\tvar huFormData = {\"source\":\"contactform7\",\"id\":259832,\"title\":\"TRNOR\",\"fields\":{\"subject\":{\"first_name\":\"your-name\",\"email\":\"your-email\"},\"preferences\":{\"terms\":\"your-consent\"}}};\r\n\t\t\t\t\tvar huFormNode = document.querySelector( '[id^=\"wpcf7-f259832-\"] form' );\r\n\r\n\t\t\t\t\thuFormData['node'] = huFormNode;\r\n\t\t\t\t\thuOptions['forms'].push( huFormData );\r\n\t\t\t\t}\r\n\t\t\t\t<\/script><\/div>\n\n\n\n<script>\nfunction openSpec(evt, specName) {\n  var i, tabcontent, tabbuttons;\n  \n  tabcontent = document.getElementsByClassName(\"tab-content\");\n  for (i = 0; i < tabcontent.length; i++) {\n    tabcontent[i].style.display = \"none\"; \/\/ verberg alle inhoud\n  }\n\n  tabbuttons = document.getElementsByClassName(\"tab-button\");\n  for (i = 0; i < tabbuttons.length; i++) {\n    tabbuttons[i].className = tabbuttons[i].className.replace(\" active\", \"\"); \/\/ verwijder actieve styling\n  }\n\n  document.getElementById(specName).style.display = \"block\"; \/\/ toon geselecteerde inhoud\n  evt.currentTarget.className += \" active\"; \/\/ activeer geselecteerde knop\n}\n\n\/\/ Open standaard tab (Frequency) bij het laden van de pagina\ndocument.getElementById(\"defaultOpen\").click();\n<\/script>\n","protected":false},"excerpt":{"rendered":"<p>SupraPAQ TH76 Ser du etter en sender som er allsidig, robust og utviklet for fremtiden? Her har du svaret.&nbsp;SupraPAQ&nbsp;TH76 (T36)&nbsp;er i frontlinjen av tr\u00e5dl\u00f8se radiokontroller og er utviklet for \u00e5 m\u00f8te fremtidige krav til sikkerhet. Med den robuste og solide konstruksjonen er du garantert en sender som t\u00e5ler de mest utfordrende og t\u00f8ffeste forholdene. Det [&hellip;]<\/p>\n","protected":false},"author":18,"featured_media":0,"parent":0,"menu_order":0,"comment_status":"closed","ping_status":"closed","template":"","meta":{"_acf_changed":false,"footnotes":""},"class_list":["post-250438","page","type-page","status-publish","hentry"],"acf":[],"_links":{"self":[{"href":"https:\/\/www.tele-radio.com\/nb\/wp-json\/wp\/v2\/pages\/250438","targetHints":{"allow":["GET"]}}],"collection":[{"href":"https:\/\/www.tele-radio.com\/nb\/wp-json\/wp\/v2\/pages"}],"about":[{"href":"https:\/\/www.tele-radio.com\/nb\/wp-json\/wp\/v2\/types\/page"}],"author":[{"embeddable":true,"href":"https:\/\/www.tele-radio.com\/nb\/wp-json\/wp\/v2\/users\/18"}],"replies":[{"embeddable":true,"href":"https:\/\/www.tele-radio.com\/nb\/wp-json\/wp\/v2\/comments?post=250438"}],"version-history":[{"count":61,"href":"https:\/\/www.tele-radio.com\/nb\/wp-json\/wp\/v2\/pages\/250438\/revisions"}],"predecessor-version":[{"id":259836,"href":"https:\/\/www.tele-radio.com\/nb\/wp-json\/wp\/v2\/pages\/250438\/revisions\/259836"}],"wp:attachment":[{"href":"https:\/\/www.tele-radio.com\/nb\/wp-json\/wp\/v2\/media?parent=250438"}],"curies":[{"name":"wp","href":"https:\/\/api.w.org\/{rel}","templated":true}]}}