{"id":250435,"date":"2025-04-01T06:20:22","date_gmt":"2025-04-01T06:20:22","guid":{"rendered":"https:\/\/www.tele-radio.com\/?page_id=250435"},"modified":"2025-05-15T07:41:00","modified_gmt":"2025-05-15T07:41:00","slug":"omnipaq-th63","status":"publish","type":"page","link":"https:\/\/www.tele-radio.com\/nb\/omnipaq-th63\/","title":{"rendered":"OmniPAQ TH63"},"content":{"rendered":"\n<h1 class=\"wp-block-heading is-style-outlined-title\">OmniPAQ TH63<\/h1>\n\n\n\n<div style=\"height:59px\" aria-hidden=\"true\" class=\"wp-block-spacer\"><\/div>\n\n\n\n<div class=\"wp-block-columns is-layout-flex wp-container-core-columns-is-layout-9d6595d7 wp-block-columns-is-layout-flex\">\n<div class=\"wp-block-column is-layout-flow wp-block-column-is-layout-flow\" style=\"flex-basis:66.66%\">\n<div style=\"height:55px\" aria-hidden=\"true\" class=\"wp-block-spacer\"><\/div>\n\n\n\n<p style=\"font-size:25px;font-style:normal;font-weight:400\">Ser du etter en allsidig, robust og fremtidssikker radiostyring? Da har du funnet den. <strong>OmniPAQ TH63 (T34)<\/strong>&nbsp;er i frontlinjen av tr\u00e5dl\u00f8se radiokontroller og er klar for \u00e5 m\u00f8te de strenge sikkerhetskravene som kommer. Med sin solide og slitesterke konstruksjon f\u00e5r du en sender som t\u00e5ler selv de t\u00f8ffeste forholdene. Den oppgraderte gummibeskyttelsen skjermer den mot t\u00f8ffe forhold \u2013 perfekt for v\u00e5re kunders krevende omgivelser. De <strong>8 knappene<\/strong>&nbsp;p\u00e5 denne&nbsp;<strong>mellomstore<\/strong>&nbsp;radiokontrollen gir deg fleksibilitet til en rekke oppgaver, inkludert kranstyring, bilberging, samt mobile og maritime applikasjoner. OmniPAQ TH63 leveres med et&nbsp;<strong>eksternt batteri<\/strong>&nbsp;som kan lades p\u00e5 farten.<\/p>\n<\/div>\n\n\n\n<div class=\"wp-block-column is-layout-flow wp-block-column-is-layout-flow\" style=\"flex-basis:33.33%\">\n<figure class=\"wp-block-image size-large is-resized is-style-rounded\"><img decoding=\"async\" src=\"https:\/\/www.tele-radio.com\/app\/uploads\/\/FH-LC-OMNP_TH63_2-1200x798.jpg\" alt=\"\" class=\"wp-image-247903\" style=\"width:396px;height:auto\"\/><\/figure>\n<\/div>\n<\/div>\n\n\n\n<div style=\"height:56px\" aria-hidden=\"true\" class=\"wp-block-spacer\"><\/div>\n\n\n\n<h2 class=\"wp-block-heading has-text-align-center is-style-outlined-title\"><strong>Egenskaper<\/strong><\/h2>\n\n\n\n<div style=\"height:50px\" aria-hidden=\"true\" class=\"wp-block-spacer\"><\/div>\n\n\n\n<div class=\"wp-block-columns is-layout-flex wp-container-core-columns-is-layout-9d6595d7 wp-block-columns-is-layout-flex\">\n<div class=\"wp-block-column is-layout-flow wp-block-column-is-layout-flow\"><\/div>\n\n\n\n<div class=\"wp-block-column is-layout-flow wp-block-column-is-layout-flow\" style=\"flex-basis:100%\">\n<div class=\"paq-container\">\n  <div class=\"paq-sidebar\">\n    <button class=\"tab-button\" onclick=\"openSpec(event, 'General')\" id=\"defaultOpen\">Generelt<\/button>\n    <button class=\"tab-button\" onclick=\"openSpec(event, 'Flexibility')\">Fleksibilitet<\/button>\n    <button class=\"tab-button\" onclick=\"openSpec(event, 'Connectivity')\">Tilkobling<\/button>\n    <button class=\"tab-button\" onclick=\"openSpec(event, 'Protection')\">Sikkerhet<\/button>\n  <\/div>\n\n  <div class=\"paq-content\">\n    <div id=\"General\" class=\"tab-content\">\n      <h3>Generelt<\/h3>\n      <p>OmniPAQ TH63 er designet for \u00e5 v\u00e6re din p\u00e5litelige partner i industrielle omgivelser, og tilbyr en intuitiv tr\u00e5dl\u00f8s kontroll med sine 8 ergonomiske to-trinns knapper. Enten du fjernstyrer transportb\u00e5nd i logistikk, kraner p\u00e5 byggeplasser, eller maskiner i landbruket, er denne senderen bygget for \u00e5 levere presis ytelse hver dag. Takket v\u00e6re sin robuste IP65-klassifisering, t\u00e5ler den selv de t\u00f8ffeste forholdene.<\/p>\n    <\/div>\n\n    <div id=\"Flexibility\" class=\"tab-content\" style=\"display:none\">\n      <h3>Fleksibilitet<\/h3>\n      <p>Tilpass OmniPAQ TH63 akkurat slik du har behov for. Med avansert plug-in-teknologi kan du programmere knappefunksjoner, angi LED-indikatorer og konfigurere sensoradferd \u2013 for eksempel justere akselerasjonssensoren til \u00e5 oppdage fall eller helling i gruvedrift og skogbruk. Bytt enkelt mellom driftsmoduser avhengig av oppgaven som skal utf\u00f8res.<\/p>\n    <\/div>\n\n    <div id=\"Connectivity\" class=\"tab-content\" style=\"display:none\">\n      <h3>Tilkobling<\/h3>\n      <p>Forbli tilkoblet og ha kontroll med Tele Radios FieldManager\u2122-app, kompatibel med Android- og iOS-enheter. Konfigurer senderen eksternt, del oppsettsinformasjon raskt via e-post, eller f\u00e5 umiddelbar tilgang til feils\u00f8kingsdokumentasjon \u2013 perfekt for operat\u00f8rer som jobber p\u00e5 store fabrikkomr\u00e5der eller p\u00e5 avsidesliggende steder.<\/p>\n    <\/div>\n\n    <div id=\"Protection\" class=\"tab-content\" style=\"display:none\">\n      <h3>Sikkerhet<\/h3>\n      <p>OmniPAQ TH63 oppfyller de h\u00f8yeste sikkerhetsstandardene (PLe, CAT4, SIL3), og s\u00f8rger for at jobben din forblir trygg. Hver kritiske funksjon, inkludert radiokommunikasjon, programvare-plug-ins, og sikkerhetssystemer, kj\u00f8rer uavhengig p\u00e5 separate prosessorenheter. Dette sikrer at brukerinstallert programvare eller innstillinger aldri kompromitterer senderens vitale funksjoner \u2013 og beskytter b\u00e5de operat\u00f8r og verdifullt utstyr.<\/p>\n    <\/div>\n  <\/div>\n<\/div>\n<\/div>\n<\/div>\n\n\n\n<div style=\"height:78px\" aria-hidden=\"true\" class=\"wp-block-spacer\"><\/div>\n\n\n\n<h2 class=\"wp-block-heading\"><strong>R30 Mottaker \u2013 Allsidig Kontroll, Bygget for p\u00e5litelighet <\/strong><\/h2>\n\n\n\n<p><strong>R30 Mottaker<\/strong> fra Tele Radio tilbyr maksimal fleksibilitet med \u00e5tte ulike modeller skreddersydd til dine spenningskrav \u2013 fire designet for 12-24 VDC &amp; 24-48 VAC og fire for 110-230 VAC. Konstruert for holdbarhet, er hver R30-mottaker fullstendig vanntett med IP66-klassifisering, noe som gj\u00f8r den ideell for krevende industrielle forhold som utend\u00f8rs kranstyring og styring av landbruksmaskiner.<\/p>\n\n\n\n<p>Med innebygde sikkerhetsfunksjoner \u2013 som 2 stropprel\u00e9er, 5 standard funksjonsrel\u00e9er og en valgfri utvidelsesmodul med 5 ekstra rel\u00e9er \u2013 sikrer R30 presis, responsiv, og sikker kontroll av utstyret ditt.  En intern antenne garanterer p\u00e5litelig kommunikasjon, mens en valgfri ekstern antenne forbedrer signalstyrken i utfordrende omgivelser. Utvalgte modeller er ogs\u00e5 sertifisert i henhold til de nyeste maskinforskriftene, slik at du f\u00e5r full trygghet og samsvarsgaranti. <\/p>\n\n\n\n<div style=\"height:70px\" aria-hidden=\"true\" class=\"wp-block-spacer\"><\/div>\n\n\n\n<div class=\"wp-block-columns is-layout-flex wp-container-core-columns-is-layout-9d6595d7 wp-block-columns-is-layout-flex\">\n<div class=\"wp-block-column has-black-background-color has-background is-layout-flow wp-block-column-is-layout-flow\" style=\"flex-basis:25%\">\n<div style=\"height:50px\" aria-hidden=\"true\" class=\"wp-block-spacer\"><\/div>\n\n\n<div class=\"wp-block-image paq-style-rounded\">\n<figure class=\"aligncenter size-large is-resized\"><img loading=\"lazy\" decoding=\"async\" width=\"1200\" height=\"800\" src=\"https:\/\/www.tele-radio.com\/app\/uploads\/\/R30_01-1-1200x800.png\" alt=\"\" class=\"wp-image-247952\" style=\"aspect-ratio:1;object-fit:contain;width:189px;height:auto\" srcset=\"https:\/\/www.tele-radio.com\/app\/uploads\/R30_01-1-1200x800.png 1200w, https:\/\/www.tele-radio.com\/app\/uploads\/R30_01-1-400x267.png 400w, https:\/\/www.tele-radio.com\/app\/uploads\/R30_01-1-768x512.png 768w, https:\/\/www.tele-radio.com\/app\/uploads\/R30_01-1-1536x1024.png 1536w, https:\/\/www.tele-radio.com\/app\/uploads\/R30_01-1-2048x1365.png 2048w, https:\/\/www.tele-radio.com\/app\/uploads\/R30_01-1-750x500.png 750w, https:\/\/www.tele-radio.com\/app\/uploads\/R30_01-1-500x333.png 500w, https:\/\/www.tele-radio.com\/app\/uploads\/R30_01-1-1600x1067.png 1600w, https:\/\/www.tele-radio.com\/app\/uploads\/R30_01-1-800x533.png 800w\" sizes=\"auto, (max-width: 1200px) 100vw, 1200px\" \/><\/figure><\/div>\n\n\n<div style=\"height:32px\" aria-hidden=\"true\" class=\"wp-block-spacer\"><\/div>\n\n\n\n<p class=\"has-text-align-center has-white-color has-text-color has-link-color wp-elements-392f2188fccfd390028f7054659aeb03\" style=\"font-size:24px\"><strong>R30-21\/R30-26<\/strong><br><em>MOTTAKER<\/em><\/p>\n\n\n\n<p class=\"has-text-align-left has-white-color has-text-color has-link-color has-medium-font-size wp-elements-56ca435a666a364756b98869a7f3b6c0\">\u2705&nbsp;<strong>Spenning:<\/strong> 12-24 VDC &amp; 24-48 VAC<br>\u2705&nbsp;<strong>Frekvens:<\/strong> 2.4 GHz (2405 &#8211; 2480 MHz), DSSS<br>\u2705&nbsp;<strong>Kommunikasjon:<\/strong> Dupleks (TEQ) \/ Simpleks (Panther)<br>\u2705&nbsp;<strong>Rel\u00e9er:<\/strong> 2 Stopprel\u00e9er + 5 funksjonsrel\u00e9er<br>\u274c&nbsp;<strong>Ekspansjonskort:<\/strong> Nei<br>\u2705&nbsp;<strong>Antenne:<\/strong> Intern (mulighet ekstern antenne)<br>\u2705&nbsp;<strong>Beskyttelse:<\/strong> IP66<br>\u2705&nbsp;<strong>Sikkerhetssertifisering:<\/strong> PLe, CAT4, SIL3 (stoppfunksjon)<br>\u2705&nbsp;<strong>App:<\/strong> FieldManager\u2122 til Android\/iOS<br>\u2705&nbsp;<strong>Sertifisering (maskinforskrifter): <\/strong>kun R30\u201326 <\/p>\n\n\n\n<div style=\"height:50px\" aria-hidden=\"true\" class=\"wp-block-spacer\"><\/div>\n\n\n\n<div style=\"height:30px\" aria-hidden=\"true\" class=\"wp-block-spacer\"><\/div>\n<\/div>\n\n\n\n<div class=\"wp-block-column has-black-background-color has-background is-layout-flow wp-block-column-is-layout-flow\" style=\"flex-basis:25%\">\n<div style=\"height:50px\" aria-hidden=\"true\" class=\"wp-block-spacer\"><\/div>\n\n\n<div class=\"wp-block-image paq-style-rounded\">\n<figure class=\"aligncenter size-large is-resized\"><img loading=\"lazy\" decoding=\"async\" width=\"1200\" height=\"800\" src=\"https:\/\/www.tele-radio.com\/app\/uploads\/\/R30_01-1-1200x800.png\" alt=\"\" class=\"wp-image-247952\" style=\"aspect-ratio:1;object-fit:contain;width:189px\" srcset=\"https:\/\/www.tele-radio.com\/app\/uploads\/R30_01-1-1200x800.png 1200w, https:\/\/www.tele-radio.com\/app\/uploads\/R30_01-1-400x267.png 400w, https:\/\/www.tele-radio.com\/app\/uploads\/R30_01-1-768x512.png 768w, https:\/\/www.tele-radio.com\/app\/uploads\/R30_01-1-1536x1024.png 1536w, https:\/\/www.tele-radio.com\/app\/uploads\/R30_01-1-2048x1365.png 2048w, https:\/\/www.tele-radio.com\/app\/uploads\/R30_01-1-750x500.png 750w, https:\/\/www.tele-radio.com\/app\/uploads\/R30_01-1-500x333.png 500w, https:\/\/www.tele-radio.com\/app\/uploads\/R30_01-1-1600x1067.png 1600w, https:\/\/www.tele-radio.com\/app\/uploads\/R30_01-1-800x533.png 800w\" sizes=\"auto, (max-width: 1200px) 100vw, 1200px\" \/><\/figure><\/div>\n\n\n<div style=\"height:35px\" aria-hidden=\"true\" class=\"wp-block-spacer\"><\/div>\n\n\n\n<p class=\"has-text-align-center has-white-color has-text-color has-link-color wp-elements-b8e1c7588163ee9f105274c31c37b52d\" style=\"font-size:22px\"><strong>R30-22\/R30-27<\/strong><br><em>MOTTAKER<\/em><\/p>\n\n\n\n<p class=\"has-text-align-left has-white-color has-text-color has-link-color has-medium-font-size wp-elements-077f825089b1fa46702a237c22050889\">\u2705&nbsp;<strong>Spenning:<\/strong> 12-24 VDC &amp; 24-48 VAC<br>\u2705&nbsp;<strong>Frekvens:<\/strong> 2.4 GHz (2405 &#8211; 2480 MHz), DSSS<br>\u2705&nbsp;<strong>Kommunikasjon:<\/strong> Dupleks (TEQ) \/ Simpleks (Panther)<br>\u2705&nbsp;<strong>Rel\u00e9er: <\/strong>2 Stopprel\u00e9er + 5 funksjonsrel\u00e9er<br>\u2705&nbsp;<strong>Ekspansjonskort:<\/strong> Ja (5 ekstra rel\u00e9er)<br>\u2705 <strong>Antenne:<\/strong> Intern (mulighet ekstern antenne)<br>\u2705&nbsp;<strong>Beskyttelse:<\/strong>&nbsp;IP66<br>\u2705&nbsp;<strong>Sikkerhetssertifisering:<\/strong> PLe, CAT4, SIL3 (stoppfunksjon)<br>\u2705&nbsp;<strong>App:<\/strong> FieldManager\u2122 til Android\/iOS<br>\u2705&nbsp;<strong>Sertifisering (maskinforskrifter):<\/strong> kun R30\u201327<\/p>\n\n\n\n<div style=\"height:40px\" aria-hidden=\"true\" class=\"wp-block-spacer\"><\/div>\n\n\n\n<div style=\"height:30px\" aria-hidden=\"true\" class=\"wp-block-spacer\"><\/div>\n<\/div>\n\n\n\n<div class=\"wp-block-column has-black-background-color has-background is-layout-flow wp-block-column-is-layout-flow\" style=\"flex-basis:25%\">\n<div style=\"height:50px\" aria-hidden=\"true\" class=\"wp-block-spacer\"><\/div>\n\n\n<div class=\"wp-block-image paq-style-rounded\">\n<figure class=\"aligncenter size-large is-resized\"><img loading=\"lazy\" decoding=\"async\" width=\"1200\" height=\"800\" src=\"https:\/\/www.tele-radio.com\/app\/uploads\/\/R30_01-1-1200x800.png\" alt=\"\" class=\"wp-image-247952\" style=\"aspect-ratio:1;object-fit:contain;width:189px\" srcset=\"https:\/\/www.tele-radio.com\/app\/uploads\/R30_01-1-1200x800.png 1200w, https:\/\/www.tele-radio.com\/app\/uploads\/R30_01-1-400x267.png 400w, https:\/\/www.tele-radio.com\/app\/uploads\/R30_01-1-768x512.png 768w, https:\/\/www.tele-radio.com\/app\/uploads\/R30_01-1-1536x1024.png 1536w, https:\/\/www.tele-radio.com\/app\/uploads\/R30_01-1-2048x1365.png 2048w, https:\/\/www.tele-radio.com\/app\/uploads\/R30_01-1-750x500.png 750w, https:\/\/www.tele-radio.com\/app\/uploads\/R30_01-1-500x333.png 500w, https:\/\/www.tele-radio.com\/app\/uploads\/R30_01-1-1600x1067.png 1600w, https:\/\/www.tele-radio.com\/app\/uploads\/R30_01-1-800x533.png 800w\" sizes=\"auto, (max-width: 1200px) 100vw, 1200px\" \/><\/figure><\/div>\n\n\n<div style=\"height:36px\" aria-hidden=\"true\" class=\"wp-block-spacer\"><\/div>\n\n\n\n<p class=\"has-text-align-center has-white-color has-text-color has-link-color wp-elements-402969be64f6a430b4b579a8f754ddc8\" style=\"font-size:22px\"><strong>R30-71\/R30-76<br><\/strong><em>MOTTAKER<\/em><\/p>\n\n\n\n<p class=\"has-white-color has-text-color has-link-color has-medium-font-size wp-elements-4a55452b1e5f39cad1dcfe952e93eac8\">\u2705&nbsp;<strong>Spenning:<\/strong> 110-230 VAC<br>\u2705&nbsp;<strong>Frekvens:<\/strong> 2.4 GHz (2405 &#8211; 2480 MHz), DSSS<br>\u2705&nbsp;<strong>Kommunikasjon:<\/strong> Dupleks (TEQ) \/ Simpleks (Panther)<br>\u2705&nbsp;<strong>Rel\u00e9er:<\/strong> 2 Stopprel\u00e9er + 5 funksjonsrel\u00e9er<br>\u274c&nbsp;<strong>Ekspansjonskort:<\/strong> Nei<br>\u2705 <strong>Antenne:<\/strong> Intern (mulighet ekstern antenne)<br>\u2705&nbsp;<strong>Beskyttelse<\/strong>:&nbsp;IP66<br>\u2705&nbsp;<strong>Sikkerhetssertifisering: <\/strong>PLe, CAT4, SIL3 (stoppfunksjon)<br>\u2705&nbsp;<strong>App:<\/strong> FieldManager\u2122 til Android\/iOS<br>\u2705&nbsp;<strong>Sertifisering (maskinforskrifter):<\/strong> kun R30\u201376 <\/p>\n\n\n\n<div style=\"height:66px\" aria-hidden=\"true\" class=\"wp-block-spacer\"><\/div>\n\n\n\n<div style=\"height:30px\" aria-hidden=\"true\" class=\"wp-block-spacer\"><\/div>\n<\/div>\n\n\n\n<div class=\"wp-block-column has-black-background-color has-background is-layout-flow wp-block-column-is-layout-flow\" style=\"flex-basis:25%\">\n<div style=\"height:50px\" aria-hidden=\"true\" class=\"wp-block-spacer\"><\/div>\n\n\n<div class=\"wp-block-image paq-style-rounded\">\n<figure class=\"aligncenter size-large is-resized\"><img loading=\"lazy\" decoding=\"async\" width=\"1200\" height=\"800\" src=\"https:\/\/www.tele-radio.com\/app\/uploads\/\/R30_01-1-1200x800.png\" alt=\"\" class=\"wp-image-247952\" style=\"aspect-ratio:1;object-fit:contain;width:189px\" srcset=\"https:\/\/www.tele-radio.com\/app\/uploads\/R30_01-1-1200x800.png 1200w, https:\/\/www.tele-radio.com\/app\/uploads\/R30_01-1-400x267.png 400w, https:\/\/www.tele-radio.com\/app\/uploads\/R30_01-1-768x512.png 768w, https:\/\/www.tele-radio.com\/app\/uploads\/R30_01-1-1536x1024.png 1536w, https:\/\/www.tele-radio.com\/app\/uploads\/R30_01-1-2048x1365.png 2048w, https:\/\/www.tele-radio.com\/app\/uploads\/R30_01-1-750x500.png 750w, https:\/\/www.tele-radio.com\/app\/uploads\/R30_01-1-500x333.png 500w, https:\/\/www.tele-radio.com\/app\/uploads\/R30_01-1-1600x1067.png 1600w, https:\/\/www.tele-radio.com\/app\/uploads\/R30_01-1-800x533.png 800w\" sizes=\"auto, (max-width: 1200px) 100vw, 1200px\" \/><\/figure><\/div>\n\n\n<div style=\"height:36px\" aria-hidden=\"true\" class=\"wp-block-spacer\"><\/div>\n\n\n\n<p class=\"has-text-align-center has-white-color has-text-color has-link-color wp-elements-d3623c9f9a5ed55f8f2ecc7e19d905a6\" style=\"font-size:22px\"><strong>R30-72\/R30-77<br><\/strong><em>MOTTAKER<\/em><\/p>\n\n\n\n<p class=\"has-white-color has-text-color has-link-color has-medium-font-size wp-elements-e93af3e510651ca475f3b7ef6337d793\">\u2705&nbsp;<strong>Spenning:<\/strong> 110-230 VAC<br>\u2705&nbsp;<strong>Frekvens:<\/strong> 2.4 GHz (2405 &#8211; 2480 MHz), DSSS<br>\u2705&nbsp;<strong>Kommunikasjon:<\/strong> Dupleks (TEQ) \/ Simpleks (Panther)<br>\u2705&nbsp;<strong>Rel\u00e9er:<\/strong> 2 Stopprel\u00e9er + 5 funksjonsrel\u00e9er<br>\u2705&nbsp;Ekspansjonskort: Ja (5 ekstra rel\u00e9er)<br>\u2705 <strong>Antenne: <\/strong>Intern (mulighet ekstern antenne)<br>\u2705&nbsp;<strong>Beskyttelse<\/strong>:&nbsp;IP66<br>\u2705&nbsp;<strong>Sikkerhetssertifisering:<\/strong> PLe, CAT4, SIL3 (stoppfunksjon)<br>\u2705&nbsp;<strong>App:<\/strong> FieldManager\u2122 til Android\/iOS<br>\u2705&nbsp;<strong>Sertifisering (maskinforskrifter):<\/strong> kun R30\u201377<strong> <\/strong><\/p>\n\n\n\n<div style=\"height:63px\" aria-hidden=\"true\" class=\"wp-block-spacer\"><\/div>\n\n\n\n<div style=\"height:30px\" aria-hidden=\"true\" class=\"wp-block-spacer\"><\/div>\n<\/div>\n<\/div>\n\n\n\n<div style=\"height:57px\" aria-hidden=\"true\" class=\"wp-block-spacer\"><\/div>\n\n\n\n<h2 class=\"wp-block-heading has-text-align-center\"><strong>Last ned datablad med full teknisk spesifikasjon<\/strong><\/h2>\n\n\n\n<div style=\"height:39px\" aria-hidden=\"true\" class=\"wp-block-spacer\"><\/div>\n\n\n\n<div class=\"wp-block-columns is-layout-flex wp-container-core-columns-is-layout-9d6595d7 wp-block-columns-is-layout-flex\">\n<div class=\"wp-block-column is-layout-flow wp-block-column-is-layout-flow\">\n<h3 class=\"wp-block-heading has-text-align-center\">OmniPAQ TH63<\/h3>\n\n\n\n<div class=\"wp-block-buttons is-content-justification-center is-layout-flex wp-container-core-buttons-is-layout-16018d1d wp-block-buttons-is-layout-flex\">\n<div class=\"wp-block-button\"><a class=\"wp-block-button__link has-black-color has-text-color has-background has-link-color wp-element-button\" href=\"https:\/\/www.tele-radio.com\/app\/uploads\/Techsheet_OmniPAQ_TH63.pdf\" style=\"border-radius:16px;background-color:#fabb00\" target=\"_blank\" rel=\"noreferrer noopener\"><strong>Last ned<\/strong><\/a><\/div>\n<\/div>\n<\/div>\n\n\n\n<div class=\"wp-block-column is-layout-flow wp-block-column-is-layout-flow\">\n<h3 class=\"wp-block-heading has-text-align-center\">R30<\/h3>\n\n\n\n<div class=\"wp-block-buttons is-content-justification-center is-layout-flex wp-container-core-buttons-is-layout-16018d1d wp-block-buttons-is-layout-flex\">\n<div class=\"wp-block-button\"><a class=\"wp-block-button__link has-black-color has-text-color has-background has-link-color wp-element-button\" href=\"https:\/\/www.tele-radio.com\/app\/uploads\/Techsheet_R30.pdf\" style=\"border-radius:16px;background-color:#fabb00\" target=\"_blank\" rel=\"noreferrer noopener\"><strong>Last ned<\/strong><\/a><\/div>\n<\/div>\n<\/div>\n<\/div>\n\n\n\n<div style=\"height:64px\" aria-hidden=\"true\" class=\"wp-block-spacer\"><\/div>\n\n\n\n<h2 class=\"wp-block-heading is-style-outlined-title\">Ta kontakt for mer informasjon!<\/h2>\n\n\n\n<div class=\"wp-block-contact-form-7-contact-form-selector\">\n<div class=\"wpcf7 no-js\" id=\"wpcf7-f259832-o1\" lang=\"en-EN\" dir=\"ltr\" data-wpcf7-id=\"259832\">\n<div class=\"screen-reader-response\"><p role=\"status\" aria-live=\"polite\" aria-atomic=\"true\"><\/p> <ul><\/ul><\/div>\n<form action=\"\/nb\/wp-json\/wp\/v2\/pages\/250435#wpcf7-f259832-o1\" method=\"post\" class=\"wpcf7-form init\" aria-label=\"Contact form\" novalidate=\"novalidate\" data-status=\"init\">\n<fieldset class=\"hidden-fields-container\"><input type=\"hidden\" name=\"_wpcf7\" value=\"259832\" \/><input type=\"hidden\" name=\"_wpcf7_version\" value=\"6.1\" \/><input type=\"hidden\" name=\"_wpcf7_locale\" value=\"en_EN\" \/><input type=\"hidden\" name=\"_wpcf7_unit_tag\" value=\"wpcf7-f259832-o1\" \/><input type=\"hidden\" name=\"_wpcf7_container_post\" value=\"0\" \/><input type=\"hidden\" name=\"_wpcf7_posted_data_hash\" value=\"\" \/><input type=\"hidden\" name=\"_wpcf7_recaptcha_response\" value=\"\" \/>\n<\/fieldset>\n<p><label> Ditt navn<br \/>\n<span class=\"wpcf7-form-control-wrap\" data-name=\"your-name\"><input size=\"40\" maxlength=\"400\" class=\"wpcf7-form-control wpcf7-text wpcf7-validates-as-required\" aria-required=\"true\" aria-invalid=\"false\" value=\"\" type=\"text\" name=\"your-name\" \/><\/span> <\/label>\n<\/p>\n<p><label> E-post<br \/>\n<span class=\"wpcf7-form-control-wrap\" data-name=\"your-email\"><input size=\"40\" maxlength=\"400\" class=\"wpcf7-form-control wpcf7-email wpcf7-validates-as-required wpcf7-text wpcf7-validates-as-email\" aria-required=\"true\" aria-invalid=\"false\" value=\"\" type=\"email\" name=\"your-email\" \/><\/span> <\/label>\n<\/p>\n<p><label> Din beskjed<br \/>\n<span class=\"wpcf7-form-control-wrap\" data-name=\"your-message\"><textarea cols=\"40\" rows=\"10\" maxlength=\"2000\" class=\"wpcf7-form-control wpcf7-textarea\" aria-invalid=\"false\" name=\"your-message\"><\/textarea><\/span> <\/label>\n<\/p>\n<p><input class=\"wpcf7-form-control wpcf7-submit has-spinner\" type=\"submit\" value=\"Send inn\" \/>\n<\/p><div class=\"wpcf7-response-output\" aria-hidden=\"true\"><\/div>\n<\/form>\n<\/div>\n\r\n\t\t\t\t<script>\r\n\t\t\t\tif ( typeof huOptions !== 'undefined' ) {\r\n\t\t\t\t\tvar huFormData = {\"source\":\"contactform7\",\"id\":259832,\"title\":\"TRNOR\",\"fields\":{\"subject\":{\"first_name\":\"your-name\",\"email\":\"your-email\"},\"preferences\":{\"terms\":\"your-consent\"}}};\r\n\t\t\t\t\tvar huFormNode = document.querySelector( '[id^=\"wpcf7-f259832-\"] form' );\r\n\r\n\t\t\t\t\thuFormData['node'] = huFormNode;\r\n\t\t\t\t\thuOptions['forms'].push( huFormData );\r\n\t\t\t\t}\r\n\t\t\t\t<\/script><\/div>\n\n\n\n<script>\nfunction openSpec(evt, specName) {\n  var i, tabcontent, tabbuttons;\n  \n  tabcontent = document.getElementsByClassName(\"tab-content\");\n  for (i = 0; i < tabcontent.length; i++) {\n    tabcontent[i].style.display = \"none\"; \/\/ verberg alle inhoud\n  }\n\n  tabbuttons = document.getElementsByClassName(\"tab-button\");\n  for (i = 0; i < tabbuttons.length; i++) {\n    tabbuttons[i].className = tabbuttons[i].className.replace(\" active\", \"\"); \/\/ verwijder actieve styling\n  }\n\n  document.getElementById(specName).style.display = \"block\"; \/\/ toon geselecteerde inhoud\n  evt.currentTarget.className += \" active\"; \/\/ activeer geselecteerde knop\n}\n\n\/\/ Open standaard tab (Frequency) bij het laden van de pagina\ndocument.getElementById(\"defaultOpen\").click();\n<\/script>\n","protected":false},"excerpt":{"rendered":"<p>OmniPAQ TH63 Ser du etter en allsidig, robust og fremtidssikker radiostyring? Da har du funnet den. OmniPAQ TH63 (T34)&nbsp;er i frontlinjen av tr\u00e5dl\u00f8se radiokontroller og er klar for \u00e5 m\u00f8te de strenge sikkerhetskravene som kommer. Med sin solide og slitesterke konstruksjon f\u00e5r du en sender som t\u00e5ler selv de t\u00f8ffeste forholdene. Den oppgraderte gummibeskyttelsen skjermer [&hellip;]<\/p>\n","protected":false},"author":18,"featured_media":0,"parent":0,"menu_order":0,"comment_status":"closed","ping_status":"closed","template":"","meta":{"_acf_changed":false,"footnotes":""},"class_list":["post-250435","page","type-page","status-publish","hentry"],"acf":[],"_links":{"self":[{"href":"https:\/\/www.tele-radio.com\/nb\/wp-json\/wp\/v2\/pages\/250435","targetHints":{"allow":["GET"]}}],"collection":[{"href":"https:\/\/www.tele-radio.com\/nb\/wp-json\/wp\/v2\/pages"}],"about":[{"href":"https:\/\/www.tele-radio.com\/nb\/wp-json\/wp\/v2\/types\/page"}],"author":[{"embeddable":true,"href":"https:\/\/www.tele-radio.com\/nb\/wp-json\/wp\/v2\/users\/18"}],"replies":[{"embeddable":true,"href":"https:\/\/www.tele-radio.com\/nb\/wp-json\/wp\/v2\/comments?post=250435"}],"version-history":[{"count":14,"href":"https:\/\/www.tele-radio.com\/nb\/wp-json\/wp\/v2\/pages\/250435\/revisions"}],"predecessor-version":[{"id":259834,"href":"https:\/\/www.tele-radio.com\/nb\/wp-json\/wp\/v2\/pages\/250435\/revisions\/259834"}],"wp:attachment":[{"href":"https:\/\/www.tele-radio.com\/nb\/wp-json\/wp\/v2\/media?parent=250435"}],"curies":[{"name":"wp","href":"https:\/\/api.w.org\/{rel}","templated":true}]}}