{"id":245991,"date":"2025-02-27T10:57:51","date_gmt":"2025-02-27T10:57:51","guid":{"rendered":"https:\/\/www.tele-radio.com\/?page_id=245991"},"modified":"2025-02-27T11:08:05","modified_gmt":"2025-02-27T11:08:05","slug":"overgar-dine-forventninger","status":"publish","type":"page","link":"https:\/\/www.tele-radio.com\/nb\/overgar-dine-forventninger\/","title":{"rendered":"Overg\u00e5r dine forventninger"},"content":{"rendered":"\n<div style=\"height:43px\" aria-hidden=\"true\" class=\"wp-block-spacer\"><\/div>\n\n\n\n<h1 class=\"wp-block-heading has-text-align-center\" style=\"font-size:80px\">Fleksibilitet<\/h1>\n\n\n\n<p class=\"has-text-align-center\"><em>Forbered deg til en ny era av fleksibilitet<br><\/em><\/p>\n\n\n\n<figure class=\"wp-block-video aligncenter\"><video controls src=\"https:\/\/www.tele-radio.com\/app\/uploads\/Teaser-Video-Week-8-2025-Beyond-Flexibility-1.mp4\"><\/video><\/figure>\n\n\n\n<script src=\"https:\/\/cdn.logwork.com\/widget\/countdown.js\"><\/script>\n<a href=\"https:\/\/logwork.com\/countdown-izz1\" class=\"countdown-timer\" data-timezone=\"Europe\/Amsterdam\" data-textcolor=\"#000000\" data-date=\"2025-04-07 00:00\" data-background=\"#fabb00\">Fremtidens radiostyring lanseres om:<\/a>\n\n\n\n<div style=\"height:100px\" aria-hidden=\"true\" class=\"wp-block-spacer\"><\/div>\n\n\n\n<p class=\"has-text-align-center has-x-large-font-size\">Nedtellingen til <strong>BAUMA 2025<\/strong> fortsetter, og vi n\u00e6rmer oss avduking av v\u00e5rt neste innovative kapittel. <strong>Tilpasningsdyktighet<\/strong>. <strong>Frihet<\/strong>. <strong>Kontroll<\/strong>\u2014f\u00e5r en helt ny betydning. Utviklet til \u00e5 tilpasse seg etter dine behov, og gi deg <strong>nye muligheter<\/strong>. Fremtiden er ikke bare p\u00e5 vei\u2014den er under utvikling. F\u00f8lg med.<\/p>\n\n\n\n<div style=\"height:175px\" aria-hidden=\"true\" class=\"wp-block-spacer\"><\/div>\n\n\n\n<h1 class=\"wp-block-heading has-text-align-center\" style=\"font-size:80px\">\u00d8kt sikkerhet<\/h1>\n\n\n\n<p class=\"has-text-align-center\"><em>Omfavn en ny era av tilpasningsdyktighet<br><\/em><\/p>\n\n\n\n<figure class=\"wp-block-video aligncenter\"><video controls src=\"https:\/\/www.tele-radio.com\/app\/uploads\/Teaser-Video-Week-5-2025-Beyond-Protection.mp4\"><\/video><\/figure>\n\n\n\n<div style=\"height:100px\" aria-hidden=\"true\" class=\"wp-block-spacer\"><\/div>\n\n\n\n<p class=\"has-text-align-center has-x-large-font-size\">V\u00e5r reise mot <strong>BAUMA 2025<\/strong> fortsetter med <strong>andre kapittel<\/strong> av v\u00e5r teaser-serie. Denne gangen utforsker vi hvordan <strong>ekte innovasjon<\/strong> tilpasser seg hver utfordring, hvert behov og hver <strong>mulighet<\/strong>. V\u00e6r vitne til fleksibiliteten som vil redefinere hvordan du kan f\u00e5 nytte av neste generasjons sendere.<\/p>\n\n\n\n<div style=\"height:175px\" aria-hidden=\"true\" class=\"wp-block-spacer\"><\/div>\n\n\n<h2 style=\"font-size:50px;\" class=\"has-text-align-center wp-block-post-title\">Overg\u00e5r dine forventninger<\/h2>\n\n\n<p class=\"has-text-align-center has-medium-font-size\"><em>En ny era av innovasjon<\/em><\/p>\n\n\n\n<div style=\"height:93px\" aria-hidden=\"true\" class=\"wp-block-spacer\"><\/div>\n\n\n\n<figure class=\"wp-block-video aligncenter\"><video controls loop poster=\"https:\/\/www.tele-radio.com\/app\/uploads\/Scherm\u00adafbeelding-2024-12-19-om-13.14.53.png\" src=\"https:\/\/www.tele-radio.com\/app\/uploads\/Teaser-Video-1-Expectations-V3.mp4\"><\/video><\/figure>\n\n\n\n<div style=\"height:74px\" aria-hidden=\"true\" class=\"wp-block-spacer\"><\/div>\n\n\n\n<p class=\"has-text-align-center has-x-large-font-size\">Gj\u00f8r deg klar til en <strong>banebrytende innovasjon<\/strong>. Bli med p\u00e5 nedtellingen til en revolusjonerende lansering p\u00e5 <strong>BAUMA 2025<\/strong>, hvor vi avduker <strong>neste generasjons sendere<\/strong> designet til \u00e5 overg\u00e5 dine forventninger.<\/p>\n\n\n\n<p class=\"has-text-align-center has-x-large-font-size\">Dette er bare begynnelsen. F\u00f8lg med for flere overraskelser frem til <strong>7. april 2025!<\/strong><\/p>\n","protected":false},"excerpt":{"rendered":"<p>Fleksibilitet Forbered deg til en ny era av fleksibilitet Fremtidens radiostyring lanseres om: Nedtellingen til BAUMA 2025 fortsetter, og vi n\u00e6rmer oss avduking av v\u00e5rt neste innovative kapittel. Tilpasningsdyktighet. Frihet. Kontroll\u2014f\u00e5r en helt ny betydning. Utviklet til \u00e5 tilpasse seg etter dine behov, og gi deg nye muligheter. Fremtiden er ikke bare p\u00e5 vei\u2014den er [&hellip;]<\/p>\n","protected":false},"author":18,"featured_media":237185,"parent":0,"menu_order":0,"comment_status":"closed","ping_status":"closed","template":"","meta":{"_acf_changed":false,"footnotes":""},"class_list":["post-245991","page","type-page","status-publish","has-post-thumbnail","hentry"],"acf":[],"_links":{"self":[{"href":"https:\/\/www.tele-radio.com\/nb\/wp-json\/wp\/v2\/pages\/245991","targetHints":{"allow":["GET"]}}],"collection":[{"href":"https:\/\/www.tele-radio.com\/nb\/wp-json\/wp\/v2\/pages"}],"about":[{"href":"https:\/\/www.tele-radio.com\/nb\/wp-json\/wp\/v2\/types\/page"}],"author":[{"embeddable":true,"href":"https:\/\/www.tele-radio.com\/nb\/wp-json\/wp\/v2\/users\/18"}],"replies":[{"embeddable":true,"href":"https:\/\/www.tele-radio.com\/nb\/wp-json\/wp\/v2\/comments?post=245991"}],"version-history":[{"count":5,"href":"https:\/\/www.tele-radio.com\/nb\/wp-json\/wp\/v2\/pages\/245991\/revisions"}],"predecessor-version":[{"id":246002,"href":"https:\/\/www.tele-radio.com\/nb\/wp-json\/wp\/v2\/pages\/245991\/revisions\/246002"}],"wp:featuredmedia":[{"embeddable":true,"href":"https:\/\/www.tele-radio.com\/nb\/wp-json\/wp\/v2\/media\/237185"}],"wp:attachment":[{"href":"https:\/\/www.tele-radio.com\/nb\/wp-json\/wp\/v2\/media?parent=245991"}],"curies":[{"name":"wp","href":"https:\/\/api.w.org\/{rel}","templated":true}]}}