{"id":197802,"date":"2023-11-29T08:56:35","date_gmt":"2023-11-29T08:56:35","guid":{"rendered":"https:\/\/www.tele-radio.com\/?page_id=197802"},"modified":"2023-11-29T08:56:39","modified_gmt":"2023-11-29T08:56:39","slug":"serviceskjema","status":"publish","type":"page","link":"https:\/\/www.tele-radio.com\/nb\/serviceskjema\/","title":{"rendered":"SERVICESKJEMA"},"content":{"rendered":"\n<h2 class=\"wp-block-heading\">SERVICESKJEMA<\/h2>\n\n\n\n<p>\u00d8nsker du \u00e5 sende inn deres system til service hos oss? <\/p>\n\n\n\n<p>Da m\u00e5 serviceskjemaet v\u00e5rt, under, fylles ut. Det er viktig at all informasjon er fylt ut og at vi har en kontaktperson hos dere vedr\u00f8rende servicen. <strong>Send alltid service med d\u00f8r-til-d\u00f8r pakke<\/strong>, ikke til post i butikk.<\/p>\n\n\n\n<p><strong>Adressen v\u00e5r er:<\/strong><br>Tele Radio Norge AS<br>Industrivegen 34B<br>2072 DAL<\/p>\n\n\n\n<p><\/p>\n\n\n\n<div data-wp-interactive=\"core\/file\" class=\"wp-block-file\"><object data-wp-bind--hidden=\"!state.hasPdfPreview\" hidden class=\"wp-block-file__embed\" data=\"https:\/\/www.tele-radio.com\/app\/uploads\/Service-Attachment.pdf\" type=\"application\/pdf\" style=\"width:100%;height:600px\" aria-label=\"Embed of Service-Attachment.\"><\/object><a id=\"wp-block-file--media-6f470034-8242-4271-bd83-88915f8921ad\" href=\"https:\/\/www.tele-radio.com\/app\/uploads\/Service-Attachment.pdf\">Service-Attachment<\/a><a href=\"https:\/\/www.tele-radio.com\/app\/uploads\/Service-Attachment.pdf\" class=\"wp-block-file__button wp-element-button\" download aria-describedby=\"wp-block-file--media-6f470034-8242-4271-bd83-88915f8921ad\">Download<\/a><\/div>\n","protected":false},"excerpt":{"rendered":"<p>SERVICESKJEMA \u00d8nsker du \u00e5 sende inn deres system til service hos oss? Da m\u00e5 serviceskjemaet v\u00e5rt, under, fylles ut. Det er viktig at all informasjon er fylt ut og at vi har en kontaktperson hos dere vedr\u00f8rende servicen. Send alltid service med d\u00f8r-til-d\u00f8r pakke, ikke til post i butikk. Adressen v\u00e5r er:Tele Radio Norge ASIndustrivegen [&hellip;]<\/p>\n","protected":false},"author":18,"featured_media":0,"parent":0,"menu_order":0,"comment_status":"closed","ping_status":"closed","template":"","meta":{"_acf_changed":false,"footnotes":""},"class_list":["post-197802","page","type-page","status-publish","hentry"],"acf":[],"_links":{"self":[{"href":"https:\/\/www.tele-radio.com\/nb\/wp-json\/wp\/v2\/pages\/197802","targetHints":{"allow":["GET"]}}],"collection":[{"href":"https:\/\/www.tele-radio.com\/nb\/wp-json\/wp\/v2\/pages"}],"about":[{"href":"https:\/\/www.tele-radio.com\/nb\/wp-json\/wp\/v2\/types\/page"}],"author":[{"embeddable":true,"href":"https:\/\/www.tele-radio.com\/nb\/wp-json\/wp\/v2\/users\/18"}],"replies":[{"embeddable":true,"href":"https:\/\/www.tele-radio.com\/nb\/wp-json\/wp\/v2\/comments?post=197802"}],"version-history":[{"count":1,"href":"https:\/\/www.tele-radio.com\/nb\/wp-json\/wp\/v2\/pages\/197802\/revisions"}],"predecessor-version":[{"id":197851,"href":"https:\/\/www.tele-radio.com\/nb\/wp-json\/wp\/v2\/pages\/197802\/revisions\/197851"}],"wp:attachment":[{"href":"https:\/\/www.tele-radio.com\/nb\/wp-json\/wp\/v2\/media?parent=197802"}],"curies":[{"name":"wp","href":"https:\/\/api.w.org\/{rel}","templated":true}]}}