{"id":197670,"date":"2023-11-29T06:45:05","date_gmt":"2023-11-29T06:45:05","guid":{"rendered":"https:\/\/www.tele-radio.com\/?page_id=197670"},"modified":"2023-11-29T06:57:30","modified_gmt":"2023-11-29T06:57:30","slug":"oppstartsguide-for-teq","status":"publish","type":"page","link":"https:\/\/www.tele-radio.com\/nb\/oppstartsguide-for-teq\/","title":{"rendered":"OPPSTARTSGUIDE FOR TEQ JOYSTICKSENDERE"},"content":{"rendered":"\n<h2 class=\"wp-block-heading\">OPPSTARTSGUIDE FOR TEQ JOYSTICKSENDERE<\/h2>\n\n\n\n<p>Under finner du oppstartsguide for \u00e5 enkelt komme i gang med ditt system. <\/p>\n\n\n\n<p>TEQ-systemet er alle joysticksendere v\u00e5re. I noen brosjyrer og oppstartsguider er disse ogs\u00e5 omtalt som Tiger og Puma, disse har endret navn til PrimaTEQ (tidligere Tiger T12), VersaTEQ (tidligere Puma) og SupraTEQ (tidligere Puma).<\/p>\n\n\n\n<p><\/p>\n\n\n\n<p><strong>PrimaTEQ T12:<\/strong><\/p>\n\n\n\n<div data-wp-interactive=\"core\/file\" class=\"wp-block-file\"><object data-wp-bind--hidden=\"!state.hasPdfPreview\" hidden class=\"wp-block-file__embed\" data=\"https:\/\/www.tele-radio.com\/app\/uploads\/Start-up-Guide-Tiger-R4-Joystick-Transmitter.pdf\" type=\"application\/pdf\" style=\"width:100%;height:600px\" aria-label=\"Embed of Start-up Guide Tiger R4 Joystick Transmitter.\"><\/object><a id=\"wp-block-file--media-136a1b08-29b2-41f6-b929-68413f107957\" href=\"https:\/\/www.tele-radio.com\/app\/uploads\/Start-up-Guide-Tiger-R4-Joystick-Transmitter.pdf\">Start-up Guide Tiger R4 Joystick Transmitter<\/a><a href=\"https:\/\/www.tele-radio.com\/app\/uploads\/Start-up-Guide-Tiger-R4-Joystick-Transmitter.pdf\" class=\"wp-block-file__button wp-element-button\" download aria-describedby=\"wp-block-file--media-136a1b08-29b2-41f6-b929-68413f107957\">Download<\/a><\/div>\n\n\n\n<p><\/p>\n\n\n\n<p><strong>SupraTEQ T24:<\/strong><\/p>\n\n\n\n<div data-wp-interactive=\"core\/file\" class=\"wp-block-file\"><object data-wp-bind--hidden=\"!state.hasPdfPreview\" hidden class=\"wp-block-file__embed\" data=\"https:\/\/www.tele-radio.com\/app\/uploads\/Easy_startup_Puma_T24.pdf\" type=\"application\/pdf\" style=\"width:100%;height:600px\" aria-label=\"Embed of Easy_startup_Puma_T24.\"><\/object><a id=\"wp-block-file--media-f748381f-23c5-4f35-ac4c-bea468a32dcc\" href=\"https:\/\/www.tele-radio.com\/app\/uploads\/Easy_startup_Puma_T24.pdf\">Easy_startup_Puma_T24<\/a><a href=\"https:\/\/www.tele-radio.com\/app\/uploads\/Easy_startup_Puma_T24.pdf\" class=\"wp-block-file__button wp-element-button\" download aria-describedby=\"wp-block-file--media-f748381f-23c5-4f35-ac4c-bea468a32dcc\">Download<\/a><\/div>\n\n\n\n<p><\/p>\n\n\n\n<p><strong>VersaTEQ T26:<\/strong><\/p>\n\n\n\n<div data-wp-interactive=\"core\/file\" class=\"wp-block-file\"><object data-wp-bind--hidden=\"!state.hasPdfPreview\" hidden class=\"wp-block-file__embed\" data=\"https:\/\/www.tele-radio.com\/app\/uploads\/Easy_startup_Puma_T26.pdf\" type=\"application\/pdf\" style=\"width:100%;height:600px\" aria-label=\"Embed of Easy_startup_Puma_T26.\"><\/object><a id=\"wp-block-file--media-13c041e2-30ae-4537-9a1c-a16acd80baa7\" href=\"https:\/\/www.tele-radio.com\/app\/uploads\/Easy_startup_Puma_T26.pdf\">Easy_startup_Puma_T26<\/a><a href=\"https:\/\/www.tele-radio.com\/app\/uploads\/Easy_startup_Puma_T26.pdf\" class=\"wp-block-file__button wp-element-button\" download aria-describedby=\"wp-block-file--media-13c041e2-30ae-4537-9a1c-a16acd80baa7\">Download<\/a><\/div>\n\n\n\n<p><\/p>\n\n\n\n<p>Trenger du instruksjonsvideoer?<br>Trykk p\u00e5 lenken under, s\u00e5 kommer du direkte inn p\u00e5 v\u00e5r kanal p\u00e5 YouTube.<br>Finn modellnavnet p\u00e5 s\u00f8lvetiketten p\u00e5 baksiden av senderen eller p\u00e5 siden av mottakeren.<\/p>\n\n\n\n<p><a href=\"https:\/\/www.youtube.com\/@teleradioremotecontrol4020\/videos\">https:\/\/www.youtube.com\/@teleradioremotecontrol4020\/videos<\/a><\/p>\n","protected":false},"excerpt":{"rendered":"<p>OPPSTARTSGUIDE FOR TEQ JOYSTICKSENDERE Under finner du oppstartsguide for \u00e5 enkelt komme i gang med ditt system. TEQ-systemet er alle joysticksendere v\u00e5re. I noen brosjyrer og oppstartsguider er disse ogs\u00e5 omtalt som Tiger og Puma, disse har endret navn til PrimaTEQ (tidligere Tiger T12), VersaTEQ (tidligere Puma) og SupraTEQ (tidligere Puma). PrimaTEQ T12: SupraTEQ T24: [&hellip;]<\/p>\n","protected":false},"author":18,"featured_media":0,"parent":0,"menu_order":0,"comment_status":"closed","ping_status":"closed","template":"","meta":{"_acf_changed":false,"footnotes":""},"class_list":["post-197670","page","type-page","status-publish","hentry"],"acf":[],"_links":{"self":[{"href":"https:\/\/www.tele-radio.com\/nb\/wp-json\/wp\/v2\/pages\/197670","targetHints":{"allow":["GET"]}}],"collection":[{"href":"https:\/\/www.tele-radio.com\/nb\/wp-json\/wp\/v2\/pages"}],"about":[{"href":"https:\/\/www.tele-radio.com\/nb\/wp-json\/wp\/v2\/types\/page"}],"author":[{"embeddable":true,"href":"https:\/\/www.tele-radio.com\/nb\/wp-json\/wp\/v2\/users\/18"}],"replies":[{"embeddable":true,"href":"https:\/\/www.tele-radio.com\/nb\/wp-json\/wp\/v2\/comments?post=197670"}],"version-history":[{"count":4,"href":"https:\/\/www.tele-radio.com\/nb\/wp-json\/wp\/v2\/pages\/197670\/revisions"}],"predecessor-version":[{"id":197751,"href":"https:\/\/www.tele-radio.com\/nb\/wp-json\/wp\/v2\/pages\/197670\/revisions\/197751"}],"wp:attachment":[{"href":"https:\/\/www.tele-radio.com\/nb\/wp-json\/wp\/v2\/media?parent=197670"}],"curies":[{"name":"wp","href":"https:\/\/api.w.org\/{rel}","templated":true}]}}