{"id":154312,"date":"2023-05-09T13:48:33","date_gmt":"2023-05-09T13:48:33","guid":{"rendered":"https:\/\/www.tele-radio.com\/?page_id=154312"},"modified":"2023-11-24T10:22:58","modified_gmt":"2023-11-24T10:22:58","slug":"gruve-riving-og-gjenvinning","status":"publish","type":"page","link":"https:\/\/www.tele-radio.com\/nb\/gruve-riving-og-gjenvinning\/","title":{"rendered":"GRUVE, RIVING OG GJENVINNING"},"content":{"rendered":"\n<div style=\"height:31px\" aria-hidden=\"true\" class=\"wp-block-spacer\"><\/div>\n\n\n\n<h1 class=\"wp-block-heading has-text-align-center\"><strong>GRUVE, RIVING OG GJENVINNING<\/strong><\/h1>\n\n\n\n<div style=\"height:26px\" aria-hidden=\"true\" class=\"wp-block-spacer\"><\/div>\n\n\n\n<div class=\"wp-block-columns is-layout-flex wp-container-core-columns-is-layout-9d6595d7 wp-block-columns-is-layout-flex\">\n<div class=\"wp-block-column is-layout-flow wp-block-column-is-layout-flow\">\n<p>Uavhengig av omstendighetene kan du alltid regne med et stabilt signal mellom senderen og maskinen.<\/p>\n\n\n\n<p>Milj\u00f8et ved gruvedrift, riving og gjenvinning kan v\u00e6re sv\u00e6rt utfordrende. Bearbeiding av harde materialer krever kraftig maskineri og utmerket utstyr. Det er viktig at de ansatte er sikre.<\/p>\n\n\n\n<p>Av hensyn til de ansattes <strong>sikkerhet <\/strong>m\u00e5 de ansatte kunne stole p\u00e5 at verkt\u00f8yet vil fortsette \u00e5 fungere under st\u00f8vete og fuktige forhold. Derfor er <a href=\"https:\/\/www.tele-radio.com\/nb\/produkter\/\">radiostyringen<\/a> fra Tele Radio perfekt til disse arbeidsomr\u00e5dene. Med v\u00e5re sendere kan alle maskinene betjenes fra sikker avstand. Senderene er robuste, st\u00f8v- og vanntette. Med den innebygde fleksibiliteten i produktene v\u00e5re, er installasjonen enkel. Det er ogs\u00e5 en ekstra sikkerhet at v\u00e5rt verdensomspennende nettverk av kontorer er klare til \u00e5 hjelpe deg med r\u00e5d, skreddersydde l\u00f8sninger, installasjon og tilbeh\u00f8r eller reparasjoner. Fordi arbeidet ditt ikke skal stagnere!<\/p>\n\n\n\n<p><a href=\"https:\/\/www.tele-radio.com\/nb\/viktigheten-av-et-kontrollorgan-for-din-sikkerhet\/\">Sikkerhetssertifiseringene<\/a> til v\u00e5re sendere har alltid v\u00e6rt uavhengig sertifiserte. P\u00e5 denne m\u00e5ten kan vi forsikre deg om at sikkerheten til dine ansatte alltid er garantert.<\/p>\n<\/div>\n\n\n\n<div class=\"wp-block-column is-layout-flow wp-block-column-is-layout-flow\" style=\"flex-basis:100px\"><\/div>\n\n\n\n<div class=\"wp-block-column is-layout-flow wp-block-column-is-layout-flow\">\n<div style=\"height:31px\" aria-hidden=\"true\" class=\"wp-block-spacer\"><\/div>\n\n\n\n<div class=\"wp-block-cover\" style=\"min-height:381px;aspect-ratio:unset;\"><span aria-hidden=\"true\" class=\"wp-block-cover__background has-black-background-color has-background-dim-20 has-background-dim\"><\/span><img loading=\"lazy\" decoding=\"async\" width=\"2400\" height=\"1597\" class=\"wp-block-cover__image-background wp-image-119410\" alt=\"Gruvearbeider med joystick radiostyring\" src=\"https:\/\/www.tele-radio.com\/app\/uploads\/FM_MI_PU_0254.jpg\" style=\"object-position:34% 55%\" data-object-fit=\"cover\" data-object-position=\"34% 55%\" srcset=\"https:\/\/www.tele-radio.com\/app\/uploads\/FM_MI_PU_0254.jpg 2400w, https:\/\/www.tele-radio.com\/app\/uploads\/FM_MI_PU_0254-400x266.jpg 400w, https:\/\/www.tele-radio.com\/app\/uploads\/FM_MI_PU_0254-1200x799.jpg 1200w, https:\/\/www.tele-radio.com\/app\/uploads\/FM_MI_PU_0254-768x511.jpg 768w, https:\/\/www.tele-radio.com\/app\/uploads\/FM_MI_PU_0254-1536x1022.jpg 1536w, https:\/\/www.tele-radio.com\/app\/uploads\/FM_MI_PU_0254-2048x1363.jpg 2048w, https:\/\/www.tele-radio.com\/app\/uploads\/FM_MI_PU_0254-750x499.jpg 750w, https:\/\/www.tele-radio.com\/app\/uploads\/FM_MI_PU_0254-500x333.jpg 500w, https:\/\/www.tele-radio.com\/app\/uploads\/FM_MI_PU_0254-1600x1065.jpg 1600w, https:\/\/www.tele-radio.com\/app\/uploads\/FM_MI_PU_0254-800x532.jpg 800w\" sizes=\"auto, (max-width: 2400px) 100vw, 2400px\" \/><div class=\"wp-block-cover__inner-container is-layout-flow wp-block-cover-is-layout-flow\">\n<p class=\"has-text-align-center has-large-font-size\"><\/p>\n<\/div><\/div>\n<\/div>\n<\/div>\n\n\n\n<div style=\"height:32px\" aria-hidden=\"true\" class=\"wp-block-spacer\"><\/div>\n\n\n\n<div class=\"wp-block-cover is-light\"><span aria-hidden=\"true\" class=\"wp-block-cover__background has-very-light-gray-background-color has-background-dim-100 has-background-dim\"><\/span><div class=\"wp-block-cover__inner-container is-layout-flow wp-block-cover-is-layout-flow\">\n<div class=\"wp-block-columns is-layout-flex wp-container-core-columns-is-layout-9d6595d7 wp-block-columns-is-layout-flex\">\n<div class=\"wp-block-column is-layout-flow wp-block-column-is-layout-flow\"><div class=\"wp-block-image\">\n<figure class=\"aligncenter size-large is-resized\"><img loading=\"lazy\" decoding=\"async\" src=\"https:\/\/www.tele-radio.com\/app\/uploads\/Fail_Safe_Operation.png\" alt=\"\" class=\"wp-image-68103\" width=\"90\" height=\"75\"\/><\/figure><\/div>\n\n\n<p class=\"has-text-align-center has-very-dark-gray-color has-text-color\"><strong>Feilsikker operasjon<\/strong><\/p>\n\n\n\n<p class=\"has-text-align-center has-very-dark-gray-color has-text-color\">Sikkerhetsrel\u00e9(er) kutter utenfor rekkevidde, d\u00f8dt batteri, \u00f8delagt sender etc. Uavhengige sertifiserte sikkerhetsniv\u00e5er.<\/p>\n<\/div>\n\n\n\n<div class=\"wp-block-column is-layout-flow wp-block-column-is-layout-flow\"><div class=\"wp-block-image\">\n<figure class=\"aligncenter size-large is-resized\"><img loading=\"lazy\" decoding=\"async\" src=\"https:\/\/www.tele-radio.com\/app\/uploads\/Protection.png\" alt=\"\" class=\"wp-image-68125\" width=\"45\" height=\"78\"\/><\/figure><\/div>\n\n\n<p class=\"has-text-align-center has-very-dark-gray-color has-text-color\"><strong>St\u00f8v- og vannbeskyttelse<\/strong><\/p>\n\n\n\n<p class=\"has-text-align-center has-very-dark-gray-color has-text-color\">V\u00e5re sendere er ekstremt robuste. Noen er IP65 og de fleste er IP67-sertifisert.<\/p>\n<\/div>\n\n\n\n<div class=\"wp-block-column is-layout-flow wp-block-column-is-layout-flow\"><div class=\"wp-block-image\">\n<figure class=\"aligncenter size-large is-resized\"><img loading=\"lazy\" decoding=\"async\" src=\"https:\/\/www.tele-radio.com\/app\/uploads\/Certification_2.png\" alt=\"\" class=\"wp-image-68149\" width=\"56\" height=\"78\"\/><\/figure><\/div>\n\n\n<p class=\"has-text-align-center has-very-dark-gray-color has-text-color\"><strong>Service<\/strong><\/p>\n\n\n\n<p class=\"has-text-align-center has-very-dark-gray-color has-text-color\">Kunder over hele verden stoler p\u00e5 merkevaren v\u00e5r. Vi tilbyr utmerket service og skreddersydde l\u00f8sninger.<\/p>\n<\/div>\n<\/div>\n<\/div><\/div>\n\n\n\n<div style=\"height:100px\" aria-hidden=\"true\" class=\"wp-block-spacer\"><\/div>\n\n\n\n<h2 class=\"wp-block-heading has-text-align-center\">APPLIKASJONER<\/h2>\n\n\n\n<p class=\"has-text-align-center\"><em><em><em>For \u00e5 gi en id\u00e9 om alle mulighetene, har vi noen eksempler p\u00e5 bruksomr\u00e5der og deres typiske produkter nedenfor:<\/em><\/em><\/em><\/p>\n\n\n\n<div class=\"wp-block-columns is-layout-flex wp-container-core-columns-is-layout-9d6595d7 wp-block-columns-is-layout-flex\">\n<div class=\"wp-block-column is-layout-flow wp-block-column-is-layout-flow\">\n<div class=\"wp-block-cover is-light\"><span aria-hidden=\"true\" class=\"wp-block-cover__background has-white-background-color has-background-dim-100 has-background-dim\"><\/span><div class=\"wp-block-cover__inner-container is-layout-flow wp-block-cover-is-layout-flow\"><div class=\"wp-block-image is-style-default\">\n<figure class=\"aligncenter size-full\"><img loading=\"lazy\" decoding=\"async\" width=\"64\" height=\"64\" src=\"https:\/\/www.tele-radio.com\/app\/uploads\/bulldozer.png\" alt=\"\" class=\"wp-image-119460\"\/><\/figure><\/div>\n\n\n<p class=\"has-text-align-center has-black-color has-text-color\"><strong>KOMPRIMATORER<\/strong><\/p>\n\n\n\n<p class=\"has-text-align-center has-black-color has-text-color\">En komprimator er en maskin eller mekanisme som brukes til \u00e5 redusere st\u00f8rrelsen p\u00e5 materiale, som for eksempel avfallsmateriale, eller biomasse gjennom komprimering for transport og videre resirkulering. Disse kan betjenes med radiostyring for operat\u00f8rsikkerhet.<\/p>\n<\/div><\/div>\n<\/div>\n\n\n\n<div class=\"wp-block-column is-vertically-aligned-top is-layout-flow wp-block-column-is-layout-flow\">\n<div class=\"wp-block-cover is-light\"><span aria-hidden=\"true\" class=\"wp-block-cover__background has-white-background-color has-background-dim-100 has-background-dim\"><\/span><div class=\"wp-block-cover__inner-container is-layout-flow wp-block-cover-is-layout-flow\"><div class=\"wp-block-image is-style-default\">\n<figure class=\"aligncenter size-full\"><img decoding=\"async\" src=\"https:\/\/www.tele-radio.com\/app\/uploads\/MINING.png\" alt=\"\" class=\"wp-image-119436\"\/><\/figure><\/div>\n\n\n<p class=\"has-text-align-center has-black-color has-text-color\"><strong>GRUVETRANSPORTB\u00c5ND<\/strong><\/p>\n\n\n\n<p class=\"has-text-align-center has-black-color has-text-color\">Det finnes mange slags transportb\u00e5nd; r\u00f8rtransportb\u00e5nd, anleggstransportb\u00e5nd, landtransportb\u00e5nd, underjordiske transportb\u00e5nd, flyttbare og uttrekkbare transportb\u00e5nd. De er en hovedpuls\u00e5re i gruvedriften og er avgj\u00f8rende for bevegelse av materiale gjennom systemet. Hvis transportb\u00e5ndene slutter \u00e5 fungere, stopper hele gruven ogs\u00e5. For slike arbeidssituasjoner er et p\u00e5litelig radiostyringssystem n\u00f8kkelen.<\/p>\n<\/div><\/div>\n\n\n\n<p><\/p>\n<\/div>\n\n\n\n<div class=\"wp-block-column is-vertically-aligned-top is-layout-flow wp-block-column-is-layout-flow\">\n<div style=\"height:65px\" aria-hidden=\"true\" class=\"wp-block-spacer\"><\/div>\n\n\n<div class=\"wp-block-image is-style-default\">\n<figure class=\"aligncenter size-full is-resized\"><img loading=\"lazy\" decoding=\"async\" src=\"https:\/\/www.tele-radio.com\/app\/uploads\/rocks-1.png\" alt=\"\" class=\"wp-image-117910\" width=\"64\" height=\"64\"\/><\/figure><\/div>\n\n\n<p class=\"has-text-align-center\"><strong>STEINKNUSERE<\/strong><\/p>\n\n\n\n<p class=\"has-text-align-center\">Steinknusere og sikter er store maskiner for \u00e5 gj\u00f8re store steiner om til et mindre produkt. Ideelt radiostyrt av en operat\u00f8r for grunnleggende funksjoner og bevegelse.<\/p>\n<\/div>\n<\/div>\n\n\n\n<h3 class=\"wp-block-heading has-text-align-center\">Dine preferanser for sikkerhet og funksjonalitet<\/h3>\n\n\n\n<p>Valget av riktig sender for din applikasjon gj\u00f8res best i samr\u00e5d med Tele Radio sine ansatte. Vi leverer forskjellige sendere med spesifikke egenskaper. F\u00f8lgende tre ting er avgj\u00f8rende for ditt valg:<\/p>\n\n\n\n<div class=\"wp-block-group alignwide is-vertical is-layout-flex wp-container-core-group-is-layout-8cf370e7 wp-block-group-is-layout-flex\">\n<div class=\"wp-block-media-text alignwide is-stacked-on-mobile\" style=\"grid-template-columns:20% auto\"><figure class=\"wp-block-media-text__media\"><img loading=\"lazy\" decoding=\"async\" width=\"404\" height=\"404\" src=\"https:\/\/www.tele-radio.com\/app\/uploads\/Safety_level_2.png\" alt=\"\" class=\"wp-image-68198 size-full\" srcset=\"https:\/\/www.tele-radio.com\/app\/uploads\/Safety_level_2.png 404w, https:\/\/www.tele-radio.com\/app\/uploads\/Safety_level_2-400x400.png 400w, https:\/\/www.tele-radio.com\/app\/uploads\/Safety_level_2-150x150.png 150w, https:\/\/www.tele-radio.com\/app\/uploads\/Safety_level_2-250x250.png 250w\" sizes=\"auto, (max-width: 404px) 100vw, 404px\" \/><\/figure><div class=\"wp-block-media-text__content\">\n<p><strong>Sikkerhetsniv\u00e5<\/strong><\/p>\n\n\n\n<p>V\u00e5re sendere er sikre, med mange modeller som har uavhengig sikkerhetssertifisering. Dette betyr at stoppknappens funksjon er testet og verifisert av en ekstern, uavhengig part. Det anbefales \u00e5 velge et system med uavhengig sikkerhetssertifisering dersom man \u00f8nsker \u00e5 minimere risikoen for skade ved bruk av maskiner. Ingen sikkerhetsrisiko? Da kan du velge en sender uten sertifisering.<\/p>\n<\/div><\/div>\n\n\n\n<div class=\"wp-block-media-text alignwide is-stacked-on-mobile\" style=\"grid-template-columns:20% auto\"><figure class=\"wp-block-media-text__media\"><img loading=\"lazy\" decoding=\"async\" width=\"404\" height=\"404\" src=\"https:\/\/www.tele-radio.com\/app\/uploads\/Control_element_2.png\" alt=\"\" class=\"wp-image-68176 size-full\" srcset=\"https:\/\/www.tele-radio.com\/app\/uploads\/Control_element_2.png 404w, https:\/\/www.tele-radio.com\/app\/uploads\/Control_element_2-400x400.png 400w, https:\/\/www.tele-radio.com\/app\/uploads\/Control_element_2-150x150.png 150w, https:\/\/www.tele-radio.com\/app\/uploads\/Control_element_2-250x250.png 250w\" sizes=\"auto, (max-width: 404px) 100vw, 404px\" \/><\/figure><div class=\"wp-block-media-text__content\">\n<p><strong>Knapper eller joystick<\/strong><\/p>\n\n\n\n<p>Med bruk av trykknapper er en sender mer h\u00e5ndterlig, men absolutt ikke mindre presis. En sender med proporsjonale trykknapper har, for eksempel, presisjonen til en joysticksender. Ved \u00e5 trykke lengre inn p\u00e5 knappen, \u00f8ker graden av aktivering. En joysticksender er st\u00f8rre, men har for eksempel flere muligheter for tilpasning i form av spesialknapper, brytere og spaker.<\/p>\n<\/div><\/div>\n\n\n\n<div class=\"wp-block-media-text alignwide is-stacked-on-mobile\" style=\"grid-template-columns:20% auto\"><figure class=\"wp-block-media-text__media\"><img loading=\"lazy\" decoding=\"async\" width=\"404\" height=\"404\" src=\"https:\/\/www.tele-radio.com\/app\/uploads\/Feedback_2.png\" alt=\"\" class=\"wp-image-68223 size-full\" srcset=\"https:\/\/www.tele-radio.com\/app\/uploads\/Feedback_2.png 404w, https:\/\/www.tele-radio.com\/app\/uploads\/Feedback_2-400x400.png 400w, https:\/\/www.tele-radio.com\/app\/uploads\/Feedback_2-150x150.png 150w, https:\/\/www.tele-radio.com\/app\/uploads\/Feedback_2-250x250.png 250w\" sizes=\"auto, (max-width: 404px) 100vw, 404px\" \/><\/figure><div class=\"wp-block-media-text__content\">\n<p><strong>Tilbakemeldingsinformasjon<\/strong><\/p>\n\n\n\n<p>Enkelte sendere kan motta informasjon tilbake fra en kontrollert mottaker. Avhengig av systemet, kan du f\u00e5 informasjonen synlig ved hjelp av lysdioder p\u00e5 senderen eller via et display. N\u00e5r du styrer en kran, er det for eksempel mulig \u00e5 bruke displayet til \u00e5 vise informasjon som l\u00f8ftevekt eller varsler. Denne funksjonen vil v\u00e6re mindre relevant for mindre kompliserte applikasjoner, som lastebilvinsjer.<\/p>\n<\/div><\/div>\n<\/div>\n\n\n\n<div style=\"height:50px\" aria-hidden=\"true\" class=\"wp-block-spacer\"><\/div>\n\n\n<div class=\"wp-block-image is-style-default\">\n<figure class=\"aligncenter size-large is-resized\"><img loading=\"lazy\" decoding=\"async\" src=\"https:\/\/www.tele-radio.com\/app\/uploads\/\/Assortiment_2019_zonder_spiegeling_en_schaduw-1200x614.jpg\" alt=\"\" width=\"771\" height=\"394\"\/><\/figure><\/div>\n\n\n<div class=\"wp-block-buttons is-horizontal is-content-justification-center is-layout-flex wp-container-core-buttons-is-layout-499968f5 wp-block-buttons-is-layout-flex\">\n<div class=\"wp-block-button\"><a class=\"wp-block-button__link has-black-color has-text-color has-background wp-element-button\" href=\"https:\/\/www.tele-radio.com\/nb\/kontakt-oss\/\" style=\"border-radius:7px;background-color:#fabb00\"><strong>Kontakt oss<\/strong><\/a><\/div>\n<\/div>\n\n\n\n<p><\/p>\n","protected":false},"excerpt":{"rendered":"<p>GRUVE, RIVING OG GJENVINNING Uavhengig av omstendighetene kan du alltid regne med et stabilt signal mellom senderen og maskinen. Milj\u00f8et ved gruvedrift, riving og gjenvinning kan v\u00e6re sv\u00e6rt utfordrende. Bearbeiding av harde materialer krever kraftig maskineri og utmerket utstyr. Det er viktig at de ansatte er sikre. Av hensyn til de ansattes sikkerhet m\u00e5 de [&hellip;]<\/p>\n","protected":false},"author":18,"featured_media":0,"parent":0,"menu_order":0,"comment_status":"closed","ping_status":"closed","template":"","meta":{"_acf_changed":false,"footnotes":""},"class_list":["post-154312","page","type-page","status-publish","hentry"],"acf":[],"_links":{"self":[{"href":"https:\/\/www.tele-radio.com\/nb\/wp-json\/wp\/v2\/pages\/154312","targetHints":{"allow":["GET"]}}],"collection":[{"href":"https:\/\/www.tele-radio.com\/nb\/wp-json\/wp\/v2\/pages"}],"about":[{"href":"https:\/\/www.tele-radio.com\/nb\/wp-json\/wp\/v2\/types\/page"}],"author":[{"embeddable":true,"href":"https:\/\/www.tele-radio.com\/nb\/wp-json\/wp\/v2\/users\/18"}],"replies":[{"embeddable":true,"href":"https:\/\/www.tele-radio.com\/nb\/wp-json\/wp\/v2\/comments?post=154312"}],"version-history":[{"count":9,"href":"https:\/\/www.tele-radio.com\/nb\/wp-json\/wp\/v2\/pages\/154312\/revisions"}],"predecessor-version":[{"id":168199,"href":"https:\/\/www.tele-radio.com\/nb\/wp-json\/wp\/v2\/pages\/154312\/revisions\/168199"}],"wp:attachment":[{"href":"https:\/\/www.tele-radio.com\/nb\/wp-json\/wp\/v2\/media?parent=154312"}],"curies":[{"name":"wp","href":"https:\/\/api.w.org\/{rel}","templated":true}]}}