{"id":154156,"date":"2023-05-09T12:06:43","date_gmt":"2023-05-09T12:06:43","guid":{"rendered":"https:\/\/www.tele-radio.com\/?page_id=154156"},"modified":"2023-11-24T10:23:27","modified_gmt":"2023-11-24T10:23:27","slug":"applikasjon-marine-offshore","status":"publish","type":"page","link":"https:\/\/www.tele-radio.com\/nb\/applikasjon-marine-offshore\/","title":{"rendered":"MARINE &#038; OFFSHORE"},"content":{"rendered":"\n<div style=\"height:31px\" aria-hidden=\"true\" class=\"wp-block-spacer\"><\/div>\n\n\n\n<h1 class=\"wp-block-heading has-text-align-center\">MARINE &amp; OFFSHORE<\/h1>\n\n\n\n<div style=\"height:26px\" aria-hidden=\"true\" class=\"wp-block-spacer\"><\/div>\n\n\n\n<div class=\"wp-block-columns is-layout-flex wp-container-core-columns-is-layout-9d6595d7 wp-block-columns-is-layout-flex\">\n<div class=\"wp-block-column is-layout-flow wp-block-column-is-layout-flow\">\n<h1 class=\"wp-block-heading\">Vi hjelper marin sektor<\/h1>\n\n\n\n<p>Tele Radio leverer l\u00f8sninger til alle omr\u00e5der innen marin sektor. Enten du eier et lite privat fart\u00f8y eller et stort skip, har vi <a href=\"https:\/\/www.tele-radio.com\/nb\/produkter\/\">radiostyring<\/a> som passer for deg. N\u00e5r det kommer til b\u00e5t eller skip, for elver og sj\u00f8er, eller ute i havet, er det mange forskjellige bruksomr\u00e5der, og det er veldig vanskelig \u00e5 dekke dem alle, men noen f\u00e5 eksempler p\u00e5 det vi tilbyr l\u00f8sninger for er: portalkraner, landganger, lys, ankere, vinsjer og mange flere. Noen ganger kan det \u00e5 m\u00e5tte oppholde seg i f\u00f8rerhuset bety at du ikke har den beste oversikten over handlinger, dette kan for\u00e5rsake ulykker eller hemme produktiviteten. En l\u00f8sning med radiostyring gi deg muligheten til \u00e5 st\u00e5 akkurat der du trenger \u00e5 v\u00e6re for best oversikt og ikke forankret til der kontrollpanelet er plassert. <\/p>\n<\/div>\n\n\n\n<div class=\"wp-block-column is-layout-flow wp-block-column-is-layout-flow\" style=\"flex-basis:100px\"><\/div>\n\n\n\n<div class=\"wp-block-column is-layout-flow wp-block-column-is-layout-flow\">\n<div style=\"height:31px\" aria-hidden=\"true\" class=\"wp-block-spacer\"><\/div>\n\n\n\n<div class=\"wp-block-cover\" style=\"min-height:368px;aspect-ratio:unset;\"><span aria-hidden=\"true\" class=\"wp-block-cover__background has-black-background-color has-background-dim-20 has-background-dim\"><\/span><img loading=\"lazy\" decoding=\"async\" width=\"2048\" height=\"1365\" class=\"wp-block-cover__image-background wp-image-116065\" alt=\"Mann med joystick radiostyring\" src=\"https:\/\/www.tele-radio.com\/app\/uploads\/FL_LC_PU_0002.jpg\" style=\"object-position:45% 59%\" data-object-fit=\"cover\" data-object-position=\"45% 59%\" srcset=\"https:\/\/www.tele-radio.com\/app\/uploads\/FL_LC_PU_0002.jpg 2048w, https:\/\/www.tele-radio.com\/app\/uploads\/FL_LC_PU_0002-400x267.jpg 400w, https:\/\/www.tele-radio.com\/app\/uploads\/FL_LC_PU_0002-1200x800.jpg 1200w, https:\/\/www.tele-radio.com\/app\/uploads\/FL_LC_PU_0002-768x512.jpg 768w, https:\/\/www.tele-radio.com\/app\/uploads\/FL_LC_PU_0002-1536x1024.jpg 1536w, https:\/\/www.tele-radio.com\/app\/uploads\/FL_LC_PU_0002-750x500.jpg 750w, https:\/\/www.tele-radio.com\/app\/uploads\/FL_LC_PU_0002-500x333.jpg 500w, https:\/\/www.tele-radio.com\/app\/uploads\/FL_LC_PU_0002-1600x1066.jpg 1600w, https:\/\/www.tele-radio.com\/app\/uploads\/FL_LC_PU_0002-800x533.jpg 800w\" sizes=\"auto, (max-width: 2048px) 100vw, 2048px\" \/><div class=\"wp-block-cover__inner-container is-layout-flow wp-block-cover-is-layout-flow\">\n<p class=\"has-text-align-center has-large-font-size\"><\/p>\n<\/div><\/div>\n<\/div>\n<\/div>\n\n\n\n<div style=\"height:54px\" aria-hidden=\"true\" class=\"wp-block-spacer\"><\/div>\n\n\n\n<div class=\"wp-block-cover is-light\"><span aria-hidden=\"true\" class=\"wp-block-cover__background has-very-light-gray-background-color has-background-dim-100 has-background-dim\"><\/span><div class=\"wp-block-cover__inner-container is-layout-flow wp-block-cover-is-layout-flow\">\n<div class=\"wp-block-columns is-layout-flex wp-container-core-columns-is-layout-9d6595d7 wp-block-columns-is-layout-flex\">\n<div class=\"wp-block-column is-layout-flow wp-block-column-is-layout-flow\"><div class=\"wp-block-image\">\n<figure class=\"aligncenter size-large is-resized\"><img loading=\"lazy\" decoding=\"async\" src=\"https:\/\/www.tele-radio.com\/app\/uploads\/Fail_Safe_Operation.png\" alt=\"\" class=\"wp-image-68103\" width=\"90\" height=\"75\"\/><\/figure><\/div>\n\n\n<p class=\"has-text-align-center has-very-dark-gray-color has-text-color\"><strong>Feilsikker operasjon<\/strong><\/p>\n\n\n\n<p class=\"has-text-align-center has-very-dark-gray-color has-text-color\">Sikkerhetsrel\u00e9(er) kutter utenfor rekkevidde, d\u00f8dt batteri, \u00f8delagt sender etc. Uavhengige sertifiserte sikkerhetsniv\u00e5er.<\/p>\n<\/div>\n\n\n\n<div class=\"wp-block-column is-layout-flow wp-block-column-is-layout-flow\"><div class=\"wp-block-image\">\n<figure class=\"aligncenter size-large is-resized\"><img loading=\"lazy\" decoding=\"async\" src=\"https:\/\/www.tele-radio.com\/app\/uploads\/Protection.png\" alt=\"\" class=\"wp-image-68125\" width=\"45\" height=\"78\"\/><\/figure><\/div>\n\n\n<p class=\"has-text-align-center has-very-dark-gray-color has-text-color\"><strong>St\u00f8v- og vannbeskyttelse<\/strong><\/p>\n\n\n\n<p class=\"has-text-align-center has-very-dark-gray-color has-text-color\">V\u00e5re sendere er ekstremt robuste. Noen er IP65 og de fleste er IP67-sertifisert.<\/p>\n<\/div>\n\n\n\n<div class=\"wp-block-column is-layout-flow wp-block-column-is-layout-flow\"><div class=\"wp-block-image\">\n<figure class=\"aligncenter size-large is-resized\"><img loading=\"lazy\" decoding=\"async\" src=\"https:\/\/www.tele-radio.com\/app\/uploads\/Certification_2.png\" alt=\"\" class=\"wp-image-68149\" width=\"56\" height=\"78\"\/><\/figure><\/div>\n\n\n<p class=\"has-text-align-center has-very-dark-gray-color has-text-color\"><strong>Service<\/strong><\/p>\n\n\n\n<p class=\"has-text-align-center has-very-dark-gray-color has-text-color\">Kunder over hele verden stoler p\u00e5 merkevaren v\u00e5r. Vi tilbyr utmerket service og skreddersydde l\u00f8sninger.<\/p>\n<\/div>\n<\/div>\n<\/div><\/div>\n\n\n\n<div style=\"height:100px\" aria-hidden=\"true\" class=\"wp-block-spacer\"><\/div>\n\n\n\n<h2 class=\"wp-block-heading has-text-align-center\">APPLIKASJONER<\/h2>\n\n\n\n<p class=\"has-text-align-center\"><em><em><em>For \u00e5 gi en id\u00e9 om alle mulighetene, har vi noen eksempler p\u00e5 bruksomr\u00e5der og deres typiske produkter nedenfor:<\/em><\/em><\/em><\/p>\n\n\n\n<div class=\"wp-block-columns is-layout-flex wp-container-core-columns-is-layout-9d6595d7 wp-block-columns-is-layout-flex\">\n<div class=\"wp-block-column is-layout-flow wp-block-column-is-layout-flow\">\n<div class=\"wp-block-cover is-light\"><span aria-hidden=\"true\" class=\"wp-block-cover__background has-white-background-color has-background-dim-100 has-background-dim\"><\/span><div class=\"wp-block-cover__inner-container is-layout-flow wp-block-cover-is-layout-flow\"><div class=\"wp-block-image is-style-default\">\n<figure class=\"aligncenter size-full\"><img loading=\"lazy\" decoding=\"async\" width=\"64\" height=\"64\" src=\"https:\/\/www.tele-radio.com\/app\/uploads\/ladder.png\" alt=\"\" class=\"wp-image-119185\"\/><\/figure><\/div>\n\n\n<p class=\"has-text-align-center has-black-color has-text-color\"><strong><a href=\"https:\/\/no.wikipedia.org\/wiki\/Landgang\" target=\"_blank\" rel=\"noreferrer noopener\">LANDGANGER<\/a><\/strong><\/p>\n\n\n\n<p class=\"has-text-align-center has-black-color has-text-color\">Elektriske landganger for b\u00e5ter og skip er en vanlig applikasjon som har stor nytte av radiostyring. Hev eller senk landgangen praktisk fra kaiene, akkurat n\u00e5r du trenger det.<\/p>\n<\/div><\/div>\n<\/div>\n\n\n\n<div class=\"wp-block-column is-vertically-aligned-top is-layout-flow wp-block-column-is-layout-flow\">\n<div class=\"wp-block-cover is-light\"><span aria-hidden=\"true\" class=\"wp-block-cover__background has-white-background-color has-background-dim-100 has-background-dim\"><\/span><div class=\"wp-block-cover__inner-container is-layout-flow wp-block-cover-is-layout-flow\"><div class=\"wp-block-image is-style-default\">\n<figure class=\"aligncenter size-full\"><img loading=\"lazy\" decoding=\"async\" width=\"64\" height=\"64\" src=\"https:\/\/www.tele-radio.com\/app\/uploads\/lamp.png\" alt=\"\" class=\"wp-image-119209\"\/><\/figure><\/div>\n\n\n<p class=\"has-text-align-center has-black-color has-text-color\"><strong>LYS<\/strong><\/p>\n\n\n\n<p class=\"has-text-align-center has-black-color has-text-color\">For et skip er det veldig praktisk \u00e5 kunne ha muligheten til \u00e5 sl\u00e5 p\u00e5 og av lys mens du man\u00f8vrerer gjennom skipet med radiostyring. Hvis du har et st\u00f8rre skip kan personalet ha egne sendere som gj\u00f8r det lettere for dem \u00e5 im\u00f8tekomme gjestenes behov.<\/p>\n<\/div><\/div>\n<\/div>\n\n\n\n<div class=\"wp-block-column is-vertically-aligned-top is-layout-flow wp-block-column-is-layout-flow\">\n<div style=\"height:65px\" aria-hidden=\"true\" class=\"wp-block-spacer\"><\/div>\n\n\n<div class=\"wp-block-image is-style-default\">\n<figure class=\"aligncenter size-full\"><img loading=\"lazy\" decoding=\"async\" width=\"64\" height=\"64\" src=\"https:\/\/www.tele-radio.com\/app\/uploads\/cruise.png\" alt=\"\" class=\"wp-image-119233\"\/><\/figure><\/div>\n\n\n<p class=\"has-text-align-center\"><strong><a href=\"https:\/\/no.wikipedia.org\/wiki\/Mudring\" target=\"_blank\" rel=\"noreferrer noopener\">MUDDERFART\u00d8Y<\/a><\/strong><\/p>\n\n\n\n<p class=\"has-text-align-center\">Mudring med farlig materiale og rensemudring med hydraulikkomponenter trenger spesielle radiostyringssystemer som kan h\u00e5ndtere ventilkontroller. Et omr\u00e5de Tele Radio er godt kjent med. En liste over kontrollpunkter kan v\u00e6re graveutstyr, stabiliseringspontonger, skruekuttere eller andre krantyper.<\/p>\n<\/div>\n<\/div>\n\n\n\n<p><\/p>\n\n\n\n<h3 class=\"wp-block-heading has-text-align-center\">Dine preferanser for sikkerhet og funksjonalitet<\/h3>\n\n\n\n<p>Valget av riktig sender for din applikasjon gj\u00f8res best i samr\u00e5d med Tele Radio sine ansatte. Vi leverer forskjellige sendere med spesifikke egenskaper. F\u00f8lgende tre ting er avgj\u00f8rende for ditt valg:<\/p>\n\n\n\n<div class=\"wp-block-group alignwide is-vertical is-layout-flex wp-container-core-group-is-layout-8cf370e7 wp-block-group-is-layout-flex\">\n<div class=\"wp-block-media-text alignwide is-stacked-on-mobile\" style=\"grid-template-columns:20% auto\"><figure class=\"wp-block-media-text__media\"><img loading=\"lazy\" decoding=\"async\" width=\"404\" height=\"404\" src=\"https:\/\/www.tele-radio.com\/app\/uploads\/Safety_level_2.png\" alt=\"\" class=\"wp-image-68198 size-full\" srcset=\"https:\/\/www.tele-radio.com\/app\/uploads\/Safety_level_2.png 404w, https:\/\/www.tele-radio.com\/app\/uploads\/Safety_level_2-400x400.png 400w, https:\/\/www.tele-radio.com\/app\/uploads\/Safety_level_2-150x150.png 150w, https:\/\/www.tele-radio.com\/app\/uploads\/Safety_level_2-250x250.png 250w\" sizes=\"auto, (max-width: 404px) 100vw, 404px\" \/><\/figure><div class=\"wp-block-media-text__content\">\n<p><strong>Sikkerhetsniv\u00e5<\/strong><\/p>\n\n\n\n<p>V\u00e5re sendere er sikre, med mange modeller som har uavhengig sikkerhetssertifisering. Dette betyr at stoppknappens funksjon er testet og verifisert av en ekstern, uavhengig part. Det anbefales \u00e5 velge et system med uavhengig sikkerhetssertifisering dersom man \u00f8nsker \u00e5 minimere risikoen for skade ved bruk av maskiner. Ingen sikkerhetsrisiko? Da kan du velge en sender uten sertifisering.<\/p>\n<\/div><\/div>\n\n\n\n<div class=\"wp-block-media-text alignwide is-stacked-on-mobile\" style=\"grid-template-columns:20% auto\"><figure class=\"wp-block-media-text__media\"><img loading=\"lazy\" decoding=\"async\" width=\"404\" height=\"404\" src=\"https:\/\/www.tele-radio.com\/app\/uploads\/Control_element_2.png\" alt=\"\" class=\"wp-image-68176 size-full\" srcset=\"https:\/\/www.tele-radio.com\/app\/uploads\/Control_element_2.png 404w, https:\/\/www.tele-radio.com\/app\/uploads\/Control_element_2-400x400.png 400w, https:\/\/www.tele-radio.com\/app\/uploads\/Control_element_2-150x150.png 150w, https:\/\/www.tele-radio.com\/app\/uploads\/Control_element_2-250x250.png 250w\" sizes=\"auto, (max-width: 404px) 100vw, 404px\" \/><\/figure><div class=\"wp-block-media-text__content\">\n<p><strong>Knapper eller joystick<\/strong><\/p>\n\n\n\n<p>Med bruk av trykknapper er en sender mer h\u00e5ndterlig, men absolutt ikke mindre presis. En sender med proporsjonale trykknapper har, for eksempel, presisjonen til en joysticksender. Ved \u00e5 trykke lengre inn p\u00e5 knappen, \u00f8ker graden av aktivering. En joysticksender er st\u00f8rre, men har for eksempel flere muligheter for tilpasning i form av spesialknapper, brytere og spaker.<\/p>\n<\/div><\/div>\n\n\n\n<div class=\"wp-block-media-text alignwide is-stacked-on-mobile\" style=\"grid-template-columns:20% auto\"><figure class=\"wp-block-media-text__media\"><img loading=\"lazy\" decoding=\"async\" width=\"404\" height=\"404\" src=\"https:\/\/www.tele-radio.com\/app\/uploads\/Feedback_2.png\" alt=\"\" class=\"wp-image-68223 size-full\" srcset=\"https:\/\/www.tele-radio.com\/app\/uploads\/Feedback_2.png 404w, https:\/\/www.tele-radio.com\/app\/uploads\/Feedback_2-400x400.png 400w, https:\/\/www.tele-radio.com\/app\/uploads\/Feedback_2-150x150.png 150w, https:\/\/www.tele-radio.com\/app\/uploads\/Feedback_2-250x250.png 250w\" sizes=\"auto, (max-width: 404px) 100vw, 404px\" \/><\/figure><div class=\"wp-block-media-text__content\">\n<p><strong>Tilbakemeldingsinformasjon<\/strong><\/p>\n\n\n\n<p>Enkelte sendere kan motta informasjon tilbake fra en kontrollert mottaker. Avhengig av systemet, kan du f\u00e5 informasjonen synlig ved hjelp av lysdioder p\u00e5 senderen eller via et display. N\u00e5r du styrer en kran, er det for eksempel mulig \u00e5 bruke displayet til \u00e5 vise informasjon som l\u00f8ftevekt eller varsler. Denne funksjonen vil v\u00e6re mindre relevant for mindre kompliserte applikasjoner, som lastebilvinsjer.<\/p>\n<\/div><\/div>\n<\/div>\n\n\n\n<div style=\"height:50px\" aria-hidden=\"true\" class=\"wp-block-spacer\"><\/div>\n\n\n<div class=\"wp-block-image is-style-default\">\n<figure class=\"aligncenter size-large is-resized\"><img loading=\"lazy\" decoding=\"async\" src=\"https:\/\/www.tele-radio.com\/app\/uploads\/\/Assortiment_2019_zonder_spiegeling_en_schaduw-1200x614.jpg\" alt=\"\" width=\"771\" height=\"394\"\/><\/figure><\/div>\n\n\n<div class=\"wp-block-buttons is-horizontal is-content-justification-center is-layout-flex wp-container-core-buttons-is-layout-499968f5 wp-block-buttons-is-layout-flex\">\n<div class=\"wp-block-button\"><a class=\"wp-block-button__link has-black-color has-text-color has-background wp-element-button\" href=\"https:\/\/www.tele-radio.com\/nb\/kontakt-oss\/\" style=\"border-radius:7px;background-color:#fabb00\"><strong>Kontakt oss<\/strong><\/a><\/div>\n<\/div>\n\n\n\n<p><\/p>\n","protected":false},"excerpt":{"rendered":"<p>MARINE &amp; OFFSHORE Vi hjelper marin sektor Tele Radio leverer l\u00f8sninger til alle omr\u00e5der innen marin sektor. Enten du eier et lite privat fart\u00f8y eller et stort skip, har vi radiostyring som passer for deg. N\u00e5r det kommer til b\u00e5t eller skip, for elver og sj\u00f8er, eller ute i havet, er det mange forskjellige bruksomr\u00e5der, [&hellip;]<\/p>\n","protected":false},"author":18,"featured_media":0,"parent":0,"menu_order":0,"comment_status":"closed","ping_status":"closed","template":"","meta":{"_acf_changed":false,"footnotes":""},"class_list":["post-154156","page","type-page","status-publish","hentry"],"acf":[],"_links":{"self":[{"href":"https:\/\/www.tele-radio.com\/nb\/wp-json\/wp\/v2\/pages\/154156","targetHints":{"allow":["GET"]}}],"collection":[{"href":"https:\/\/www.tele-radio.com\/nb\/wp-json\/wp\/v2\/pages"}],"about":[{"href":"https:\/\/www.tele-radio.com\/nb\/wp-json\/wp\/v2\/types\/page"}],"author":[{"embeddable":true,"href":"https:\/\/www.tele-radio.com\/nb\/wp-json\/wp\/v2\/users\/18"}],"replies":[{"embeddable":true,"href":"https:\/\/www.tele-radio.com\/nb\/wp-json\/wp\/v2\/comments?post=154156"}],"version-history":[{"count":6,"href":"https:\/\/www.tele-radio.com\/nb\/wp-json\/wp\/v2\/pages\/154156\/revisions"}],"predecessor-version":[{"id":168200,"href":"https:\/\/www.tele-radio.com\/nb\/wp-json\/wp\/v2\/pages\/154156\/revisions\/168200"}],"wp:attachment":[{"href":"https:\/\/www.tele-radio.com\/nb\/wp-json\/wp\/v2\/media?parent=154156"}],"curies":[{"name":"wp","href":"https:\/\/api.w.org\/{rel}","templated":true}]}}