{"id":153713,"date":"2023-05-03T12:58:40","date_gmt":"2023-05-03T12:58:40","guid":{"rendered":"https:\/\/www.tele-radio.com\/?page_id=153713"},"modified":"2023-11-29T09:07:26","modified_gmt":"2023-11-29T09:07:26","slug":"teq-joysticksendere-brosjyrer-og-kataloger","status":"publish","type":"page","link":"https:\/\/www.tele-radio.com\/nb\/teq-joysticksendere-brosjyrer-og-kataloger\/","title":{"rendered":"TEQ JOYSTICKSENDERE BROSJYRER OG OPPSTARTSGUIDER"},"content":{"rendered":"\n<h2 class=\"wp-block-heading\">BROSJYRER OG OPPSTARTSGUIDER FOR TEQ JOYSTICKSENDERE<\/h2>\n\n\n\n<p>Under kan du finne et utvalg av brosjyrer for TEQ joysticksendere.<\/p>\n\n\n\n<p>Ser du etter hele manualen, tekniske dokumenter, sertifikater og annet, g\u00e5 til v\u00e5r dokumentside for \u00e5 <a href=\"https:\/\/www.tele-radio.com\/nb\/service-og-support\/\">laste ned dette her<\/a>. Dersom du mangler passord for \u00e5 laste ned n\u00f8dvendige dokumenter, ta kontakt med oss.<a href=\"https:\/\/www.tele-radio.com\/nb\/kontakt-oss\/\">https:\/\/www.tele-radio.com\/nb\/kontakt-oss\/<\/a><\/p>\n\n\n\n<div class=\"wp-block-cover is-light\"><span aria-hidden=\"true\" class=\"wp-block-cover__background has-background-dim\"><\/span><img loading=\"lazy\" decoding=\"async\" width=\"2560\" height=\"1707\" class=\"wp-block-cover__image-background wp-image-139765\" alt=\"\" src=\"https:\/\/www.tele-radio.com\/app\/uploads\/AdobeStock_441950994-scaled.jpeg\" data-object-fit=\"cover\" srcset=\"https:\/\/www.tele-radio.com\/app\/uploads\/AdobeStock_441950994-scaled.jpeg 2560w, https:\/\/www.tele-radio.com\/app\/uploads\/AdobeStock_441950994-400x267.jpeg 400w, https:\/\/www.tele-radio.com\/app\/uploads\/AdobeStock_441950994-1200x800.jpeg 1200w, https:\/\/www.tele-radio.com\/app\/uploads\/AdobeStock_441950994-768x512.jpeg 768w, https:\/\/www.tele-radio.com\/app\/uploads\/AdobeStock_441950994-1536x1024.jpeg 1536w, https:\/\/www.tele-radio.com\/app\/uploads\/AdobeStock_441950994-2048x1365.jpeg 2048w, https:\/\/www.tele-radio.com\/app\/uploads\/AdobeStock_441950994-750x500.jpeg 750w, https:\/\/www.tele-radio.com\/app\/uploads\/AdobeStock_441950994-500x333.jpeg 500w, https:\/\/www.tele-radio.com\/app\/uploads\/AdobeStock_441950994-1600x1067.jpeg 1600w, https:\/\/www.tele-radio.com\/app\/uploads\/AdobeStock_441950994-800x533.jpeg 800w\" sizes=\"auto, (max-width: 2560px) 100vw, 2560px\" \/><div class=\"wp-block-cover__inner-container is-layout-flow wp-block-cover-is-layout-flow\">\n<p class=\"has-text-align-center has-large-font-size\"><mark style=\"background-color:rgba(0, 0, 0, 0)\" class=\"has-inline-color has-white-color\"><strong>BROSJYRER<br><\/strong>TEQ Joysticksendere<\/mark><\/p>\n\n\n\n<div class=\"wp-block-buttons is-content-justification-center is-layout-flex wp-container-core-buttons-is-layout-16018d1d wp-block-buttons-is-layout-flex\">\n<div class=\"wp-block-button\"><a class=\"wp-block-button__link has-black-color has-luminous-vivid-amber-background-color has-text-color has-background wp-element-button\" href=\"https:\/\/www.tele-radio.com\/nb\/brosjyrer-for-teq-joysticksendere\/\" style=\"border-radius:7px\"><strong>Trykk her<\/strong><\/a><\/div>\n<\/div>\n<\/div><\/div>\n\n\n\n<hr class=\"wp-block-separator has-css-opacity is-style-dots\"\/>\n\n\n\n<div class=\"wp-block-cover is-light\"><span aria-hidden=\"true\" class=\"wp-block-cover__background has-background-dim\"><\/span><img loading=\"lazy\" decoding=\"async\" width=\"1200\" height=\"801\" class=\"wp-block-cover__image-background wp-image-139741\" alt=\"\" src=\"https:\/\/www.tele-radio.com\/app\/uploads\/FL_MI_TG_0081.jpg\" data-object-fit=\"cover\" srcset=\"https:\/\/www.tele-radio.com\/app\/uploads\/FL_MI_TG_0081.jpg 1200w, https:\/\/www.tele-radio.com\/app\/uploads\/FL_MI_TG_0081-400x267.jpg 400w, https:\/\/www.tele-radio.com\/app\/uploads\/FL_MI_TG_0081-768x513.jpg 768w, https:\/\/www.tele-radio.com\/app\/uploads\/FL_MI_TG_0081-750x501.jpg 750w, https:\/\/www.tele-radio.com\/app\/uploads\/FL_MI_TG_0081-500x334.jpg 500w, https:\/\/www.tele-radio.com\/app\/uploads\/FL_MI_TG_0081-800x534.jpg 800w\" sizes=\"auto, (max-width: 1200px) 100vw, 1200px\" \/><div class=\"wp-block-cover__inner-container is-layout-flow wp-block-cover-is-layout-flow\">\n<p class=\"has-text-align-center has-large-font-size\"><mark style=\"background-color:rgba(0, 0, 0, 0)\" class=\"has-inline-color has-white-color\"><strong>OPPSTARTSGUIDE<br><\/strong>Enkel oppstart av ditt TEQ-system<\/mark><\/p>\n\n\n\n<div class=\"wp-block-buttons is-content-justification-center is-layout-flex wp-container-core-buttons-is-layout-16018d1d wp-block-buttons-is-layout-flex\">\n<div class=\"wp-block-button is-style-fill\"><a class=\"wp-block-button__link has-black-color has-luminous-vivid-amber-background-color has-text-color has-background has-text-align-center wp-element-button\" href=\"https:\/\/www.tele-radio.com\/nb\/oppstartsguide-for-teq\/\" style=\"border-radius:7px\"><mark style=\"background-color:#fcb900\" class=\"has-inline-color has-black-color\"><strong>Trykk her<\/strong><\/mark><\/a><\/div>\n<\/div>\n<\/div><\/div>\n\n\n\n<p><\/p>\n\n\n\n<p>Trenger du instruksjonsvideoer?<br>Trykk p\u00e5 lenken under, s\u00e5 kommer du direkte inn p\u00e5 v\u00e5r kanal p\u00e5 YouTube.<br>Finn modellnavnet p\u00e5 s\u00f8lvetiketten p\u00e5 baksiden av senderen eller p\u00e5 siden av mottakeren.<\/p>\n\n\n\n<p><a href=\"https:\/\/www.youtube.com\/@teleradioremotecontrol4020\/videos\">https:\/\/www.youtube.com\/@teleradioremotecontrol4020\/videos<\/a><\/p>\n","protected":false},"excerpt":{"rendered":"<p>BROSJYRER OG OPPSTARTSGUIDER FOR TEQ JOYSTICKSENDERE Under kan du finne et utvalg av brosjyrer for TEQ joysticksendere. Ser du etter hele manualen, tekniske dokumenter, sertifikater og annet, g\u00e5 til v\u00e5r dokumentside for \u00e5 laste ned dette her. Dersom du mangler passord for \u00e5 laste ned n\u00f8dvendige dokumenter, ta kontakt med oss.https:\/\/www.tele-radio.com\/nb\/kontakt-oss\/ Trenger du instruksjonsvideoer?Trykk p\u00e5 [&hellip;]<\/p>\n","protected":false},"author":18,"featured_media":0,"parent":0,"menu_order":0,"comment_status":"closed","ping_status":"closed","template":"","meta":{"_acf_changed":false,"footnotes":""},"class_list":["post-153713","page","type-page","status-publish","hentry"],"acf":[],"_links":{"self":[{"href":"https:\/\/www.tele-radio.com\/nb\/wp-json\/wp\/v2\/pages\/153713","targetHints":{"allow":["GET"]}}],"collection":[{"href":"https:\/\/www.tele-radio.com\/nb\/wp-json\/wp\/v2\/pages"}],"about":[{"href":"https:\/\/www.tele-radio.com\/nb\/wp-json\/wp\/v2\/types\/page"}],"author":[{"embeddable":true,"href":"https:\/\/www.tele-radio.com\/nb\/wp-json\/wp\/v2\/users\/18"}],"replies":[{"embeddable":true,"href":"https:\/\/www.tele-radio.com\/nb\/wp-json\/wp\/v2\/comments?post=153713"}],"version-history":[{"count":8,"href":"https:\/\/www.tele-radio.com\/nb\/wp-json\/wp\/v2\/pages\/153713\/revisions"}],"predecessor-version":[{"id":197886,"href":"https:\/\/www.tele-radio.com\/nb\/wp-json\/wp\/v2\/pages\/153713\/revisions\/197886"}],"wp:attachment":[{"href":"https:\/\/www.tele-radio.com\/nb\/wp-json\/wp\/v2\/media?parent=153713"}],"curies":[{"name":"wp","href":"https:\/\/api.w.org\/{rel}","templated":true}]}}