{"id":149045,"date":"2023-03-14T11:42:59","date_gmt":"2023-03-14T11:42:59","guid":{"rendered":"https:\/\/www.tele-radio.com\/?page_id=149045"},"modified":"2023-03-14T11:43:02","modified_gmt":"2023-03-14T11:43:02","slug":"skreddersydde-folier","status":"publish","type":"page","link":"https:\/\/www.tele-radio.com\/nb\/skreddersydde-folier\/","title":{"rendered":"Skreddersydde folier"},"content":{"rendered":"\n<h1 class=\"wp-block-heading\">Skreddersydde folier<\/h1>\n\n\n<h2>Din egen logo, farger, symboler eller tekst. For ekstra beskyttelse, sikkerhet og gjenkjennelighet<\/h2>\n<p>\u00a0<\/p>\n<p><img loading=\"lazy\" decoding=\"async\" class=\"alignnone wp-image-149117 size-full\" src=\"https:\/\/www.tele-radio.com\/app\/uploads\/Custom-foils-button-1_nor.png\" alt=\"\" width=\"314\" height=\"67\" \/><\/p>\n<p style=\"padding-left: 390px;\">Alle v\u00e5re sendere og mottakere kan tilpasses med skreddersydde folier. Disse foliene beskytter senderen, gir sikker bruk og bidrar til gjenkjennelighet. Foliene er laget av <strong>h\u00f8ykvalitets industrielt (3M) materiale<\/strong>. De t\u00e5ler hard bruk og er motstandsdyktige mot misfarging og v\u00e6sker. Foliene gir ogs\u00e5 et ekstra, beskyttende lag til produktene v\u00e5re. Skreddersydde folier har ogs\u00e5 en <strong>sikkerhetsfunksjon<\/strong>. Ved \u00e5 bruke tydelige symboler, skreddersydd for din egen spesifikke applikasjon, kan feil bruk unng\u00e5s. Og selvf\u00f8lgelig kan du gi senderen din egen bedriftssignatur med farger, logo osv<\/p>\n<p><img loading=\"lazy\" decoding=\"async\" class=\"alignnone wp-image-149141 size-full\" src=\"https:\/\/www.tele-radio.com\/app\/uploads\/Custom-foils-button-2_nor.png\" alt=\"\" width=\"314\" height=\"67\" \/><\/p>\n<p style=\"padding-left: 390px;\">Tilpassede folier kan lages enkeltvis. Du st\u00e5r fritt til \u00e5 velge dine <strong>egne farger, logoer, symboler, fonter, bilder etc.<\/strong> Du kan gi oss din ferdige (digitale) mal, eller be oss lage et design basert p\u00e5 dine egne ideer.\u00a0<\/p>\n<p>\u00a0<\/p>\n<p><img loading=\"lazy\" decoding=\"async\" class=\"alignnone wp-image-149165 size-full\" src=\"https:\/\/www.tele-radio.com\/app\/uploads\/Contact-button_nor.png\" alt=\"\" width=\"314\" height=\"67\" \/><\/p>\n<p>Vi kan tilby en tilpasset folie for hver sender og mottaker som tilbeh\u00f8r. \u00d8nsker du \u00e5 bestille en tilpasset folie kan du <a href=\"https:\/\/www.tele-radio.com\/nb\/kontakt-oss\/\">kontakte oss pr telefon eller mail<\/a>. De kan gi deg alle n\u00f8dvendige priser, instruksjoner, maler eller digitalt designmateriale. Basert p\u00e5 dine innspill lages et design som vil bli sendt til deg for godkjenning. Etter bekreftelse vil du motta tilpasset folie(r) innen 2 uker.<\/p>\n<p>\u00a0<\/p>\n<p><img loading=\"lazy\" decoding=\"async\" class=\"aligncenter wp-image-144020\" src=\"https:\/\/www.tele-radio.com\/app\/uploads\/\/24694-TELE-RADIO-leaflet-custom-foils-A4_2-400x78.jpg\" alt=\"\" width=\"985\" height=\"192\" srcset=\"https:\/\/www.tele-radio.com\/app\/uploads\/24694-TELE-RADIO-leaflet-custom-foils-A4_2-400x78.jpg 400w, https:\/\/www.tele-radio.com\/app\/uploads\/24694-TELE-RADIO-leaflet-custom-foils-A4_2-1200x234.jpg 1200w, https:\/\/www.tele-radio.com\/app\/uploads\/24694-TELE-RADIO-leaflet-custom-foils-A4_2-768x149.jpg 768w, https:\/\/www.tele-radio.com\/app\/uploads\/24694-TELE-RADIO-leaflet-custom-foils-A4_2-1536x299.jpg 1536w, https:\/\/www.tele-radio.com\/app\/uploads\/24694-TELE-RADIO-leaflet-custom-foils-A4_2-2048x399.jpg 2048w, https:\/\/www.tele-radio.com\/app\/uploads\/24694-TELE-RADIO-leaflet-custom-foils-A4_2-750x146.jpg 750w, https:\/\/www.tele-radio.com\/app\/uploads\/24694-TELE-RADIO-leaflet-custom-foils-A4_2-500x97.jpg 500w, https:\/\/www.tele-radio.com\/app\/uploads\/24694-TELE-RADIO-leaflet-custom-foils-A4_2-1600x311.jpg 1600w, https:\/\/www.tele-radio.com\/app\/uploads\/24694-TELE-RADIO-leaflet-custom-foils-A4_2-800x156.jpg 800w\" sizes=\"auto, (max-width: 985px) 100vw, 985px\" \/><\/p>\n<table style=\"height: 181px;\" width=\"996\">\n<tbody>\n<tr style=\"height: 27px;\">\n<td style=\"background-color: #fabb00; width: 302px; height: 27px;\" width=\"302\"><strong>PLEXIFOLIER<\/strong><\/td>\n<td style=\"background-color: #fabb00; width: 302px; height: 27px;\" width=\"302\"><strong>PU-FOLIER<\/strong><\/td>\n<\/tr>\n<tr style=\"height: 167px;\">\n<td style=\"height: 167px;\" width=\"302\">\n<p>En skreddersydd folie av plexiglass som passer godt rundt knappene. Tilgjengelig i <strong>tre tykkelser<\/strong>. Med den tykkeste versjonen ligger knappene dypere ned i kapslingen og kan dermed ikke trykkes inn ved et uhell. Plexifoliene brukes p\u00e5 <a href=\"https:\/\/www.tele-radio.com\/nb\/produkter\/panther-enkel-og-fleksibel-radiostyring\/\">mini- og midi-sendern<\/a>e, men ogs\u00e5 p\u00e5 de st\u00f8rre joystick-senderne. Foliene er laget av h\u00f8ykvalitets materiale og er <strong>motstandsdyktige mot misfarging, riper, v\u00e6sker osv.<\/strong><\/p>\n<\/td>\n<td style=\"height: 167px;\" width=\"302\">\n<p>Dette er skreddersydde folier laget av fleksibel, <strong>h\u00f8ykvalitets gummi (PU)<\/strong> som er <strong>motstandsdyktig mot misfarging og v\u00e6sker<\/strong>. Folien dekker knappene helt. Disse brukes p\u00e5 de st\u00f8rre h\u00e5ndholdte senderne, men kan ogs\u00e5 brukes p\u00e5 de <a href=\"https:\/\/www.tele-radio.com\/nb\/produkter\/tiger-g2\/\">mindre senderne<\/a> som et alternativ for plexi folie i tilfelle du \u00f8nsker \u00e5 dekke knappene helt for mer beskyttelse.<\/p>\n<\/td>\n<\/tr>\n<\/tbody>\n<\/table>\n\n\n<div class=\"wp-block-columns is-layout-flex wp-container-core-columns-is-layout-9d6595d7 wp-block-columns-is-layout-flex\">\n<div class=\"wp-block-column is-layout-flow wp-block-column-is-layout-flow\">\n<figure class=\"wp-block-video\"><video autoplay loop muted src=\"https:\/\/www.tele-radio.com\/app\/uploads\/Custom_Foils_3.mp4\"><\/video><\/figure>\n<\/div>\n\n\n\n<div class=\"wp-block-column is-layout-flow wp-block-column-is-layout-flow\">\n<figure class=\"wp-block-video\"><video autoplay loop muted src=\"https:\/\/www.tele-radio.com\/app\/uploads\/Custom_Foils_2.mp4\"><\/video><\/figure>\n<\/div>\n<\/div>\n","protected":false},"excerpt":{"rendered":"<p>Skreddersydde folier Din egen logo, farger, symboler eller tekst. For ekstra beskyttelse, sikkerhet og gjenkjennelighet \u00a0 Alle v\u00e5re sendere og mottakere kan tilpasses med skreddersydde folier. Disse foliene beskytter senderen, gir sikker bruk og bidrar til gjenkjennelighet. Foliene er laget av h\u00f8ykvalitets industrielt (3M) materiale. De t\u00e5ler hard bruk og er motstandsdyktige mot misfarging og [&hellip;]<\/p>\n","protected":false},"author":18,"featured_media":29186,"parent":0,"menu_order":0,"comment_status":"closed","ping_status":"closed","template":"","meta":{"_acf_changed":false,"footnotes":""},"class_list":["post-149045","page","type-page","status-publish","has-post-thumbnail","hentry"],"acf":[],"_links":{"self":[{"href":"https:\/\/www.tele-radio.com\/nb\/wp-json\/wp\/v2\/pages\/149045","targetHints":{"allow":["GET"]}}],"collection":[{"href":"https:\/\/www.tele-radio.com\/nb\/wp-json\/wp\/v2\/pages"}],"about":[{"href":"https:\/\/www.tele-radio.com\/nb\/wp-json\/wp\/v2\/types\/page"}],"author":[{"embeddable":true,"href":"https:\/\/www.tele-radio.com\/nb\/wp-json\/wp\/v2\/users\/18"}],"replies":[{"embeddable":true,"href":"https:\/\/www.tele-radio.com\/nb\/wp-json\/wp\/v2\/comments?post=149045"}],"version-history":[{"count":2,"href":"https:\/\/www.tele-radio.com\/nb\/wp-json\/wp\/v2\/pages\/149045\/revisions"}],"predecessor-version":[{"id":149194,"href":"https:\/\/www.tele-radio.com\/nb\/wp-json\/wp\/v2\/pages\/149045\/revisions\/149194"}],"wp:featuredmedia":[{"embeddable":true,"href":"https:\/\/www.tele-radio.com\/nb\/wp-json\/wp\/v2\/media\/29186"}],"wp:attachment":[{"href":"https:\/\/www.tele-radio.com\/nb\/wp-json\/wp\/v2\/media?parent=149045"}],"curies":[{"name":"wp","href":"https:\/\/api.w.org\/{rel}","templated":true}]}}