{"id":140040,"date":"2023-05-03T11:47:06","date_gmt":"2023-05-03T11:47:06","guid":{"rendered":"https:\/\/www.tele-radio.com\/?page_id=140040"},"modified":"2023-11-28T06:46:55","modified_gmt":"2023-11-28T06:46:55","slug":"tiger-handsender-brosjyrer","status":"publish","type":"page","link":"https:\/\/www.tele-radio.com\/nb\/tiger-handsender-brosjyrer\/","title":{"rendered":"TIGER H\u00c5NDSENDER BROSJYRER"},"content":{"rendered":"\n<p>Under kan du finne forskjellige brosjyrer til <a href=\"https:\/\/www.tele-radio.com\/nb\/produkter\/tiger-g2\/\">Tiger h\u00e5ndsendere<\/a>. Merk at joysticksenderen i Tiger-serien n\u00e5 har byttet navn og g\u00e5r under &laquo;TEQ joysticksendere&raquo;.<\/p>\n\n\n\n<div data-wp-interactive=\"core\/file\" class=\"wp-block-file\"><object data-wp-bind--hidden=\"!state.hasPdfPreview\" hidden class=\"wp-block-file__embed\" data=\"https:\/\/www.tele-radio.com\/app\/uploads\/Folder_A4_4_pages_Tiger_NOR_2019.pdf\" type=\"application\/pdf\" style=\"width:100%;height:600px\" aria-label=\"Embed of Folder_A4_4_pages_Tiger_NOR_2019.\"><\/object><a id=\"wp-block-file--media-3bd0e57d-2092-4069-ad95-f649ff510990\" href=\"https:\/\/www.tele-radio.com\/app\/uploads\/Folder_A4_4_pages_Tiger_NOR_2019.pdf\">Folder_A4_4_pages_Tiger_NOR_2019<\/a><a href=\"https:\/\/www.tele-radio.com\/app\/uploads\/Folder_A4_4_pages_Tiger_NOR_2019.pdf\" class=\"wp-block-file__button wp-element-button\" download aria-describedby=\"wp-block-file--media-3bd0e57d-2092-4069-ad95-f649ff510990\">Download<\/a><\/div>\n","protected":false},"excerpt":{"rendered":"<p>Under kan du finne forskjellige brosjyrer til Tiger h\u00e5ndsendere. Merk at joysticksenderen i Tiger-serien n\u00e5 har byttet navn og g\u00e5r under &laquo;TEQ joysticksendere&raquo;.<\/p>\n","protected":false},"author":18,"featured_media":0,"parent":0,"menu_order":0,"comment_status":"closed","ping_status":"closed","template":"","meta":{"_acf_changed":false,"footnotes":""},"class_list":["post-140040","page","type-page","status-publish","hentry"],"acf":[],"_links":{"self":[{"href":"https:\/\/www.tele-radio.com\/nb\/wp-json\/wp\/v2\/pages\/140040","targetHints":{"allow":["GET"]}}],"collection":[{"href":"https:\/\/www.tele-radio.com\/nb\/wp-json\/wp\/v2\/pages"}],"about":[{"href":"https:\/\/www.tele-radio.com\/nb\/wp-json\/wp\/v2\/types\/page"}],"author":[{"embeddable":true,"href":"https:\/\/www.tele-radio.com\/nb\/wp-json\/wp\/v2\/users\/18"}],"replies":[{"embeddable":true,"href":"https:\/\/www.tele-radio.com\/nb\/wp-json\/wp\/v2\/comments?post=140040"}],"version-history":[{"count":7,"href":"https:\/\/www.tele-radio.com\/nb\/wp-json\/wp\/v2\/pages\/140040\/revisions"}],"predecessor-version":[{"id":168325,"href":"https:\/\/www.tele-radio.com\/nb\/wp-json\/wp\/v2\/pages\/140040\/revisions\/168325"}],"wp:attachment":[{"href":"https:\/\/www.tele-radio.com\/nb\/wp-json\/wp\/v2\/media?parent=140040"}],"curies":[{"name":"wp","href":"https:\/\/api.w.org\/{rel}","templated":true}]}}