{"id":139529,"date":"2023-01-30T13:59:11","date_gmt":"2023-01-30T13:59:11","guid":{"rendered":"https:\/\/www.tele-radio.com\/?page_id=139529"},"modified":"2023-11-29T09:06:12","modified_gmt":"2023-11-29T09:06:12","slug":"tiger-handsendere-brosjyrer-og-kataloger","status":"publish","type":"page","link":"https:\/\/www.tele-radio.com\/nb\/tiger-handsendere-brosjyrer-og-kataloger\/","title":{"rendered":"TIGER H\u00c5NDSENDERE BROSJYRER OG OPPSTARTSGUIDER"},"content":{"rendered":"\n<h2 class=\"wp-block-heading\">BROSJYRER OG OPPSTARTSGUIDER FOR TIGER H\u00c5NDSENDERE<\/h2>\n\n\n\n<p>Under kan du finne et utvalg av brosjyrer og oppstartsguider for Tiger h\u00e5ndsendere.<\/p>\n\n\n\n<p>Ser du etter hele manualen, tekniske dokumenter, sertifikater og annet, g\u00e5 til v\u00e5r dokumentside for \u00e5 <a href=\"https:\/\/www.tele-radio.com\/nb\/service-og-support\/\">laste ned dette her<\/a>. Dersom du mangler passord for \u00e5 laste ned n\u00f8dvendige dokumenter, ta kontakt med oss.<a href=\"https:\/\/www.tele-radio.com\/nb\/kontakt-oss\/\">https:\/\/www.tele-radio.com\/nb\/kontakt-oss\/<\/a><\/p>\n\n\n\n<div class=\"wp-block-group\"><div class=\"wp-block-group__inner-container is-layout-flow wp-block-group-is-layout-flow\">\n<div class=\"wp-block-cover is-light\"><span aria-hidden=\"true\" class=\"wp-block-cover__background has-background-dim\"><\/span><img loading=\"lazy\" decoding=\"async\" width=\"2560\" height=\"1707\" class=\"wp-block-cover__image-background wp-image-139765\" alt=\"\" src=\"https:\/\/www.tele-radio.com\/app\/uploads\/AdobeStock_441950994-scaled.jpeg\" data-object-fit=\"cover\" srcset=\"https:\/\/www.tele-radio.com\/app\/uploads\/AdobeStock_441950994-scaled.jpeg 2560w, https:\/\/www.tele-radio.com\/app\/uploads\/AdobeStock_441950994-400x267.jpeg 400w, https:\/\/www.tele-radio.com\/app\/uploads\/AdobeStock_441950994-1200x800.jpeg 1200w, https:\/\/www.tele-radio.com\/app\/uploads\/AdobeStock_441950994-768x512.jpeg 768w, https:\/\/www.tele-radio.com\/app\/uploads\/AdobeStock_441950994-1536x1024.jpeg 1536w, https:\/\/www.tele-radio.com\/app\/uploads\/AdobeStock_441950994-2048x1365.jpeg 2048w, https:\/\/www.tele-radio.com\/app\/uploads\/AdobeStock_441950994-750x500.jpeg 750w, https:\/\/www.tele-radio.com\/app\/uploads\/AdobeStock_441950994-500x333.jpeg 500w, https:\/\/www.tele-radio.com\/app\/uploads\/AdobeStock_441950994-1600x1067.jpeg 1600w, https:\/\/www.tele-radio.com\/app\/uploads\/AdobeStock_441950994-800x533.jpeg 800w\" sizes=\"auto, (max-width: 2560px) 100vw, 2560px\" \/><div class=\"wp-block-cover__inner-container is-layout-flow wp-block-cover-is-layout-flow\">\n<p class=\"has-text-align-center has-large-font-size\"><mark style=\"background-color:rgba(0, 0, 0, 0)\" class=\"has-inline-color has-white-color\"><strong>BROSJYRER<br><\/strong>for Tiger h\u00e5ndsendere<\/mark><\/p>\n\n\n\n<div class=\"wp-block-buttons is-content-justification-center is-layout-flex wp-container-core-buttons-is-layout-16018d1d wp-block-buttons-is-layout-flex\">\n<div class=\"wp-block-button\"><a class=\"wp-block-button__link has-black-color has-luminous-vivid-amber-background-color has-text-color has-background wp-element-button\" href=\"https:\/\/www.tele-radio.com\/nb\/tiger-handsender-brosjyrer\/\" style=\"border-radius:7px\"><strong>Trykk her<\/strong><\/a><\/div>\n<\/div>\n<\/div><\/div>\n<\/div><\/div>\n\n\n\n<hr class=\"wp-block-separator has-css-opacity is-style-dots\"\/>\n\n\n\n<div class=\"wp-block-columns is-layout-flex wp-container-core-columns-is-layout-9d6595d7 wp-block-columns-is-layout-flex\">\n<div class=\"wp-block-column is-layout-flow wp-block-column-is-layout-flow\" style=\"flex-basis:100%\">\n<div class=\"wp-block-cover is-light\"><span aria-hidden=\"true\" class=\"wp-block-cover__background has-background-dim\"><\/span><img loading=\"lazy\" decoding=\"async\" width=\"1200\" height=\"801\" class=\"wp-block-cover__image-background wp-image-139741\" alt=\"\" src=\"https:\/\/www.tele-radio.com\/app\/uploads\/FL_MI_TG_0081.jpg\" data-object-fit=\"cover\" srcset=\"https:\/\/www.tele-radio.com\/app\/uploads\/FL_MI_TG_0081.jpg 1200w, https:\/\/www.tele-radio.com\/app\/uploads\/FL_MI_TG_0081-400x267.jpg 400w, https:\/\/www.tele-radio.com\/app\/uploads\/FL_MI_TG_0081-768x513.jpg 768w, https:\/\/www.tele-radio.com\/app\/uploads\/FL_MI_TG_0081-750x501.jpg 750w, https:\/\/www.tele-radio.com\/app\/uploads\/FL_MI_TG_0081-500x334.jpg 500w, https:\/\/www.tele-radio.com\/app\/uploads\/FL_MI_TG_0081-800x534.jpg 800w\" sizes=\"auto, (max-width: 1200px) 100vw, 1200px\" \/><div class=\"wp-block-cover__inner-container is-layout-flow wp-block-cover-is-layout-flow\">\n<p class=\"has-text-align-center has-large-font-size\"><mark style=\"background-color:rgba(0, 0, 0, 0)\" class=\"has-inline-color has-white-color\"><strong>OPPSTARTSGUIDE<br><\/strong>Enkel oppstart av ditt system<\/mark><\/p>\n\n\n\n<div class=\"wp-block-buttons is-content-justification-center is-layout-flex wp-container-core-buttons-is-layout-16018d1d wp-block-buttons-is-layout-flex\">\n<div class=\"wp-block-button is-style-fill\"><a class=\"wp-block-button__link has-black-color has-luminous-vivid-amber-background-color has-text-color has-background has-text-align-center wp-element-button\" href=\"https:\/\/www.tele-radio.com\/nb\/oppstartsguider-for-tiger-handsendere\/\" style=\"border-radius:7px\"><mark style=\"background-color:#fcb900\" class=\"has-inline-color has-black-color\"><strong>Trykk her<\/strong><\/mark><\/a><\/div>\n<\/div>\n<\/div><\/div>\n<\/div>\n<\/div>\n\n\n\n<p>Trenger du instruksjonsvideoer?<br>Trykk p\u00e5 lenken under, s\u00e5 kommer du direkte inn p\u00e5 v\u00e5r kanal p\u00e5 YouTube. <br>Finn modellnavnet p\u00e5 s\u00f8lvetiketten p\u00e5 baksiden av senderen eller p\u00e5 siden av m ottakeren.<\/p>\n\n\n\n<p><a href=\"https:\/\/www.youtube.com\/@teleradioremotecontrol4020\/videos\">https:\/\/www.youtube.com\/@teleradioremotecontrol4020\/videos<\/a><\/p>\n\n\n\n<div class=\"wp-block-buttons is-layout-flex wp-block-buttons-is-layout-flex\"><\/div>\n","protected":false},"excerpt":{"rendered":"<p>BROSJYRER OG OPPSTARTSGUIDER FOR TIGER H\u00c5NDSENDERE Under kan du finne et utvalg av brosjyrer og oppstartsguider for Tiger h\u00e5ndsendere. Ser du etter hele manualen, tekniske dokumenter, sertifikater og annet, g\u00e5 til v\u00e5r dokumentside for \u00e5 laste ned dette her. Dersom du mangler passord for \u00e5 laste ned n\u00f8dvendige dokumenter, ta kontakt med oss.https:\/\/www.tele-radio.com\/nb\/kontakt-oss\/ Trenger du [&hellip;]<\/p>\n","protected":false},"author":18,"featured_media":120218,"parent":0,"menu_order":0,"comment_status":"closed","ping_status":"closed","template":"","meta":{"_acf_changed":false,"footnotes":""},"class_list":["post-139529","page","type-page","status-publish","has-post-thumbnail","hentry"],"acf":[],"_links":{"self":[{"href":"https:\/\/www.tele-radio.com\/nb\/wp-json\/wp\/v2\/pages\/139529","targetHints":{"allow":["GET"]}}],"collection":[{"href":"https:\/\/www.tele-radio.com\/nb\/wp-json\/wp\/v2\/pages"}],"about":[{"href":"https:\/\/www.tele-radio.com\/nb\/wp-json\/wp\/v2\/types\/page"}],"author":[{"embeddable":true,"href":"https:\/\/www.tele-radio.com\/nb\/wp-json\/wp\/v2\/users\/18"}],"replies":[{"embeddable":true,"href":"https:\/\/www.tele-radio.com\/nb\/wp-json\/wp\/v2\/comments?post=139529"}],"version-history":[{"count":72,"href":"https:\/\/www.tele-radio.com\/nb\/wp-json\/wp\/v2\/pages\/139529\/revisions"}],"predecessor-version":[{"id":197885,"href":"https:\/\/www.tele-radio.com\/nb\/wp-json\/wp\/v2\/pages\/139529\/revisions\/197885"}],"wp:featuredmedia":[{"embeddable":true,"href":"https:\/\/www.tele-radio.com\/nb\/wp-json\/wp\/v2\/media\/120218"}],"wp:attachment":[{"href":"https:\/\/www.tele-radio.com\/nb\/wp-json\/wp\/v2\/media?parent=139529"}],"curies":[{"name":"wp","href":"https:\/\/api.w.org\/{rel}","templated":true}]}}