{"id":139453,"date":"2023-05-03T13:30:05","date_gmt":"2023-05-03T13:30:05","guid":{"rendered":"https:\/\/www.tele-radio.com\/?page_id=139453"},"modified":"2023-11-29T09:14:13","modified_gmt":"2023-11-29T09:14:13","slug":"brosjyrer-og-kataloger","status":"publish","type":"page","link":"https:\/\/www.tele-radio.com\/nb\/brosjyrer-og-kataloger\/","title":{"rendered":"BROSJYRER OG OPPSTARTSGUIDER"},"content":{"rendered":"\n<h2 class=\"wp-block-heading\">BROSJYRER OG OPPSTARTSGUIDER<\/h2>\n\n\n\n<p><strong>Under kan du laste ned brosjyrer og oppstartsguider for v\u00e5re systemer.<\/strong> <\/p>\n\n\n\n<p>NB! Oppstartsguidene er kun generelle og laget for en enkel oppstart av ditt system, disse er ikke laget med tanke p\u00e5 skreddersydde systemer, men kan ofte v\u00e6re til hjelp likevel. <\/p>\n\n\n\n<p>\u00d8nsker du \u00e5 laste ned v\u00e5re manualer, sertifiseringer eller tekniske dokumenter? <br><a href=\"https:\/\/www.tele-radio.com\/nb\/service-og-support\/nedlastinger\/\">G\u00e5 til v\u00e5r side for tekniske dokumenter her.<\/a><\/p>\n\n\n\n<div class=\"wp-block-cover\"><span aria-hidden=\"true\" class=\"wp-block-cover__background has-background-dim\"><\/span><img loading=\"lazy\" decoding=\"async\" width=\"1200\" height=\"801\" class=\"wp-block-cover__image-background wp-image-120218\" alt=\"\" src=\"https:\/\/www.tele-radio.com\/app\/uploads\/FM_MI_TG_0046-1200x801.jpg\" data-object-fit=\"cover\" srcset=\"https:\/\/www.tele-radio.com\/app\/uploads\/FM_MI_TG_0046-1200x801.jpg 1200w, https:\/\/www.tele-radio.com\/app\/uploads\/FM_MI_TG_0046-400x267.jpg 400w, https:\/\/www.tele-radio.com\/app\/uploads\/FM_MI_TG_0046-768x513.jpg 768w, https:\/\/www.tele-radio.com\/app\/uploads\/FM_MI_TG_0046-1536x1025.jpg 1536w, https:\/\/www.tele-radio.com\/app\/uploads\/FM_MI_TG_0046-2048x1367.jpg 2048w, https:\/\/www.tele-radio.com\/app\/uploads\/FM_MI_TG_0046-750x501.jpg 750w, https:\/\/www.tele-radio.com\/app\/uploads\/FM_MI_TG_0046-500x334.jpg 500w, https:\/\/www.tele-radio.com\/app\/uploads\/FM_MI_TG_0046-1600x1068.jpg 1600w, https:\/\/www.tele-radio.com\/app\/uploads\/FM_MI_TG_0046-800x534.jpg 800w\" sizes=\"auto, (max-width: 1200px) 100vw, 1200px\" \/><div class=\"wp-block-cover__inner-container is-layout-flow wp-block-cover-is-layout-flow\">\n<p class=\"has-text-align-center has-large-font-size\"><strong>Tiger h\u00e5ndsendere<\/strong><\/p>\n\n\n\n<div class=\"wp-block-buttons is-content-justification-center is-layout-flex wp-container-core-buttons-is-layout-16018d1d wp-block-buttons-is-layout-flex\">\n<div class=\"wp-block-button\"><a class=\"wp-block-button__link has-black-color has-luminous-vivid-amber-background-color has-text-color has-background wp-element-button\" href=\"https:\/\/www.tele-radio.com\/nb\/tiger-handsendere-brosjyrer-og-kataloger\/\" style=\"border-radius:7px\"><strong>Last ned her<\/strong><\/a><\/div>\n<\/div>\n<\/div><\/div>\n\n\n\n<hr class=\"wp-block-separator has-css-opacity\"\/>\n\n\n\n<div class=\"wp-block-cover is-light\"><span aria-hidden=\"true\" class=\"wp-block-cover__background has-background-dim\"><\/span><img loading=\"lazy\" decoding=\"async\" width=\"1200\" height=\"799\" class=\"wp-block-cover__image-background wp-image-116797\" alt=\"\" src=\"https:\/\/www.tele-radio.com\/app\/uploads\/FM_PH_PN_0159-1200x799.jpg\" data-object-fit=\"cover\" srcset=\"https:\/\/www.tele-radio.com\/app\/uploads\/FM_PH_PN_0159-1200x799.jpg 1200w, https:\/\/www.tele-radio.com\/app\/uploads\/FM_PH_PN_0159-400x266.jpg 400w, https:\/\/www.tele-radio.com\/app\/uploads\/FM_PH_PN_0159-768x511.jpg 768w, https:\/\/www.tele-radio.com\/app\/uploads\/FM_PH_PN_0159-1536x1022.jpg 1536w, https:\/\/www.tele-radio.com\/app\/uploads\/FM_PH_PN_0159-750x499.jpg 750w, https:\/\/www.tele-radio.com\/app\/uploads\/FM_PH_PN_0159-500x333.jpg 500w, https:\/\/www.tele-radio.com\/app\/uploads\/FM_PH_PN_0159-1600x1065.jpg 1600w, https:\/\/www.tele-radio.com\/app\/uploads\/FM_PH_PN_0159-800x533.jpg 800w, https:\/\/www.tele-radio.com\/app\/uploads\/FM_PH_PN_0159.jpg 1920w\" sizes=\"auto, (max-width: 1200px) 100vw, 1200px\" \/><div class=\"wp-block-cover__inner-container is-layout-flow wp-block-cover-is-layout-flow\">\n<p class=\"has-text-align-center has-large-font-size\"><mark style=\"background-color:rgba(0, 0, 0, 0)\" class=\"has-inline-color has-white-color\"><strong>Panther PLD h\u00e5ndsendere<\/strong><\/mark><\/p>\n\n\n\n<div class=\"wp-block-buttons is-content-justification-center is-layout-flex wp-container-core-buttons-is-layout-16018d1d wp-block-buttons-is-layout-flex\">\n<div class=\"wp-block-button\"><a class=\"wp-block-button__link has-black-color has-luminous-vivid-amber-background-color has-text-color has-background wp-element-button\" href=\"https:\/\/www.tele-radio.com\/nb\/panther-pld-brosjyrer-og-kataloger\/\" style=\"border-radius:7px\"><strong>Last ned her<\/strong><\/a><\/div>\n<\/div>\n<\/div><\/div>\n\n\n\n<hr class=\"wp-block-separator has-css-opacity\"\/>\n\n\n\n<div class=\"wp-block-cover is-light\"><span aria-hidden=\"true\" class=\"wp-block-cover__background has-background-dim\"><\/span><img loading=\"lazy\" decoding=\"async\" width=\"1200\" height=\"799\" class=\"wp-block-cover__image-background wp-image-114573\" alt=\"\" src=\"https:\/\/www.tele-radio.com\/app\/uploads\/FM_PH_PN_0013-1200x799.jpg\" data-object-fit=\"cover\" srcset=\"https:\/\/www.tele-radio.com\/app\/uploads\/FM_PH_PN_0013-1200x799.jpg 1200w, https:\/\/www.tele-radio.com\/app\/uploads\/FM_PH_PN_0013-400x266.jpg 400w, https:\/\/www.tele-radio.com\/app\/uploads\/FM_PH_PN_0013-768x511.jpg 768w, https:\/\/www.tele-radio.com\/app\/uploads\/FM_PH_PN_0013-1536x1022.jpg 1536w, https:\/\/www.tele-radio.com\/app\/uploads\/FM_PH_PN_0013-2048x1363.jpg 2048w, https:\/\/www.tele-radio.com\/app\/uploads\/FM_PH_PN_0013-750x499.jpg 750w, https:\/\/www.tele-radio.com\/app\/uploads\/FM_PH_PN_0013-500x333.jpg 500w, https:\/\/www.tele-radio.com\/app\/uploads\/FM_PH_PN_0013-1600x1065.jpg 1600w, https:\/\/www.tele-radio.com\/app\/uploads\/FM_PH_PN_0013-800x532.jpg 800w\" sizes=\"auto, (max-width: 1200px) 100vw, 1200px\" \/><div class=\"wp-block-cover__inner-container is-layout-flow wp-block-cover-is-layout-flow\">\n<p class=\"has-text-align-center has-large-font-size\"><mark style=\"background-color:rgba(0, 0, 0, 0)\" class=\"has-inline-color has-white-color\"><strong>Panther STL h\u00e5ndsendere<\/strong><\/mark><\/p>\n\n\n\n<div class=\"wp-block-buttons is-content-justification-center is-layout-flex wp-container-core-buttons-is-layout-16018d1d wp-block-buttons-is-layout-flex\">\n<div class=\"wp-block-button\"><a class=\"wp-block-button__link has-black-color has-luminous-vivid-amber-background-color has-text-color has-background wp-element-button\" href=\"https:\/\/www.tele-radio.com\/nb\/panther-stl-brosjyrer-og-kataloger\/\" style=\"border-radius:7px\"><strong>Last ned her<\/strong><\/a><\/div>\n<\/div>\n<\/div><\/div>\n\n\n\n<hr class=\"wp-block-separator has-css-opacity\"\/>\n\n\n\n<div class=\"wp-block-cover\"><span aria-hidden=\"true\" class=\"wp-block-cover__background has-background-dim\"><\/span><img loading=\"lazy\" decoding=\"async\" width=\"800\" height=\"500\" class=\"wp-block-cover__image-background wp-image-139478\" alt=\"\" src=\"https:\/\/www.tele-radio.com\/app\/uploads\/FM_LC_PU_0049.2-edited.png\" data-object-fit=\"cover\" srcset=\"https:\/\/www.tele-radio.com\/app\/uploads\/FM_LC_PU_0049.2-edited.png 800w, https:\/\/www.tele-radio.com\/app\/uploads\/FM_LC_PU_0049.2-edited-400x250.png 400w, https:\/\/www.tele-radio.com\/app\/uploads\/FM_LC_PU_0049.2-edited-768x480.png 768w, https:\/\/www.tele-radio.com\/app\/uploads\/FM_LC_PU_0049.2-edited-750x469.png 750w, https:\/\/www.tele-radio.com\/app\/uploads\/FM_LC_PU_0049.2-edited-500x313.png 500w\" sizes=\"auto, (max-width: 800px) 100vw, 800px\" \/><div class=\"wp-block-cover__inner-container is-layout-flow wp-block-cover-is-layout-flow\">\n<p class=\"has-text-align-center has-large-font-size\"><strong>TEQ-Joysticksendere<\/strong><\/p>\n\n\n\n<p class=\"has-text-align-center has-medium-font-size\">(Tidligere Tiger og Puma joysticksendere)<\/p>\n\n\n\n<div class=\"wp-block-buttons is-content-justification-center is-layout-flex wp-container-core-buttons-is-layout-16018d1d wp-block-buttons-is-layout-flex\">\n<div class=\"wp-block-button\"><a class=\"wp-block-button__link has-black-color has-luminous-vivid-amber-background-color has-text-color has-background wp-element-button\" href=\"https:\/\/www.tele-radio.com\/nb\/teq-joysticksendere-brosjyrer-og-kataloger\/\" style=\"border-radius:7px\"><strong>Last ned her<\/strong><\/a><\/div>\n<\/div>\n<\/div><\/div>\n\n\n\n<hr class=\"wp-block-separator has-css-opacity\"\/>\n\n\n\n<div class=\"wp-block-columns are-vertically-aligned-center is-layout-flex wp-container-core-columns-is-layout-9d6595d7 wp-block-columns-is-layout-flex\">\n<div class=\"wp-block-column is-vertically-aligned-center is-layout-flow wp-block-column-is-layout-flow\" style=\"flex-basis:100%\">\n<div class=\"wp-block-group\"><div class=\"wp-block-group__inner-container is-layout-flow wp-block-group-is-layout-flow\">\n<div class=\"wp-block-columns is-layout-flex wp-container-core-columns-is-layout-9d6595d7 wp-block-columns-is-layout-flex\"><\/div>\n<\/div><\/div>\n<\/div>\n<\/div>\n","protected":false},"excerpt":{"rendered":"<p>BROSJYRER OG OPPSTARTSGUIDER Under kan du laste ned brosjyrer og oppstartsguider for v\u00e5re systemer. NB! Oppstartsguidene er kun generelle og laget for en enkel oppstart av ditt system, disse er ikke laget med tanke p\u00e5 skreddersydde systemer, men kan ofte v\u00e6re til hjelp likevel. \u00d8nsker du \u00e5 laste ned v\u00e5re manualer, sertifiseringer eller tekniske dokumenter? [&hellip;]<\/p>\n","protected":false},"author":18,"featured_media":0,"parent":0,"menu_order":0,"comment_status":"closed","ping_status":"closed","template":"","meta":{"_acf_changed":false,"footnotes":""},"class_list":["post-139453","page","type-page","status-publish","hentry"],"acf":[],"_links":{"self":[{"href":"https:\/\/www.tele-radio.com\/nb\/wp-json\/wp\/v2\/pages\/139453","targetHints":{"allow":["GET"]}}],"collection":[{"href":"https:\/\/www.tele-radio.com\/nb\/wp-json\/wp\/v2\/pages"}],"about":[{"href":"https:\/\/www.tele-radio.com\/nb\/wp-json\/wp\/v2\/types\/page"}],"author":[{"embeddable":true,"href":"https:\/\/www.tele-radio.com\/nb\/wp-json\/wp\/v2\/users\/18"}],"replies":[{"embeddable":true,"href":"https:\/\/www.tele-radio.com\/nb\/wp-json\/wp\/v2\/comments?post=139453"}],"version-history":[{"count":38,"href":"https:\/\/www.tele-radio.com\/nb\/wp-json\/wp\/v2\/pages\/139453\/revisions"}],"predecessor-version":[{"id":197890,"href":"https:\/\/www.tele-radio.com\/nb\/wp-json\/wp\/v2\/pages\/139453\/revisions\/197890"}],"wp:attachment":[{"href":"https:\/\/www.tele-radio.com\/nb\/wp-json\/wp\/v2\/media?parent=139453"}],"curies":[{"name":"wp","href":"https:\/\/api.w.org\/{rel}","templated":true}]}}