{"id":122309,"date":"2022-12-22T10:21:22","date_gmt":"2022-12-22T10:21:22","guid":{"rendered":"https:\/\/www.tele-radio.com\/?page_id=122309"},"modified":"2023-11-24T10:19:35","modified_gmt":"2023-11-24T10:19:35","slug":"konstruksjon","status":"publish","type":"page","link":"https:\/\/www.tele-radio.com\/nb\/konstruksjon\/","title":{"rendered":"KONSTRUKSJON"},"content":{"rendered":"\n<div style=\"height:31px\" aria-hidden=\"true\" class=\"wp-block-spacer\"><\/div>\n\n\n\n<h1 class=\"wp-block-heading has-text-align-center\"><strong><strong>KONSTRUKSJON<\/strong><\/strong><\/h1>\n\n\n\n<div style=\"height:26px\" aria-hidden=\"true\" class=\"wp-block-spacer\"><\/div>\n\n\n\n<div class=\"wp-block-columns is-layout-flex wp-container-core-columns-is-layout-9d6595d7 wp-block-columns-is-layout-flex\">\n<div class=\"wp-block-column is-layout-flow wp-block-column-is-layout-flow\">\n<p>Byggebransjen er enorm og inkluderer mange applikasjoner som bruker <a href=\"https:\/\/www.tele-radio.com\/nb\/produkter\/\">radiostyring<\/a> effektivt og p\u00e5 trygg avstand. Gravemaskiner, steinknusere, vannpumper, aggregater og betongfabrikker er bare noen forslag over hva som kan styres tr\u00e5dl\u00f8st.<\/p>\n\n\n\n<p>Tele Radio kan tilby mange typer l\u00f8sninger for byggebransjen. Dette er virkelig en bransje hvor sikkert arbeid er av stor betydning. Vi sertifiserer systemene v\u00e5re til de h\u00f8yeste industristandardene for \u00e5 sikre at alt fortsetter \u00e5 fungere under de t\u00f8ffeste forholdene. Systemer med de h\u00f8yeste sikkerhetskravene er sertifisert for SIL3, PLd eller PLe. For \u00e5 garantere det h\u00f8yeste sikkerhetsniv\u00e5et er Tele Radios produkter derfor uavhengig testet av et akkreditert testbyr\u00e5. Sertifikatene kan alltid vises n\u00e5r du ber om dem. Som bruker skal du kunne stole 100 % p\u00e5 sikkerheten til Tele Radio-produkter.<\/p>\n\n\n\n<p>P\u00e5litelige produkter er av stor betydning. En fabrikk som er stengt et halvt d\u00f8gn p\u00e5 grunn av utstyrssvikt f\u00e5r store konsekvenser. Tele Radios systemer har lang rekkevidde og er p\u00e5litelige og sikre selv under de mest ekstreme forhold.<\/p>\n<\/div>\n\n\n\n<div class=\"wp-block-column is-layout-flow wp-block-column-is-layout-flow\" style=\"flex-basis:100px\"><\/div>\n\n\n\n<div class=\"wp-block-column is-layout-flow wp-block-column-is-layout-flow\">\n<div style=\"height:31px\" aria-hidden=\"true\" class=\"wp-block-spacer\"><\/div>\n\n\n\n<div class=\"wp-block-cover\" style=\"min-height:368px;aspect-ratio:unset;\"><span aria-hidden=\"true\" class=\"wp-block-cover__background has-black-background-color has-background-dim-20 has-background-dim\"><\/span><img loading=\"lazy\" decoding=\"async\" width=\"2400\" height=\"1597\" class=\"wp-block-cover__image-background wp-image-119802\" alt=\"Arbeider med Tele Radio\" src=\"https:\/\/www.tele-radio.com\/app\/uploads\/FM_MI_TI_0217-2.jpg\" style=\"object-position:57% 54%\" data-object-fit=\"cover\" data-object-position=\"57% 54%\" srcset=\"https:\/\/www.tele-radio.com\/app\/uploads\/FM_MI_TI_0217-2.jpg 2400w, https:\/\/www.tele-radio.com\/app\/uploads\/FM_MI_TI_0217-2-400x266.jpg 400w, https:\/\/www.tele-radio.com\/app\/uploads\/FM_MI_TI_0217-2-1200x799.jpg 1200w, https:\/\/www.tele-radio.com\/app\/uploads\/FM_MI_TI_0217-2-768x511.jpg 768w, https:\/\/www.tele-radio.com\/app\/uploads\/FM_MI_TI_0217-2-1536x1022.jpg 1536w, https:\/\/www.tele-radio.com\/app\/uploads\/FM_MI_TI_0217-2-2048x1363.jpg 2048w, https:\/\/www.tele-radio.com\/app\/uploads\/FM_MI_TI_0217-2-750x499.jpg 750w, https:\/\/www.tele-radio.com\/app\/uploads\/FM_MI_TI_0217-2-500x333.jpg 500w, https:\/\/www.tele-radio.com\/app\/uploads\/FM_MI_TI_0217-2-1600x1065.jpg 1600w, https:\/\/www.tele-radio.com\/app\/uploads\/FM_MI_TI_0217-2-800x532.jpg 800w\" sizes=\"auto, (max-width: 2400px) 100vw, 2400px\" \/><div class=\"wp-block-cover__inner-container is-layout-flow wp-block-cover-is-layout-flow\">\n<p class=\"has-text-align-center has-large-font-size\"><\/p>\n<\/div><\/div>\n<\/div>\n<\/div>\n\n\n\n<div style=\"height:32px\" aria-hidden=\"true\" class=\"wp-block-spacer\"><\/div>\n\n\n\n<div class=\"wp-block-cover is-light\"><span aria-hidden=\"true\" class=\"wp-block-cover__background has-very-light-gray-background-color has-background-dim-100 has-background-dim\"><\/span><div class=\"wp-block-cover__inner-container is-layout-flow wp-block-cover-is-layout-flow\">\n<div class=\"wp-block-columns is-layout-flex wp-container-core-columns-is-layout-9d6595d7 wp-block-columns-is-layout-flex\">\n<div class=\"wp-block-column is-layout-flow wp-block-column-is-layout-flow\"><div class=\"wp-block-image\">\n<figure class=\"aligncenter size-large is-resized\"><img loading=\"lazy\" decoding=\"async\" src=\"https:\/\/www.tele-radio.com\/app\/uploads\/Fail_Safe_Operation.png\" alt=\"\" class=\"wp-image-68103\" width=\"90\" height=\"75\"\/><\/figure><\/div>\n\n\n<p class=\"has-text-align-center has-very-dark-gray-color has-text-color\"><strong>Feilsikker operasjon<\/strong><\/p>\n\n\n\n<p class=\"has-text-align-center has-very-dark-gray-color has-text-color\">Sikkerhetsrel\u00e9(er) kutter utenfor rekkevidde, d\u00f8dt batteri, \u00f8delagt sender etc. Uavhengige sertifiserte sikkerhetsniv\u00e5er.<\/p>\n<\/div>\n\n\n\n<div class=\"wp-block-column is-layout-flow wp-block-column-is-layout-flow\"><div class=\"wp-block-image\">\n<figure class=\"aligncenter size-large is-resized\"><img loading=\"lazy\" decoding=\"async\" src=\"https:\/\/www.tele-radio.com\/app\/uploads\/Protection.png\" alt=\"\" class=\"wp-image-68125\" width=\"45\" height=\"78\"\/><\/figure><\/div>\n\n\n<p class=\"has-text-align-center has-very-dark-gray-color has-text-color\"><strong>St\u00f8v- og vannbeskyttelse<\/strong><\/p>\n\n\n\n<p class=\"has-text-align-center has-very-dark-gray-color has-text-color\">V\u00e5re sendere er ekstremt robuste. Noen er IP65 og de fleste er IP67-sertifisert.<\/p>\n<\/div>\n\n\n\n<div class=\"wp-block-column is-layout-flow wp-block-column-is-layout-flow\"><div class=\"wp-block-image\">\n<figure class=\"aligncenter size-large is-resized\"><img loading=\"lazy\" decoding=\"async\" src=\"https:\/\/www.tele-radio.com\/app\/uploads\/Certification_2.png\" alt=\"\" class=\"wp-image-68149\" width=\"56\" height=\"78\"\/><\/figure><\/div>\n\n\n<p class=\"has-text-align-center has-very-dark-gray-color has-text-color\"><strong>Service<\/strong><\/p>\n\n\n\n<p class=\"has-text-align-center has-very-dark-gray-color has-text-color\">Kunder over hele verden stoler p\u00e5 merkevaren v\u00e5r. Vi tilbyr utmerket service og skreddersydde l\u00f8sninger.<\/p>\n<\/div>\n<\/div>\n<\/div><\/div>\n\n\n\n<div style=\"height:100px\" aria-hidden=\"true\" class=\"wp-block-spacer\"><\/div>\n\n\n\n<h2 class=\"wp-block-heading has-text-align-center\">APPLIKASJONER<\/h2>\n\n\n\n<p class=\"has-text-align-center\"><em>For \u00e5 gi en ide om mulighetene, har vi noen eksempler p\u00e5 bruksomr\u00e5der og deres typiske produkter nedenfor:<\/em><\/p>\n\n\n\n<div class=\"wp-block-columns is-layout-flex wp-container-core-columns-is-layout-9d6595d7 wp-block-columns-is-layout-flex\">\n<div class=\"wp-block-column is-layout-flow wp-block-column-is-layout-flow\">\n<div class=\"wp-block-cover is-light\"><span aria-hidden=\"true\" class=\"wp-block-cover__background has-white-background-color has-background-dim-100 has-background-dim\"><\/span><div class=\"wp-block-cover__inner-container is-layout-flow wp-block-cover-is-layout-flow\"><div class=\"wp-block-image is-style-default\">\n<figure class=\"aligncenter size-full\"><img loading=\"lazy\" decoding=\"async\" width=\"64\" height=\"64\" src=\"https:\/\/www.tele-radio.com\/app\/uploads\/shovel.png\" alt=\"\" class=\"wp-image-119650\"\/><\/figure><\/div>\n\n\n<p class=\"has-text-align-center has-black-color has-text-color\"><strong><a href=\"https:\/\/no.wikipedia.org\/wiki\/Hjullaster\" target=\"_blank\" rel=\"noreferrer noopener\">HJULLASTER<\/a><\/strong><\/p>\n\n\n\n<p class=\"has-text-align-center has-black-color has-text-color\">En hjullaster er en maskin som brukes i konstruksjons- eller landskapsarbeid for \u00e5 flytte jord eller sand. Den m\u00e5ker ved hjelp av lastespaden, eller ved \u00e5 skyve sanden foran seg. For bedre oversikt kan hjullasteren betjenes fra utsiden av f\u00f8rerhuset med en sender.<\/p>\n<\/div><\/div>\n<\/div>\n\n\n\n<div class=\"wp-block-column is-vertically-aligned-top is-layout-flow wp-block-column-is-layout-flow\">\n<div class=\"wp-block-cover is-light\"><span aria-hidden=\"true\" class=\"wp-block-cover__background has-white-background-color has-background-dim-100 has-background-dim\"><\/span><div class=\"wp-block-cover__inner-container is-layout-flow wp-block-cover-is-layout-flow\"><div class=\"wp-block-image is-style-default\">\n<figure class=\"aligncenter size-full\"><img loading=\"lazy\" decoding=\"async\" width=\"64\" height=\"64\" src=\"https:\/\/www.tele-radio.com\/app\/uploads\/lighting.png\" alt=\"\" class=\"wp-image-119626\"\/><\/figure><\/div>\n\n\n<p class=\"has-text-align-center has-black-color has-text-color\"><strong><a href=\"https:\/\/no.wikipedia.org\/wiki\/Aggregat_(maskinteknikk)\" target=\"_blank\" rel=\"noreferrer noopener\">AGGREGATER<\/a><\/strong><\/p>\n\n\n\n<p class=\"has-text-align-center has-black-color has-text-color\">Et aggregat er en maskin som genererer energi. Aggregater brukes ofte p\u00e5 steder hvor det ikke er eller tilstrekkelig nettstr\u00f8m eller p\u00e5 steder hvor tilgang p\u00e5 str\u00f8m er s\u00e5 viktig at en backup m\u00e5 v\u00e6re tilgjengelig. Aggregater kan operere helt uavhengig av str\u00f8mnettet og kabelfritt med radiostyring.<\/p>\n<\/div><\/div>\n<\/div>\n\n\n\n<div class=\"wp-block-column is-vertically-aligned-top is-layout-flow wp-block-column-is-layout-flow\">\n<div style=\"height:65px\" aria-hidden=\"true\" class=\"wp-block-spacer\"><\/div>\n\n\n<div class=\"wp-block-image is-style-default\">\n<figure class=\"aligncenter size-full\"><img loading=\"lazy\" decoding=\"async\" width=\"64\" height=\"64\" src=\"https:\/\/www.tele-radio.com\/app\/uploads\/pump.png\" alt=\"\" class=\"wp-image-119602\"\/><\/figure><\/div>\n\n\n<p class=\"has-text-align-center\"><strong><a href=\"https:\/\/no.wikipedia.org\/wiki\/Vannpumpe\" target=\"_blank\" rel=\"noreferrer noopener\">VANNPUMPER<\/a><\/strong><\/p>\n\n\n\n<p class=\"has-text-align-center\">En vannpumpe er en elektromekanisk maskin som brukes til \u00e5 \u00f8ke trykket p\u00e5 vann for \u00e5 flytte det fra ett punkt til et annet. Moderne vannpumper brukes over hele verden for \u00e5 levere vann til kommunale, industrielle, landbruks- og bolighus og kan brukes tr\u00e5dl\u00f8st med radiostyring.<\/p>\n<\/div>\n<\/div>\n\n\n\n<p><\/p>\n\n\n\n<h3 class=\"wp-block-heading has-text-align-center\">Dine preferanser for sikkerhet og funksjonalitet<\/h3>\n\n\n\n<p>Valget av riktig sender for din applikasjon gj\u00f8res best i samr\u00e5d med Tele Radio sine ansatte. Vi leverer forskjellige sendere med spesifikke egenskaper. F\u00f8lgende tre ting er avgj\u00f8rende for ditt valg:<\/p>\n\n\n\n<div class=\"wp-block-group alignwide is-vertical is-layout-flex wp-container-core-group-is-layout-8cf370e7 wp-block-group-is-layout-flex\">\n<div class=\"wp-block-media-text alignwide is-stacked-on-mobile\" style=\"grid-template-columns:20% auto\"><figure class=\"wp-block-media-text__media\"><img loading=\"lazy\" decoding=\"async\" width=\"404\" height=\"404\" src=\"https:\/\/www.tele-radio.com\/app\/uploads\/Safety_level_2.png\" alt=\"\" class=\"wp-image-68198 size-full\" srcset=\"https:\/\/www.tele-radio.com\/app\/uploads\/Safety_level_2.png 404w, https:\/\/www.tele-radio.com\/app\/uploads\/Safety_level_2-400x400.png 400w, https:\/\/www.tele-radio.com\/app\/uploads\/Safety_level_2-150x150.png 150w, https:\/\/www.tele-radio.com\/app\/uploads\/Safety_level_2-250x250.png 250w\" sizes=\"auto, (max-width: 404px) 100vw, 404px\" \/><\/figure><div class=\"wp-block-media-text__content\">\n<p><strong>Sikkerhetsniv\u00e5<\/strong><\/p>\n\n\n\n<p>V\u00e5re sendere er sikre, med mange modeller som har uavhengig sikkerhetssertifisering. Dette betyr at stoppknappens funksjon er testet og verifisert av en ekstern, uavhengig part. Det anbefales \u00e5 velge et system med uavhengig sikkerhetssertifisering dersom man \u00f8nsker \u00e5 minimere risikoen for skade ved bruk av maskiner. Ingen sikkerhetsrisiko? Da kan du velge en sender uten sertifisering.<\/p>\n<\/div><\/div>\n\n\n\n<div class=\"wp-block-media-text alignwide is-stacked-on-mobile\" style=\"grid-template-columns:20% auto\"><figure class=\"wp-block-media-text__media\"><img loading=\"lazy\" decoding=\"async\" width=\"404\" height=\"404\" src=\"https:\/\/www.tele-radio.com\/app\/uploads\/Control_element_2.png\" alt=\"\" class=\"wp-image-68176 size-full\" srcset=\"https:\/\/www.tele-radio.com\/app\/uploads\/Control_element_2.png 404w, https:\/\/www.tele-radio.com\/app\/uploads\/Control_element_2-400x400.png 400w, https:\/\/www.tele-radio.com\/app\/uploads\/Control_element_2-150x150.png 150w, https:\/\/www.tele-radio.com\/app\/uploads\/Control_element_2-250x250.png 250w\" sizes=\"auto, (max-width: 404px) 100vw, 404px\" \/><\/figure><div class=\"wp-block-media-text__content\">\n<p><strong>Knapper eller joystick<\/strong><\/p>\n\n\n\n<p>Med bruk av trykknapper er en sender mer h\u00e5ndterlig, men absolutt ikke mindre presis. En sender med proporsjonale trykknapper har, for eksempel, presisjonen til en joysticksender. Ved \u00e5 trykke lengre inn p\u00e5 knappen, \u00f8ker graden av aktivering. En joysticksender er st\u00f8rre, men har for eksempel flere muligheter for tilpasning i form av spesialknapper, brytere og spaker.<\/p>\n<\/div><\/div>\n\n\n\n<div class=\"wp-block-media-text alignwide is-stacked-on-mobile\" style=\"grid-template-columns:20% auto\"><figure class=\"wp-block-media-text__media\"><img loading=\"lazy\" decoding=\"async\" width=\"404\" height=\"404\" src=\"https:\/\/www.tele-radio.com\/app\/uploads\/Feedback_2.png\" alt=\"\" class=\"wp-image-68223 size-full\" srcset=\"https:\/\/www.tele-radio.com\/app\/uploads\/Feedback_2.png 404w, https:\/\/www.tele-radio.com\/app\/uploads\/Feedback_2-400x400.png 400w, https:\/\/www.tele-radio.com\/app\/uploads\/Feedback_2-150x150.png 150w, https:\/\/www.tele-radio.com\/app\/uploads\/Feedback_2-250x250.png 250w\" sizes=\"auto, (max-width: 404px) 100vw, 404px\" \/><\/figure><div class=\"wp-block-media-text__content\">\n<p><strong>Tilbakemeldingsinformasjon<\/strong><\/p>\n\n\n\n<p>Enkelte sendere kan motta informasjon tilbake fra en kontrollert mottaker. Avhengig av systemet, kan du f\u00e5 informasjonen synlig ved hjelp av lysdioder p\u00e5 senderen eller via et display. N\u00e5r du styrer en kran, er det for eksempel mulig \u00e5 bruke displayet til \u00e5 vise informasjon som l\u00f8ftevekt eller varsler. Denne funksjonen vil v\u00e6re mindre relevant for mindre kompliserte applikasjoner, som lastebilvinsjer.<\/p>\n<\/div><\/div>\n<\/div>\n\n\n\n<div style=\"height:50px\" aria-hidden=\"true\" class=\"wp-block-spacer\"><\/div>\n\n\n<div class=\"wp-block-image is-style-default\">\n<figure class=\"aligncenter size-large is-resized\"><img loading=\"lazy\" decoding=\"async\" src=\"https:\/\/www.tele-radio.com\/app\/uploads\/\/Assortiment_2019_zonder_spiegeling_en_schaduw-1200x614.jpg\" alt=\"\" width=\"771\" height=\"394\"\/><\/figure><\/div>\n\n\n<div class=\"wp-block-buttons is-horizontal is-content-justification-center is-layout-flex wp-container-core-buttons-is-layout-499968f5 wp-block-buttons-is-layout-flex\">\n<div class=\"wp-block-button\"><a class=\"wp-block-button__link has-black-color has-text-color has-background wp-element-button\" href=\"https:\/\/www.tele-radio.com\/nb\/kontakt-oss\/\" style=\"border-radius:7px;background-color:#fabb00\"><strong>Ta kontakt med oss<\/strong><\/a><\/div>\n<\/div>\n\n\n\n<p><\/p>\n\n\n\n<p><\/p>\n\n\n\n<p><\/p>\n\n\n\n<p><\/p>\n","protected":false},"excerpt":{"rendered":"<p>KONSTRUKSJON Byggebransjen er enorm og inkluderer mange applikasjoner som bruker radiostyring effektivt og p\u00e5 trygg avstand. Gravemaskiner, steinknusere, vannpumper, aggregater og betongfabrikker er bare noen forslag over hva som kan styres tr\u00e5dl\u00f8st. Tele Radio kan tilby mange typer l\u00f8sninger for byggebransjen. Dette er virkelig en bransje hvor sikkert arbeid er av stor betydning. Vi sertifiserer [&hellip;]<\/p>\n","protected":false},"author":18,"featured_media":0,"parent":0,"menu_order":0,"comment_status":"closed","ping_status":"closed","template":"","meta":{"_acf_changed":false,"footnotes":""},"class_list":["post-122309","page","type-page","status-publish","hentry"],"acf":[],"_links":{"self":[{"href":"https:\/\/www.tele-radio.com\/nb\/wp-json\/wp\/v2\/pages\/122309","targetHints":{"allow":["GET"]}}],"collection":[{"href":"https:\/\/www.tele-radio.com\/nb\/wp-json\/wp\/v2\/pages"}],"about":[{"href":"https:\/\/www.tele-radio.com\/nb\/wp-json\/wp\/v2\/types\/page"}],"author":[{"embeddable":true,"href":"https:\/\/www.tele-radio.com\/nb\/wp-json\/wp\/v2\/users\/18"}],"replies":[{"embeddable":true,"href":"https:\/\/www.tele-radio.com\/nb\/wp-json\/wp\/v2\/comments?post=122309"}],"version-history":[{"count":6,"href":"https:\/\/www.tele-radio.com\/nb\/wp-json\/wp\/v2\/pages\/122309\/revisions"}],"predecessor-version":[{"id":168195,"href":"https:\/\/www.tele-radio.com\/nb\/wp-json\/wp\/v2\/pages\/122309\/revisions\/168195"}],"wp:attachment":[{"href":"https:\/\/www.tele-radio.com\/nb\/wp-json\/wp\/v2\/media?parent=122309"}],"curies":[{"name":"wp","href":"https:\/\/api.w.org\/{rel}","templated":true}]}}