{"id":122302,"date":"2022-12-22T10:27:59","date_gmt":"2022-12-22T10:27:59","guid":{"rendered":"https:\/\/www.tele-radio.com\/?page_id=122302"},"modified":"2023-11-24T10:17:49","modified_gmt":"2023-11-24T10:17:49","slug":"logistikk","status":"publish","type":"page","link":"https:\/\/www.tele-radio.com\/nb\/logistikk\/","title":{"rendered":"LOGISTIKK"},"content":{"rendered":"\n<div style=\"height:31px\" aria-hidden=\"true\" class=\"wp-block-spacer\"><\/div>\n\n\n\n<h1 class=\"wp-block-heading has-text-align-center\"><strong>LOGISTIKK<\/strong><\/h1>\n\n\n\n<div style=\"height:26px\" aria-hidden=\"true\" class=\"wp-block-spacer\"><\/div>\n\n\n\n<div class=\"wp-block-columns is-layout-flex wp-container-core-columns-is-layout-9d6595d7 wp-block-columns-is-layout-flex\">\n<div class=\"wp-block-column is-layout-flow wp-block-column-is-layout-flow\">\n<h2 class=\"wp-block-heading\">Tele Radio tilbyr tr\u00e5dl\u00f8se l\u00f8sninger for mange logistikkapplikasjoner<\/h2>\n\n\n\n<p>Radiostyring \u00f8ker ikke bare effektiviteten i arbeidet betydelig, men den skaper ogs\u00e5 et tryggere arbeidsmilj\u00f8 for mennesker og reduserer risikoen for \u00e5 skade ting som lagerreoler eller transportb\u00e5nd.<\/p>\n\n\n\n<p>Vi har <a href=\"https:\/\/www.tele-radio.com\/nb\/applications\/industri-og-maskiner-radiostyring\/\">l\u00f8sninger<\/a> for lagersystemer, transportb\u00e5nd, gaffeltrucker etc. Med v\u00e5r radiostyring kan alle slags logistikkapplikasjoner enkelt styres tr\u00e5dl\u00f8st for bedre sikt for operat\u00f8ren og fra sikker avstand.<\/p>\n\n\n\n<p>Vi har blant annet sendere med sertifisert stoppknapp som oppfyller sikkerhetsstandardene PLd\/SIL3, dette er avgj\u00f8rende med tanke p\u00e5 sikkerhet. Hvis det er en feilmelding eller hvis senderen er utenfor mottakerens rekkevidde, aktiveres stopp automatisk. Tilt- og fallsensoren deaktiverer automatisk systemet i tilfelle en uventet, potensielt farlig bevegelse. Dette forhindrer u\u00f8nsket trykking av knapper og aktivering av funksjoner og garanterer n\u00f8dvendig sikkerhet. Et must for mange logistikkapplikasjoner.<\/p>\n<\/div>\n\n\n\n<div class=\"wp-block-column is-layout-flow wp-block-column-is-layout-flow\" style=\"flex-basis:100px\"><\/div>\n\n\n\n<div class=\"wp-block-column is-layout-flow wp-block-column-is-layout-flow\">\n<div style=\"height:31px\" aria-hidden=\"true\" class=\"wp-block-spacer\"><\/div>\n\n\n\n<div class=\"wp-block-cover\" style=\"min-height:368px;aspect-ratio:unset;\"><span aria-hidden=\"true\" class=\"wp-block-cover__background has-black-background-color has-background-dim-20 has-background-dim\"><\/span><img loading=\"lazy\" decoding=\"async\" width=\"2400\" height=\"1602\" class=\"wp-block-cover__image-background wp-image-119703\" alt=\"Arbeider gaffeltruck radiostyring\" src=\"https:\/\/www.tele-radio.com\/app\/uploads\/FM_MI_PN_0051.jpg\" style=\"object-position:71% 53%\" data-object-fit=\"cover\" data-object-position=\"71% 53%\" srcset=\"https:\/\/www.tele-radio.com\/app\/uploads\/FM_MI_PN_0051.jpg 2400w, https:\/\/www.tele-radio.com\/app\/uploads\/FM_MI_PN_0051-400x267.jpg 400w, https:\/\/www.tele-radio.com\/app\/uploads\/FM_MI_PN_0051-1200x801.jpg 1200w, https:\/\/www.tele-radio.com\/app\/uploads\/FM_MI_PN_0051-768x513.jpg 768w, https:\/\/www.tele-radio.com\/app\/uploads\/FM_MI_PN_0051-1536x1025.jpg 1536w, https:\/\/www.tele-radio.com\/app\/uploads\/FM_MI_PN_0051-2048x1367.jpg 2048w, https:\/\/www.tele-radio.com\/app\/uploads\/FM_MI_PN_0051-750x501.jpg 750w, https:\/\/www.tele-radio.com\/app\/uploads\/FM_MI_PN_0051-500x334.jpg 500w, https:\/\/www.tele-radio.com\/app\/uploads\/FM_MI_PN_0051-1600x1068.jpg 1600w, https:\/\/www.tele-radio.com\/app\/uploads\/FM_MI_PN_0051-800x534.jpg 800w\" sizes=\"auto, (max-width: 2400px) 100vw, 2400px\" \/><div class=\"wp-block-cover__inner-container is-layout-flow wp-block-cover-is-layout-flow\">\n<p class=\"has-text-align-center has-large-font-size\"><\/p>\n<\/div><\/div>\n<\/div>\n<\/div>\n\n\n\n<div style=\"height:32px\" aria-hidden=\"true\" class=\"wp-block-spacer\"><\/div>\n\n\n\n<div class=\"wp-block-cover is-light\"><span aria-hidden=\"true\" class=\"wp-block-cover__background has-very-light-gray-background-color has-background-dim-100 has-background-dim\"><\/span><div class=\"wp-block-cover__inner-container is-layout-flow wp-block-cover-is-layout-flow\">\n<div class=\"wp-block-columns is-layout-flex wp-container-core-columns-is-layout-9d6595d7 wp-block-columns-is-layout-flex\">\n<div class=\"wp-block-column is-layout-flow wp-block-column-is-layout-flow\"><div class=\"wp-block-image\">\n<figure class=\"aligncenter size-large is-resized\"><img loading=\"lazy\" decoding=\"async\" src=\"https:\/\/www.tele-radio.com\/app\/uploads\/Fail_Safe_Operation.png\" alt=\"\" class=\"wp-image-68103\" width=\"90\" height=\"75\"\/><\/figure><\/div>\n\n\n<p class=\"has-text-align-center has-very-dark-gray-color has-text-color\"><strong>Feilsikker operasjon<\/strong><\/p>\n\n\n\n<p class=\"has-text-align-center has-very-dark-gray-color has-text-color\">Sikkerhetsrel\u00e9(er) kutter utenfor rekkevidde, d\u00f8dt batteri, \u00f8delagt sender etc. Uavhengige sertifiserte sikkerhetsniv\u00e5er.<\/p>\n<\/div>\n\n\n\n<div class=\"wp-block-column is-layout-flow wp-block-column-is-layout-flow\"><div class=\"wp-block-image\">\n<figure class=\"aligncenter size-large is-resized\"><img loading=\"lazy\" decoding=\"async\" src=\"https:\/\/www.tele-radio.com\/app\/uploads\/Protection.png\" alt=\"\" class=\"wp-image-68125\" width=\"45\" height=\"78\"\/><\/figure><\/div>\n\n\n<p class=\"has-text-align-center has-very-dark-gray-color has-text-color\"><strong>St\u00f8v- og vannbeskyttelse<\/strong><\/p>\n\n\n\n<p class=\"has-text-align-center has-very-dark-gray-color has-text-color\">V\u00e5re sendere er ekstremt robuste. Noen er IP65 og de fleste er IP67-sertifisert.<\/p>\n<\/div>\n\n\n\n<div class=\"wp-block-column is-layout-flow wp-block-column-is-layout-flow\"><div class=\"wp-block-image\">\n<figure class=\"aligncenter size-large is-resized\"><img loading=\"lazy\" decoding=\"async\" src=\"https:\/\/www.tele-radio.com\/app\/uploads\/Certification_2.png\" alt=\"\" class=\"wp-image-68149\" width=\"56\" height=\"78\"\/><\/figure><\/div>\n\n\n<p class=\"has-text-align-center has-very-dark-gray-color has-text-color\"><strong>Service<\/strong><\/p>\n\n\n\n<p class=\"has-text-align-center has-very-dark-gray-color has-text-color\">Kunder over hele verden stoler p\u00e5 merkevaren v\u00e5r. Vi tilbyr utmerket service og skreddersydde l\u00f8sninger.<\/p>\n<\/div>\n<\/div>\n<\/div><\/div>\n\n\n\n<div style=\"height:100px\" aria-hidden=\"true\" class=\"wp-block-spacer\"><\/div>\n\n\n\n<h2 class=\"wp-block-heading has-text-align-center\">APPLIKASJONER<\/h2>\n\n\n\n<p class=\"has-text-align-center\"><em>For \u00e5 gi en ide om mulighetene, har vi noen eksempler p\u00e5 bruksomr\u00e5der og deres typiske produkter nedenfor:<\/em><\/p>\n\n\n\n<div class=\"wp-block-columns is-layout-flex wp-container-core-columns-is-layout-9d6595d7 wp-block-columns-is-layout-flex\">\n<div class=\"wp-block-column is-layout-flow wp-block-column-is-layout-flow\">\n<div class=\"wp-block-cover is-light\"><span aria-hidden=\"true\" class=\"wp-block-cover__background has-white-background-color has-background-dim-100 has-background-dim\"><\/span><div class=\"wp-block-cover__inner-container is-layout-flow wp-block-cover-is-layout-flow\"><div class=\"wp-block-image is-style-default\">\n<figure class=\"aligncenter size-full is-resized\"><img loading=\"lazy\" decoding=\"async\" src=\"https:\/\/www.tele-radio.com\/app\/uploads\/CONVEYOR.png\" alt=\"\" class=\"wp-image-117887\" width=\"64\" height=\"64\"\/><\/figure><\/div>\n\n\n<p class=\"has-text-align-center has-black-color has-text-color\"><strong><a href=\"https:\/\/no.wikipedia.org\/wiki\/Transportb%C3%A5nd\" target=\"_blank\" rel=\"noreferrer noopener\">TRANSPORTB\u00c5ND<\/a><\/strong><\/p>\n\n\n\n<p class=\"has-text-align-center has-black-color has-text-color\">Transportb\u00e5nd for \u00e5 flytte produkter eller byggematerialer, enten i et lager, en gruve eller festet til et kj\u00f8ret\u00f8y. Disse beltene kan styres med radiostyring for \u00e5 holde trygg avstand og bedre sikt for operat\u00f8ren. Tr\u00e5dl\u00f8se sendere reduserer ogs\u00e5 risikoen for \u00e5 snuble over kabler.<\/p>\n<\/div><\/div>\n<\/div>\n\n\n\n<div class=\"wp-block-column is-vertically-aligned-top is-layout-flow wp-block-column-is-layout-flow\">\n<div class=\"wp-block-cover is-light\"><span aria-hidden=\"true\" class=\"wp-block-cover__background has-white-background-color has-background-dim-100 has-background-dim\"><\/span><div class=\"wp-block-cover__inner-container is-layout-flow wp-block-cover-is-layout-flow\"><div class=\"wp-block-image is-style-default\">\n<figure class=\"aligncenter size-full\"><img loading=\"lazy\" decoding=\"async\" width=\"64\" height=\"64\" src=\"https:\/\/www.tele-radio.com\/app\/uploads\/pallet.png\" alt=\"\" class=\"wp-image-119522\"\/><\/figure><\/div>\n\n\n<p class=\"has-text-align-center has-black-color has-text-color\"><strong>PALLETERING<\/strong><\/p>\n\n\n\n<p class=\"has-text-align-center has-black-color has-text-color\">P\u00e5 varehus \u00f8ker et palletransportsystem betydelig lagringskapasitet og arbeidseffektivitet. Dette er fordi det er et elektrisk drevet lagersystem som gj\u00f8r lasting og lossing av paller raskere og sikrere og sikrer en h\u00f8yere grad av reolfylling. Palleteringssystemer styres ofte tr\u00e5dl\u00f8st.<\/p>\n<\/div><\/div>\n<\/div>\n\n\n\n<div class=\"wp-block-column is-vertically-aligned-top is-layout-flow wp-block-column-is-layout-flow\">\n<div style=\"height:13px\" aria-hidden=\"true\" class=\"wp-block-spacer\"><\/div>\n\n\n<div class=\"wp-block-image is-style-default\">\n<figure class=\"aligncenter size-full\"><img loading=\"lazy\" decoding=\"async\" width=\"64\" height=\"64\" src=\"https:\/\/www.tele-radio.com\/app\/uploads\/forklift.png\" alt=\"\" class=\"wp-image-119546\"\/><\/figure><\/div>\n\n\n<p class=\"has-text-align-center\"><strong><a href=\"https:\/\/no.wikipedia.org\/wiki\/Gaffeltruck\" target=\"_blank\" rel=\"noreferrer noopener\">GAFFELTRUCKER<\/a><\/strong><\/p>\n\n\n\n<p class=\"has-text-align-center\">En gaffeltruck er et transportmiddel drevet av en elektrisk motor eller en forbrenningsmotor, hovedsakelig for transport av varer som st\u00e5r p\u00e5 en pall, for eksempel i et lager eller p\u00e5 en plass. For bruk p\u00e5 lageret er gaffeltrucker med radiostyring best egnet.<\/p>\n<\/div>\n<\/div>\n\n\n\n<p><\/p>\n\n\n\n<h3 class=\"wp-block-heading has-text-align-center\">Dine preferanser for sikkerhet og funksjonalitet<\/h3>\n\n\n\n<p>Valget av riktig sender for din applikasjon gj\u00f8res best i samr\u00e5d med Tele Radio sine ansatte. Vi leverer forskjellige sendere med spesifikke egenskaper. F\u00f8lgende tre ting er avgj\u00f8rende for ditt valg:<\/p>\n\n\n\n<div class=\"wp-block-group alignwide is-vertical is-layout-flex wp-container-core-group-is-layout-8cf370e7 wp-block-group-is-layout-flex\">\n<div class=\"wp-block-media-text alignwide is-stacked-on-mobile\" style=\"grid-template-columns:20% auto\"><figure class=\"wp-block-media-text__media\"><img loading=\"lazy\" decoding=\"async\" width=\"404\" height=\"404\" src=\"https:\/\/www.tele-radio.com\/app\/uploads\/Safety_level_2.png\" alt=\"\" class=\"wp-image-68198 size-full\" srcset=\"https:\/\/www.tele-radio.com\/app\/uploads\/Safety_level_2.png 404w, https:\/\/www.tele-radio.com\/app\/uploads\/Safety_level_2-400x400.png 400w, https:\/\/www.tele-radio.com\/app\/uploads\/Safety_level_2-150x150.png 150w, https:\/\/www.tele-radio.com\/app\/uploads\/Safety_level_2-250x250.png 250w\" sizes=\"auto, (max-width: 404px) 100vw, 404px\" \/><\/figure><div class=\"wp-block-media-text__content\">\n<p><strong>Sikkerhetsniv\u00e5<\/strong><\/p>\n\n\n\n<p>V\u00e5re sendere er sikre, med mange modeller som har uavhengig sikkerhetssertifisering. Dette betyr at stoppknappens funksjon er testet og verifisert av en ekstern, uavhengig part. Det anbefales \u00e5 velge et system med uavhengig sikkerhetssertifisering dersom man \u00f8nsker \u00e5 minimere risikoen for skade ved bruk av maskiner. Ingen sikkerhetsrisiko? Da kan du velge en sender uten sertifisering.<\/p>\n<\/div><\/div>\n\n\n\n<div class=\"wp-block-media-text alignwide is-stacked-on-mobile\" style=\"grid-template-columns:20% auto\"><figure class=\"wp-block-media-text__media\"><img loading=\"lazy\" decoding=\"async\" width=\"404\" height=\"404\" src=\"https:\/\/www.tele-radio.com\/app\/uploads\/Control_element_2.png\" alt=\"\" class=\"wp-image-68176 size-full\" srcset=\"https:\/\/www.tele-radio.com\/app\/uploads\/Control_element_2.png 404w, https:\/\/www.tele-radio.com\/app\/uploads\/Control_element_2-400x400.png 400w, https:\/\/www.tele-radio.com\/app\/uploads\/Control_element_2-150x150.png 150w, https:\/\/www.tele-radio.com\/app\/uploads\/Control_element_2-250x250.png 250w\" sizes=\"auto, (max-width: 404px) 100vw, 404px\" \/><\/figure><div class=\"wp-block-media-text__content\">\n<p><strong>Knapper eller joystick<\/strong><\/p>\n\n\n\n<p>Med bruk av trykknapper er en sender mer h\u00e5ndterlig, men absolutt ikke mindre presis. En sender med proporsjonale trykknapper har, for eksempel, presisjonen til en joysticksender. Ved \u00e5 trykke lengre inn p\u00e5 knappen, \u00f8ker graden av aktivering. En joysticksender er st\u00f8rre, men har for eksempel flere muligheter for tilpasning i form av spesialknapper, brytere og spaker.<\/p>\n<\/div><\/div>\n\n\n\n<div class=\"wp-block-media-text alignwide is-stacked-on-mobile\" style=\"grid-template-columns:20% auto\"><figure class=\"wp-block-media-text__media\"><img loading=\"lazy\" decoding=\"async\" width=\"404\" height=\"404\" src=\"https:\/\/www.tele-radio.com\/app\/uploads\/Feedback_2.png\" alt=\"\" class=\"wp-image-68223 size-full\" srcset=\"https:\/\/www.tele-radio.com\/app\/uploads\/Feedback_2.png 404w, https:\/\/www.tele-radio.com\/app\/uploads\/Feedback_2-400x400.png 400w, https:\/\/www.tele-radio.com\/app\/uploads\/Feedback_2-150x150.png 150w, https:\/\/www.tele-radio.com\/app\/uploads\/Feedback_2-250x250.png 250w\" sizes=\"auto, (max-width: 404px) 100vw, 404px\" \/><\/figure><div class=\"wp-block-media-text__content\">\n<p><strong>Tilbakemeldingsinformasjon<\/strong><\/p>\n\n\n\n<p>Enkelte sendere kan motta informasjon tilbake fra en kontrollert mottaker. Avhengig av systemet, kan du f\u00e5 informasjonen synlig ved hjelp av lysdioder p\u00e5 senderen eller via et display. N\u00e5r du styrer en kran, er det for eksempel mulig \u00e5 bruke displayet til \u00e5 vise informasjon som l\u00f8ftevekt eller varsler. Denne funksjonen vil v\u00e6re mindre relevant for mindre kompliserte applikasjoner, som lastebilvinsjer.<\/p>\n<\/div><\/div>\n<\/div>\n\n\n\n<div style=\"height:50px\" aria-hidden=\"true\" class=\"wp-block-spacer\"><\/div>\n\n\n<div class=\"wp-block-image is-style-default\">\n<figure class=\"aligncenter size-large is-resized\"><img loading=\"lazy\" decoding=\"async\" src=\"https:\/\/www.tele-radio.com\/app\/uploads\/\/Assortiment_2019_zonder_spiegeling_en_schaduw-1200x614.jpg\" alt=\"\" width=\"771\" height=\"394\"\/><\/figure><\/div>\n\n\n<div class=\"wp-block-buttons is-horizontal is-content-justification-center is-layout-flex wp-container-core-buttons-is-layout-499968f5 wp-block-buttons-is-layout-flex\">\n<div class=\"wp-block-button\"><a class=\"wp-block-button__link has-black-color has-text-color has-background wp-element-button\" href=\"https:\/\/www.tele-radio.com\/nb\/kontakt-oss\/\" style=\"border-radius:7px;background-color:#fabb00\"><strong>Ta kontakt med oss<\/strong><\/a><\/div>\n<\/div>\n\n\n\n<p><\/p>\n\n\n\n<p><\/p>\n","protected":false},"excerpt":{"rendered":"<p>LOGISTIKK Tele Radio tilbyr tr\u00e5dl\u00f8se l\u00f8sninger for mange logistikkapplikasjoner Radiostyring \u00f8ker ikke bare effektiviteten i arbeidet betydelig, men den skaper ogs\u00e5 et tryggere arbeidsmilj\u00f8 for mennesker og reduserer risikoen for \u00e5 skade ting som lagerreoler eller transportb\u00e5nd. Vi har l\u00f8sninger for lagersystemer, transportb\u00e5nd, gaffeltrucker etc. Med v\u00e5r radiostyring kan alle slags logistikkapplikasjoner enkelt styres tr\u00e5dl\u00f8st [&hellip;]<\/p>\n","protected":false},"author":18,"featured_media":0,"parent":0,"menu_order":0,"comment_status":"closed","ping_status":"closed","template":"","meta":{"_acf_changed":false,"footnotes":""},"class_list":["post-122302","page","type-page","status-publish","hentry"],"acf":[],"_links":{"self":[{"href":"https:\/\/www.tele-radio.com\/nb\/wp-json\/wp\/v2\/pages\/122302","targetHints":{"allow":["GET"]}}],"collection":[{"href":"https:\/\/www.tele-radio.com\/nb\/wp-json\/wp\/v2\/pages"}],"about":[{"href":"https:\/\/www.tele-radio.com\/nb\/wp-json\/wp\/v2\/types\/page"}],"author":[{"embeddable":true,"href":"https:\/\/www.tele-radio.com\/nb\/wp-json\/wp\/v2\/users\/18"}],"replies":[{"embeddable":true,"href":"https:\/\/www.tele-radio.com\/nb\/wp-json\/wp\/v2\/comments?post=122302"}],"version-history":[{"count":14,"href":"https:\/\/www.tele-radio.com\/nb\/wp-json\/wp\/v2\/pages\/122302\/revisions"}],"predecessor-version":[{"id":168192,"href":"https:\/\/www.tele-radio.com\/nb\/wp-json\/wp\/v2\/pages\/122302\/revisions\/168192"}],"wp:attachment":[{"href":"https:\/\/www.tele-radio.com\/nb\/wp-json\/wp\/v2\/media?parent=122302"}],"curies":[{"name":"wp","href":"https:\/\/api.w.org\/{rel}","templated":true}]}}