{"id":122292,"date":"2022-12-22T10:31:59","date_gmt":"2022-12-22T10:31:59","guid":{"rendered":"https:\/\/www.tele-radio.com\/?page_id=122292"},"modified":"2023-11-24T10:07:50","modified_gmt":"2023-11-24T10:07:50","slug":"loft-og-kraner","status":"publish","type":"page","link":"https:\/\/www.tele-radio.com\/nb\/loft-og-kraner\/","title":{"rendered":"L\u00d8FT OG KRANER"},"content":{"rendered":"\n<div style=\"height:31px\" aria-hidden=\"true\" class=\"wp-block-spacer\"><\/div>\n\n\n\n<h1 class=\"wp-block-heading has-text-align-center\">L\u00d8FT OG KRANER<\/h1>\n\n\n\n<div style=\"height:26px\" aria-hidden=\"true\" class=\"wp-block-spacer\"><\/div>\n\n\n\n<div class=\"wp-block-columns is-layout-flex wp-container-core-columns-is-layout-9d6595d7 wp-block-columns-is-layout-flex\">\n<div class=\"wp-block-column is-layout-flow wp-block-column-is-layout-flow\">\n<h1 class=\"wp-block-heading\">Radiostyring for l\u00f8fte- og kranapplikasjoner<\/h1>\n\n\n\n<p>N\u00f8yaktig og sikker styring for kran- og l\u00f8fteapplikasjoner er en viktig faktor for v\u00e5r radiostyring. Med v\u00e5rt brede sortiment av sendere tilbyr vi deg best mulig drift, fra sikker avstand, uten begrensninger av kabler og med h\u00f8yeste presisjon.<\/p>\n\n\n\n<p>Av hensyn til dine ansattes sikkerhet m\u00e5 dine ansatte kunne stole p\u00e5 at utstyret deres kan betjenes etter hensikten under alle forhold. Enten du betjener l\u00f8fte- og heiseutstyret med den minste senderen som f\u00e5r plass i lommen eller den st\u00f8rste, robuste joysticksenderen for tyngre bruk.<\/p>\n\n\n\n<p>Med v\u00e5re <a href=\"https:\/\/www.tele-radio.com\/nb\/produkter\/\">sendere<\/a> kan du betjene utstyret ditt fra sikker avstand med stor n\u00f8yaktighet og uten hindringer i form av kabler eller sikt. Produktene v\u00e5re er robuste, holdbare og st\u00f8v- og vanntette. Vi tilbyr et stabilt signal mellom senderen og maskinen din, uansett omstendigheter. Vi tilbyr sendere med ulike sikkerhetsniv\u00e5er som alle er uavhengig sertifiserte. V\u00e5re produkter kommer med mye fleksibilitet for enkel installasjon. Du kan til og med erstatte tapte eller \u00f8delagte sendere fra bakken, helt uten \u00e5 m\u00e5tte ha tilgang til mottakeren. Med Tele Radio er sikkerheten til dine ansatte alltid garantert.<\/p>\n<\/div>\n\n\n\n<div class=\"wp-block-column is-layout-flow wp-block-column-is-layout-flow\" style=\"flex-basis:100px\"><\/div>\n\n\n\n<div class=\"wp-block-column is-layout-flow wp-block-column-is-layout-flow\">\n<div style=\"height:31px\" aria-hidden=\"true\" class=\"wp-block-spacer\"><\/div>\n\n\n\n<div class=\"wp-block-cover\" style=\"min-height:788px;aspect-ratio:unset;\"><span aria-hidden=\"true\" class=\"wp-block-cover__background has-black-background-color has-background-dim-20 has-background-dim\"><\/span><img loading=\"lazy\" decoding=\"async\" width=\"1597\" height=\"2400\" class=\"wp-block-cover__image-background wp-image-116014\" alt=\"\" src=\"https:\/\/www.tele-radio.com\/app\/uploads\/FM_LC_PN_0027.jpg\" style=\"object-position:62% 56%\" data-object-fit=\"cover\" data-object-position=\"62% 56%\" srcset=\"https:\/\/www.tele-radio.com\/app\/uploads\/FM_LC_PN_0027.jpg 1597w, https:\/\/www.tele-radio.com\/app\/uploads\/FM_LC_PN_0027-266x400.jpg 266w, https:\/\/www.tele-radio.com\/app\/uploads\/FM_LC_PN_0027-799x1200.jpg 799w, https:\/\/www.tele-radio.com\/app\/uploads\/FM_LC_PN_0027-768x1154.jpg 768w, https:\/\/www.tele-radio.com\/app\/uploads\/FM_LC_PN_0027-1022x1536.jpg 1022w, https:\/\/www.tele-radio.com\/app\/uploads\/FM_LC_PN_0027-1363x2048.jpg 1363w, https:\/\/www.tele-radio.com\/app\/uploads\/FM_LC_PN_0027-499x750.jpg 499w, https:\/\/www.tele-radio.com\/app\/uploads\/FM_LC_PN_0027-333x500.jpg 333w, https:\/\/www.tele-radio.com\/app\/uploads\/FM_LC_PN_0027-1065x1600.jpg 1065w, https:\/\/www.tele-radio.com\/app\/uploads\/FM_LC_PN_0027-532x800.jpg 532w\" sizes=\"auto, (max-width: 1597px) 100vw, 1597px\" \/><div class=\"wp-block-cover__inner-container is-layout-flow wp-block-cover-is-layout-flow\">\n<p class=\"has-text-align-center has-large-font-size\"><\/p>\n<\/div><\/div>\n<\/div>\n<\/div>\n\n\n\n<div style=\"height:100px\" aria-hidden=\"true\" class=\"wp-block-spacer\"><\/div>\n\n\n\n<div class=\"wp-block-cover is-light\"><span aria-hidden=\"true\" class=\"wp-block-cover__background has-very-light-gray-background-color has-background-dim-100 has-background-dim\"><\/span><div class=\"wp-block-cover__inner-container is-layout-flow wp-block-cover-is-layout-flow\">\n<div class=\"wp-block-columns is-layout-flex wp-container-core-columns-is-layout-9d6595d7 wp-block-columns-is-layout-flex\">\n<div class=\"wp-block-column is-layout-flow wp-block-column-is-layout-flow\"><div class=\"wp-block-image\">\n<figure class=\"aligncenter size-large is-resized\"><img loading=\"lazy\" decoding=\"async\" src=\"https:\/\/www.tele-radio.com\/app\/uploads\/Fail_Safe_Operation.png\" alt=\"\" class=\"wp-image-68103\" width=\"90\" height=\"75\"\/><\/figure><\/div>\n\n\n<p class=\"has-text-align-center has-very-dark-gray-color has-text-color\"><strong>Feilsikker operasjon<\/strong><\/p>\n\n\n\n<p class=\"has-text-align-center has-very-dark-gray-color has-text-color\">Sikkerhetsrel\u00e9(er) kutter utenfor rekkevidde, d\u00f8dt batteri, \u00f8delagt sender etc. Uavhengige sertifiserte sikkerhetsniv\u00e5er.<\/p>\n<\/div>\n\n\n\n<div class=\"wp-block-column is-layout-flow wp-block-column-is-layout-flow\"><div class=\"wp-block-image\">\n<figure class=\"aligncenter size-large is-resized\"><img loading=\"lazy\" decoding=\"async\" src=\"https:\/\/www.tele-radio.com\/app\/uploads\/Protection.png\" alt=\"\" class=\"wp-image-68125\" width=\"45\" height=\"78\"\/><\/figure><\/div>\n\n\n<p class=\"has-text-align-center has-very-dark-gray-color has-text-color\"><strong>St\u00f8v- og vannbeskyttelse<\/strong><\/p>\n\n\n\n<p class=\"has-text-align-center has-very-dark-gray-color has-text-color\">V\u00e5re sendere er ekstremt robuste. Noen er IP65 og de fleste er IP67-sertifisert.<\/p>\n<\/div>\n\n\n\n<div class=\"wp-block-column is-layout-flow wp-block-column-is-layout-flow\"><div class=\"wp-block-image\">\n<figure class=\"aligncenter size-large is-resized\"><img loading=\"lazy\" decoding=\"async\" src=\"https:\/\/www.tele-radio.com\/app\/uploads\/Certification_2.png\" alt=\"\" class=\"wp-image-68149\" width=\"56\" height=\"78\"\/><\/figure><\/div>\n\n\n<p class=\"has-text-align-center has-very-dark-gray-color has-text-color\"><strong>Service<\/strong><\/p>\n\n\n\n<p class=\"has-text-align-center has-very-dark-gray-color has-text-color\">Kunder over hele verden stoler p\u00e5 merkevaren v\u00e5r. Vi tilbyr utmerket service og skreddersydde l\u00f8sninger.<\/p>\n<\/div>\n<\/div>\n<\/div><\/div>\n\n\n\n<div style=\"height:100px\" aria-hidden=\"true\" class=\"wp-block-spacer\"><\/div>\n\n\n\n<h2 class=\"wp-block-heading has-text-align-center\">APPLIKASJONER<\/h2>\n\n\n\n<p class=\"has-text-align-center\"><em> <em>For \u00e5 gi en id\u00e9 om alle mulighetene, har vi noen eksempler p\u00e5 bruksomr\u00e5der og deres typiske produkter nedenfor:<\/em> <\/em><\/p>\n\n\n\n<div class=\"wp-block-columns is-layout-flex wp-container-core-columns-is-layout-9d6595d7 wp-block-columns-is-layout-flex\">\n<div class=\"wp-block-column is-layout-flow wp-block-column-is-layout-flow\">\n<div class=\"wp-block-cover is-light\"><span aria-hidden=\"true\" class=\"wp-block-cover__background has-white-background-color has-background-dim-100 has-background-dim\"><\/span><div class=\"wp-block-cover__inner-container is-layout-flow wp-block-cover-is-layout-flow\"><div class=\"wp-block-image is-style-default\">\n<figure class=\"aligncenter size-full\"><img loading=\"lazy\" decoding=\"async\" width=\"64\" height=\"64\" src=\"https:\/\/www.tele-radio.com\/app\/uploads\/tower-crane-1.png\" alt=\"\" class=\"wp-image-118332\"\/><\/figure><\/div>\n\n\n<p class=\"has-text-align-center has-black-color has-text-color\"><strong><a href=\"https:\/\/no.wikipedia.org\/wiki\/T%C3%A5rnkran\" target=\"_blank\" rel=\"noreferrer noopener\">T\u00c5RNKRANER<\/a><\/strong><\/p>\n\n\n\n<p class=\"has-text-align-center has-black-color has-text-color\">T\u00e5rnkraner uten f\u00f8rerhus bruker utelukkende radiostyring og Tele Radio kan levere flere l\u00f8sninger for dette. En fordel med \u00e5 bruke radiostyring fra Tele Radio er at vi leverer PLd- og PLe-sertifiserte systemer som er et krav i mange land ved l\u00f8fting av last som passerer over mennesker.<\/p>\n<\/div><\/div>\n<\/div>\n\n\n\n<div class=\"wp-block-column is-vertically-aligned-top is-layout-flow wp-block-column-is-layout-flow\">\n<div class=\"wp-block-cover is-light\"><span aria-hidden=\"true\" class=\"wp-block-cover__background has-white-background-color has-background-dim-100 has-background-dim\"><\/span><div class=\"wp-block-cover__inner-container is-layout-flow wp-block-cover-is-layout-flow\"><div class=\"wp-block-image is-style-default\">\n<figure class=\"aligncenter size-full\"><img loading=\"lazy\" decoding=\"async\" width=\"64\" height=\"64\" src=\"https:\/\/www.tele-radio.com\/app\/uploads\/winch-1.png\" alt=\"\" class=\"wp-image-118355\"\/><\/figure><\/div>\n\n\n<p class=\"has-text-align-center has-black-color has-text-color\"><strong><a href=\"https:\/\/no.wikipedia.org\/wiki\/Talje\" target=\"_blank\" rel=\"noreferrer noopener\">ELEKTRISKE TALJER<\/a><\/strong><\/p>\n\n\n\n<p class=\"has-text-align-center has-black-color has-text-color\">Den typiske taljen er en kjettingtalje for lettere belastninger, opp til rundt 5000 kg, vanligvis brukt til stasjon\u00e6re arbeidsstasjonsl\u00f8ft. Ved \u00e5 bruke radiostyring kan brukeren unng\u00e5 \u00e5 arbeide tett inntil lasten og i en mer gunstig stilling ergonomisk.<\/p>\n<\/div><\/div>\n<\/div>\n\n\n\n<div class=\"wp-block-column is-vertically-aligned-top is-layout-flow wp-block-column-is-layout-flow\">\n<div style=\"height:65px\" aria-hidden=\"true\" class=\"wp-block-spacer\"><\/div>\n\n\n<div class=\"wp-block-image is-style-default\">\n<figure class=\"aligncenter size-full\"><img loading=\"lazy\" decoding=\"async\" width=\"64\" height=\"64\" src=\"https:\/\/www.tele-radio.com\/app\/uploads\/overhead-1.png\" alt=\"\" class=\"wp-image-118378\"\/><\/figure><\/div>\n\n\n<p class=\"has-text-align-center\"><strong><a href=\"https:\/\/nn.wikipedia.org\/wiki\/Traverskran\" target=\"_blank\" rel=\"noreferrer noopener\">TRAVERSKRANER<\/a><\/strong><\/p>\n\n\n\n<p class=\"has-text-align-center\">Elektriske traverskraner er store lastebjelker som kj\u00f8rer p\u00e5 spor i taket p\u00e5 et lager. Disse kranene l\u00f8fter last fra noen f\u00e5 tonn til 100 metriske tonn eller mer.<\/p>\n<\/div>\n<\/div>\n\n\n\n<p><\/p>\n\n\n\n<h3 class=\"wp-block-heading has-text-align-center\">Dine preferanser for sikkerhet og funksjonalitet<\/h3>\n\n\n\n<p>Valget av riktig sender for din applikasjon gj\u00f8res best i samr\u00e5d med Tele Radio sine ansatte. Vi leverer forskjellige sendere med spesifikke egenskaper. F\u00f8lgende tre ting er avgj\u00f8rende for ditt valg:<\/p>\n\n\n\n<div class=\"wp-block-group alignwide is-vertical is-layout-flex wp-container-core-group-is-layout-8cf370e7 wp-block-group-is-layout-flex\">\n<div class=\"wp-block-media-text alignwide is-stacked-on-mobile\" style=\"grid-template-columns:20% auto\"><figure class=\"wp-block-media-text__media\"><img loading=\"lazy\" decoding=\"async\" width=\"404\" height=\"404\" src=\"https:\/\/www.tele-radio.com\/app\/uploads\/Safety_level_2.png\" alt=\"\" class=\"wp-image-68198 size-full\" srcset=\"https:\/\/www.tele-radio.com\/app\/uploads\/Safety_level_2.png 404w, https:\/\/www.tele-radio.com\/app\/uploads\/Safety_level_2-400x400.png 400w, https:\/\/www.tele-radio.com\/app\/uploads\/Safety_level_2-150x150.png 150w, https:\/\/www.tele-radio.com\/app\/uploads\/Safety_level_2-250x250.png 250w\" sizes=\"auto, (max-width: 404px) 100vw, 404px\" \/><\/figure><div class=\"wp-block-media-text__content\">\n<p><strong>Sikkerhetsniv\u00e5<\/strong><\/p>\n\n\n\n<p>V\u00e5re sendere er sikre, med mange modeller som har uavhengig sikkerhetssertifisering. Dette betyr at stoppknappens funksjon er testet og verifisert av en ekstern, uavhengig part. Det anbefales \u00e5 velge et system med uavhengig sikkerhetssertifisering dersom man \u00f8nsker \u00e5 minimere risikoen for skade ved bruk av maskiner. Ingen sikkerhetsrisiko? Da kan du velge en sender uten sertifisering.<\/p>\n<\/div><\/div>\n\n\n\n<div class=\"wp-block-media-text alignwide is-stacked-on-mobile\" style=\"grid-template-columns:20% auto\"><figure class=\"wp-block-media-text__media\"><img loading=\"lazy\" decoding=\"async\" width=\"404\" height=\"404\" src=\"https:\/\/www.tele-radio.com\/app\/uploads\/Control_element_2.png\" alt=\"\" class=\"wp-image-68176 size-full\" srcset=\"https:\/\/www.tele-radio.com\/app\/uploads\/Control_element_2.png 404w, https:\/\/www.tele-radio.com\/app\/uploads\/Control_element_2-400x400.png 400w, https:\/\/www.tele-radio.com\/app\/uploads\/Control_element_2-150x150.png 150w, https:\/\/www.tele-radio.com\/app\/uploads\/Control_element_2-250x250.png 250w\" sizes=\"auto, (max-width: 404px) 100vw, 404px\" \/><\/figure><div class=\"wp-block-media-text__content\">\n<p><strong>Knapper eller joystick<\/strong><\/p>\n\n\n\n<p>Med bruk av trykknapper er en sender mer h\u00e5ndterlig, men absolutt ikke mindre presis. En sender med proporsjonale trykknapper har, for eksempel, presisjonen til en joysticksender. Ved \u00e5 trykke lengre inn p\u00e5 knappen, \u00f8ker graden av aktivering. En joysticksender er st\u00f8rre, men har for eksempel flere muligheter for tilpasning i form av spesialknapper, brytere og spaker.<\/p>\n<\/div><\/div>\n\n\n\n<div class=\"wp-block-media-text alignwide is-stacked-on-mobile\" style=\"grid-template-columns:20% auto\"><figure class=\"wp-block-media-text__media\"><img loading=\"lazy\" decoding=\"async\" width=\"404\" height=\"404\" src=\"https:\/\/www.tele-radio.com\/app\/uploads\/Feedback_2.png\" alt=\"\" class=\"wp-image-68223 size-full\" srcset=\"https:\/\/www.tele-radio.com\/app\/uploads\/Feedback_2.png 404w, https:\/\/www.tele-radio.com\/app\/uploads\/Feedback_2-400x400.png 400w, https:\/\/www.tele-radio.com\/app\/uploads\/Feedback_2-150x150.png 150w, https:\/\/www.tele-radio.com\/app\/uploads\/Feedback_2-250x250.png 250w\" sizes=\"auto, (max-width: 404px) 100vw, 404px\" \/><\/figure><div class=\"wp-block-media-text__content\">\n<p><strong>Tilbakemeldingsinformasjon<\/strong><\/p>\n\n\n\n<p>Enkelte sendere kan motta informasjon tilbake fra en kontrollert mottaker. Avhengig av systemet, kan du f\u00e5 informasjonen synlig ved hjelp av lysdioder p\u00e5 senderen eller via et display. N\u00e5r du styrer en kran, er det for eksempel mulig \u00e5 bruke displayet til \u00e5 vise informasjon som l\u00f8ftevekt eller varsler. Denne funksjonen vil v\u00e6re mindre relevant for mindre kompliserte applikasjoner, som lastebilvinsjer.<\/p>\n<\/div><\/div>\n<\/div>\n\n\n\n<div style=\"height:50px\" aria-hidden=\"true\" class=\"wp-block-spacer\"><\/div>\n\n\n<div class=\"wp-block-image is-style-default\">\n<figure class=\"aligncenter size-large is-resized\"><img loading=\"lazy\" decoding=\"async\" src=\"https:\/\/www.tele-radio.com\/app\/uploads\/\/Assortiment_2019_zonder_spiegeling_en_schaduw-1200x614.jpg\" alt=\"\" width=\"771\" height=\"394\"\/><\/figure><\/div>\n\n\n<div class=\"wp-block-buttons is-horizontal is-content-justification-center is-layout-flex wp-container-core-buttons-is-layout-499968f5 wp-block-buttons-is-layout-flex\">\n<div class=\"wp-block-button\"><a class=\"wp-block-button__link has-black-color has-text-color has-background wp-element-button\" href=\"https:\/\/www.tele-radio.com\/nb\/kontakt-oss\/\" style=\"border-radius:7px;background-color:#fabb00\"><strong>Ta kontakt med oss<\/strong><\/a><\/div>\n<\/div>\n\n\n\n<p><\/p>\n","protected":false},"excerpt":{"rendered":"<p>L\u00d8FT OG KRANER Radiostyring for l\u00f8fte- og kranapplikasjoner N\u00f8yaktig og sikker styring for kran- og l\u00f8fteapplikasjoner er en viktig faktor for v\u00e5r radiostyring. Med v\u00e5rt brede sortiment av sendere tilbyr vi deg best mulig drift, fra sikker avstand, uten begrensninger av kabler og med h\u00f8yeste presisjon. Av hensyn til dine ansattes sikkerhet m\u00e5 dine ansatte [&hellip;]<\/p>\n","protected":false},"author":18,"featured_media":0,"parent":0,"menu_order":0,"comment_status":"closed","ping_status":"closed","template":"","meta":{"_acf_changed":false,"footnotes":""},"class_list":["post-122292","page","type-page","status-publish","hentry"],"acf":[],"_links":{"self":[{"href":"https:\/\/www.tele-radio.com\/nb\/wp-json\/wp\/v2\/pages\/122292","targetHints":{"allow":["GET"]}}],"collection":[{"href":"https:\/\/www.tele-radio.com\/nb\/wp-json\/wp\/v2\/pages"}],"about":[{"href":"https:\/\/www.tele-radio.com\/nb\/wp-json\/wp\/v2\/types\/page"}],"author":[{"embeddable":true,"href":"https:\/\/www.tele-radio.com\/nb\/wp-json\/wp\/v2\/users\/18"}],"replies":[{"embeddable":true,"href":"https:\/\/www.tele-radio.com\/nb\/wp-json\/wp\/v2\/comments?post=122292"}],"version-history":[{"count":7,"href":"https:\/\/www.tele-radio.com\/nb\/wp-json\/wp\/v2\/pages\/122292\/revisions"}],"predecessor-version":[{"id":168180,"href":"https:\/\/www.tele-radio.com\/nb\/wp-json\/wp\/v2\/pages\/122292\/revisions\/168180"}],"wp:attachment":[{"href":"https:\/\/www.tele-radio.com\/nb\/wp-json\/wp\/v2\/media?parent=122292"}],"curies":[{"name":"wp","href":"https:\/\/api.w.org\/{rel}","templated":true}]}}