{"id":122249,"date":"2023-11-24T10:24:51","date_gmt":"2023-11-24T10:24:51","guid":{"rendered":"https:\/\/www.tele-radio.com\/?page_id=122249"},"modified":"2024-05-15T10:52:39","modified_gmt":"2024-05-15T10:52:39","slug":"applications","status":"publish","type":"page","link":"https:\/\/www.tele-radio.com\/nb\/applications\/","title":{"rendered":"Applikasjoner"},"content":{"rendered":"\n<h1 class=\"wp-block-heading\"><strong>APPLIKASJONER<\/strong><\/h1>\n\n\n\n<h2 class=\"wp-block-heading\"><strong><strong>TELE RADIO INDUSTRIELL RADIOSTYRING<\/strong><\/strong><\/h2>\n\n\n\n<p><strong><strong>VI HAR RADIOSTYRING FOR ENHVER APPLIKASJON<\/strong><\/strong><\/p>\n\n\n\n<div class=\"wp-block-columns is-layout-flex wp-container-core-columns-is-layout-9d6595d7 wp-block-columns-is-layout-flex\">\n<div class=\"wp-block-column is-layout-flow wp-block-column-is-layout-flow\" style=\"flex-basis:66.66%\">\n<p>Radiostyring fra Tele Radio brukes i mange industrier, spesielt der hvor ergonomi, p\u00e5litelighet og sikkerhet er kritiske faktorer. Vi tilbyr ende-til-ende produktl\u00f8sninger, teknologier og tjenester innen tr\u00e5dl\u00f8s utstyrskontroll og maskinkommunikasjon, hvor p\u00e5litelighet og sikkerhet er de viktigste avgj\u00f8rende faktorene. \u00c5 tilby l\u00f8sninger som vil tilf\u00f8re verdi til virksomheten din, og samtidig yte up\u00e5klagelig st\u00f8tte n\u00e5r du trenger det, er v\u00e5rt ytterste m\u00e5l.<\/p>\n<\/div>\n\n\n\n<div class=\"wp-block-column is-layout-flow wp-block-column-is-layout-flow\" style=\"flex-basis:33.33%\"><\/div>\n<\/div>\n\n\n\n<p><strong>Det finnes et tr\u00e5dl\u00f8st radiostyringssystem for alle markeder eller bransjer. Nedenfor finner du et utvalg applikasjoner og eksempler p\u00e5 radiostyringsl\u00f8sninger.<\/strong><\/p>\n\n\n\n<div class=\"wp-block-columns is-layout-flex wp-container-core-columns-is-layout-9d6595d7 wp-block-columns-is-layout-flex\">\n<div class=\"wp-block-column is-layout-flow wp-block-column-is-layout-flow\">\n<div class=\"wp-block-cover is-light\"><span aria-hidden=\"true\" class=\"wp-block-cover__background has-background-dim\"><\/span><img loading=\"lazy\" decoding=\"async\" width=\"2560\" height=\"1707\" class=\"wp-block-cover__image-background wp-image-97882\" alt=\"\" src=\"https:\/\/www.tele-radio.com\/app\/uploads\/Agriculture-scaled.jpg\" data-object-fit=\"cover\" srcset=\"https:\/\/www.tele-radio.com\/app\/uploads\/Agriculture-scaled.jpg 2560w, https:\/\/www.tele-radio.com\/app\/uploads\/Agriculture-400x267.jpg 400w, https:\/\/www.tele-radio.com\/app\/uploads\/Agriculture-1200x800.jpg 1200w, https:\/\/www.tele-radio.com\/app\/uploads\/Agriculture-768x512.jpg 768w, https:\/\/www.tele-radio.com\/app\/uploads\/Agriculture-1536x1024.jpg 1536w\" sizes=\"auto, (max-width: 2560px) 100vw, 2560px\" \/><div class=\"wp-block-cover__inner-container is-layout-flow wp-block-cover-is-layout-flow\"><div class=\"wp-block-image is-style-default\">\n<figure class=\"aligncenter size-full\"><img loading=\"lazy\" decoding=\"async\" width=\"150\" height=\"150\" src=\"https:\/\/www.tele-radio.com\/app\/uploads\/AGRICULTURALw.png\" alt=\"Landbruk\" class=\"wp-image-5926\"\/><\/figure><\/div>\n\n\n<div class=\"wp-block-buttons is-horizontal is-content-justification-center is-layout-flex wp-container-core-buttons-is-layout-499968f5 wp-block-buttons-is-layout-flex\">\n<div class=\"wp-block-button\"><a class=\"wp-block-button__link has-black-color has-text-color has-background wp-element-button\" href=\"https:\/\/www.tele-radio.com\/nb\/smabruk\/\" style=\"border-radius:7px;background-color:#fabb00\"><strong>Landbruk<\/strong><\/a><\/div>\n<\/div>\n<\/div><\/div>\n<\/div>\n\n\n\n<div class=\"wp-block-column is-layout-flow wp-block-column-is-layout-flow\">\n<div class=\"wp-block-cover\"><span aria-hidden=\"true\" class=\"wp-block-cover__background has-background-dim-30 has-background-dim\"><\/span><img loading=\"lazy\" decoding=\"async\" width=\"2560\" height=\"1701\" class=\"wp-block-cover__image-background wp-image-97892\" alt=\"Industri og maskiner\" src=\"https:\/\/www.tele-radio.com\/app\/uploads\/Industrial-scaled.jpg\" style=\"object-position:49% 51%\" data-object-fit=\"cover\" data-object-position=\"49% 51%\" srcset=\"https:\/\/www.tele-radio.com\/app\/uploads\/Industrial-scaled.jpg 2560w, https:\/\/www.tele-radio.com\/app\/uploads\/Industrial-400x266.jpg 400w, https:\/\/www.tele-radio.com\/app\/uploads\/Industrial-1200x797.jpg 1200w, https:\/\/www.tele-radio.com\/app\/uploads\/Industrial-768x510.jpg 768w, https:\/\/www.tele-radio.com\/app\/uploads\/Industrial-1536x1021.jpg 1536w, https:\/\/www.tele-radio.com\/app\/uploads\/Industrial-2048x1361.jpg 2048w, https:\/\/www.tele-radio.com\/app\/uploads\/Industrial-750x498.jpg 750w, https:\/\/www.tele-radio.com\/app\/uploads\/Industrial-500x332.jpg 500w, https:\/\/www.tele-radio.com\/app\/uploads\/Industrial-1600x1063.jpg 1600w, https:\/\/www.tele-radio.com\/app\/uploads\/Industrial-800x532.jpg 800w\" sizes=\"auto, (max-width: 2560px) 100vw, 2560px\" \/><div class=\"wp-block-cover__inner-container is-layout-flow wp-block-cover-is-layout-flow\"><div class=\"wp-block-image is-style-default\">\n<figure class=\"aligncenter size-full\"><img loading=\"lazy\" decoding=\"async\" width=\"150\" height=\"150\" src=\"https:\/\/www.tele-radio.com\/app\/uploads\/INDUSTRYw.png\" alt=\"\" class=\"wp-image-5923\"\/><\/figure><\/div>\n\n\n<div class=\"wp-block-buttons is-horizontal is-content-justification-center is-layout-flex wp-container-core-buttons-is-layout-499968f5 wp-block-buttons-is-layout-flex\">\n<div class=\"wp-block-button\"><a class=\"wp-block-button__link has-black-color has-text-color has-background wp-element-button\" href=\"https:\/\/www.tele-radio.com\/nb\/maskiner-og-industri\/\" style=\"border-radius:7px;background-color:#fabb00\"><strong>Industri og maskiner<\/strong><\/a><\/div>\n<\/div>\n<\/div><\/div>\n<\/div>\n\n\n\n<div class=\"wp-block-column is-layout-flow wp-block-column-is-layout-flow\">\n<div class=\"wp-block-cover\"><span aria-hidden=\"true\" class=\"wp-block-cover__background has-background-dim-20 has-background-dim\"><\/span><img loading=\"lazy\" decoding=\"async\" width=\"2560\" height=\"1707\" class=\"wp-block-cover__image-background wp-image-97915\" alt=\"L\u00f8ft og kraner\" src=\"https:\/\/www.tele-radio.com\/app\/uploads\/Lifting-Hoisting-scaled.jpg\" data-object-fit=\"cover\" srcset=\"https:\/\/www.tele-radio.com\/app\/uploads\/Lifting-Hoisting-scaled.jpg 2560w, https:\/\/www.tele-radio.com\/app\/uploads\/Lifting-Hoisting-400x267.jpg 400w, https:\/\/www.tele-radio.com\/app\/uploads\/Lifting-Hoisting-1200x800.jpg 1200w, https:\/\/www.tele-radio.com\/app\/uploads\/Lifting-Hoisting-768x512.jpg 768w, https:\/\/www.tele-radio.com\/app\/uploads\/Lifting-Hoisting-1536x1024.jpg 1536w, https:\/\/www.tele-radio.com\/app\/uploads\/Lifting-Hoisting-2048x1365.jpg 2048w, https:\/\/www.tele-radio.com\/app\/uploads\/Lifting-Hoisting-750x500.jpg 750w, https:\/\/www.tele-radio.com\/app\/uploads\/Lifting-Hoisting-500x333.jpg 500w, https:\/\/www.tele-radio.com\/app\/uploads\/Lifting-Hoisting-1600x1067.jpg 1600w, https:\/\/www.tele-radio.com\/app\/uploads\/Lifting-Hoisting-800x533.jpg 800w\" sizes=\"auto, (max-width: 2560px) 100vw, 2560px\" \/><div class=\"wp-block-cover__inner-container is-layout-flow wp-block-cover-is-layout-flow\"><div class=\"wp-block-image is-style-default\">\n<figure class=\"aligncenter size-full\"><img loading=\"lazy\" decoding=\"async\" width=\"150\" height=\"150\" src=\"https:\/\/www.tele-radio.com\/app\/uploads\/WINCHw.png\" alt=\"\" class=\"wp-image-6093\"\/><\/figure><\/div>\n\n\n<div class=\"wp-block-buttons is-horizontal is-content-justification-center is-layout-flex wp-container-core-buttons-is-layout-499968f5 wp-block-buttons-is-layout-flex\">\n<div class=\"wp-block-button\"><a class=\"wp-block-button__link has-black-color has-text-color has-background wp-element-button\" href=\"https:\/\/www.tele-radio.com\/nb\/loft-og-kraner\/\" style=\"border-radius:7px;background-color:#fabb00\"><strong>L\u00f8ft &amp; kraner<\/strong><\/a><\/div>\n<\/div>\n<\/div><\/div>\n<\/div>\n<\/div>\n\n\n\n<div class=\"wp-block-columns is-layout-flex wp-container-core-columns-is-layout-9d6595d7 wp-block-columns-is-layout-flex\">\n<div class=\"wp-block-column is-layout-flow wp-block-column-is-layout-flow\">\n<div class=\"wp-block-cover\"><span aria-hidden=\"true\" class=\"wp-block-cover__background has-background-dim\"><\/span><img loading=\"lazy\" decoding=\"async\" width=\"2560\" height=\"1440\" class=\"wp-block-cover__image-background wp-image-97938\" alt=\"\" src=\"https:\/\/www.tele-radio.com\/app\/uploads\/Marine-scaled.jpg\" data-object-fit=\"cover\" srcset=\"https:\/\/www.tele-radio.com\/app\/uploads\/Marine-scaled.jpg 2560w, https:\/\/www.tele-radio.com\/app\/uploads\/Marine-400x225.jpg 400w, https:\/\/www.tele-radio.com\/app\/uploads\/Marine-1200x675.jpg 1200w, https:\/\/www.tele-radio.com\/app\/uploads\/Marine-768x432.jpg 768w, https:\/\/www.tele-radio.com\/app\/uploads\/Marine-1536x864.jpg 1536w, https:\/\/www.tele-radio.com\/app\/uploads\/Marine-2048x1152.jpg 2048w, https:\/\/www.tele-radio.com\/app\/uploads\/Marine-750x422.jpg 750w, https:\/\/www.tele-radio.com\/app\/uploads\/Marine-500x281.jpg 500w, https:\/\/www.tele-radio.com\/app\/uploads\/Marine-1600x900.jpg 1600w, https:\/\/www.tele-radio.com\/app\/uploads\/Marine-800x450.jpg 800w\" sizes=\"auto, (max-width: 2560px) 100vw, 2560px\" \/><div class=\"wp-block-cover__inner-container is-layout-flow wp-block-cover-is-layout-flow\"><div class=\"wp-block-image is-style-default\">\n<figure class=\"aligncenter size-full\"><img loading=\"lazy\" decoding=\"async\" width=\"150\" height=\"150\" src=\"https:\/\/www.tele-radio.com\/app\/uploads\/MARINEw.png\" alt=\"\" class=\"wp-image-5903\"\/><\/figure><\/div>\n\n\n<div class=\"wp-block-buttons is-horizontal is-content-justification-center is-layout-flex wp-container-core-buttons-is-layout-499968f5 wp-block-buttons-is-layout-flex\">\n<div class=\"wp-block-button\"><a class=\"wp-block-button__link has-black-color has-text-color has-background wp-element-button\" href=\"https:\/\/www.tele-radio.com\/nb\/applikasjon-marine-offshore\/\" style=\"border-radius:7px;background-color:#fabb00\"><strong>Marine &amp; Offshore<\/strong><\/a><\/div>\n<\/div>\n<\/div><\/div>\n<\/div>\n\n\n\n<div class=\"wp-block-column is-layout-flow wp-block-column-is-layout-flow\">\n<div class=\"wp-block-cover\"><span aria-hidden=\"true\" class=\"wp-block-cover__background has-background-dim\"><\/span><img loading=\"lazy\" decoding=\"async\" width=\"1600\" height=\"1071\" class=\"wp-block-cover__image-background wp-image-96570\" alt=\"\" src=\"https:\/\/www.tele-radio.com\/app\/uploads\/In_Truck_Final_movement-1600x1071-2.jpg\" data-object-fit=\"cover\" srcset=\"https:\/\/www.tele-radio.com\/app\/uploads\/In_Truck_Final_movement-1600x1071-2.jpg 1600w, https:\/\/www.tele-radio.com\/app\/uploads\/In_Truck_Final_movement-1600x1071-2-400x268.jpg 400w, https:\/\/www.tele-radio.com\/app\/uploads\/In_Truck_Final_movement-1600x1071-2-1200x803.jpg 1200w, https:\/\/www.tele-radio.com\/app\/uploads\/In_Truck_Final_movement-1600x1071-2-768x514.jpg 768w, https:\/\/www.tele-radio.com\/app\/uploads\/In_Truck_Final_movement-1600x1071-2-1536x1028.jpg 1536w, https:\/\/www.tele-radio.com\/app\/uploads\/In_Truck_Final_movement-1600x1071-2-750x502.jpg 750w, https:\/\/www.tele-radio.com\/app\/uploads\/In_Truck_Final_movement-1600x1071-2-500x335.jpg 500w, https:\/\/www.tele-radio.com\/app\/uploads\/In_Truck_Final_movement-1600x1071-2-800x536.jpg 800w\" sizes=\"auto, (max-width: 1600px) 100vw, 1600px\" \/><div class=\"wp-block-cover__inner-container is-layout-flow wp-block-cover-is-layout-flow\"><div class=\"wp-block-image is-style-default\">\n<figure class=\"aligncenter size-full\"><img loading=\"lazy\" decoding=\"async\" width=\"150\" height=\"150\" src=\"https:\/\/www.tele-radio.com\/app\/uploads\/MOBILEw.png\" alt=\"\" class=\"wp-image-5921\"\/><\/figure><\/div>\n\n\n<div class=\"wp-block-buttons is-horizontal is-content-justification-center is-layout-flex wp-container-core-buttons-is-layout-499968f5 wp-block-buttons-is-layout-flex\">\n<div class=\"wp-block-button\"><a class=\"wp-block-button__link has-black-color has-text-color has-background wp-element-button\" href=\"https:\/\/www.tele-radio.com\/nb\/mobil-hydraulikk\/\" style=\"border-radius:7px;background-color:#fabb00\"><strong>Mobil &amp; Hydraulikk<\/strong><\/a><\/div>\n<\/div>\n<\/div><\/div>\n<\/div>\n\n\n\n<div class=\"wp-block-column is-layout-flow wp-block-column-is-layout-flow\">\n<div class=\"wp-block-cover\"><span aria-hidden=\"true\" class=\"wp-block-cover__background has-background-dim-30 has-background-dim\"><\/span><img loading=\"lazy\" decoding=\"async\" width=\"7966\" height=\"5486\" class=\"wp-block-cover__image-background wp-image-119829\" alt=\"\" src=\"https:\/\/www.tele-radio.com\/app\/uploads\/ricardo-gomez-angel-F2iCP_knaj8-unsplash.jpg\" data-object-fit=\"cover\" srcset=\"https:\/\/www.tele-radio.com\/app\/uploads\/ricardo-gomez-angel-F2iCP_knaj8-unsplash.jpg 7966w, https:\/\/www.tele-radio.com\/app\/uploads\/ricardo-gomez-angel-F2iCP_knaj8-unsplash-400x275.jpg 400w, https:\/\/www.tele-radio.com\/app\/uploads\/ricardo-gomez-angel-F2iCP_knaj8-unsplash-1200x826.jpg 1200w, https:\/\/www.tele-radio.com\/app\/uploads\/ricardo-gomez-angel-F2iCP_knaj8-unsplash-768x529.jpg 768w, https:\/\/www.tele-radio.com\/app\/uploads\/ricardo-gomez-angel-F2iCP_knaj8-unsplash-1536x1058.jpg 1536w, https:\/\/www.tele-radio.com\/app\/uploads\/ricardo-gomez-angel-F2iCP_knaj8-unsplash-750x517.jpg 750w, https:\/\/www.tele-radio.com\/app\/uploads\/ricardo-gomez-angel-F2iCP_knaj8-unsplash-500x344.jpg 500w, https:\/\/www.tele-radio.com\/app\/uploads\/ricardo-gomez-angel-F2iCP_knaj8-unsplash-1600x1102.jpg 1600w, https:\/\/www.tele-radio.com\/app\/uploads\/ricardo-gomez-angel-F2iCP_knaj8-unsplash-800x551.jpg 800w\" sizes=\"auto, (max-width: 7966px) 100vw, 7966px\" \/><div class=\"wp-block-cover__inner-container is-layout-flow wp-block-cover-is-layout-flow\"><div class=\"wp-block-image is-style-default\">\n<figure class=\"aligncenter size-full is-resized\"><img loading=\"lazy\" decoding=\"async\" width=\"150\" height=\"150\" src=\"https:\/\/www.tele-radio.com\/app\/uploads\/\/pickaxe-1-150x150.png\" alt=\"\" class=\"wp-image-119853\" style=\"width:150px;height:150px\" srcset=\"https:\/\/www.tele-radio.com\/app\/uploads\/pickaxe-1-150x150.png 150w, https:\/\/www.tele-radio.com\/app\/uploads\/pickaxe-1-250x250.png 250w, https:\/\/www.tele-radio.com\/app\/uploads\/pickaxe-1.png 256w\" sizes=\"auto, (max-width: 150px) 100vw, 150px\" \/><\/figure><\/div>\n\n\n<div class=\"wp-block-buttons is-horizontal is-content-justification-center is-layout-flex wp-container-core-buttons-is-layout-499968f5 wp-block-buttons-is-layout-flex\">\n<div class=\"wp-block-button\"><a class=\"wp-block-button__link has-black-color has-text-color has-background wp-element-button\" href=\"https:\/\/www.tele-radio.com\/nb\/gruve-riving-og-gjenvinning\/\" style=\"border-radius:7px;background-color:#fabb00\"><strong>Gruvedrift, riving &amp; resirkulering<\/strong><\/a><\/div>\n<\/div>\n<\/div><\/div>\n<\/div>\n<\/div>\n\n\n\n<div class=\"wp-block-columns is-layout-flex wp-container-core-columns-is-layout-9d6595d7 wp-block-columns-is-layout-flex\">\n<div class=\"wp-block-column is-layout-flow wp-block-column-is-layout-flow\">\n<div class=\"wp-block-cover\"><span aria-hidden=\"true\" class=\"wp-block-cover__background has-background-dim\"><\/span><img loading=\"lazy\" decoding=\"async\" width=\"2560\" height=\"1703\" class=\"wp-block-cover__image-background wp-image-119877\" alt=\"\" src=\"https:\/\/www.tele-radio.com\/app\/uploads\/chuttersnap-BNBA1h-NgdY-unsplash-scaled.jpg\" data-object-fit=\"cover\" srcset=\"https:\/\/www.tele-radio.com\/app\/uploads\/chuttersnap-BNBA1h-NgdY-unsplash-scaled.jpg 2560w, https:\/\/www.tele-radio.com\/app\/uploads\/chuttersnap-BNBA1h-NgdY-unsplash-400x266.jpg 400w, https:\/\/www.tele-radio.com\/app\/uploads\/chuttersnap-BNBA1h-NgdY-unsplash-1200x798.jpg 1200w, https:\/\/www.tele-radio.com\/app\/uploads\/chuttersnap-BNBA1h-NgdY-unsplash-768x511.jpg 768w, https:\/\/www.tele-radio.com\/app\/uploads\/chuttersnap-BNBA1h-NgdY-unsplash-1536x1022.jpg 1536w, https:\/\/www.tele-radio.com\/app\/uploads\/chuttersnap-BNBA1h-NgdY-unsplash-2048x1363.jpg 2048w, https:\/\/www.tele-radio.com\/app\/uploads\/chuttersnap-BNBA1h-NgdY-unsplash-750x499.jpg 750w, https:\/\/www.tele-radio.com\/app\/uploads\/chuttersnap-BNBA1h-NgdY-unsplash-500x333.jpg 500w, https:\/\/www.tele-radio.com\/app\/uploads\/chuttersnap-BNBA1h-NgdY-unsplash-1600x1065.jpg 1600w, https:\/\/www.tele-radio.com\/app\/uploads\/chuttersnap-BNBA1h-NgdY-unsplash-800x532.jpg 800w\" sizes=\"auto, (max-width: 2560px) 100vw, 2560px\" \/><div class=\"wp-block-cover__inner-container is-layout-flow wp-block-cover-is-layout-flow\"><div class=\"wp-block-image is-style-default\">\n<figure class=\"aligncenter size-full is-resized\"><img loading=\"lazy\" decoding=\"async\" width=\"256\" height=\"256\" src=\"https:\/\/www.tele-radio.com\/app\/uploads\/logistics.png\" alt=\"\" class=\"wp-image-119901\" style=\"width:150px;height:150px\" srcset=\"https:\/\/www.tele-radio.com\/app\/uploads\/logistics.png 256w, https:\/\/www.tele-radio.com\/app\/uploads\/logistics-150x150.png 150w, https:\/\/www.tele-radio.com\/app\/uploads\/logistics-250x250.png 250w\" sizes=\"auto, (max-width: 256px) 100vw, 256px\" \/><\/figure><\/div>\n\n\n<div class=\"wp-block-buttons is-horizontal is-content-justification-center is-layout-flex wp-container-core-buttons-is-layout-499968f5 wp-block-buttons-is-layout-flex\">\n<div class=\"wp-block-button\"><a class=\"wp-block-button__link has-black-color has-text-color has-background wp-element-button\" href=\"https:\/\/www.tele-radio.com\/nb\/logistikk\/\" style=\"border-radius:7px;background-color:#fabb00\"><strong>Logistikk<\/strong><\/a><\/div>\n<\/div>\n<\/div><\/div>\n<\/div>\n\n\n\n<div class=\"wp-block-column is-layout-flow wp-block-column-is-layout-flow\">\n<div class=\"wp-block-cover is-light\"><span aria-hidden=\"true\" class=\"wp-block-cover__background has-background-dim\"><\/span><img loading=\"lazy\" decoding=\"async\" width=\"1707\" height=\"2560\" class=\"wp-block-cover__image-background wp-image-119925\" alt=\"\" src=\"https:\/\/www.tele-radio.com\/app\/uploads\/mathias-reding-BhctH6b8hdA-unsplash-scaled.jpg\" data-object-fit=\"cover\" srcset=\"https:\/\/www.tele-radio.com\/app\/uploads\/mathias-reding-BhctH6b8hdA-unsplash-scaled.jpg 1707w, https:\/\/www.tele-radio.com\/app\/uploads\/mathias-reding-BhctH6b8hdA-unsplash-267x400.jpg 267w, https:\/\/www.tele-radio.com\/app\/uploads\/mathias-reding-BhctH6b8hdA-unsplash-800x1200.jpg 800w, https:\/\/www.tele-radio.com\/app\/uploads\/mathias-reding-BhctH6b8hdA-unsplash-768x1152.jpg 768w, https:\/\/www.tele-radio.com\/app\/uploads\/mathias-reding-BhctH6b8hdA-unsplash-1024x1536.jpg 1024w, https:\/\/www.tele-radio.com\/app\/uploads\/mathias-reding-BhctH6b8hdA-unsplash-1365x2048.jpg 1365w, https:\/\/www.tele-radio.com\/app\/uploads\/mathias-reding-BhctH6b8hdA-unsplash-500x750.jpg 500w, https:\/\/www.tele-radio.com\/app\/uploads\/mathias-reding-BhctH6b8hdA-unsplash-333x500.jpg 333w, https:\/\/www.tele-radio.com\/app\/uploads\/mathias-reding-BhctH6b8hdA-unsplash-1067x1600.jpg 1067w, https:\/\/www.tele-radio.com\/app\/uploads\/mathias-reding-BhctH6b8hdA-unsplash-533x800.jpg 533w\" sizes=\"auto, (max-width: 1707px) 100vw, 1707px\" \/><div class=\"wp-block-cover__inner-container is-layout-flow wp-block-cover-is-layout-flow\"><div class=\"wp-block-image is-style-default\">\n<figure class=\"aligncenter size-full is-resized\"><img loading=\"lazy\" decoding=\"async\" width=\"256\" height=\"256\" src=\"https:\/\/www.tele-radio.com\/app\/uploads\/hook.png\" alt=\"\" class=\"wp-image-119949\" style=\"width:150px;height:150px\" srcset=\"https:\/\/www.tele-radio.com\/app\/uploads\/hook.png 256w, https:\/\/www.tele-radio.com\/app\/uploads\/hook-150x150.png 150w, https:\/\/www.tele-radio.com\/app\/uploads\/hook-250x250.png 250w\" sizes=\"auto, (max-width: 256px) 100vw, 256px\" \/><\/figure><\/div>\n\n\n<div class=\"wp-block-buttons is-horizontal is-content-justification-center is-layout-flex wp-container-core-buttons-is-layout-499968f5 wp-block-buttons-is-layout-flex\">\n<div class=\"wp-block-button\"><a class=\"wp-block-button__link has-black-color has-text-color has-background wp-element-button\" href=\"https:\/\/www.tele-radio.com\/nb\/konstruksjon\/\" style=\"border-radius:7px;background-color:#fabb00\"><strong>Konstruksjon<\/strong><\/a><\/div>\n<\/div>\n<\/div><\/div>\n<\/div>\n\n\n\n<div class=\"wp-block-column is-layout-flow wp-block-column-is-layout-flow\">\n<div class=\"wp-block-cover is-light\"><span aria-hidden=\"true\" class=\"wp-block-cover__background has-background-dim\"><\/span><img loading=\"lazy\" decoding=\"async\" width=\"1920\" height=\"2560\" class=\"wp-block-cover__image-background wp-image-119973\" alt=\"\" src=\"https:\/\/www.tele-radio.com\/app\/uploads\/edgar-moran-EW5tFsF6e4g-unsplash-1-scaled.jpg\" data-object-fit=\"cover\" srcset=\"https:\/\/www.tele-radio.com\/app\/uploads\/edgar-moran-EW5tFsF6e4g-unsplash-1-scaled.jpg 1920w, https:\/\/www.tele-radio.com\/app\/uploads\/edgar-moran-EW5tFsF6e4g-unsplash-1-300x400.jpg 300w, https:\/\/www.tele-radio.com\/app\/uploads\/edgar-moran-EW5tFsF6e4g-unsplash-1-900x1200.jpg 900w, https:\/\/www.tele-radio.com\/app\/uploads\/edgar-moran-EW5tFsF6e4g-unsplash-1-768x1024.jpg 768w, https:\/\/www.tele-radio.com\/app\/uploads\/edgar-moran-EW5tFsF6e4g-unsplash-1-1152x1536.jpg 1152w, https:\/\/www.tele-radio.com\/app\/uploads\/edgar-moran-EW5tFsF6e4g-unsplash-1-1536x2048.jpg 1536w, https:\/\/www.tele-radio.com\/app\/uploads\/edgar-moran-EW5tFsF6e4g-unsplash-1-563x750.jpg 563w, https:\/\/www.tele-radio.com\/app\/uploads\/edgar-moran-EW5tFsF6e4g-unsplash-1-375x500.jpg 375w, https:\/\/www.tele-radio.com\/app\/uploads\/edgar-moran-EW5tFsF6e4g-unsplash-1-1200x1600.jpg 1200w, https:\/\/www.tele-radio.com\/app\/uploads\/edgar-moran-EW5tFsF6e4g-unsplash-1-600x800.jpg 600w\" sizes=\"auto, (max-width: 1920px) 100vw, 1920px\" \/><div class=\"wp-block-cover__inner-container is-layout-flow wp-block-cover-is-layout-flow\"><div class=\"wp-block-image is-style-default\">\n<figure class=\"aligncenter size-full is-resized\"><img loading=\"lazy\" decoding=\"async\" width=\"256\" height=\"256\" src=\"https:\/\/www.tele-radio.com\/app\/uploads\/gate-1.png\" alt=\"\" class=\"wp-image-119997\" style=\"width:150px;height:150px\" srcset=\"https:\/\/www.tele-radio.com\/app\/uploads\/gate-1.png 256w, https:\/\/www.tele-radio.com\/app\/uploads\/gate-1-150x150.png 150w, https:\/\/www.tele-radio.com\/app\/uploads\/gate-1-250x250.png 250w\" sizes=\"auto, (max-width: 256px) 100vw, 256px\" \/><\/figure><\/div>\n\n\n<div class=\"wp-block-buttons is-horizontal is-content-justification-center is-layout-flex wp-container-core-buttons-is-layout-499968f5 wp-block-buttons-is-layout-flex\">\n<div class=\"wp-block-button\"><a class=\"wp-block-button__link has-black-color has-text-color has-background wp-element-button\" href=\"https:\/\/www.tele-radio.com\/nb\/annet\/\" style=\"border-radius:7px;background-color:#fabb00\"><strong>Annet<\/strong><\/a><\/div>\n<\/div>\n<\/div><\/div>\n<\/div>\n<\/div>\n","protected":false},"excerpt":{"rendered":"<p>APPLIKASJONER TELE RADIO INDUSTRIELL RADIOSTYRING VI HAR RADIOSTYRING FOR ENHVER APPLIKASJON Radiostyring fra Tele Radio brukes i mange industrier, spesielt der hvor ergonomi, p\u00e5litelighet og sikkerhet er kritiske faktorer. Vi tilbyr ende-til-ende produktl\u00f8sninger, teknologier og tjenester innen tr\u00e5dl\u00f8s utstyrskontroll og maskinkommunikasjon, hvor p\u00e5litelighet og sikkerhet er de viktigste avgj\u00f8rende faktorene. \u00c5 tilby l\u00f8sninger som vil [&hellip;]<\/p>\n","protected":false},"author":29,"featured_media":0,"parent":0,"menu_order":0,"comment_status":"closed","ping_status":"closed","template":"","meta":{"_acf_changed":false,"footnotes":""},"class_list":["post-122249","page","type-page","status-publish","hentry"],"acf":[],"_links":{"self":[{"href":"https:\/\/www.tele-radio.com\/nb\/wp-json\/wp\/v2\/pages\/122249","targetHints":{"allow":["GET"]}}],"collection":[{"href":"https:\/\/www.tele-radio.com\/nb\/wp-json\/wp\/v2\/pages"}],"about":[{"href":"https:\/\/www.tele-radio.com\/nb\/wp-json\/wp\/v2\/types\/page"}],"author":[{"embeddable":true,"href":"https:\/\/www.tele-radio.com\/nb\/wp-json\/wp\/v2\/users\/29"}],"replies":[{"embeddable":true,"href":"https:\/\/www.tele-radio.com\/nb\/wp-json\/wp\/v2\/comments?post=122249"}],"version-history":[{"count":14,"href":"https:\/\/www.tele-radio.com\/nb\/wp-json\/wp\/v2\/pages\/122249\/revisions"}],"predecessor-version":[{"id":218152,"href":"https:\/\/www.tele-radio.com\/nb\/wp-json\/wp\/v2\/pages\/122249\/revisions\/218152"}],"wp:attachment":[{"href":"https:\/\/www.tele-radio.com\/nb\/wp-json\/wp\/v2\/media?parent=122249"}],"curies":[{"name":"wp","href":"https:\/\/api.w.org\/{rel}","templated":true}]}}