{"id":115556,"date":"2022-09-29T08:24:48","date_gmt":"2022-09-29T08:24:48","guid":{"rendered":"https:\/\/www.tele-radio.com\/?page_id=115556"},"modified":"2022-09-29T09:05:33","modified_gmt":"2022-09-29T09:05:33","slug":"bedre-oversikt-og-sikkerhet-for-teleskoptruck-med-versateq-joysticksender","status":"publish","type":"page","link":"https:\/\/www.tele-radio.com\/nb\/bedre-oversikt-og-sikkerhet-for-teleskoptruck-med-versateq-joysticksender\/","title":{"rendered":"BEDRE OVERSIKT OG SIKKERHET FOR TELESKOPTRUCK MED VERSATEQ JOYSTICKSENDER"},"content":{"rendered":"\n<h1 class=\"wp-block-heading\"><strong>BEDRE OVERSIKT OG SIKKERHET FOR TELESKOPTRUCK MED VERSATEQ JOYSTICKSENDER<\/strong><\/h1>\n\n\n\n<div class=\"wp-block-image is-style-rounded\"><figure class=\"alignright size-large is-resized\"><img loading=\"lazy\" decoding=\"async\" src=\"https:\/\/www.tele-radio.com\/app\/uploads\/PM_TW57_T26B_0002-1200x1200.png\" alt=\"\" class=\"wp-image-114989\" width=\"309\" height=\"309\" srcset=\"https:\/\/www.tele-radio.com\/app\/uploads\/PM_TW57_T26B_0002-1200x1200.png 1200w, https:\/\/www.tele-radio.com\/app\/uploads\/PM_TW57_T26B_0002-400x400.png 400w, https:\/\/www.tele-radio.com\/app\/uploads\/PM_TW57_T26B_0002-150x150.png 150w, https:\/\/www.tele-radio.com\/app\/uploads\/PM_TW57_T26B_0002-768x768.png 768w, https:\/\/www.tele-radio.com\/app\/uploads\/PM_TW57_T26B_0002-1536x1536.png 1536w, https:\/\/www.tele-radio.com\/app\/uploads\/PM_TW57_T26B_0002-250x250.png 250w, https:\/\/www.tele-radio.com\/app\/uploads\/PM_TW57_T26B_0002-750x750.png 750w, https:\/\/www.tele-radio.com\/app\/uploads\/PM_TW57_T26B_0002-500x500.png 500w, https:\/\/www.tele-radio.com\/app\/uploads\/PM_TW57_T26B_0002-1600x1600.png 1600w, https:\/\/www.tele-radio.com\/app\/uploads\/PM_TW57_T26B_0002-800x800.png 800w, https:\/\/www.tele-radio.com\/app\/uploads\/PM_TW57_T26B_0002.png 1800w\" sizes=\"auto, (max-width: 309px) 100vw, 309px\" \/><\/figure><\/div>\n\n\n\n<p><em><em>Teleskoptrucken til selskapet Carlo Industrie, som ligger ved Stompetoren i Nederland, brukes til alle slags rivings-, konstruksjons- og renoveringsprosjekter. Eieren, Carlo K\u00f6hne, jobber alltid raskt og m\u00e5lrettet, derfor kj\u00f8pte han en skreddersydd radiostyring for rundt to \u00e5r siden. <a href=\"https:\/\/www.tele-radio.com\/nb\/versateq\/\">TW57 VersaTEQ joysticksender<\/a> med 6 proporsjonale spaker har vist seg \u00e5 v\u00e6re helt uunnv\u00e6rlig fordi den, bokstavelig talt, setter teleskoptrucken innen rekkevidde.<\/em><\/em><\/p>\n\n\n\n<p>N\u00e5r du flytter tung last p\u00e5 gafler, eller arbeider med plattformen til veggelementet, er teleskoptrucker perfekte maskiner for denne type jobber. Dessverre, har man som regel ikke god nok oversikt over arbeidet fra f\u00f8rerhuset. I alle fall ikke n\u00e5r du selv skal hjelpe til. I disse tilfellene har joysticksenderen vist seg \u00e5 v\u00e6re en genial l\u00f8sning. Carlo kan, med andre ord, enten bli v\u00e6rende i teleskoptrucken, eller velge \u00e5 g\u00e5 ut og styre den med radiostyring fra det stedet som gir absolutt best oversikt. Trykk opp, litt til h\u00f8yre, forleng litt til og senk lasten.<\/p>\n\n\n\n<div style=\"height:34px\" aria-hidden=\"true\" class=\"wp-block-spacer\"><\/div>\n\n\n\n<p>\u00ab\u00c5 styre teleskoptrucken fra sikker avstand ved hjelp av joysticksenderen er den ideelle m\u00e5ten.<\/p>\n\n\n\n<p>Du kan se hva du gj\u00f8r og s\u00f8rge for at du er i sikker avstand fra der det skjer.\u2019\u2019<\/p>\n\n\n\n<div style=\"height:62px\" aria-hidden=\"true\" class=\"wp-block-spacer\"><\/div>\n\n\n\n<h2 class=\"wp-block-heading\">Jobber fra sikker avstand<\/h2>\n\n\n\n<p>Carlo lar teleskoptrucken, praktisk talt, med rett og slett legge en tung last foran f\u00f8ttene, uansett hvor han er; p\u00e5 taket, inne i hallen eller ved siden av tippbilen i den store maskinparken.<\/p>\n\n\n\n<p>Enda viktigere er faktisk bruken av <a href=\"https:\/\/www.tele-radio.com\/nb\/versateq\/\">TW57 VersaTEQ joysticksenderen<\/a> under rivingsarbeid. Skader p\u00e5 teleskoptrucken fra en vegg som faller sammen er faktisk overkommelig, men \u00e5 skade en av de ansatte er utilgivelig. \u00c5 kunne styre teleskoptrucken fra sikker avstand ved hjelp av joysticksenderen er den beste m\u00e5ten. Du kan se hva du gj\u00f8r og s\u00f8rge for at du er p\u00e5 sikker avstand fra rivningsarbeidet. Bare riv i vei!<\/p>\n\n\n\n<h2 class=\"wp-block-heading\">Prosjekt for Containerbox.nl<\/h2>\n\n\n\n<p>Teleskoptrucken fra Carlo Industrie er en Manitou NRT 1850 turbo. Dette er en roterende teleskoptruck p\u00e5 ca. 11,5 tonn av tidligere generasjon. Den kan enkelt l\u00f8fte opptil 5 tonn til en h\u00f8yde p\u00e5 omtrent 18 meter. Bildene ble tatt under et prosjekt for Containerbox.nl, en utleier av midlertidig lagringsplass for enkeltpersoner og bedrifter. Det er stor ettersp\u00f8rsel etter dette, s\u00e5 Carlo Industrie f\u00e5r ta seg av utvidelsen i byen Alkmaar. P\u00e5 den ene siden betyr dette oppussing av bokser i en eksisterende hall, p\u00e5 den andre siden riving av den utdaterte hallen ved siden av slik at det kan bygges nytt der.<\/p>\n\n\n\n<h2 class=\"wp-block-heading\">Innovative l\u00f8sninger<\/h2>\n\n\n\n<p>Senderen som brukes hos Carlo Industrie er en <a href=\"https:\/\/www.tele-radio.com\/nb\/versateq\/\">TW57 VersaTEQ joysticksender<\/a> fra Tele Radio med 6 proporsjonale spaker. Joysticksenderen er rundt 24cm bred og utstyrt med h\u00e5ndtak som f\u00f8lger den naturlige kurven i hendene. Spakene er enkle \u00e5 operere og \u00e5pner for mange funksjoner. For \u00e5 ta s\u00f8rge for best sikkerhet, er hver VersaTEQ sender utstyrt med en uavhengig sertifisert PLd+Cat3 stoppknapp.<\/p>\n\n\n\n<p>\u00d8nsker du \u00e5 vite mer om Tele Radio sitt store utvalg av joysticksendere og alle mulighetene? <a href=\"https:\/\/www.tele-radio.com\/nb\/joysticksendere\/\">Klikk her.<\/a><\/p>\n\n\n\n<div class=\"wp-block-buttons is-layout-flex wp-block-buttons-is-layout-flex\">\n<div class=\"wp-block-button\"><a class=\"wp-block-button__link has-black-color has-luminous-vivid-amber-background-color has-text-color has-background\" href=\"https:\/\/www.tele-radio.com\/nb\/kontakt-oss\/\" style=\"border-radius:12px\"><strong>Kontakt oss <\/strong><\/a><\/div>\n<\/div>\n\n\n\n<p><\/p>\n","protected":false},"excerpt":{"rendered":"<p>BEDRE OVERSIKT OG SIKKERHET FOR TELESKOPTRUCK MED VERSATEQ JOYSTICKSENDER Teleskoptrucken til selskapet Carlo Industrie, som ligger ved Stompetoren i Nederland, brukes til alle slags rivings-, konstruksjons- og renoveringsprosjekter. Eieren, Carlo K\u00f6hne, jobber alltid raskt og m\u00e5lrettet, derfor kj\u00f8pte han en skreddersydd radiostyring for rundt to \u00e5r siden. TW57 VersaTEQ joysticksender med 6 proporsjonale spaker har [&hellip;]<\/p>\n","protected":false},"author":18,"featured_media":114928,"parent":0,"menu_order":0,"comment_status":"closed","ping_status":"closed","template":"","meta":{"_acf_changed":false,"footnotes":""},"class_list":["post-115556","page","type-page","status-publish","has-post-thumbnail","hentry"],"acf":[],"_links":{"self":[{"href":"https:\/\/www.tele-radio.com\/nb\/wp-json\/wp\/v2\/pages\/115556","targetHints":{"allow":["GET"]}}],"collection":[{"href":"https:\/\/www.tele-radio.com\/nb\/wp-json\/wp\/v2\/pages"}],"about":[{"href":"https:\/\/www.tele-radio.com\/nb\/wp-json\/wp\/v2\/types\/page"}],"author":[{"embeddable":true,"href":"https:\/\/www.tele-radio.com\/nb\/wp-json\/wp\/v2\/users\/18"}],"replies":[{"embeddable":true,"href":"https:\/\/www.tele-radio.com\/nb\/wp-json\/wp\/v2\/comments?post=115556"}],"version-history":[{"count":14,"href":"https:\/\/www.tele-radio.com\/nb\/wp-json\/wp\/v2\/pages\/115556\/revisions"}],"predecessor-version":[{"id":115578,"href":"https:\/\/www.tele-radio.com\/nb\/wp-json\/wp\/v2\/pages\/115556\/revisions\/115578"}],"wp:featuredmedia":[{"embeddable":true,"href":"https:\/\/www.tele-radio.com\/nb\/wp-json\/wp\/v2\/media\/114928"}],"wp:attachment":[{"href":"https:\/\/www.tele-radio.com\/nb\/wp-json\/wp\/v2\/media?parent=115556"}],"curies":[{"name":"wp","href":"https:\/\/api.w.org\/{rel}","templated":true}]}}