{"id":108635,"date":"2022-07-06T11:27:23","date_gmt":"2022-07-06T11:27:23","guid":{"rendered":"https:\/\/www.tele-radio.com\/?page_id=108635"},"modified":"2022-07-06T13:03:29","modified_gmt":"2022-07-06T13:03:29","slug":"custom-line-sendere","status":"publish","type":"page","link":"https:\/\/www.tele-radio.com\/nb\/custom-line-sendere\/","title":{"rendered":"CUSTOM LINE SENDERE"},"content":{"rendered":"\n<h1 class=\"wp-block-heading\">CUSTOM LINE SENDERE<\/h1>\n\n\n\n<div style=\"height:24px\" aria-hidden=\"true\" class=\"wp-block-spacer\"><\/div>\n\n\n\n<div class=\"wp-block-cover has-background-dim-10 has-black-background-color has-background-dim\" style=\"min-height:698px;aspect-ratio:unset;\"><img loading=\"lazy\" decoding=\"async\" width=\"2560\" height=\"1707\" class=\"wp-block-cover__image-background wp-image-106791\" alt=\"\" src=\"https:\/\/www.tele-radio.com\/app\/uploads\/TW78_4-scaled.jpg\" data-object-fit=\"cover\" srcset=\"https:\/\/www.tele-radio.com\/app\/uploads\/TW78_4-scaled.jpg 2560w, https:\/\/www.tele-radio.com\/app\/uploads\/TW78_4-400x267.jpg 400w, https:\/\/www.tele-radio.com\/app\/uploads\/TW78_4-1200x800.jpg 1200w, https:\/\/www.tele-radio.com\/app\/uploads\/TW78_4-768x512.jpg 768w, https:\/\/www.tele-radio.com\/app\/uploads\/TW78_4-1536x1024.jpg 1536w\" sizes=\"auto, (max-width: 2560px) 100vw, 2560px\" \/><div class=\"wp-block-cover__inner-container is-layout-flow wp-block-cover-is-layout-flow\">\n<h2 class=\"has-text-align-center has-large-font-size wp-block-heading\">Skreddersydd til den minste detalj<\/h2>\n<\/div><\/div>\n\n\n\n<div style=\"height:37px\" aria-hidden=\"true\" class=\"wp-block-spacer\"><\/div>\n\n\n\n<h2 class=\"wp-block-heading\"><meta charset=\"utf-8\">For VERSATEQ og SUPRATEQ modellene<\/h2>\n\n\n\n<p>P\u00e5 grunn av den modul\u00e6re oppbyggingen av b\u00e5de VersaTEQ og SupraTEQ, er fleksibiliteten til disse produktene ekstrem. Du starter med valg av kapsling; den store SupraTEQ eller mellomversjonen VersaTEQ. Deretter kan du velge mellom en lang rekke tekniske muligheter p\u00e5 innsiden av kapslingen. Alle sendere kan konfigureres til dine eksakte spesifikasjoner. I tillegg til de tekniske alternativene, er alle tenkelige standard kontrollelementer mulig, helt ned til siste knapp, joystick eller spak. Frontplaten kan tilpasses med enten fullfargetrykk eller gravert, valget er ditt.<\/p>\n\n\n\n<p>De kompakte mottakerne kan ogs\u00e5 tilpasses dine \u00f8nsker: flere programmerbare inn- og utganger, flere Fieldbus-protokoller, alle inn- og utganger er programmerbare. Ekstern antenne og tilpasset kobling er ogs\u00e5 mulig.<\/p>\n\n\n\n<p>Ditt Custom Line joysticksystem passer s\u00f8ml\u00f8st til dine behov. Det er bare noe av det som gj\u00f8r VersaTEQ- og SupraTEQ-systemene s\u00e5 fleksible.<\/p>\n\n\n\n<div style=\"height:33px\" aria-hidden=\"true\" class=\"wp-block-spacer\"><\/div>\n\n\n\n<h2 class=\"has-text-align-center has-luminous-vivid-amber-color has-black-background-color has-text-color has-background has-large-font-size wp-block-heading\">OPPLEV FLEKSIBILITETEN TIL V\u00c5RE SKREDDERSYDDE JOYSTICKSYSTEMER<\/h2>\n\n\n\n<div style=\"height:39px\" aria-hidden=\"true\" class=\"wp-block-spacer\"><\/div>\n\n\n\n<h2 class=\"has-text-align-center wp-block-heading\">VELG DIN KAPSLING<\/h2>\n\n\n\n<div style=\"height:46px\" aria-hidden=\"true\" class=\"wp-block-spacer\"><\/div>\n\n\n\n<figure class=\"wp-block-table is-style-stripes\"><table class=\"has-black-color has-luminous-vivid-amber-background-color has-text-color has-background\"><thead><tr><th class=\"has-text-align-center\" data-align=\"center\"><meta charset=\"utf-8\"><strong>VersaTEQ TW57<\/strong><\/th><th class=\"has-text-align-center\" data-align=\"center\"><meta charset=\"utf-8\"><strong>SupraTEQ TW77<\/strong><\/th><th class=\"has-text-align-center\" data-align=\"center\"><meta charset=\"utf-8\"><strong>SupraTEQ TW78<\/strong><\/th><\/tr><\/thead><tbody><tr><td class=\"has-text-align-center\" data-align=\"center\">24 cm<\/td><td class=\"has-text-align-center\" data-align=\"center\">33 cm<\/td><td class=\"has-text-align-center\" data-align=\"center\">33 cm<\/td><\/tr><tr><td class=\"has-text-align-center\" data-align=\"center\">320 x 240 px skjerm<\/td><td class=\"has-text-align-center\" data-align=\"center\">320 x 240 px skjerm<\/td><td class=\"has-text-align-center\" data-align=\"center\">480 x 272 px skjerm<\/td><\/tr><\/tbody><\/table><\/figure>\n\n\n\n<div style=\"height:68px\" aria-hidden=\"true\" class=\"wp-block-spacer\"><\/div>\n\n\n\n<h2 class=\"has-text-align-center wp-block-heading\">DINE TILPASNINGSMULIGHETER<\/h2>\n\n\n\n<div style=\"height:67px\" aria-hidden=\"true\" class=\"wp-block-spacer\"><\/div>\n\n\n\n<div class=\"wp-block-image\"><figure class=\"aligncenter size-large is-resized\"><img loading=\"lazy\" decoding=\"async\" src=\"https:\/\/www.tele-radio.com\/app\/uploads\/\/PUMA_CUSTOM_OPTIONS-1200x632.png\" alt=\"UPPT\u00c4CK FLEXIBLITETEN MED V\u00c5RA PUMA\u00a0CUSTOM LINE-S\u00c4NDARE\" class=\"wp-image-42772\" width=\"680\" height=\"358\" srcset=\"https:\/\/www.tele-radio.com\/app\/uploads\/PUMA_CUSTOM_OPTIONS-1200x632.png 1200w, https:\/\/www.tele-radio.com\/app\/uploads\/PUMA_CUSTOM_OPTIONS-400x211.png 400w, https:\/\/www.tele-radio.com\/app\/uploads\/PUMA_CUSTOM_OPTIONS-768x405.png 768w, https:\/\/www.tele-radio.com\/app\/uploads\/PUMA_CUSTOM_OPTIONS-750x395.png 750w, https:\/\/www.tele-radio.com\/app\/uploads\/PUMA_CUSTOM_OPTIONS-500x264.png 500w, https:\/\/www.tele-radio.com\/app\/uploads\/PUMA_CUSTOM_OPTIONS-1600x843.png 1600w, https:\/\/www.tele-radio.com\/app\/uploads\/PUMA_CUSTOM_OPTIONS-800x422.png 800w, https:\/\/www.tele-radio.com\/app\/uploads\/PUMA_CUSTOM_OPTIONS.png 2000w\" sizes=\"auto, (max-width: 680px) 100vw, 680px\" \/><\/figure><\/div>\n\n\n\n<div style=\"height:28px\" aria-hidden=\"true\" class=\"wp-block-spacer\"><\/div>\n\n\n\n<div class=\"wp-block-image\"><figure class=\"aligncenter size-large is-resized\"><img loading=\"lazy\" decoding=\"async\" src=\"https:\/\/www.tele-radio.com\/app\/uploads\/\/icons_banner_UK-1200x266.jpg\" alt=\"\" width=\"537\" height=\"119\"\/><\/figure><\/div>\n\n\n\n<div style=\"height:100px\" aria-hidden=\"true\" class=\"wp-block-spacer\"><\/div>\n\n\n\n<figure class=\"wp-block-table\"><table><tbody><tr><td><img decoding=\"async\" src=\"https:\/\/www.tele-radio.com\/app\/uploads\/PM_PM_HY-T24_0002.jpg\" alt=\"\" style=\"width: 500px;\"><\/td><td><span style=\"text-decoration: underline;\"><strong>Fleksibel<\/strong><br><\/span><br>Med Custom Line kan vi tilby enest\u00e5ende muligheter innen programvarejusteringer. I samr\u00e5d med v\u00e5r salgsavdeling, bestemmer du \u00f8nsket funksjonalitet til systemet. Systemet blir skreddersydd til dine \u00f8nsker og mulighetene til maskinen, kranen, kj\u00f8ret\u00f8yet, fart\u00f8yet etc.<br>For eksempel er det mulig \u00e5 vise tilbakemeldingssignalene til applikasjonen din p\u00e5 skjermen. Det er mange muligheter for innstillinger av styringen fra sender til din maskin. LCD-skjermen kan designes etter dine \u00f8nsker. Ogs\u00e5 ditt firmadesign kan integreres i systemet. Signaler kan vises som grafer, det er mulig med animasjoner og mye mer.<\/td><\/tr><\/tbody><\/table><\/figure>\n\n\n\n<figure class=\"wp-block-table\"><table><tbody><tr><td><img decoding=\"async\" src=\"https:\/\/www.tele-radio.com\/app\/uploads\/PM_PM_HY-T24_0006.jpg\" alt=\"\" style=\"width: 603px;\"><\/td><td><strong><span style=\"text-decoration: underline;\">Hardware tilpasninger<br><\/span><\/strong><br>I tillegg til valg av vanlig eller stor st\u00f8rrelse p\u00e5 kapslingen til senderen, kan mye av hardwaren tilpasses dine \u00f8nsker og behov. Tele Radio joysticksendere er forberedt for mange spesialfunksjoner.<br>For eksempel kan h\u00e5ndtakene p\u00e5 senderen utstyres med LED-belysning som lyser opp frontplaten og kontrollelementene i m\u00f8rket. En vibrasjonsmotor kan installeres for et f\u00f8lbart tilbakemeldingssignal. Montering av en fysisk l\u00e5s p\u00e5 senderen er ogs\u00e5 et alternativ. Mottakeren kan selvf\u00f8lgelig ogs\u00e5 tilpasses dine \u00f8nsker. Den kan utstyres med en intern eller ekstern antenne, en aktiv antenne, ekstra releer, BUS-moduler eller en spesiell type kabling.<\/td><\/tr><\/tbody><\/table><\/figure>\n\n\n\n<figure class=\"wp-block-table\"><table><tbody><tr><td><img decoding=\"async\" src=\"https:\/\/www.tele-radio.com\/app\/uploads\/PM_PM_HY-T24_0004-1.jpg\" alt=\"\" style=\"width: 500px;\"><\/td><td><strong><span style=\"text-decoration: underline;\">Kontrollelementer<\/span><\/strong><br><br>Kontrollelementene bestemmer i stor grad hvor enkelt du kan betjene maskinen, enheten, kj\u00f8ret\u00f8yet eller fart\u00f8yet. Det er viktig \u00e5 velge og stille inn komponentene n\u00f8ye. Vi har et bredt utvalg av kontrollelementer \u00e5 velge mellom.<br>Vi kan bygge opp senderen din med ulike typer styrespaker med eller uten knapp p\u00e5 toppen, det er ogs\u00e5 mulig med spaker, (trykk)brytere med flere posisjoner, vippebrytere, potensiometre etc. Noen kontrollelementer kan utstyres med innebygd LED eller LED-indikator ved siden av knappen i frontplaten. Knappene kan ogs\u00e5 leveres med spesielle farger for intuitiv betjening.<\/td><\/tr><\/tbody><\/table><\/figure>\n\n\n\n<figure class=\"wp-block-table\"><table><tbody><tr><td><img decoding=\"async\" src=\"https:\/\/www.tele-radio.com\/app\/uploads\/PH_PM_HY-T24_0016.jpg\" alt=\"\" style=\"width: 449px;\"><\/td><td><strong><span style=\"text-decoration: underline;\">Frontplate<br><\/span><\/strong><br>Senderens frontplate er en s\u00e6regen del av Custom Line. Ved \u00e5 designe og produsere frontplaten etter dine behov, \u00f8ker senderen brukervennlighet og utseende. Du kan vise frem din egen bedriftsidentitet p\u00e5 frontplaten. Med riktige indikasjoner og ikoner p\u00e5 frontplaten sikrer du en mer effektiv og tryggere bruk.<br>Frontplaten kan trykkes eller graveres. Det er full frihet med hensyn til type ikoner, logoer, fonter osv. Frontplaten er som resten av senderen sv\u00e6rt motstandsdyktig mot smuss, v\u00e6sker, fett osv. V\u00e5r salgsavdeling gir deg gjerne r\u00e5d p\u00e5 et best mulig system.<\/td><\/tr><\/tbody><\/table><\/figure>\n\n\n\n<figure class=\"wp-block-table\"><table><tbody><tr><td><img decoding=\"async\" src=\"https:\/\/www.tele-radio.com\/app\/uploads\/Certificaten.jpg\" alt=\"\" style=\"width: 348px;\"><\/td><td><strong><span style=\"text-decoration: underline;\">Sertifikasjoner<\/span><\/strong><br><br>Tele Radio-systemene brukes ofte i h\u00f8yrisikoomr\u00e5der. I disse situasjonene b\u00f8r du alltid kunne stole p\u00e5 sikkerheten til systemet. I en n\u00f8dssituasjon skal stoppknappen med sikkerhetsrel\u00e9er gj\u00f8re det den er designet for;  nemlig stoppe applikasjonen din!<br>P\u00e5liteligheten til senderens stoppknapp vises i ulike, offisielt definerte, sikkerhetsniv\u00e5er&nbsp;(SIL3, PLd, PLe, CAT3, etc.). Den uavhengige sertifiseringen som Tele Radio oppn\u00e5dde for disse sikkerhetsniv\u00e5ene er unik.<br>Custom Line kan utstyres med \u00f8nsket sikkerhetsniv\u00e5. P\u00e5 denne m\u00e5ten kan systemet brukes trygt under alle omstendigheter.<\/td><\/tr><\/tbody><\/table><\/figure>\n\n\n\n<div style=\"height:71px\" aria-hidden=\"true\" class=\"wp-block-spacer\"><\/div>\n\n\n\n<h2 class=\"has-text-align-center has-luminous-vivid-amber-color has-black-background-color has-text-color has-background wp-block-heading\"> EKSTRAVERDIEN VED V\u00c5RE PRODUKTER <\/h2>\n\n\n\n<div style=\"height:50px\" aria-hidden=\"true\" class=\"wp-block-spacer\"><\/div>\n\n\n\n<div class=\"wp-block-image is-style-rounded\"><figure class=\"alignleft size-full is-resized\"><img loading=\"lazy\" decoding=\"async\" src=\"https:\/\/www.tele-radio.com\/app\/uploads\/Contact-1.png\" alt=\"\" class=\"wp-image-106305\" width=\"111\" height=\"111\" srcset=\"https:\/\/www.tele-radio.com\/app\/uploads\/Contact-1.png 417w, https:\/\/www.tele-radio.com\/app\/uploads\/Contact-1-400x400.png 400w, https:\/\/www.tele-radio.com\/app\/uploads\/Contact-1-150x150.png 150w, https:\/\/www.tele-radio.com\/app\/uploads\/Contact-1-250x250.png 250w\" sizes=\"auto, (max-width: 111px) 100vw, 111px\" \/><\/figure><\/div>\n\n\n\n<p><strong> <strong>Gode r\u00e5d og veiledning fra v\u00e5r salgsavdeling<\/strong> <\/strong><\/p>\n\n\n\n<p> <a href=\"https:\/\/www.tele-radio.com\/nb\/kontakt-oss\/\">Ta kontakt<\/a> med oss for hjelp og r\u00e5d til \u00e5 finne den beste radiostyringen for din applikasjon.&nbsp; <\/p>\n\n\n\n<p><\/p>\n\n\n\n<p><\/p>\n\n\n\n<div style=\"height:15px\" aria-hidden=\"true\" class=\"wp-block-spacer\"><\/div>\n\n\n\n<div class=\"wp-block-image is-style-rounded\"><figure class=\"alignleft is-resized\"><img loading=\"lazy\" decoding=\"async\" src=\"https:\/\/www.tele-radio.com\/app\/uploads\/Signaal2.png\" alt=\"\" class=\"wp-image-40681\" width=\"111\" height=\"111\" srcset=\"https:\/\/www.tele-radio.com\/app\/uploads\/Signaal2.png 162w, https:\/\/www.tele-radio.com\/app\/uploads\/Signaal2-150x150.png 150w\" sizes=\"auto, (max-width: 111px) 100vw, 111px\" \/><\/figure><\/div>\n\n\n\n<h3 class=\"wp-block-heading\"><strong> <strong>Egen teknisk avdeling<\/strong> <\/strong><\/h3>\n\n\n\n<p> Tele Radio har egen Service- og Supportavdeling  for support og reparasjoner. <\/p>\n\n\n\n<p><\/p>\n\n\n\n<p><\/p>\n\n\n\n<div style=\"height:15px\" aria-hidden=\"true\" class=\"wp-block-spacer\"><\/div>\n\n\n\n<div class=\"wp-block-image is-style-rounded\"><figure class=\"alignleft is-resized\"><img loading=\"lazy\" decoding=\"async\" src=\"https:\/\/www.tele-radio.com\/app\/uploads\/Icon_safety.png\" alt=\"\" class=\"wp-image-42940\" width=\"111\" height=\"111\" srcset=\"https:\/\/www.tele-radio.com\/app\/uploads\/Icon_safety.png 162w, https:\/\/www.tele-radio.com\/app\/uploads\/Icon_safety-150x150.png 150w\" sizes=\"auto, (max-width: 111px) 100vw, 111px\" \/><\/figure><\/div>\n\n\n\n<h3 class=\"wp-block-heading\"><strong> <strong>V\u00e5re uavhengige sikkerhetssertifikat<\/strong> <\/strong><\/h3>\n\n\n\n<p> For alle Tele Radio-produkter med sikkerhetssertifisering, kan vi gi deg godkjenningsrapportene fra den uavhengige testmyndigheten. Les mer om det&nbsp;<a href=\"https:\/\/www.tele-radio.com\/nb\/iso-sertifiseringer\/\">HER<\/a>. <\/p>\n\n\n\n<p><\/p>\n\n\n\n<p><\/p>\n\n\n\n<p><\/p>\n\n\n\n<div style=\"height:55px\" aria-hidden=\"true\" class=\"wp-block-spacer\"><\/div>\n\n\n\n<div class=\"wp-block-columns is-layout-flex wp-container-core-columns-is-layout-9d6595d7 wp-block-columns-is-layout-flex\">\n<div class=\"wp-block-column is-layout-flow wp-block-column-is-layout-flow\">\n<div class=\"wp-block-image is-style-default\"><figure class=\"aligncenter size-full\"><a href=\"https:\/\/www.tele-radio.com\/nb\/suprateq\/\"><img loading=\"lazy\" decoding=\"async\" width=\"343\" height=\"349\" src=\"https:\/\/www.tele-radio.com\/app\/uploads\/Suprateq.png\" alt=\"\" class=\"wp-image-109143\"\/><\/a><\/figure><\/div>\n<\/div>\n\n\n\n<div class=\"wp-block-column is-layout-flow wp-block-column-is-layout-flow\">\n<div class=\"wp-block-image is-style-default\"><figure class=\"aligncenter size-full\"><a href=\"https:\/\/www.tele-radio.com\/nb\/versateq\/\"><img loading=\"lazy\" decoding=\"async\" width=\"343\" height=\"343\" src=\"https:\/\/www.tele-radio.com\/app\/uploads\/Versateq.png\" alt=\"\" class=\"wp-image-109166\" srcset=\"https:\/\/www.tele-radio.com\/app\/uploads\/Versateq.png 343w, https:\/\/www.tele-radio.com\/app\/uploads\/Versateq-150x150.png 150w, https:\/\/www.tele-radio.com\/app\/uploads\/Versateq-250x250.png 250w\" sizes=\"auto, (max-width: 343px) 100vw, 343px\" \/><\/a><\/figure><\/div>\n<\/div>\n<\/div>\n","protected":false},"excerpt":{"rendered":"<p>CUSTOM LINE SENDERE For VERSATEQ og SUPRATEQ modellene P\u00e5 grunn av den modul\u00e6re oppbyggingen av b\u00e5de VersaTEQ og SupraTEQ, er fleksibiliteten til disse produktene ekstrem. Du starter med valg av kapsling; den store SupraTEQ eller mellomversjonen VersaTEQ. Deretter kan du velge mellom en lang rekke tekniske muligheter p\u00e5 innsiden av kapslingen. Alle sendere kan konfigureres [&hellip;]<\/p>\n","protected":false},"author":18,"featured_media":0,"parent":0,"menu_order":0,"comment_status":"closed","ping_status":"closed","template":"","meta":{"_acf_changed":false,"footnotes":""},"class_list":["post-108635","page","type-page","status-publish","hentry"],"acf":[],"_links":{"self":[{"href":"https:\/\/www.tele-radio.com\/nb\/wp-json\/wp\/v2\/pages\/108635","targetHints":{"allow":["GET"]}}],"collection":[{"href":"https:\/\/www.tele-radio.com\/nb\/wp-json\/wp\/v2\/pages"}],"about":[{"href":"https:\/\/www.tele-radio.com\/nb\/wp-json\/wp\/v2\/types\/page"}],"author":[{"embeddable":true,"href":"https:\/\/www.tele-radio.com\/nb\/wp-json\/wp\/v2\/users\/18"}],"replies":[{"embeddable":true,"href":"https:\/\/www.tele-radio.com\/nb\/wp-json\/wp\/v2\/comments?post=108635"}],"version-history":[{"count":9,"href":"https:\/\/www.tele-radio.com\/nb\/wp-json\/wp\/v2\/pages\/108635\/revisions"}],"predecessor-version":[{"id":109420,"href":"https:\/\/www.tele-radio.com\/nb\/wp-json\/wp\/v2\/pages\/108635\/revisions\/109420"}],"wp:attachment":[{"href":"https:\/\/www.tele-radio.com\/nb\/wp-json\/wp\/v2\/media?parent=108635"}],"curies":[{"name":"wp","href":"https:\/\/api.w.org\/{rel}","templated":true}]}}