{"id":108486,"date":"2022-07-06T11:24:40","date_gmt":"2022-07-06T11:24:40","guid":{"rendered":"https:\/\/www.tele-radio.com\/?page_id=108486"},"modified":"2022-07-06T13:01:48","modified_gmt":"2022-07-06T13:01:48","slug":"versateq","status":"publish","type":"page","link":"https:\/\/www.tele-radio.com\/nb\/versateq\/","title":{"rendered":"VERSATEQ"},"content":{"rendered":"\n<div style=\"height:11px\" aria-hidden=\"true\" class=\"wp-block-spacer\"><\/div>\n\n\n\n<div class=\"wp-block-image is-style-rounded\"><figure class=\"alignright size-large is-resized\"><img loading=\"lazy\" decoding=\"async\" src=\"https:\/\/www.tele-radio.com\/app\/uploads\/\/VersaTEQ_Collage-1200x1200.jpg\" alt=\"\" class=\"wp-image-106602\" width=\"426\" height=\"426\" srcset=\"https:\/\/www.tele-radio.com\/app\/uploads\/VersaTEQ_Collage.jpg 1200w, https:\/\/www.tele-radio.com\/app\/uploads\/VersaTEQ_Collage-400x400.jpg 400w, https:\/\/www.tele-radio.com\/app\/uploads\/VersaTEQ_Collage-150x150.jpg 150w, https:\/\/www.tele-radio.com\/app\/uploads\/VersaTEQ_Collage-768x768.jpg 768w, https:\/\/www.tele-radio.com\/app\/uploads\/VersaTEQ_Collage-250x250.jpg 250w, https:\/\/www.tele-radio.com\/app\/uploads\/VersaTEQ_Collage-750x750.jpg 750w, https:\/\/www.tele-radio.com\/app\/uploads\/VersaTEQ_Collage-500x500.jpg 500w, https:\/\/www.tele-radio.com\/app\/uploads\/VersaTEQ_Collage-800x800.jpg 800w\" sizes=\"auto, (max-width: 426px) 100vw, 426px\" \/><\/figure><\/div>\n\n\n\n<h1 class=\"has-huge-font-size wp-block-heading\">VERSATEQ<\/h1>\n\n\n\n<h2 class=\"wp-block-heading\"><strong>V\u00e5r multifunksjonelle joysticksender<\/strong><\/h2>\n\n\n\n<p>V\u00e5r innovative mellomstore l\u00f8sning for joysticksendere med en jevn og ergonomisk design. Senderen er 24 centimeter bred. Utstyrt med h\u00e5ndtak som f\u00f8lger de naturlige kurvene til hendene. For din sikkerhet, er hver av <strong>VersaTEQ<\/strong>-sendere utstyrt med en uavhengig sertifisert PLd+Cat3-stoppfunksjon. <strong>VersaTEQ <\/strong>er robust, allsidig og fleksibel for mange operasjoner. Basert p\u00e5 60 \u00e5rs kunnskap utviklet Tele Radio denne produktserien for hydrauliske, mobile og industrielle applikasjoner.<\/p>\n\n\n\n<div style=\"height:11px\" aria-hidden=\"true\" class=\"wp-block-spacer\"><\/div>\n\n\n\n<h2 class=\"has-text-align-center has-large-font-size wp-block-heading\">UNIK TEKNOLOGI<\/h2>\n\n\n\n<p> Vi har troen p\u00e5 innovasjon. Tele Radio har utviklet ulike applikasjoner som lar deg bedre betjene og kontrollere utstyret ditt ved hjelp av den nyeste teknologien. Tele Radio <strong>VersaTEQ <\/strong>har blant annet f\u00f8lgende spesialfunksjoner og muligheter. <\/p>\n\n\n\n<div class=\"wp-block-image is-style-rounded\"><figure class=\"alignleft is-resized\"><img loading=\"lazy\" decoding=\"async\" src=\"https:\/\/www.tele-radio.com\/app\/uploads\/Webpaginaopbouw_Puma-1.png\" alt=\"\" class=\"wp-image-38105\" width=\"110\" height=\"110\" srcset=\"https:\/\/www.tele-radio.com\/app\/uploads\/Webpaginaopbouw_Puma-1.png 162w, https:\/\/www.tele-radio.com\/app\/uploads\/Webpaginaopbouw_Puma-1-150x150.png 150w\" sizes=\"auto, (max-width: 110px) 100vw, 110px\" \/><\/figure><\/div>\n\n\n\n<h3 class=\"wp-block-heading\">Aktiv antenne<\/h3>\n\n\n\n<p> Den aktive antennen kan ogs\u00e5 fungere som en frittst\u00e5ende repeater. Dette \u00f8ker rekkevidden mellom sender og mottaker betydelig. Det gj\u00f8r det mulig \u00e5 bruke dette systemet under sv\u00e6rt krevende forhold, som gruvedrift, i fjellomr\u00e5der eller i store bygninger, uten \u00e5 miste signal. <\/p>\n\n\n\n<p><\/p>\n\n\n\n<div style=\"height:20px\" aria-hidden=\"true\" class=\"wp-block-spacer\"><\/div>\n\n\n\n<div class=\"wp-block-image is-style-rounded\"><figure class=\"alignleft is-resized\"><img loading=\"lazy\" decoding=\"async\" src=\"https:\/\/www.tele-radio.com\/app\/uploads\/RFID-ICON.png\" alt=\"\" class=\"wp-image-38126\" width=\"110\" height=\"110\" srcset=\"https:\/\/www.tele-radio.com\/app\/uploads\/RFID-ICON.png 162w, https:\/\/www.tele-radio.com\/app\/uploads\/RFID-ICON-150x150.png 150w\" sizes=\"auto, (max-width: 110px) 100vw, 110px\" \/><\/figure><\/div>\n\n\n\n<h3 class=\"wp-block-heading\">RFID-kontroll<\/h3>\n\n\n\n<p> Tele Radio <strong>VersaTEQ<\/strong>-produktene er standard utstyrt med RFID, dette er en tr\u00e5dl\u00f8s m\u00e5te for gjenkjenning av en unik kode for systemet, produktet eller brukeren. Innstillingene til en bruker kan lagres p\u00e5 et smartkort med RFID som gjenkjennes av systemet under bruk. Ulike brukerniv\u00e5er kan settes opp. <\/p>\n\n\n\n<div style=\"height:21px\" aria-hidden=\"true\" class=\"wp-block-spacer\"><\/div>\n\n\n\n<div class=\"wp-block-image is-style-rounded\"><figure class=\"alignleft is-resized\"><img loading=\"lazy\" decoding=\"async\" src=\"https:\/\/www.tele-radio.com\/app\/uploads\/BUS-Systemen.png\" alt=\"\" class=\"wp-image-38147\" width=\"110\" height=\"110\" srcset=\"https:\/\/www.tele-radio.com\/app\/uploads\/BUS-Systemen.png 162w, https:\/\/www.tele-radio.com\/app\/uploads\/BUS-Systemen-150x150.png 150w\" sizes=\"auto, (max-width: 110px) 100vw, 110px\" \/><\/figure><\/div>\n\n\n\n<h3 class=\"wp-block-heading\">BUS-systemer<\/h3>\n\n\n\n<p> For \u00e5 m\u00f8te gjeldende industristandarder, er Tele Radio <strong>VersaTEQ<\/strong>-senderne kompatible med et bredt spekter av BUS-systemer. Et problemfritt samarbeid med programvaren til maskinen din kan, med andre ord, settes opp. Tele Radio <strong>VersaTEQ<\/strong>-senderne kan h\u00e5ndtere CANOPEN, MODBUS og SAE J1939. <\/p>\n\n\n\n<div style=\"height:75px\" aria-hidden=\"true\" class=\"wp-block-spacer\"><\/div>\n\n\n\n<div class=\"wp-block-columns is-layout-flex wp-container-core-columns-is-layout-9d6595d7 wp-block-columns-is-layout-flex\">\n<div class=\"wp-block-column is-layout-flow wp-block-column-is-layout-flow\">\n<div class=\"wp-block-cover has-luminous-vivid-amber-background-color has-background-dim\" style=\"min-height:472px;aspect-ratio:unset;\"><div class=\"wp-block-cover__inner-container is-layout-flow wp-block-cover-is-layout-flow\">\n<p class=\"has-black-color has-text-color has-medium-font-size\">Avhengig av din applikasjon kan du enten velge en av de to <strong>VersaTEQ<\/strong> Basic Line-modellene eller velge en Custom Line-l\u00f8sning. Dette gir deg full frihet til \u00e5 konfigurere maskinvaren og programvaren i denne senderen og de tilh\u00f8rende mottakerne. V\u00e5r salgsavdeling ved Tele Radio Norge kan gi deg r\u00e5d om den beste l\u00f8sningen for din applikasjon.<\/p>\n\n\n\n<p class=\"has-black-color has-text-color has-medium-font-size\"><strong>VERSATEQ BASIC SPESIFIKASJON<\/strong><\/p>\n\n\n\n<div class=\"wp-block-columns is-layout-flex wp-container-core-columns-is-layout-9d6595d7 wp-block-columns-is-layout-flex\">\n<div class=\"wp-block-column is-layout-flow wp-block-column-is-layout-flow\">\n<p class=\"has-black-color has-text-color\">\u2713 Frekvens 2,4 GHz, 16 kanaler<br>\u2713 2&#8243; farge-display<br>\u2713 IP65 beskyttelse<br>\u2713 Duplex-kommunikasjon for feedback<br>\u2713 PLd+Cat3  sikkerhetsniv\u00e5 stoppfunksjon <br>\u2713 Vibrasjon for advarsel &amp; alarmtilbakemelding<br><\/p>\n<\/div>\n\n\n\n<div class=\"wp-block-column is-layout-flow wp-block-column-is-layout-flow\">\n<p class=\"has-black-color has-text-color\">\u2713  Vri-og-slipp stoppknapp p\u00e5 siden <br>\u2713 M12-kontakr for kabelkontroll<br>\u2713 Opplyst frontplate<br>\u2713  LEDer i h\u00e5ndtaket for panelbelysning <br>\u2713  Oppladbare &amp; utskiftbare batterier <br>\u2713  Opptil 10 timer med ett batteri, avhengig av konfigurasjon <\/p>\n<\/div>\n<\/div>\n<\/div><\/div>\n<\/div>\n<\/div>\n\n\n\n<div style=\"height:32px\" aria-hidden=\"true\" class=\"wp-block-spacer\"><\/div>\n\n\n\n<h2 class=\"has-text-align-center has-luminous-vivid-amber-color has-black-background-color has-text-color has-background has-large-font-size wp-block-heading\">DINE VALG FOR TELE RADIO VERSATEQ BASIC LINE<\/h2>\n\n\n\n<div style=\"height:15px\" aria-hidden=\"true\" class=\"wp-block-spacer\"><\/div>\n\n\n\n<p class=\"has-text-align-center has-medium-font-size\">Dette systemet gir deg Tele Radio-kvalitet til den beste prisen. Egnet for de fleste operasjoner og utstyrt med standard kontrollelementer og svart frontplate. Utvalget best\u00e5r av to basic-sendere og to typer mottakere.<\/p>\n\n\n\n<div style=\"height:29px\" aria-hidden=\"true\" class=\"wp-block-spacer\"><\/div>\n\n\n\n<h2 class=\"has-text-align-center has-medium-font-size wp-block-heading\"><meta charset=\"utf-8\">V\u00c5RE TELE RADIO VERSATEQ SENDERE<\/h2>\n\n\n\n<div class=\"wp-block-columns is-layout-flex wp-container-core-columns-is-layout-9d6595d7 wp-block-columns-is-layout-flex\">\n<div class=\"wp-block-column is-layout-flow wp-block-column-is-layout-flow\">\n<div class=\"wp-block-image\"><figure class=\"aligncenter size-full\"><a href=\"https:\/\/www.tele-radio.com\/nb\/produkter\/teq\/versateq-tw57-t26-02\/\"><img loading=\"lazy\" decoding=\"async\" width=\"412\" height=\"745\" src=\"https:\/\/www.tele-radio.com\/app\/uploads\/Asset-3.png\" alt=\"\" class=\"wp-image-108494\" srcset=\"https:\/\/www.tele-radio.com\/app\/uploads\/Asset-3.png 412w, https:\/\/www.tele-radio.com\/app\/uploads\/Asset-3-221x400.png 221w, https:\/\/www.tele-radio.com\/app\/uploads\/Asset-3-277x500.png 277w\" sizes=\"auto, (max-width: 412px) 100vw, 412px\" \/><\/a><\/figure><\/div>\n<\/div>\n\n\n\n<div class=\"wp-block-column is-layout-flow wp-block-column-is-layout-flow\">\n<div class=\"wp-block-image is-style-default\"><figure class=\"aligncenter size-full\"><a href=\"https:\/\/www.tele-radio.com\/nb\/produkter\/teq\/versateq-tw57-t26-03\/\"><img loading=\"lazy\" decoding=\"async\" width=\"412\" height=\"740\" src=\"https:\/\/www.tele-radio.com\/app\/uploads\/Asset-2-2.png\" alt=\"\" class=\"wp-image-108517\" srcset=\"https:\/\/www.tele-radio.com\/app\/uploads\/Asset-2-2.png 412w, https:\/\/www.tele-radio.com\/app\/uploads\/Asset-2-2-223x400.png 223w, https:\/\/www.tele-radio.com\/app\/uploads\/Asset-2-2-278x500.png 278w\" sizes=\"auto, (max-width: 412px) 100vw, 412px\" \/><\/a><\/figure><\/div>\n<\/div>\n<\/div>\n\n\n\n<div style=\"height:43px\" aria-hidden=\"true\" class=\"wp-block-spacer\"><\/div>\n\n\n\n<h2 class=\"has-text-align-center wp-block-heading\"><meta charset=\"utf-8\"> TILH\u00d8RENDE BASIC LINE MOTTAKERE <\/h2>\n\n\n\n<div class=\"wp-block-columns is-layout-flex wp-container-core-columns-is-layout-9d6595d7 wp-block-columns-is-layout-flex\">\n<div class=\"wp-block-column is-layout-flow wp-block-column-is-layout-flow\">\n<div class=\"wp-block-image\"><figure class=\"aligncenter size-full\"><a href=\"https:\/\/www.tele-radio.com\/nb\/produkter\/teq\/puma-mottaker-r20-1\/\"><img loading=\"lazy\" decoding=\"async\" width=\"398\" height=\"687\" src=\"https:\/\/www.tele-radio.com\/app\/uploads\/R20-01-1.png\" alt=\"\" class=\"wp-image-108540\" srcset=\"https:\/\/www.tele-radio.com\/app\/uploads\/R20-01-1.png 398w, https:\/\/www.tele-radio.com\/app\/uploads\/R20-01-1-232x400.png 232w, https:\/\/www.tele-radio.com\/app\/uploads\/R20-01-1-290x500.png 290w\" sizes=\"auto, (max-width: 398px) 100vw, 398px\" \/><\/a><\/figure><\/div>\n<\/div>\n\n\n\n<div class=\"wp-block-column is-layout-flow wp-block-column-is-layout-flow\">\n<div class=\"wp-block-image\"><figure class=\"aligncenter size-full\"><a href=\"https:\/\/www.tele-radio.com\/nb\/produkter\/teq\/puma-mottaker-r21-1\/\"><img loading=\"lazy\" decoding=\"async\" width=\"397\" height=\"696\" src=\"https:\/\/www.tele-radio.com\/app\/uploads\/R21-01-1.png\" alt=\"\" class=\"wp-image-108563\" srcset=\"https:\/\/www.tele-radio.com\/app\/uploads\/R21-01-1.png 397w, https:\/\/www.tele-radio.com\/app\/uploads\/R21-01-1-228x400.png 228w, https:\/\/www.tele-radio.com\/app\/uploads\/R21-01-1-285x500.png 285w\" sizes=\"auto, (max-width: 397px) 100vw, 397px\" \/><\/a><\/figure><\/div>\n<\/div>\n<\/div>\n\n\n\n<div style=\"height:87px\" aria-hidden=\"true\" class=\"wp-block-spacer\"><\/div>\n\n\n\n<h2 class=\"has-text-align-center has-luminous-vivid-amber-color has-black-background-color has-text-color has-background wp-block-heading\"> EKSTRAVERDIEN VED V\u00c5RE PRODUKTER <\/h2>\n\n\n\n<div style=\"height:50px\" aria-hidden=\"true\" class=\"wp-block-spacer\"><\/div>\n\n\n\n<div class=\"wp-block-image\"><figure class=\"alignleft size-full is-resized\"><img loading=\"lazy\" decoding=\"async\" src=\"https:\/\/www.tele-radio.com\/app\/uploads\/Contact-1.png\" alt=\"\" class=\"wp-image-106305\" width=\"111\" height=\"111\" srcset=\"https:\/\/www.tele-radio.com\/app\/uploads\/Contact-1.png 417w, https:\/\/www.tele-radio.com\/app\/uploads\/Contact-1-400x400.png 400w, https:\/\/www.tele-radio.com\/app\/uploads\/Contact-1-150x150.png 150w, https:\/\/www.tele-radio.com\/app\/uploads\/Contact-1-250x250.png 250w\" sizes=\"auto, (max-width: 111px) 100vw, 111px\" \/><\/figure><\/div>\n\n\n\n<p><strong> <strong>Gode r\u00e5d og veiledning fra v\u00e5r salgsavdeling<\/strong> <\/strong><\/p>\n\n\n\n<p> <a href=\"https:\/\/www.tele-radio.com\/nb\/kontakt-oss\/\">Ta kontakt<\/a> med oss for hjelp og r\u00e5d til \u00e5 finne den beste radiostyringen for din applikasjon.&nbsp; <\/p>\n\n\n\n<p><\/p>\n\n\n\n<p><\/p>\n\n\n\n<div style=\"height:15px\" aria-hidden=\"true\" class=\"wp-block-spacer\"><\/div>\n\n\n\n<div class=\"wp-block-image\"><figure class=\"alignleft is-resized\"><img loading=\"lazy\" decoding=\"async\" src=\"https:\/\/www.tele-radio.com\/app\/uploads\/Signaal2.png\" alt=\"\" class=\"wp-image-40681\" width=\"111\" height=\"111\" srcset=\"https:\/\/www.tele-radio.com\/app\/uploads\/Signaal2.png 162w, https:\/\/www.tele-radio.com\/app\/uploads\/Signaal2-150x150.png 150w\" sizes=\"auto, (max-width: 111px) 100vw, 111px\" \/><\/figure><\/div>\n\n\n\n<h3 class=\"wp-block-heading\"><strong> <strong>Egen teknisk avdeling<\/strong> <\/strong><\/h3>\n\n\n\n<p> Tele Radio har egen Service- og Supportavdeling  for support og reparasjoner. <\/p>\n\n\n\n<p><\/p>\n\n\n\n<p><\/p>\n\n\n\n<div style=\"height:15px\" aria-hidden=\"true\" class=\"wp-block-spacer\"><\/div>\n\n\n\n<div class=\"wp-block-image\"><figure class=\"alignleft is-resized\"><img loading=\"lazy\" decoding=\"async\" src=\"https:\/\/www.tele-radio.com\/app\/uploads\/Icon_safety.png\" alt=\"\" class=\"wp-image-42940\" width=\"111\" height=\"111\" srcset=\"https:\/\/www.tele-radio.com\/app\/uploads\/Icon_safety.png 162w, https:\/\/www.tele-radio.com\/app\/uploads\/Icon_safety-150x150.png 150w\" sizes=\"auto, (max-width: 111px) 100vw, 111px\" \/><\/figure><\/div>\n\n\n\n<h3 class=\"wp-block-heading\"><strong> <strong>V\u00e5re uavhengige sikkerhetssertifikat<\/strong> <\/strong><\/h3>\n\n\n\n<p> For alle Tele Radio-produkter med sikkerhetssertifisering, kan vi gi deg godkjenningsrapportene fra den uavhengige testmyndigheten. Les mer om det&nbsp;<a href=\"https:\/\/www.tele-radio.com\/nb\/iso-sertifiseringer\/\">HER<\/a>. <\/p>\n\n\n\n<p><\/p>\n\n\n\n<div style=\"height:100px\" aria-hidden=\"true\" class=\"wp-block-spacer\"><\/div>\n\n\n\n<figure class=\"wp-block-image size-full is-resized is-style-default\"><a href=\"https:\/\/www.tele-radio.com\/nb\/custom-line-sendere\/\"><img loading=\"lazy\" decoding=\"async\" src=\"https:\/\/www.tele-radio.com\/app\/uploads\/Banner_Custom_Line_NO-1.png\" alt=\"\" class=\"wp-image-108590\" width=\"743\" height=\"309\" srcset=\"https:\/\/www.tele-radio.com\/app\/uploads\/Banner_Custom_Line_NO-1.png 510w, https:\/\/www.tele-radio.com\/app\/uploads\/Banner_Custom_Line_NO-1-400x166.png 400w, https:\/\/www.tele-radio.com\/app\/uploads\/Banner_Custom_Line_NO-1-500x208.png 500w\" sizes=\"auto, (max-width: 743px) 100vw, 743px\" \/><\/a><\/figure>\n","protected":false},"excerpt":{"rendered":"<p>VERSATEQ V\u00e5r multifunksjonelle joysticksender V\u00e5r innovative mellomstore l\u00f8sning for joysticksendere med en jevn og ergonomisk design. Senderen er 24 centimeter bred. Utstyrt med h\u00e5ndtak som f\u00f8lger de naturlige kurvene til hendene. For din sikkerhet, er hver av VersaTEQ-sendere utstyrt med en uavhengig sertifisert PLd+Cat3-stoppfunksjon. VersaTEQ er robust, allsidig og fleksibel for mange operasjoner. Basert p\u00e5 [&hellip;]<\/p>\n","protected":false},"author":18,"featured_media":0,"parent":0,"menu_order":0,"comment_status":"closed","ping_status":"closed","template":"","meta":{"_acf_changed":false,"footnotes":""},"class_list":["post-108486","page","type-page","status-publish","hentry"],"acf":[],"_links":{"self":[{"href":"https:\/\/www.tele-radio.com\/nb\/wp-json\/wp\/v2\/pages\/108486","targetHints":{"allow":["GET"]}}],"collection":[{"href":"https:\/\/www.tele-radio.com\/nb\/wp-json\/wp\/v2\/pages"}],"about":[{"href":"https:\/\/www.tele-radio.com\/nb\/wp-json\/wp\/v2\/types\/page"}],"author":[{"embeddable":true,"href":"https:\/\/www.tele-radio.com\/nb\/wp-json\/wp\/v2\/users\/18"}],"replies":[{"embeddable":true,"href":"https:\/\/www.tele-radio.com\/nb\/wp-json\/wp\/v2\/comments?post=108486"}],"version-history":[{"count":11,"href":"https:\/\/www.tele-radio.com\/nb\/wp-json\/wp\/v2\/pages\/108486\/revisions"}],"predecessor-version":[{"id":109418,"href":"https:\/\/www.tele-radio.com\/nb\/wp-json\/wp\/v2\/pages\/108486\/revisions\/109418"}],"wp:attachment":[{"href":"https:\/\/www.tele-radio.com\/nb\/wp-json\/wp\/v2\/media?parent=108486"}],"curies":[{"name":"wp","href":"https:\/\/api.w.org\/{rel}","templated":true}]}}