{"id":107859,"date":"2022-07-06T11:25:11","date_gmt":"2022-07-06T11:25:11","guid":{"rendered":"https:\/\/www.tele-radio.com\/?page_id=107859"},"modified":"2026-03-04T09:56:11","modified_gmt":"2026-03-04T09:56:11","slug":"joysticksendere","status":"publish","type":"page","link":"https:\/\/www.tele-radio.com\/nb\/joysticksendere\/","title":{"rendered":"TEQ JOYSTICKSENDERE"},"content":{"rendered":"\n<h1 class=\"wp-block-heading\">JOYSTICKSENDERE<\/h1>\n\n\n<div class=\"wp-block-image is-style-rounded\">\n<figure class=\"alignright size-large is-resized\"><img loading=\"lazy\" decoding=\"async\" width=\"1200\" height=\"1200\" src=\"https:\/\/www.tele-radio.com\/app\/uploads\/\/Waist_Band_Transmitter_Collage_v2-2-1200x1200.png\" alt=\"Joystick radiostyring\" class=\"wp-image-105482\" style=\"width:425px;height:425px\" srcset=\"https:\/\/www.tele-radio.com\/app\/uploads\/Waist_Band_Transmitter_Collage_v2-2.png 1200w, https:\/\/www.tele-radio.com\/app\/uploads\/Waist_Band_Transmitter_Collage_v2-2-400x400.png 400w, https:\/\/www.tele-radio.com\/app\/uploads\/Waist_Band_Transmitter_Collage_v2-2-150x150.png 150w, https:\/\/www.tele-radio.com\/app\/uploads\/Waist_Band_Transmitter_Collage_v2-2-768x768.png 768w, https:\/\/www.tele-radio.com\/app\/uploads\/Waist_Band_Transmitter_Collage_v2-2-250x250.png 250w, https:\/\/www.tele-radio.com\/app\/uploads\/Waist_Band_Transmitter_Collage_v2-2-750x750.png 750w, https:\/\/www.tele-radio.com\/app\/uploads\/Waist_Band_Transmitter_Collage_v2-2-500x500.png 500w, https:\/\/www.tele-radio.com\/app\/uploads\/Waist_Band_Transmitter_Collage_v2-2-800x800.png 800w\" sizes=\"auto, (max-width: 1200px) 100vw, 1200px\" \/><\/figure><\/div>\n\n\n<h2 class=\"wp-block-heading\">For de aller fleste bruksomr\u00e5der<\/h2>\n\n\n\n<p>Med mer enn 65 \u00e5rs erfaring innen tr\u00e5dl\u00f8se industrielle radiostyringer, har Tele Radio et bredt utvalg av sendere. Disse senderne er s\u00f8ml\u00f8st skreddersydd for de n\u00f8yaktige \u00f8nskene til sluttbrukeren og de spesifikke egenskapene til applikasjonen.<\/p>\n\n\n\n<p>Tele Radio sine <strong>joysticksendere<\/strong> kan brukes til de mest komplekse applikasjoner. Disse senderne b\u00e6res ved hjelp av nakke-, skulder- eller hoftebelte. I motsetning til v\u00e5re h\u00e5ndholdte sendere, tilbyr v\u00e5re joysticksendere muligheten for en toh\u00e5ndsoperasjon. De store, solide h\u00e5ndtakene garanterer en avslappet arbeidsstilling.<\/p>\n\n\n\n<p>Vi leverer v\u00e5re <strong>joysticksendere <\/strong>i tre forskjellige st\u00f8rrelser. Enten tilgjengelig som standardutgave eller bygget eksklusivt for din applikasjon, inkludert trykknapper, brytere, joysticker, tilbakemeldingsinformasjon, etc. Valget er ditt: enten g\u00e5 for en kompakt og derfor hendig sender eller en av de st\u00f8rre versjonene som har god plass for eventuelle tilleggskontroller og et display p\u00e5 opptil 4,3 tommer for tilbakemeldingsinformasjon fra maskinen eller kj\u00f8ret\u00f8yet.<\/p>\n\n\n\n<p>Med Tele Radios <strong>joysticksendere<\/strong> er applikasjonsmulighetene nesten uendelige.<\/p>\n\n\n\n<div style=\"height:37px\" aria-hidden=\"true\" class=\"wp-block-spacer\"><\/div>\n\n\n\n<div class=\"wp-block-columns is-layout-flex wp-container-core-columns-is-layout-9d6595d7 wp-block-columns-is-layout-flex\">\n<div class=\"wp-block-column is-layout-flow wp-block-column-is-layout-flow\">\n<h2 class=\"wp-block-heading has-text-align-center has-luminous-vivid-amber-color has-black-background-color has-text-color has-background\" style=\"font-size:30px\">VELG TYPE MODELL<\/h2>\n\n\n\n<div style=\"height:52px\" aria-hidden=\"true\" class=\"wp-block-spacer\"><\/div>\n\n\n\n<div class=\"wp-block-columns is-layout-flex wp-container-core-columns-is-layout-9d6595d7 wp-block-columns-is-layout-flex\">\n<div class=\"wp-block-column is-layout-flow wp-block-column-is-layout-flow\">\n<figure class=\"wp-block-image size-full\"><a href=\"https:\/\/www.tele-radio.com\/nb\/suprateq\/\"><img loading=\"lazy\" decoding=\"async\" width=\"342\" height=\"590\" src=\"https:\/\/www.tele-radio.com\/app\/uploads\/Asset-1-3.png\" alt=\"\" class=\"wp-image-146324\" srcset=\"https:\/\/www.tele-radio.com\/app\/uploads\/Asset-1-3.png 342w, https:\/\/www.tele-radio.com\/app\/uploads\/Asset-1-3-232x400.png 232w, https:\/\/www.tele-radio.com\/app\/uploads\/Asset-1-3-290x500.png 290w\" sizes=\"auto, (max-width: 342px) 100vw, 342px\" \/><\/a><\/figure>\n<\/div>\n\n\n\n<div class=\"wp-block-column is-layout-flow wp-block-column-is-layout-flow\">\n<figure class=\"wp-block-image size-full\"><a href=\"https:\/\/www.tele-radio.com\/nb\/versateq\/\"><img loading=\"lazy\" decoding=\"async\" width=\"342\" height=\"591\" src=\"https:\/\/www.tele-radio.com\/app\/uploads\/Asset-2-3.png\" alt=\"\" class=\"wp-image-146348\" srcset=\"https:\/\/www.tele-radio.com\/app\/uploads\/Asset-2-3.png 342w, https:\/\/www.tele-radio.com\/app\/uploads\/Asset-2-3-231x400.png 231w, https:\/\/www.tele-radio.com\/app\/uploads\/Asset-2-3-289x500.png 289w\" sizes=\"auto, (max-width: 342px) 100vw, 342px\" \/><\/a><\/figure>\n<\/div>\n\n\n\n<div class=\"wp-block-column is-layout-flow wp-block-column-is-layout-flow\">\n<figure class=\"wp-block-image size-full\"><a href=\"https:\/\/www.tele-radio.com\/nb\/primateq-joysticksender\/\"><img loading=\"lazy\" decoding=\"async\" width=\"342\" height=\"591\" src=\"https:\/\/www.tele-radio.com\/app\/uploads\/Asset-3-1.png\" alt=\"\" class=\"wp-image-146372\" srcset=\"https:\/\/www.tele-radio.com\/app\/uploads\/Asset-3-1.png 342w, https:\/\/www.tele-radio.com\/app\/uploads\/Asset-3-1-231x400.png 231w, https:\/\/www.tele-radio.com\/app\/uploads\/Asset-3-1-289x500.png 289w\" sizes=\"auto, (max-width: 342px) 100vw, 342px\" \/><\/a><\/figure>\n<\/div>\n<\/div>\n\n\n\n<hr class=\"wp-block-separator has-text-color has-black-color has-css-opacity has-black-background-color has-background aligncenter is-style-thick\"\/>\n\n\n\n<div style=\"height:67px\" aria-hidden=\"true\" class=\"wp-block-spacer\"><\/div>\n\n\n\n<div class=\"wp-block-columns is-layout-flex wp-container-core-columns-is-layout-9d6595d7 wp-block-columns-is-layout-flex\">\n<div class=\"wp-block-column is-layout-flow wp-block-column-is-layout-flow\">\n<h2 class=\"wp-block-heading has-text-align-center has-luminous-vivid-amber-color has-black-background-color has-text-color has-background\" style=\"font-size:29px\">VELG MELLOM STANDARD ELLER SKREDDERSYDD<\/h2>\n<\/div>\n<\/div>\n\n\n\n<div style=\"height:16px\" aria-hidden=\"true\" class=\"wp-block-spacer\"><\/div>\n\n\n\n<p>Har du behov for en sender til en (mer eller mindre) standardapplikasjon? Da anbefaler vi at du velger <strong>PrimaTEQ, VersaTEQ eller SupraTEQ sin Basic Line<\/strong>-versjon. Disse senderne har et fast sett med kontrollelementer, er fleksible og har en uavhengig sertifisert n\u00f8dstopp. <\/p>\n\n\n\n<p><meta charset=\"utf-8\">For \u00e5 m\u00f8te gjeldende industristandarder, er Tele Radio joysticksendere kompatible med et bredt spekter av BUS-systemer.<\/p>\n\n\n\n<p>Hvis du har spesifikke \u00f8nsker for din applikasjon, anbefaler vi \u00e5 bygge din egen Custom Line-versjon i samr\u00e5d med v\u00e5re eksperter.<\/p>\n\n\n\n<p>Se hovedforskjellene nedenfor:<\/p>\n\n\n\n<div class=\"wp-block-columns is-layout-flex wp-container-core-columns-is-layout-9d6595d7 wp-block-columns-is-layout-flex\">\n<div class=\"wp-block-column is-layout-flow wp-block-column-is-layout-flow\">\n<h2 class=\"wp-block-heading has-text-align-center has-medium-font-size\"><\/h2>\n\n\n\n<h2 class=\"wp-block-heading has-text-align-center has-luminous-vivid-amber-color has-text-color has-medium-font-size\"><strong>BASIC LINE<\/strong><\/h2>\n<\/div>\n\n\n\n<div class=\"wp-block-column is-layout-flow wp-block-column-is-layout-flow\">\n<h2 class=\"wp-block-heading has-text-align-center has-medium-font-size\"><\/h2>\n\n\n\n<h2 class=\"wp-block-heading has-text-align-center has-luminous-vivid-amber-color has-text-color has-medium-font-size\"><strong>CUSTOM LINE<\/strong><\/h2>\n<\/div>\n<\/div>\n\n\n\n<div class=\"wp-block-columns is-layout-flex wp-container-core-columns-is-layout-9d6595d7 wp-block-columns-is-layout-flex\">\n<div class=\"wp-block-column is-layout-flow wp-block-column-is-layout-flow\">\n<figure class=\"wp-block-table is-style-stripes\"><table class=\"has-fixed-layout\"><thead><tr><th class=\"has-text-align-center\" data-align=\"center\"><meta charset=\"utf-8\">SENDER<\/th><th class=\"has-text-align-center\" data-align=\"center\"><meta charset=\"utf-8\">MOTTAKER<\/th><\/tr><\/thead><tbody><tr><td class=\"has-text-align-center\" data-align=\"center\">Passer for de fleste applikasjoner<\/td><td class=\"has-text-align-center\" data-align=\"center\">Forh\u00e5ndsprogrammerte I\/O&#8217;s<\/td><\/tr><tr><td class=\"has-text-align-center\" data-align=\"center\">Standard kontrollelementer<\/td><td class=\"has-text-align-center\" data-align=\"center\">M12-kontakt, klar for kabelkontroll<\/td><\/tr><tr><td class=\"has-text-align-center\" data-align=\"center\">Basic svart frontplate<\/td><td class=\"has-text-align-center\" data-align=\"center\">RPSMA-kontakt, klar for ekstern antenne<\/td><\/tr><tr><td class=\"has-text-align-center\" data-align=\"center\">Rimeligst i pris<\/td><td class=\"has-text-align-center\" data-align=\"center\">Velg mellom to mottakere<\/td><\/tr><\/tbody><\/table><\/figure>\n<\/div>\n\n\n\n<div class=\"wp-block-column is-layout-flow wp-block-column-is-layout-flow\">\n<figure class=\"wp-block-table is-style-stripes\"><table class=\"has-fixed-layout\"><thead><tr><th class=\"has-text-align-center\" data-align=\"center\"><meta charset=\"utf-8\">SENDER<\/th><th class=\"has-text-align-center\" data-align=\"center\"><meta charset=\"utf-8\">MOTTAKER<\/th><\/tr><\/thead><tbody><tr><td class=\"has-text-align-center\" data-align=\"center\">Skreddersydd<\/td><td class=\"has-text-align-center\" data-align=\"center\">Flere programmerbare I\/O&#8217;s<\/td><\/tr><tr><td class=\"has-text-align-center\" data-align=\"center\">Alle kontrollelementer mulig<\/td><td class=\"has-text-align-center\" data-align=\"center\">Flere fieldbusprotokoller mulig<\/td><\/tr><tr><td class=\"has-text-align-center\" data-align=\"center\">Tilpasset frontplate<br><br><\/td><td class=\"has-text-align-center\" data-align=\"center\">Alle utganger og innganger mulig<br><\/td><\/tr><tr><td class=\"has-text-align-center\" data-align=\"center\">Pris basert p\u00e5 foresp\u00f8rsel<\/td><td class=\"has-text-align-center\" data-align=\"center\">Tilpasset kobling<\/td><\/tr><\/tbody><\/table><\/figure>\n<\/div>\n<\/div>\n<\/div>\n<\/div>\n\n\n\n<div style=\"height:20px\" aria-hidden=\"true\" class=\"wp-block-spacer\"><\/div>\n\n\n\n<h2 class=\"wp-block-heading has-text-align-center has-luminous-vivid-amber-color has-black-background-color has-text-color has-background\" style=\"font-size:30px\">VELG DITT TILBEH\u00d8R<\/h2>\n\n\n\n<div style=\"height:21px\" aria-hidden=\"true\" class=\"wp-block-spacer\"><\/div>\n\n\n\n<p class=\"has-text-align-center has-medium-font-size\">Vi tilbyr et bredt utvalg av tilbeh\u00f8r til ditt system, inkludert repeater\/aktiv antenne, batterisystem, ekstern antenne etc.<\/p>\n\n\n\n<div style=\"height:13px\" aria-hidden=\"true\" class=\"wp-block-spacer\"><\/div>\n\n\n\n<div class=\"wp-block-columns is-layout-flex wp-container-core-columns-is-layout-9d6595d7 wp-block-columns-is-layout-flex\">\n<div class=\"wp-block-column is-layout-flow wp-block-column-is-layout-flow\">\n<div class=\"wp-block-media-text alignwide is-stacked-on-mobile is-vertically-aligned-center\" style=\"grid-template-columns:41% auto\"><figure class=\"wp-block-media-text__media\"><a href=\"https:\/\/www.tele-radio.com\/products\/accessories\/d5-21\/\"><img loading=\"lazy\" decoding=\"async\" width=\"1200\" height=\"1200\" src=\"https:\/\/www.tele-radio.com\/app\/uploads\/\/New_logo_Repeater_Active_Antenna_vrijstaand-kopie\u0308ren-1200x1200.jpg\" alt=\"\" class=\"wp-image-106551 size-full\" srcset=\"https:\/\/www.tele-radio.com\/app\/uploads\/New_logo_Repeater_Active_Antenna_vrijstaand-kopie\u0308ren-1200x1200.jpg 1200w, https:\/\/www.tele-radio.com\/app\/uploads\/New_logo_Repeater_Active_Antenna_vrijstaand-kopie\u0308ren-400x400.jpg 400w, https:\/\/www.tele-radio.com\/app\/uploads\/New_logo_Repeater_Active_Antenna_vrijstaand-kopie\u0308ren-150x150.jpg 150w, https:\/\/www.tele-radio.com\/app\/uploads\/New_logo_Repeater_Active_Antenna_vrijstaand-kopie\u0308ren-768x768.jpg 768w, https:\/\/www.tele-radio.com\/app\/uploads\/New_logo_Repeater_Active_Antenna_vrijstaand-kopie\u0308ren-1536x1536.jpg 1536w, https:\/\/www.tele-radio.com\/app\/uploads\/New_logo_Repeater_Active_Antenna_vrijstaand-kopie\u0308ren-2048x2048.jpg 2048w, https:\/\/www.tele-radio.com\/app\/uploads\/New_logo_Repeater_Active_Antenna_vrijstaand-kopie\u0308ren-250x250.jpg 250w, https:\/\/www.tele-radio.com\/app\/uploads\/New_logo_Repeater_Active_Antenna_vrijstaand-kopie\u0308ren-750x750.jpg 750w, https:\/\/www.tele-radio.com\/app\/uploads\/New_logo_Repeater_Active_Antenna_vrijstaand-kopie\u0308ren-500x500.jpg 500w, https:\/\/www.tele-radio.com\/app\/uploads\/New_logo_Repeater_Active_Antenna_vrijstaand-kopie\u0308ren-1600x1600.jpg 1600w, https:\/\/www.tele-radio.com\/app\/uploads\/New_logo_Repeater_Active_Antenna_vrijstaand-kopie\u0308ren-800x800.jpg 800w\" sizes=\"auto, (max-width: 1200px) 100vw, 1200px\" \/><\/a><\/figure><div class=\"wp-block-media-text__content\">\n<p class=\"has-normal-font-size\"><strong>AKTIV ANTENN<\/strong>E<br><br>Repeater\/aktiv antenne er en effektiv m\u00e5te \u00e5 \u00f8ke rekkevidden p\u00e5 med opptil 2 kilometer i terreng (maksimalt 16 repeatere).<\/p>\n\n\n\n<ul class=\"wp-block-list\">\n<li>Aktiv antenne i den samme boksen<\/li>\n\n\n\n<li>2 kilometer rekkevidde<\/li>\n\n\n\n<li>Antenna diversity support<\/li>\n<\/ul>\n<\/div><\/div>\n\n\n\n<p><\/p>\n<\/div>\n\n\n\n<div class=\"wp-block-column is-layout-flow wp-block-column-is-layout-flow\">\n<div class=\"wp-block-media-text alignwide is-stacked-on-mobile is-vertically-aligned-center\"><figure class=\"wp-block-media-text__media\"><a href=\"https:\/\/www.tele-radio.com\/products\/accessories\/m769755-2\/\"><img loading=\"lazy\" decoding=\"async\" width=\"1200\" height=\"830\" src=\"https:\/\/www.tele-radio.com\/app\/uploads\/\/PM_M769755_2-1-1200x830.png\" alt=\"\" class=\"wp-image-106528 size-full\" srcset=\"https:\/\/www.tele-radio.com\/app\/uploads\/PM_M769755_2-1-1200x830.png 1200w, https:\/\/www.tele-radio.com\/app\/uploads\/PM_M769755_2-1-400x277.png 400w, https:\/\/www.tele-radio.com\/app\/uploads\/PM_M769755_2-1-768x531.png 768w, https:\/\/www.tele-radio.com\/app\/uploads\/PM_M769755_2-1-1536x1062.png 1536w, https:\/\/www.tele-radio.com\/app\/uploads\/PM_M769755_2-1-750x519.png 750w, https:\/\/www.tele-radio.com\/app\/uploads\/PM_M769755_2-1-500x346.png 500w, https:\/\/www.tele-radio.com\/app\/uploads\/PM_M769755_2-1-1600x1107.png 1600w, https:\/\/www.tele-radio.com\/app\/uploads\/PM_M769755_2-1-800x553.png 800w, https:\/\/www.tele-radio.com\/app\/uploads\/PM_M769755_2-1.png 1800w\" sizes=\"auto, (max-width: 1200px) 100vw, 1200px\" \/><\/a><\/figure><div class=\"wp-block-media-text__content\">\n<p class=\"has-normal-font-size\"><strong>BATTERISYSTEM<\/strong><\/p>\n\n\n\n<p class=\"has-normal-font-size\">Li-ion-batteriene til Tele Radio PUMA er utstyrt med RFID-brikker, har h\u00f8y kapasitet og er ogs\u00e5 &laquo;hot-swappable&raquo; for uavbrutt kontroll.<\/p>\n\n\n\n<ul class=\"wp-block-list has-normal-font-size\">\n<li>&laquo;Hot-swappable&raquo; <\/li>\n\n\n\n<li>RFID<\/li>\n\n\n\n<li>Vegg-\/bordlader tilgjengelig<\/li>\n<\/ul>\n<\/div><\/div>\n<\/div>\n<\/div>\n\n\n\n<div class=\"wp-block-columns is-layout-flex wp-container-core-columns-is-layout-9d6595d7 wp-block-columns-is-layout-flex\">\n<div class=\"wp-block-column is-layout-flow wp-block-column-is-layout-flow\">\n<div class=\"wp-block-media-text alignwide is-stacked-on-mobile\"><figure class=\"wp-block-media-text__media\"><img loading=\"lazy\" decoding=\"async\" width=\"1200\" height=\"1200\" src=\"https:\/\/www.tele-radio.com\/app\/uploads\/\/Belly_Belt-1200x1200.png\" alt=\"\" class=\"wp-image-106576 size-full\" srcset=\"https:\/\/www.tele-radio.com\/app\/uploads\/Belly_Belt-1200x1200.png 1200w, https:\/\/www.tele-radio.com\/app\/uploads\/Belly_Belt-400x400.png 400w, https:\/\/www.tele-radio.com\/app\/uploads\/Belly_Belt-150x150.png 150w, https:\/\/www.tele-radio.com\/app\/uploads\/Belly_Belt-768x768.png 768w, https:\/\/www.tele-radio.com\/app\/uploads\/Belly_Belt-1536x1536.png 1536w, https:\/\/www.tele-radio.com\/app\/uploads\/Belly_Belt-2048x2048.png 2048w, https:\/\/www.tele-radio.com\/app\/uploads\/Belly_Belt-250x250.png 250w, https:\/\/www.tele-radio.com\/app\/uploads\/Belly_Belt-750x750.png 750w, https:\/\/www.tele-radio.com\/app\/uploads\/Belly_Belt-500x500.png 500w, https:\/\/www.tele-radio.com\/app\/uploads\/Belly_Belt-1600x1600.png 1600w, https:\/\/www.tele-radio.com\/app\/uploads\/Belly_Belt-800x800.png 800w\" sizes=\"auto, (max-width: 1200px) 100vw, 1200px\" \/><\/figure><div class=\"wp-block-media-text__content\">\n<p><strong>MIDJEBELTE<\/strong><\/p>\n\n\n\n<p class=\"has-medium-font-size\">V\u00e5rt midjebelte gir deg maksimal komfort, og er justerbart i lengden. Passer til joysticksenderne SupraTEQ og VersaTEQ.<\/p>\n<\/div><\/div>\n<\/div>\n<\/div>\n\n\n\n<div style=\"height:60px\" aria-hidden=\"true\" class=\"wp-block-spacer\"><\/div>\n\n\n<div class=\"wp-block-image is-style-default\">\n<figure class=\"aligncenter size-large\"><a href=\"https:\/\/www.tele-radio.com\/nb\/produkter\/\"><img loading=\"lazy\" decoding=\"async\" width=\"1200\" height=\"525\" src=\"https:\/\/www.tele-radio.com\/app\/uploads\/\/Handheld_Banner_NO-1200x525.jpg\" alt=\"\" class=\"wp-image-107941\" srcset=\"https:\/\/www.tele-radio.com\/app\/uploads\/Handheld_Banner_NO-1200x525.jpg 1200w, https:\/\/www.tele-radio.com\/app\/uploads\/Handheld_Banner_NO-400x175.jpg 400w, https:\/\/www.tele-radio.com\/app\/uploads\/Handheld_Banner_NO-768x336.jpg 768w, https:\/\/www.tele-radio.com\/app\/uploads\/Handheld_Banner_NO-750x328.jpg 750w, https:\/\/www.tele-radio.com\/app\/uploads\/Handheld_Banner_NO-500x219.jpg 500w, https:\/\/www.tele-radio.com\/app\/uploads\/Handheld_Banner_NO-800x350.jpg 800w, https:\/\/www.tele-radio.com\/app\/uploads\/Handheld_Banner_NO.jpg 1372w\" sizes=\"auto, (max-width: 1200px) 100vw, 1200px\" \/><\/a><\/figure><\/div>\n\n\n<h2 class=\"wp-block-heading\"><br><\/h2>\n","protected":false},"excerpt":{"rendered":"<p>JOYSTICKSENDERE For de aller fleste bruksomr\u00e5der Med mer enn 65 \u00e5rs erfaring innen tr\u00e5dl\u00f8se industrielle radiostyringer, har Tele Radio et bredt utvalg av sendere. Disse senderne er s\u00f8ml\u00f8st skreddersydd for de n\u00f8yaktige \u00f8nskene til sluttbrukeren og de spesifikke egenskapene til applikasjonen. Tele Radio sine joysticksendere kan brukes til de mest komplekse applikasjoner. Disse senderne b\u00e6res [&hellip;]<\/p>\n","protected":false},"author":18,"featured_media":107014,"parent":0,"menu_order":0,"comment_status":"closed","ping_status":"closed","template":"","meta":{"_acf_changed":false,"footnotes":""},"class_list":["post-107859","page","type-page","status-publish","has-post-thumbnail","hentry"],"acf":[],"_links":{"self":[{"href":"https:\/\/www.tele-radio.com\/nb\/wp-json\/wp\/v2\/pages\/107859","targetHints":{"allow":["GET"]}}],"collection":[{"href":"https:\/\/www.tele-radio.com\/nb\/wp-json\/wp\/v2\/pages"}],"about":[{"href":"https:\/\/www.tele-radio.com\/nb\/wp-json\/wp\/v2\/types\/page"}],"author":[{"embeddable":true,"href":"https:\/\/www.tele-radio.com\/nb\/wp-json\/wp\/v2\/users\/18"}],"replies":[{"embeddable":true,"href":"https:\/\/www.tele-radio.com\/nb\/wp-json\/wp\/v2\/comments?post=107859"}],"version-history":[{"count":29,"href":"https:\/\/www.tele-radio.com\/nb\/wp-json\/wp\/v2\/pages\/107859\/revisions"}],"predecessor-version":[{"id":282530,"href":"https:\/\/www.tele-radio.com\/nb\/wp-json\/wp\/v2\/pages\/107859\/revisions\/282530"}],"wp:featuredmedia":[{"embeddable":true,"href":"https:\/\/www.tele-radio.com\/nb\/wp-json\/wp\/v2\/media\/107014"}],"wp:attachment":[{"href":"https:\/\/www.tele-radio.com\/nb\/wp-json\/wp\/v2\/media?parent=107859"}],"curies":[{"name":"wp","href":"https:\/\/api.w.org\/{rel}","templated":true}]}}