{"id":107857,"date":"2022-07-06T11:29:53","date_gmt":"2022-07-06T11:29:53","guid":{"rendered":"https:\/\/www.tele-radio.com\/?page_id=107857"},"modified":"2022-07-06T13:07:38","modified_gmt":"2022-07-06T13:07:38","slug":"suprateq","status":"publish","type":"page","link":"https:\/\/www.tele-radio.com\/nb\/suprateq\/","title":{"rendered":"SUPRATEQ"},"content":{"rendered":"\n<div style=\"height:15px\" aria-hidden=\"true\" class=\"wp-block-spacer\"><\/div>\n\n\n\n<div class=\"wp-block-image is-style-rounded\"><figure class=\"alignright size-large is-resized\"><img loading=\"lazy\" decoding=\"async\" src=\"https:\/\/www.tele-radio.com\/app\/uploads\/SupraTEQ_Collage_v2-1200x1200.png\" alt=\"\" class=\"wp-image-106741\" width=\"422\" height=\"422\" srcset=\"https:\/\/www.tele-radio.com\/app\/uploads\/SupraTEQ_Collage_v2.png 1200w, https:\/\/www.tele-radio.com\/app\/uploads\/SupraTEQ_Collage_v2-400x400.png 400w, https:\/\/www.tele-radio.com\/app\/uploads\/SupraTEQ_Collage_v2-150x150.png 150w, https:\/\/www.tele-radio.com\/app\/uploads\/SupraTEQ_Collage_v2-768x768.png 768w, https:\/\/www.tele-radio.com\/app\/uploads\/SupraTEQ_Collage_v2-250x250.png 250w, https:\/\/www.tele-radio.com\/app\/uploads\/SupraTEQ_Collage_v2-750x750.png 750w, https:\/\/www.tele-radio.com\/app\/uploads\/SupraTEQ_Collage_v2-500x500.png 500w, https:\/\/www.tele-radio.com\/app\/uploads\/SupraTEQ_Collage_v2-800x800.png 800w\" sizes=\"auto, (max-width: 422px) 100vw, 422px\" \/><\/figure><\/div>\n\n\n\n<h1 class=\"has-text-align-left has-huge-font-size wp-block-heading\">SUPRATEQ<\/h1>\n\n\n\n<h2 class=\"wp-block-heading\"><strong>V\u00e5r suverene, fullst\u00f8rrelse joysticksender<\/strong><\/h2>\n\n\n\n<p>SupraTEQ er v\u00e5r toppmoderne allrounder innenfor produktspekteret av joysticksendere. Rundt 33 centimeter i st\u00f8rrelse med naturlige formede grep og en buet, ergonomisk utformet kapsling. P\u00e5 grunn av st\u00f8rrelsen tilbyr den god plass p\u00e5 frontplaten for et stort antall kontrollelementer som kan h\u00e5ndtere de mest omfattende applikasjoner. SupraTEQ er din l\u00f8sning for \u00e5 kontrollere komplekse hydrauliske, mobile og industrielle maskinerier. SupraTEQ er robust og sikker, dette fordi vi har standard, uavhengig sertifisert SIL3, PLe+Cat3 sikkerhetsniv\u00e5 stoppfunksjon.&nbsp;&nbsp;&nbsp;<\/p>\n\n\n\n<div style=\"height:35px\" aria-hidden=\"true\" class=\"wp-block-spacer\"><\/div>\n\n\n\n<h2 class=\"has-text-align-center has-large-font-size wp-block-heading\">UNIK TEKNOLOGI<\/h2>\n\n\n\n<p>Vi har troen p\u00e5 innovasjon. Tele Radio har utviklet ulike applikasjoner som lar deg bedre betjene og kontrollere utstyret ditt ved hjelp av den nyeste teknologien. Tele Radio SupraTEQ har blant annet f\u00f8lgende spesialfunksjoner og muligheter.<\/p>\n\n\n\n<div class=\"wp-block-image is-style-rounded\"><figure class=\"alignleft is-resized\"><img loading=\"lazy\" decoding=\"async\" src=\"https:\/\/www.tele-radio.com\/app\/uploads\/Webpaginaopbouw_Puma-1.png\" alt=\"\" class=\"wp-image-38105\" width=\"110\" height=\"110\" srcset=\"https:\/\/www.tele-radio.com\/app\/uploads\/Webpaginaopbouw_Puma-1.png 162w, https:\/\/www.tele-radio.com\/app\/uploads\/Webpaginaopbouw_Puma-1-150x150.png 150w\" sizes=\"auto, (max-width: 110px) 100vw, 110px\" \/><\/figure><\/div>\n\n\n\n<h3 class=\"wp-block-heading\">Aktiv antenne<\/h3>\n\n\n\n<p>Den aktive antennen kan ogs\u00e5 fungere som en frittst\u00e5ende repeater. Dette \u00f8ker rekkevidden mellom sender og mottaker betydelig. Det gj\u00f8r det mulig \u00e5 bruke dette systemet under sv\u00e6rt krevende forhold, som gruvedrift, i fjellomr\u00e5der eller i store bygninger, uten \u00e5 miste signal.<\/p>\n\n\n\n<div style=\"height:20px\" aria-hidden=\"true\" class=\"wp-block-spacer\"><\/div>\n\n\n\n<div class=\"wp-block-image is-style-rounded\"><figure class=\"alignleft is-resized\"><img loading=\"lazy\" decoding=\"async\" src=\"https:\/\/www.tele-radio.com\/app\/uploads\/RFID-ICON.png\" alt=\"\" class=\"wp-image-38126\" width=\"110\" height=\"110\" srcset=\"https:\/\/www.tele-radio.com\/app\/uploads\/RFID-ICON.png 162w, https:\/\/www.tele-radio.com\/app\/uploads\/RFID-ICON-150x150.png 150w\" sizes=\"auto, (max-width: 110px) 100vw, 110px\" \/><\/figure><\/div>\n\n\n\n<h3 class=\"wp-block-heading\">RFID-kontroll<\/h3>\n\n\n\n<p>Tele Radio SupraTEQ-produktene er standard utstyrt med RFID, dette er en tr\u00e5dl\u00f8s m\u00e5te for gjenkjenning av en unik kode for systemet, produktet eller brukeren. Innstillingene til en bruker kan lagres p\u00e5 et smartkort med RFID som gjenkjennes av systemet under bruk. Ulike brukerniv\u00e5er kan settes opp.<\/p>\n\n\n\n<div style=\"height:21px\" aria-hidden=\"true\" class=\"wp-block-spacer\"><\/div>\n\n\n\n<div class=\"wp-block-image is-style-rounded\"><figure class=\"alignleft is-resized\"><img loading=\"lazy\" decoding=\"async\" src=\"https:\/\/www.tele-radio.com\/app\/uploads\/BUS-Systemen.png\" alt=\"\" class=\"wp-image-38147\" width=\"110\" height=\"110\" srcset=\"https:\/\/www.tele-radio.com\/app\/uploads\/BUS-Systemen.png 162w, https:\/\/www.tele-radio.com\/app\/uploads\/BUS-Systemen-150x150.png 150w\" sizes=\"auto, (max-width: 110px) 100vw, 110px\" \/><\/figure><\/div>\n\n\n\n<h3 class=\"wp-block-heading\">BUS systemer<\/h3>\n\n\n\n<p>For \u00e5 m\u00f8te gjeldende industristandarder, er Tele Radio SupraTEQ-senderne kompatible med et bredt spekter av BUS-systemer. Et problemfritt samarbeid med programvaren til maskinen din kan, med andre ord, settes opp. Tele Radio SupraTEQ-senderne kan h\u00e5ndtere CANOPEN, MODBUS og SAE J1939.<\/p>\n\n\n\n<div style=\"height:111px\" aria-hidden=\"true\" class=\"wp-block-spacer\"><\/div>\n\n\n\n<div class=\"wp-block-cover has-luminous-vivid-amber-background-color has-background-dim\" style=\"min-height:472px;aspect-ratio:unset;\"><div class=\"wp-block-cover__inner-container is-layout-flow wp-block-cover-is-layout-flow\">\n<p class=\"has-black-color has-text-color has-medium-font-size\">Avhengig av applikasjonen du skal styre, kan du velge mellom SupraTEQ TW77 Basic Line-modellene eller en Custom Line-l\u00f8sning. Dette gir deg full frihet til \u00e5 konfigurere maskinvaren og programvaren i denne senderen og de tilh\u00f8rende mottakerne. Du kan til og med oppgradere systemet til en st\u00f8rre 4,3 tommers skjerm (SupraTEQ TW78 Custom Line). V\u00e5r salgsavdeling for Tele Radio Norge kan gi deg r\u00e5d om den beste l\u00f8sningen for din applikasjon.<\/p>\n\n\n\n<p class=\"has-black-color has-text-color has-medium-font-size\"><strong>SUPRATEQ BASIC SPESIFIKASJON<\/strong><\/p>\n\n\n\n<div class=\"wp-block-columns is-layout-flex wp-container-core-columns-is-layout-9d6595d7 wp-block-columns-is-layout-flex\">\n<div class=\"wp-block-column is-layout-flow wp-block-column-is-layout-flow\">\n<p class=\"has-black-color has-text-color\">\u2713 St\u00f8rrelse 330 x 147 x 179 mm<br>\u2713 Vekt, 2.000 gram<br>\u2713 Frekvens 2,4 GHz, 16 kanaler<br>\u2713 2\u201d fargedisplay<br>\u2713 IP65 beskyttelse<br>\u2713 SIL3, PLe+Cat3 sikkerhetsniv\u00e5 stoppfunksjon<br><meta charset=\"utf-8\"><meta charset=\"utf-8\">\u2713 Vibrasjon for advarsel &amp; alarmtilbakemelding<\/p>\n<\/div>\n\n\n\n<div class=\"wp-block-column is-layout-flow wp-block-column-is-layout-flow\">\n<p class=\"has-black-color has-text-color\">\u2713 Duplex kommunikasjon for tilbakemelding<br>\u2713 Vri-og-slipp stoppknapp p\u00e5 siden<br>\u2713 M12 kontakt for kabelkontroll<br>\u2713 Opplyst frontplate<br>\u2713 LEDer i h\u00e5ndtaket for panelbelysning<br><meta charset=\"utf-8\">\u2713 Oppladbare &amp; utskiftbare batterier<br><meta charset=\"utf-8\">\u2713 Opptil 10 timer med ett batteri, avhengig av konfigurasjon<\/p>\n<\/div>\n<\/div>\n<\/div><\/div>\n\n\n\n<div style=\"height:32px\" aria-hidden=\"true\" class=\"wp-block-spacer\"><\/div>\n\n\n\n<h2 class=\"has-text-align-center has-luminous-vivid-amber-color has-black-background-color has-text-color has-background has-large-font-size wp-block-heading\">M\u00d8T TELE RADIO SUPRATEQ BASIC LINE<\/h2>\n\n\n\n<div style=\"height:15px\" aria-hidden=\"true\" class=\"wp-block-spacer\"><\/div>\n\n\n\n<p class=\"has-text-align-center has-medium-font-size\">Egnet for mange applikasjoner og rimeligere i pris. Utstyrt med standard kontrollelementer, en 2&#8243; skjerm og svart frontplate. Hvis du \u00f8nsker \u00e5 benytte deg av detaljert, grafisk tilbakemeldingsinformasjon p\u00e5 senderen, anbefaler vi Custom Line-l\u00f8sningen til SupraTEQ TW78 med 4,3&#8243; fargeskjerm.<\/p>\n\n\n\n<div style=\"height:29px\" aria-hidden=\"true\" class=\"wp-block-spacer\"><\/div>\n\n\n\n<h2 class=\"has-text-align-center wp-block-heading\">V\u00c5R SUPRATEQ BASIC LINE SENDER<\/h2>\n\n\n\n<div class=\"wp-block-columns is-layout-flex wp-container-core-columns-is-layout-9d6595d7 wp-block-columns-is-layout-flex\">\n<div class=\"wp-block-column is-layout-flow wp-block-column-is-layout-flow\">\n<div class=\"wp-block-image is-style-default\"><figure class=\"aligncenter size-large\"><a href=\"https:\/\/www.tele-radio.com\/nb\/produkter\/teq\/suprateq-tw77-t24-7\/\"><img loading=\"lazy\" decoding=\"async\" width=\"678\" height=\"1200\" src=\"https:\/\/www.tele-radio.com\/app\/uploads\/SupraTEQ_TW77_Product_Description_NO-678x1200.png\" alt=\"\" class=\"wp-image-108046\" srcset=\"https:\/\/www.tele-radio.com\/app\/uploads\/SupraTEQ_TW77_Product_Description_NO-678x1200.png 678w, https:\/\/www.tele-radio.com\/app\/uploads\/SupraTEQ_TW77_Product_Description_NO-226x400.png 226w, https:\/\/www.tele-radio.com\/app\/uploads\/SupraTEQ_TW77_Product_Description_NO-768x1359.png 768w, https:\/\/www.tele-radio.com\/app\/uploads\/SupraTEQ_TW77_Product_Description_NO-424x750.png 424w, https:\/\/www.tele-radio.com\/app\/uploads\/SupraTEQ_TW77_Product_Description_NO-282x500.png 282w, https:\/\/www.tele-radio.com\/app\/uploads\/SupraTEQ_TW77_Product_Description_NO-452x800.png 452w, https:\/\/www.tele-radio.com\/app\/uploads\/SupraTEQ_TW77_Product_Description_NO.png 857w\" sizes=\"auto, (max-width: 678px) 100vw, 678px\" \/><\/a><\/figure><\/div>\n<\/div>\n<\/div>\n\n\n\n<div style=\"height:43px\" aria-hidden=\"true\" class=\"wp-block-spacer\"><\/div>\n\n\n\n<h2 class=\"has-text-align-center wp-block-heading\">TILH\u00d8RENDE BASIC LINE MOTTAKERE<\/h2>\n\n\n\n<div class=\"wp-block-columns is-layout-flex wp-container-core-columns-is-layout-9d6595d7 wp-block-columns-is-layout-flex\">\n<div class=\"wp-block-column is-layout-flow wp-block-column-is-layout-flow\">\n<div class=\"wp-block-image\"><figure class=\"aligncenter size-full\"><a href=\"https:\/\/www.tele-radio.com\/nb\/produkter\/teq\/puma-mottaker-r20-1\/\"><img loading=\"lazy\" decoding=\"async\" width=\"398\" height=\"687\" src=\"https:\/\/www.tele-radio.com\/app\/uploads\/R20-01.png\" alt=\"\" class=\"wp-image-108330\" srcset=\"https:\/\/www.tele-radio.com\/app\/uploads\/R20-01.png 398w, https:\/\/www.tele-radio.com\/app\/uploads\/R20-01-232x400.png 232w, https:\/\/www.tele-radio.com\/app\/uploads\/R20-01-290x500.png 290w\" sizes=\"auto, (max-width: 398px) 100vw, 398px\" \/><\/a><\/figure><\/div>\n<\/div>\n\n\n\n<div class=\"wp-block-column is-layout-flow wp-block-column-is-layout-flow\">\n<div class=\"wp-block-image\"><figure class=\"aligncenter size-full\"><a href=\"https:\/\/www.tele-radio.com\/nb\/produkter\/teq\/puma-mottaker-r21-1\/\"><img loading=\"lazy\" decoding=\"async\" width=\"397\" height=\"696\" src=\"https:\/\/www.tele-radio.com\/app\/uploads\/R21-01.png\" alt=\"\" class=\"wp-image-108353\" srcset=\"https:\/\/www.tele-radio.com\/app\/uploads\/R21-01.png 397w, https:\/\/www.tele-radio.com\/app\/uploads\/R21-01-228x400.png 228w, https:\/\/www.tele-radio.com\/app\/uploads\/R21-01-285x500.png 285w\" sizes=\"auto, (max-width: 397px) 100vw, 397px\" \/><\/a><\/figure><\/div>\n<\/div>\n<\/div>\n\n\n\n<div style=\"height:87px\" aria-hidden=\"true\" class=\"wp-block-spacer\"><\/div>\n\n\n\n<h2 class=\"has-text-align-center has-luminous-vivid-amber-color has-black-background-color has-text-color has-background wp-block-heading\">EKSTRAVERDIEN VED V\u00c5RE PRODUKTER<\/h2>\n\n\n\n<div style=\"height:50px\" aria-hidden=\"true\" class=\"wp-block-spacer\"><\/div>\n\n\n\n<div class=\"wp-block-image\"><figure class=\"alignleft size-full is-resized\"><img loading=\"lazy\" decoding=\"async\" src=\"https:\/\/www.tele-radio.com\/app\/uploads\/Contact-1.png\" alt=\"\" class=\"wp-image-106305\" width=\"111\" height=\"111\" srcset=\"https:\/\/www.tele-radio.com\/app\/uploads\/Contact-1.png 417w, https:\/\/www.tele-radio.com\/app\/uploads\/Contact-1-400x400.png 400w, https:\/\/www.tele-radio.com\/app\/uploads\/Contact-1-150x150.png 150w, https:\/\/www.tele-radio.com\/app\/uploads\/Contact-1-250x250.png 250w\" sizes=\"auto, (max-width: 111px) 100vw, 111px\" \/><\/figure><\/div>\n\n\n\n<p><strong>Gode r\u00e5d og veiledning fra v\u00e5r salgsavdeling<\/strong><\/p>\n\n\n\n<p><a href=\"https:\/\/www.tele-radio.com\/nb\/kontakt-oss\/\">Ta kontakt<\/a> med oss for hjelp og r\u00e5d til \u00e5 finne den beste radiostyringen for din applikasjon.&nbsp;<\/p>\n\n\n\n<p><\/p>\n\n\n\n<p><\/p>\n\n\n\n<div style=\"height:15px\" aria-hidden=\"true\" class=\"wp-block-spacer\"><\/div>\n\n\n\n<div class=\"wp-block-image\"><figure class=\"alignleft is-resized\"><img loading=\"lazy\" decoding=\"async\" src=\"https:\/\/www.tele-radio.com\/app\/uploads\/Signaal2.png\" alt=\"\" class=\"wp-image-40681\" width=\"111\" height=\"111\" srcset=\"https:\/\/www.tele-radio.com\/app\/uploads\/Signaal2.png 162w, https:\/\/www.tele-radio.com\/app\/uploads\/Signaal2-150x150.png 150w\" sizes=\"auto, (max-width: 111px) 100vw, 111px\" \/><\/figure><\/div>\n\n\n\n<h3 class=\"wp-block-heading\"><strong>Egen teknisk avdeling<\/strong><\/h3>\n\n\n\n<p>Tele Radio har egen Service- og Supportavdeling  for support og reparasjoner.<\/p>\n\n\n\n<p><\/p>\n\n\n\n<p><\/p>\n\n\n\n<div style=\"height:15px\" aria-hidden=\"true\" class=\"wp-block-spacer\"><\/div>\n\n\n\n<div class=\"wp-block-image\"><figure class=\"alignleft is-resized\"><img loading=\"lazy\" decoding=\"async\" src=\"https:\/\/www.tele-radio.com\/app\/uploads\/Icon_safety.png\" alt=\"\" class=\"wp-image-42940\" width=\"111\" height=\"111\" srcset=\"https:\/\/www.tele-radio.com\/app\/uploads\/Icon_safety.png 162w, https:\/\/www.tele-radio.com\/app\/uploads\/Icon_safety-150x150.png 150w\" sizes=\"auto, (max-width: 111px) 100vw, 111px\" \/><\/figure><\/div>\n\n\n\n<h3 class=\"wp-block-heading\"><strong>V\u00e5re uavhengige sikkerhetssertifikat<\/strong><\/h3>\n\n\n\n<p>For alle Tele Radio-produkter med sikkerhetssertifisering, kan vi gi deg godkjenningsrapportene fra den uavhengige testmyndigheten. Les mer om det&nbsp;<a href=\"https:\/\/www.tele-radio.com\/nb\/iso-sertifiseringer\/\">HER<\/a>.<\/p>\n\n\n\n<div style=\"height:60px\" aria-hidden=\"true\" class=\"wp-block-spacer\"><\/div>\n\n\n\n<figure class=\"wp-block-image size-full is-resized is-style-default\"><a href=\"https:\/\/www.tele-radio.com\/nb\/custom-line-sendere\/\"><img loading=\"lazy\" decoding=\"async\" src=\"https:\/\/www.tele-radio.com\/app\/uploads\/Banner_Custom_Line_NO.png\" alt=\"\" class=\"wp-image-108377\" width=\"747\" height=\"311\" srcset=\"https:\/\/www.tele-radio.com\/app\/uploads\/Banner_Custom_Line_NO.png 510w, https:\/\/www.tele-radio.com\/app\/uploads\/Banner_Custom_Line_NO-400x166.png 400w, https:\/\/www.tele-radio.com\/app\/uploads\/Banner_Custom_Line_NO-500x208.png 500w\" sizes=\"auto, (max-width: 747px) 100vw, 747px\" \/><\/a><\/figure>\n","protected":false},"excerpt":{"rendered":"<p>SUPRATEQ V\u00e5r suverene, fullst\u00f8rrelse joysticksender SupraTEQ er v\u00e5r toppmoderne allrounder innenfor produktspekteret av joysticksendere. Rundt 33 centimeter i st\u00f8rrelse med naturlige formede grep og en buet, ergonomisk utformet kapsling. P\u00e5 grunn av st\u00f8rrelsen tilbyr den god plass p\u00e5 frontplaten for et stort antall kontrollelementer som kan h\u00e5ndtere de mest omfattende applikasjoner. SupraTEQ er din l\u00f8sning [&hellip;]<\/p>\n","protected":false},"author":18,"featured_media":0,"parent":0,"menu_order":0,"comment_status":"closed","ping_status":"closed","template":"","meta":{"_acf_changed":false,"footnotes":""},"class_list":["post-107857","page","type-page","status-publish","hentry"],"acf":[],"_links":{"self":[{"href":"https:\/\/www.tele-radio.com\/nb\/wp-json\/wp\/v2\/pages\/107857","targetHints":{"allow":["GET"]}}],"collection":[{"href":"https:\/\/www.tele-radio.com\/nb\/wp-json\/wp\/v2\/pages"}],"about":[{"href":"https:\/\/www.tele-radio.com\/nb\/wp-json\/wp\/v2\/types\/page"}],"author":[{"embeddable":true,"href":"https:\/\/www.tele-radio.com\/nb\/wp-json\/wp\/v2\/users\/18"}],"replies":[{"embeddable":true,"href":"https:\/\/www.tele-radio.com\/nb\/wp-json\/wp\/v2\/comments?post=107857"}],"version-history":[{"count":10,"href":"https:\/\/www.tele-radio.com\/nb\/wp-json\/wp\/v2\/pages\/107857\/revisions"}],"predecessor-version":[{"id":111524,"href":"https:\/\/www.tele-radio.com\/nb\/wp-json\/wp\/v2\/pages\/107857\/revisions\/111524"}],"wp:attachment":[{"href":"https:\/\/www.tele-radio.com\/nb\/wp-json\/wp\/v2\/media?parent=107857"}],"curies":[{"name":"wp","href":"https:\/\/api.w.org\/{rel}","templated":true}]}}