{"id":104239,"date":"2022-06-16T07:02:53","date_gmt":"2022-06-16T07:02:53","guid":{"rendered":"https:\/\/www.tele-radio.com\/?page_id=104239"},"modified":"2022-08-10T05:58:07","modified_gmt":"2022-08-10T05:58:07","slug":"groupe-industriel-premiums-suksesshistorie","status":"publish","type":"page","link":"https:\/\/www.tele-radio.com\/nb\/groupe-industriel-premiums-suksesshistorie\/","title":{"rendered":"GROUPE INDUSTRIEL PREMIUMS SUKSESSHISTORIE"},"content":{"rendered":"\n<h1 class=\"wp-block-heading\">GROUPE INDUSTRIEL PREMIUMS SUKSESSHISTORIE<\/h1>\n\n\n\n<p class=\"has-medium-font-size\"><em>Tele Radio sine radiostyringssystemer driver 18 elektriske traverskraner (EOT) ved Nortek Air Solutions nye produksjonsanlegg for ventilasjonsutstyr i Qu\u00e9bec, Canada.<\/em><\/p>\n\n\n\n<p>Hver kran er utstyrt med tre Panther-mottakere \u2013 en for broen, den andre for heis 1 og den tredje for heis 2 \u2013 alle styrt av en enkelt sender, noe som eliminerer behovet for kabelvogner. Kranene brukes til \u00e5 l\u00f8fte en rekke forskjellig utstyr. Spesialtilpassede ventilatorer, spoler og ventilasjonsutstyr produseres i det nylig utvidede 18 580 m2 store anlegget i Montreal.<\/p>\n\n\n\n<div class=\"wp-block-image is-style-default\"><figure class=\"alignright size-full is-resized\"><img loading=\"lazy\" decoding=\"async\" src=\"https:\/\/www.tele-radio.com\/app\/uploads\/Resized_20190920_145257-2-2.jpg\" alt=\"Radiostyring traverskran\" class=\"wp-image-103187\" width=\"371\" height=\"410\" srcset=\"https:\/\/www.tele-radio.com\/app\/uploads\/Resized_20190920_145257-2-2.jpg 742w, https:\/\/www.tele-radio.com\/app\/uploads\/Resized_20190920_145257-2-2-362x400.jpg 362w, https:\/\/www.tele-radio.com\/app\/uploads\/Resized_20190920_145257-2-2-679x750.jpg 679w, https:\/\/www.tele-radio.com\/app\/uploads\/Resized_20190920_145257-2-2-452x500.jpg 452w, https:\/\/www.tele-radio.com\/app\/uploads\/Resized_20190920_145257-2-2-724x800.jpg 724w\" sizes=\"auto, (max-width: 371px) 100vw, 371px\" \/><\/figure><\/div>\n\n\n\n<p>Kranbyggeren CanStahl, en del av <a href=\"https:\/\/groupeindustrielpremium.com\/en\/\">Groupe Industriel Premium Inc.<\/a> og en representant for den tyske taljeprodusenten Stahl CraneSystems, installerte kranene. Group Industriel Premium er en langvarig partner av Tele Radio og gikk for <a href=\"https:\/\/www.tele-radio.com\/nb\/produkter\/panther-enkel-og-fleksibel-radiostyring\/\">Panther-systemet<\/a>. Dette tilbyr opptil 500 meter rekkevidde og er sertifisert i henhold til EN ISO 13849-1, Functional Safety of Machinery, til CAT3, PLd.<\/p>\n\n\n\n<p>Av de 18 enkle traverskranene, har 15 av dem to taljer. Spesielt i Nord-Amerika er traverskraner tradisjonelt utstyrt med taljer. Dette er fordi de skal kunne l\u00f8fte last i tandem uten sidelengs bevegelse av kroken \u2013 for \u00e5 sikre et lite mellomrom mellom lastekrokene og for \u00e5 holde tiln\u00e6rmingen p\u00e5 begge sider av kranbroen til et minimum \u2013 ble kjettingtaljer valgt.<\/p>\n\n\n\n<p>Totalt ble det installert 35 nye kjettingtaljer med en l\u00f8ftekapasitet mellom 2000 og 5000kg. Spennene til brokranene er opptil 66 fot (20,12 m). L\u00f8fteh\u00f8yden til de enkelte taljene er mellom 19,7 fot (6m) og 26,2 fot (8m). Alle kraner er utstyrt med 12-knapps sendere og radiostyring fra Tele Radio.<\/p>\n\n\n\n<div style=\"height:42px\" aria-hidden=\"true\" class=\"wp-block-spacer\"><\/div>\n\n\n\n<blockquote class=\"wp-block-quote is-layout-flow wp-block-quote-is-layout-flow\"><p><em>&laquo;Tele Radio-systemene gir oss muligheten til \u00e5 bygge traverskraner med flere taljer uten kabelvogner, noe som er en attraktiv kostnadsreduksjon og forbedrer utseendet og kvaliteten p\u00e5 produktet vi leverer til kundene. Vi har brukt Tele Radio-produkter siden september 2009 og fortsetter \u00e5 gj\u00f8re det basert p\u00e5 kvalitet, robusthet, sikkerhet og tilgjengelighet av reservedeler.&raquo;<\/em><\/p><cite><br><em>-Alain Leclerc, President at Groupe Industriel Premium<\/em><\/cite><\/blockquote>\n\n\n\n<div style=\"height:38px\" aria-hidden=\"true\" class=\"wp-block-spacer\"><\/div>\n\n\n\n<p>Leclerc understreker ogs\u00e5 at Panther-systemet kan tilpasses praktisk talt alle standard traverskranapplikasjoner. Systemet er ekstremt allsidig, og brukes til opptil 95 % av alle vanlige kraner og traverskraner (enkle- og doble heisekraner, tandemkraner, med opptil fire kraner med en enkelt sender). For mer komplekse behov, tilbyr Tele Radio det SIL3 PLe-sertifiserte <a href=\"https:\/\/www.tele-radio.com\/nb\/produkter\/tiger-g2\/\">Tiger-systemet<\/a>, som muliggj\u00f8r endel\u00f8se tilpassede konfigurasjoner som oppfyller de mest komplekse industrielle kravene til radiostyring.<\/p>\n\n\n\n<p><a href=\"https:\/\/www.nortekgroup.com\/\">Nortek <\/a>er en av Canadas ledende leverand\u00f8rer av innovativt skreddersydd ventilasjonsutstyr og har levert h\u00f8ykvalitetsprodukter og tjenester for et bredt spekter av bruksomr\u00e5der siden 1998. Etter den allerede vellykkede installasjonen beskrevet ovenfor, er fremtidige prosjekter med Groupe Industriel Premium, <a href=\"https:\/\/stahl.ca\/\">CanStahl<\/a> og Tele Radio allerede i gang.<\/p>\n\n\n\n<p><\/p>\n\n\n\n<div style=\"height:48px\" aria-hidden=\"true\" class=\"wp-block-spacer\"><\/div>\n\n\n\n<figure class=\"wp-block-image size-large is-resized is-style-default\"><img loading=\"lazy\" decoding=\"async\" src=\"https:\/\/www.tele-radio.com\/app\/uploads\/\/20190920_140335-3-2048x735-1-1200x431.jpg\" alt=\"Traverskran\" class=\"wp-image-103045\" width=\"900\" height=\"323\" srcset=\"https:\/\/www.tele-radio.com\/app\/uploads\/20190920_140335-3-2048x735-1-1200x431.jpg 1200w, https:\/\/www.tele-radio.com\/app\/uploads\/20190920_140335-3-2048x735-1-400x144.jpg 400w, https:\/\/www.tele-radio.com\/app\/uploads\/20190920_140335-3-2048x735-1-768x276.jpg 768w, https:\/\/www.tele-radio.com\/app\/uploads\/20190920_140335-3-2048x735-1-1536x551.jpg 1536w, https:\/\/www.tele-radio.com\/app\/uploads\/20190920_140335-3-2048x735-1-750x269.jpg 750w, https:\/\/www.tele-radio.com\/app\/uploads\/20190920_140335-3-2048x735-1-500x179.jpg 500w, https:\/\/www.tele-radio.com\/app\/uploads\/20190920_140335-3-2048x735-1-1600x574.jpg 1600w, https:\/\/www.tele-radio.com\/app\/uploads\/20190920_140335-3-2048x735-1-800x287.jpg 800w, https:\/\/www.tele-radio.com\/app\/uploads\/20190920_140335-3-2048x735-1.jpg 2048w\" sizes=\"auto, (max-width: 900px) 100vw, 900px\" \/><\/figure>\n\n\n\n<div style=\"height:100px\" aria-hidden=\"true\" class=\"wp-block-spacer\"><\/div>\n","protected":false},"excerpt":{"rendered":"<p>GROUPE INDUSTRIEL PREMIUMS SUKSESSHISTORIE Tele Radio sine radiostyringssystemer driver 18 elektriske traverskraner (EOT) ved Nortek Air Solutions nye produksjonsanlegg for ventilasjonsutstyr i Qu\u00e9bec, Canada. Hver kran er utstyrt med tre Panther-mottakere \u2013 en for broen, den andre for heis 1 og den tredje for heis 2 \u2013 alle styrt av en enkelt sender, noe som [&hellip;]<\/p>\n","protected":false},"author":18,"featured_media":103034,"parent":0,"menu_order":0,"comment_status":"closed","ping_status":"closed","template":"","meta":{"_acf_changed":false,"footnotes":""},"class_list":["post-104239","page","type-page","status-publish","has-post-thumbnail","hentry"],"acf":[],"_links":{"self":[{"href":"https:\/\/www.tele-radio.com\/nb\/wp-json\/wp\/v2\/pages\/104239","targetHints":{"allow":["GET"]}}],"collection":[{"href":"https:\/\/www.tele-radio.com\/nb\/wp-json\/wp\/v2\/pages"}],"about":[{"href":"https:\/\/www.tele-radio.com\/nb\/wp-json\/wp\/v2\/types\/page"}],"author":[{"embeddable":true,"href":"https:\/\/www.tele-radio.com\/nb\/wp-json\/wp\/v2\/users\/18"}],"replies":[{"embeddable":true,"href":"https:\/\/www.tele-radio.com\/nb\/wp-json\/wp\/v2\/comments?post=104239"}],"version-history":[{"count":17,"href":"https:\/\/www.tele-radio.com\/nb\/wp-json\/wp\/v2\/pages\/104239\/revisions"}],"predecessor-version":[{"id":111691,"href":"https:\/\/www.tele-radio.com\/nb\/wp-json\/wp\/v2\/pages\/104239\/revisions\/111691"}],"wp:featuredmedia":[{"embeddable":true,"href":"https:\/\/www.tele-radio.com\/nb\/wp-json\/wp\/v2\/media\/103034"}],"wp:attachment":[{"href":"https:\/\/www.tele-radio.com\/nb\/wp-json\/wp\/v2\/media?parent=104239"}],"curies":[{"name":"wp","href":"https:\/\/api.w.org\/{rel}","templated":true}]}}