{"id":101505,"date":"2022-05-11T12:58:45","date_gmt":"2022-05-11T12:58:45","guid":{"rendered":"https:\/\/www.tele-radio.com\/?page_id=101505"},"modified":"2022-05-11T13:03:13","modified_gmt":"2022-05-11T13:03:13","slug":"gmt-equipment-suksesshistorie","status":"publish","type":"page","link":"https:\/\/www.tele-radio.com\/nb\/gmt-equipment-suksesshistorie\/","title":{"rendered":"GMT EQUIPMENT"},"content":{"rendered":"\n<div style=\"height:67px\" aria-hidden=\"true\" class=\"wp-block-spacer\"><\/div>\n\n\n\n<h1 class=\"has-text-align-center wp-block-heading\">GMT EQUIPMENT<\/h1>\n\n\n\n<pre class=\"wp-block-verse has-text-align-center has-black-color has-text-color has-medium-font-size\"><em>\u201cMaking Tree Work Safe and Efficient\u201d<\/em><\/pre>\n\n\n\n<p style=\"font-size:25px\">I over 10 \u00e5r har \u00abGMT-fellehodet\u00bb v\u00e6rt den beste l\u00f8sningen for sikker og effektiv fjerning av tre i urbane omr\u00e5der langs jernbaner, motorveier og vannveier. Fellehodet er et slitesterkt og helhydraulisk operativt system som kan monteres p\u00e5 enhver kranbil.\u00a0<\/p>\n\n\n\n<div class=\"wp-block-image is-style-default\"><figure class=\"alignright size-large is-resized\"><img loading=\"lazy\" decoding=\"async\" src=\"https:\/\/www.tele-radio.com\/app\/uploads\/GMT_WEB_800x800px-1200x1200.jpg\" alt=\"\" class=\"wp-image-101055\" width=\"498\" height=\"498\" srcset=\"https:\/\/www.tele-radio.com\/app\/uploads\/GMT_WEB_800x800px-1200x1200.jpg 1200w, https:\/\/www.tele-radio.com\/app\/uploads\/GMT_WEB_800x800px-400x400.jpg 400w, https:\/\/www.tele-radio.com\/app\/uploads\/GMT_WEB_800x800px-150x150.jpg 150w, https:\/\/www.tele-radio.com\/app\/uploads\/GMT_WEB_800x800px-768x768.jpg 768w, https:\/\/www.tele-radio.com\/app\/uploads\/GMT_WEB_800x800px-1536x1536.jpg 1536w, https:\/\/www.tele-radio.com\/app\/uploads\/GMT_WEB_800x800px-2048x2048.jpg 2048w, https:\/\/www.tele-radio.com\/app\/uploads\/GMT_WEB_800x800px-250x250.jpg 250w, https:\/\/www.tele-radio.com\/app\/uploads\/GMT_WEB_800x800px-750x750.jpg 750w, https:\/\/www.tele-radio.com\/app\/uploads\/GMT_WEB_800x800px-500x500.jpg 500w, https:\/\/www.tele-radio.com\/app\/uploads\/GMT_WEB_800x800px-1600x1600.jpg 1600w, https:\/\/www.tele-radio.com\/app\/uploads\/GMT_WEB_800x800px-800x800.jpg 800w\" sizes=\"auto, (max-width: 498px) 100vw, 498px\" \/><\/figure><\/div>\n\n\n\n<p>De siste 2 \u00e5rene har det nye TTC-systemet (Total Tree Control) v\u00e6rt i bruk. Tidligere kunne fellehodet kun svinge p\u00e5 en fleksibel m\u00e5te, men n\u00e5 kan det ogs\u00e5 gj\u00f8res helt stivt med kun et tastetrykk. Dette holder tredelene i den posisjonen de ble saget i. I tillegg vil du ha bedre kontroll n\u00e5r du vipper tredelene. Denne holdekraften realiseres hydraulisk, men aktiveringen krever et elektronisk signal som styrer ventilen. Ikke alle typer kranbiler har et ekstra elektronisk signal tilgjengelig, eller mulighet for integrering i den eksisterende driften. Radiostyringen fra Tele Radio har vist seg \u00e5 v\u00e6re den ideelle l\u00f8sningen for dette problemet.<\/p>\n\n\n\n<p>Gert-Jan Nekkers (Senior Project Engineer) og Ingar Luttik (Business Development Manager) i GMT Equipment er forn\u00f8yd med det gode samarbeidet med Tele Radio. Selskapet hadde faktisk ingen tidligere erfaring med \u00e5 bruke radiostyring.<\/p>\n\n\n\n<p>Hos <a href=\"https:\/\/www.gmt-equipment.com\/\">GMT Equipment<\/a> drives alt utstyret hydraulisk. Dette p\u00e5 grunn av selskapets bakgrunn og erfaring innen hydraulikk. Til slutt tvang maskinenes nye funksjonalitet dem til \u00e5 se lenger enn bare hydraulikken. Selv om folk f\u00f8rst var n\u00f8lende til \u00e5 begynne \u00e5 jobbe p\u00e5 en annen m\u00e5te, var det likevel helt n\u00f8dvendig \u00e5 begynne \u00e5 jobbe med radiostyring. Dette f\u00f8rte til et system med den ideelle senderen og mottakeren.<\/p>\n\n\n\n<p>I tillegg ville ikke brukerne ha store og tunge sendere, heller kompakte og slitesterke sendere som enkelt kunne f\u00e5 plass i lommen. Tele Radios produktutvalg dekker begge behov. Sammen med Tele Radios Tekniske Service jobbet vi hardt med en l\u00f8sning. Det nye TTC-systemet tatt i bruk i september 2020.<\/p>\n\n\n\n<p>Etter \u00f8nsker fra en rekke kunder er det allerede gjort noen f\u00e5 justeringer siden innf\u00f8ringen av det nye systemet dette er med andre ord et godt eksempel p\u00e5 kontinuerlig produktutvikling. Tele Radio liker \u00e5 tenke l\u00f8sninger sammen med kunden og bruker praktisk erfaring i kombinasjon med v\u00e5re systemer for \u00e5 forbedre produktet, uten behov for lang forsknings- eller utviklingstid.<\/p>\n\n\n\n<p>GMT er veldig forn\u00f8yd med arbeidet v\u00e5rt, fordi de liker \u00e5 jobbe p\u00e5 denne m\u00e5ten selv. Vi tenker p\u00e5 l\u00f8sninger i stedet for problemer!<\/p>\n\n\n\n<div style=\"height:57px\" aria-hidden=\"true\" class=\"wp-block-spacer\"><\/div>\n\n\n\n<div class=\"wp-block-cover has-black-background-color has-background-dim\"><div class=\"wp-block-cover__inner-container is-layout-flow wp-block-cover-is-layout-flow\">\n<h2 class=\"has-text-align-center wp-block-heading\"><strong>Fellehodet<\/strong><\/h2>\n\n\n\n<p class=\"has-text-align-center\">Klo- og sagfunksjonene er hydrauliske og fullt integrert i fellehodet. Dette betyr at flere operasjoner kan utf\u00f8res i etterkant. Ved hjelp av Tele Radio-senderen kan enhetens bremsesystem l\u00e5ses eller stoppes n\u00e5r som helst. Dette forhindrer at tretoppen beveger seg eller velter. Sv\u00e6rt viktig ved fjerning av skadede eller d\u00f8de tr\u00e6r i urbane og trafikkerte omr\u00e5der. Denne l\u00f8sningen garanterer at tretoppen ikke faller ukontrollert, men i stedet transporteres til rett sted med kloen.<\/p>\n\n\n\n<p class=\"has-text-align-center\"><br>Dette gj\u00f8r hele prosessen mye tryggere, ikke bare for de lokale innbyggerne, men spesielt for den som utf\u00f8rer disse aktivitetene. Det er ikke lenger n\u00f8dvendig \u00e5 klatre i et tre via en lift. I dag kan arbeidet utf\u00f8res fra bakken. S\u00e5 i tillegg til \u00e5 v\u00e6re tryggere, er det ogs\u00e5 mer effektivt. det er ingen tilfeldighet at dette ogs\u00e5 inkluderer bedriftens slagord; &laquo;SAFE &#8211; SMART &#8211; STRONG&raquo;.<\/p>\n<\/div><\/div>\n\n\n\n<div style=\"height:100px\" aria-hidden=\"true\" class=\"wp-block-spacer\"><\/div>\n\n\n\n<h2 class=\"has-text-align-center wp-block-heading\">Mer informasjon?<\/h2>\n\n\n\n<div class=\"wp-block-image is-style-default\"><figure class=\"aligncenter size-full is-resized\"><a href=\"https:\/\/www.tele-radio.com\/nb\/kontakt-oss\/\"><img decoding=\"async\" src=\"https:\/\/www.tele-radio.com\/app\/uploads\/Contact_us-3.png\" alt=\"\" class=\"wp-image-101901\" width=\"-307\" height=\"-108\" srcset=\"https:\/\/www.tele-radio.com\/app\/uploads\/Contact_us-3.png 922w, https:\/\/www.tele-radio.com\/app\/uploads\/Contact_us-3-400x141.png 400w, https:\/\/www.tele-radio.com\/app\/uploads\/Contact_us-3-768x272.png 768w, https:\/\/www.tele-radio.com\/app\/uploads\/Contact_us-3-750x265.png 750w, https:\/\/www.tele-radio.com\/app\/uploads\/Contact_us-3-500x177.png 500w, https:\/\/www.tele-radio.com\/app\/uploads\/Contact_us-3-800x283.png 800w\" sizes=\"(max-width: 922px) 100vw, 922px\" \/><\/a><\/figure><\/div>\n","protected":false},"excerpt":{"rendered":"<p>GMT EQUIPMENT \u201cMaking Tree Work Safe and Efficient\u201d I over 10 \u00e5r har \u00abGMT-fellehodet\u00bb v\u00e6rt den beste l\u00f8sningen for sikker og effektiv fjerning av tre i urbane omr\u00e5der langs jernbaner, motorveier og vannveier. Fellehodet er et slitesterkt og helhydraulisk operativt system som kan monteres p\u00e5 enhver kranbil.\u00a0 De siste 2 \u00e5rene har det nye TTC-systemet [&hellip;]<\/p>\n","protected":false},"author":18,"featured_media":101117,"parent":0,"menu_order":0,"comment_status":"closed","ping_status":"closed","template":"","meta":{"_acf_changed":false,"footnotes":""},"class_list":["post-101505","page","type-page","status-publish","has-post-thumbnail","hentry"],"acf":[],"_links":{"self":[{"href":"https:\/\/www.tele-radio.com\/nb\/wp-json\/wp\/v2\/pages\/101505","targetHints":{"allow":["GET"]}}],"collection":[{"href":"https:\/\/www.tele-radio.com\/nb\/wp-json\/wp\/v2\/pages"}],"about":[{"href":"https:\/\/www.tele-radio.com\/nb\/wp-json\/wp\/v2\/types\/page"}],"author":[{"embeddable":true,"href":"https:\/\/www.tele-radio.com\/nb\/wp-json\/wp\/v2\/users\/18"}],"replies":[{"embeddable":true,"href":"https:\/\/www.tele-radio.com\/nb\/wp-json\/wp\/v2\/comments?post=101505"}],"version-history":[{"count":8,"href":"https:\/\/www.tele-radio.com\/nb\/wp-json\/wp\/v2\/pages\/101505\/revisions"}],"predecessor-version":[{"id":101931,"href":"https:\/\/www.tele-radio.com\/nb\/wp-json\/wp\/v2\/pages\/101505\/revisions\/101931"}],"wp:featuredmedia":[{"embeddable":true,"href":"https:\/\/www.tele-radio.com\/nb\/wp-json\/wp\/v2\/media\/101117"}],"wp:attachment":[{"href":"https:\/\/www.tele-radio.com\/nb\/wp-json\/wp\/v2\/media?parent=101505"}],"curies":[{"name":"wp","href":"https:\/\/api.w.org\/{rel}","templated":true}]}}