{"id":7062,"date":"2018-05-04T14:38:34","date_gmt":"2018-05-04T14:38:34","guid":{"rendered":"https:\/\/www.tele-radio.com\/products\/"},"modified":"2019-04-24T16:43:45","modified_gmt":"2019-04-24T16:43:45","slug":"productos-control-remoto","status":"publish","type":"page","link":"https:\/\/www.tele-radio.com\/la\/productos-control-remoto\/","title":{"rendered":"Productos"},"content":{"rendered":"<h1>Controles remotos seguros<\/h1>\n<p>Utiliza nuestro buscador para encontrar <strong>sistema de\u00a0control remoto<\/strong> que mejor se adapte a tus necesidades.<\/p>\n<p>Las botoneras mostradas son los equipos est\u00e1ndar sin ninguna personalizaci\u00f3n, pero recuerda que si lo deseas podemos poner tu logotipo, a\u00f1adir indicaciones, etc. a tus mandos para que reflejen la imagen de tu empresa o las funciones que tendr\u00e1n tus mandos a distancia.<\/p>\n","protected":false},"excerpt":{"rendered":"<p>Controles remotos seguros Utiliza nuestro buscador para encontrar sistema de\u00a0control remoto que mejor se adapte a tus necesidades. Las botoneras mostradas son los equipos est\u00e1ndar sin ninguna personalizaci\u00f3n, pero recuerda que si lo deseas podemos poner tu logotipo, a\u00f1adir indicaciones, etc. a tus mandos para que reflejen la imagen de tu empresa o las funciones [&hellip;]<\/p>\n","protected":false},"author":1,"featured_media":0,"parent":0,"menu_order":0,"comment_status":"closed","ping_status":"closed","template":"page-templates\/products.php","meta":{"_acf_changed":false,"footnotes":""},"class_list":["post-7062","page","type-page","status-publish","hentry"],"acf":[],"_links":{"self":[{"href":"https:\/\/www.tele-radio.com\/la\/wp-json\/wp\/v2\/pages\/7062","targetHints":{"allow":["GET"]}}],"collection":[{"href":"https:\/\/www.tele-radio.com\/la\/wp-json\/wp\/v2\/pages"}],"about":[{"href":"https:\/\/www.tele-radio.com\/la\/wp-json\/wp\/v2\/types\/page"}],"author":[{"embeddable":true,"href":"https:\/\/www.tele-radio.com\/la\/wp-json\/wp\/v2\/users\/1"}],"replies":[{"embeddable":true,"href":"https:\/\/www.tele-radio.com\/la\/wp-json\/wp\/v2\/comments?post=7062"}],"version-history":[{"count":4,"href":"https:\/\/www.tele-radio.com\/la\/wp-json\/wp\/v2\/pages\/7062\/revisions"}],"predecessor-version":[{"id":20304,"href":"https:\/\/www.tele-radio.com\/la\/wp-json\/wp\/v2\/pages\/7062\/revisions\/20304"}],"wp:attachment":[{"href":"https:\/\/www.tele-radio.com\/la\/wp-json\/wp\/v2\/media?parent=7062"}],"curies":[{"name":"wp","href":"https:\/\/api.w.org\/{rel}","templated":true}]}}