{"id":7002,"date":"2018-05-04T14:47:12","date_gmt":"2018-05-04T14:47:12","guid":{"rendered":"https:\/\/www.tele-radio.com\/support\/"},"modified":"2019-04-25T08:57:32","modified_gmt":"2019-04-25T08:57:32","slug":"soporte","status":"publish","type":"page","link":"https:\/\/www.tele-radio.com\/la\/soporte\/","title":{"rendered":"Soporte"},"content":{"rendered":"<h1>Soporte y Ayuda Tele Radio<\/h1>\n<p>Nuestro servicio de asistencia est\u00e1 a su disposici\u00f3n para ayudarle si tiene dudas sobre pedidos, entregas o disponibilidad de productos en stock. Tambi\u00e9n podemos ayudarle con la instalaci\u00f3n o programaci\u00f3n de su sistema Tele Radio.<\/p>\n<h2>Preguntas sobre el procesamiento de pedidos y almac\u00e9n<\/h2>\n<p>Las preguntas sobre pedidos, env\u00edos y disponibilidad de nuestros productos en nuestro almac\u00e9n, se pueden realizar mediante correo electr\u00f3nico shipping@teleradio.com.<\/p>\n<h2>Soporte t\u00e9cnico<\/h2>\n<p>Si desea consultar sobre alguna aplicaci\u00f3n o recibir asistencia t\u00e9cnica, puede contactarnos por correo electr\u00f3nico a: support@teleradio.com.<\/p>\n<p>Tambi\u00e9n puede consultar nuestro canal de YouTube para ver video-manuales.<\/p>\n<h2>Manuales y fichas t\u00e9cnicas<\/h2>\n<p>Haga clic <a href=\"https:\/\/www.tele-radio.com\/la\/soporte\/descargas\">aqu\u00ed<\/a> para descargar las instrucciones de instalaci\u00f3n, documentos t\u00e9cnicos, certificados y otros.<\/p>\n","protected":false},"excerpt":{"rendered":"<p>Soporte y Ayuda Tele Radio Nuestro servicio de asistencia est\u00e1 a su disposici\u00f3n para ayudarle si tiene dudas sobre pedidos, entregas o disponibilidad de productos en stock. Tambi\u00e9n podemos ayudarle con la instalaci\u00f3n o programaci\u00f3n de su sistema Tele Radio. Preguntas sobre el procesamiento de pedidos y almac\u00e9n Las preguntas sobre pedidos, env\u00edos y disponibilidad [&hellip;]<\/p>\n","protected":false},"author":1,"featured_media":0,"parent":0,"menu_order":0,"comment_status":"closed","ping_status":"closed","template":"","meta":{"_acf_changed":false,"footnotes":""},"class_list":["post-7002","page","type-page","status-publish","hentry"],"acf":[],"_links":{"self":[{"href":"https:\/\/www.tele-radio.com\/la\/wp-json\/wp\/v2\/pages\/7002","targetHints":{"allow":["GET"]}}],"collection":[{"href":"https:\/\/www.tele-radio.com\/la\/wp-json\/wp\/v2\/pages"}],"about":[{"href":"https:\/\/www.tele-radio.com\/la\/wp-json\/wp\/v2\/types\/page"}],"author":[{"embeddable":true,"href":"https:\/\/www.tele-radio.com\/la\/wp-json\/wp\/v2\/users\/1"}],"replies":[{"embeddable":true,"href":"https:\/\/www.tele-radio.com\/la\/wp-json\/wp\/v2\/comments?post=7002"}],"version-history":[{"count":4,"href":"https:\/\/www.tele-radio.com\/la\/wp-json\/wp\/v2\/pages\/7002\/revisions"}],"predecessor-version":[{"id":20495,"href":"https:\/\/www.tele-radio.com\/la\/wp-json\/wp\/v2\/pages\/7002\/revisions\/20495"}],"wp:attachment":[{"href":"https:\/\/www.tele-radio.com\/la\/wp-json\/wp\/v2\/media?parent=7002"}],"curies":[{"name":"wp","href":"https:\/\/api.w.org\/{rel}","templated":true}]}}