{"id":6566,"date":"2018-05-13T20:05:40","date_gmt":"2018-05-13T20:05:40","guid":{"rendered":"https:\/\/www.tele-radio.com\/munck-cranes-a-s\/"},"modified":"2019-04-24T11:44:17","modified_gmt":"2019-04-24T11:44:17","slug":"munck-cranes-a-s","status":"publish","type":"page","link":"https:\/\/www.tele-radio.com\/la\/munck-cranes-a-s\/","title":{"rendered":"Gr\u00faas Munck A\/S"},"content":{"rendered":"<p>La empresa Munck Cranes es un fabricante de gr\u00faas ubicado en Bergen, Noruega. La empresa fue fundada en 1924 por Sverre Munck y comenz\u00f3 su historia como una empresa comercial que vend\u00eda escaleras mec\u00e1nicas, ascensores y montacargas. La compa\u00f1\u00eda Munck ha sido pionera en la industria de exportaci\u00f3n noruega. El primer polipasto Munck para la exportaci\u00f3n se envi\u00f3 a Suecia en 1948, y el mismo a\u00f1o tambi\u00e9n a Inglaterra. A partir de entonces, la exportaci\u00f3n a muchos mercados extranjeros se aceler\u00f3 r\u00e1pidamente.<\/p>\n<h2>Un proveedor mundial<\/h2>\n<p>M\u00e1s tarde, en las d\u00e9cadas de 1950 y 1960, se establecieron compa\u00f1\u00edas subsidiarias en Estados Unidos, Canad\u00e1, Gran Breta\u00f1a, Suecia, Brasil y B\u00e9lgica. Adem\u00e1s, se estableci\u00f3 una red de agentes en otras partes del mundo. A\u00fan hoy, Munck est\u00e1 trabajando muy de cerca con muchas de estas compa\u00f1\u00edas, aunque son administradas por propietarios locales. Actualmente, las gr\u00faas Munch suministran sus productos a nivel mundial y solo la f\u00e1brica noruega env\u00eda 750 gr\u00faas al a\u00f1o, pero agregando otras ubicaciones de Munck ese n\u00famero aumenta a <strong>m\u00e1s de 1.000 gr\u00faas<\/strong>.<\/p>\n<h2>Las primeras gr\u00faas en usar control remoto<\/h2>\n<p>Munck fue <strong>el primer fabricante de gr\u00faas<\/strong> que quit\u00f3 el control de cable como est\u00e1ndar en sus gr\u00faas y lo reemplaz\u00f3 con un control remoto. Si quer\u00edas un control por cable ten\u00edas que comprarlo por separado; quitar el control por cable era algo inaudito en la industria y caus\u00f3 una oleada de cr\u00edticas por parte de los competidores. Mirando hacia atr\u00e1s, no se puede discutir que Munck fue <strong>un pionero<\/strong> en el avance t\u00e9cnico de los controladores de gr\u00faa a trav\u00e9s de su valiente acto.<\/p>\n<blockquote><p>\u201cUsamos Tele Radio debido a su excelente servicio y organizaci\u00f3n de soporte, algo que es muy importante para nosotros y para nuestro negocio\u201d.<\/p><\/blockquote>\n<p>Dice Rune Wab\u00f8, Director General de Munck Cranes.<\/p>\n","protected":false},"excerpt":{"rendered":"<p>La empresa Munck Cranes es un fabricante de gr\u00faas ubicado en Bergen, Noruega. La empresa fue fundada en 1924 por Sverre Munck y comenz\u00f3 su historia como una empresa comercial que vend\u00eda escaleras mec\u00e1nicas, ascensores y montacargas. La compa\u00f1\u00eda Munck ha sido pionera en la industria de exportaci\u00f3n noruega. El primer polipasto Munck para la [&hellip;]<\/p>\n","protected":false},"author":29,"featured_media":9719,"parent":0,"menu_order":0,"comment_status":"closed","ping_status":"closed","template":"","meta":{"_acf_changed":false,"footnotes":""},"class_list":["post-6566","page","type-page","status-publish","has-post-thumbnail","hentry"],"acf":[],"_links":{"self":[{"href":"https:\/\/www.tele-radio.com\/la\/wp-json\/wp\/v2\/pages\/6566","targetHints":{"allow":["GET"]}}],"collection":[{"href":"https:\/\/www.tele-radio.com\/la\/wp-json\/wp\/v2\/pages"}],"about":[{"href":"https:\/\/www.tele-radio.com\/la\/wp-json\/wp\/v2\/types\/page"}],"author":[{"embeddable":true,"href":"https:\/\/www.tele-radio.com\/la\/wp-json\/wp\/v2\/users\/29"}],"replies":[{"embeddable":true,"href":"https:\/\/www.tele-radio.com\/la\/wp-json\/wp\/v2\/comments?post=6566"}],"version-history":[{"count":5,"href":"https:\/\/www.tele-radio.com\/la\/wp-json\/wp\/v2\/pages\/6566\/revisions"}],"predecessor-version":[{"id":20115,"href":"https:\/\/www.tele-radio.com\/la\/wp-json\/wp\/v2\/pages\/6566\/revisions\/20115"}],"wp:featuredmedia":[{"embeddable":true,"href":"https:\/\/www.tele-radio.com\/la\/wp-json\/wp\/v2\/media\/9719"}],"wp:attachment":[{"href":"https:\/\/www.tele-radio.com\/la\/wp-json\/wp\/v2\/media?parent=6566"}],"curies":[{"name":"wp","href":"https:\/\/api.w.org\/{rel}","templated":true}]}}