{"id":6542,"date":"2018-05-14T06:12:23","date_gmt":"2018-05-14T06:12:23","guid":{"rendered":"https:\/\/www.tele-radio.com\/thames-reinforcements-ltd\/"},"modified":"2019-04-24T16:51:45","modified_gmt":"2019-04-24T16:51:45","slug":"puentes-grua-refuerzos-thames","status":"publish","type":"page","link":"https:\/\/www.tele-radio.com\/la\/puentes-grua-refuerzos-thames\/","title":{"rendered":"Puentes Gr\u00faa &#8211; Refuerzos Thames Ltd"},"content":{"rendered":"<p>Refuerzos Thames Ltd es una f\u00e1brica en Sheerness, Kent, construida con el \u00fanico prop\u00f3sito de <strong>fabricar barras de refuerzo de acero<\/strong>. La capacidad de la f\u00e1brica alcanza 1500 toneladas de refuerzos de acero cortados y doblados aprobados por CARES cada semana. Thames comenz\u00f3 con un <strong>control remoto de la competencia<\/strong>, pero descubrieron que el duro clima de la producci\u00f3n de acero es <strong>muy exigente<\/strong> con los controles remotos. Despu\u00e9s de darse cuenta de que los controles remotos solo duraban un mes, comenzaron a buscar un reemplazo. Decidieron probar Tele Radio e instalaron el <a href=\"https:\/\/www.tele-radio.com\/la\/products\/tiger-g2\/\">sistema Tiger<\/a> en sus gr\u00faas. Optaron por el transmisor Tiger T9-1 y usaron dos transmisores para cada gr\u00faa debido a los turnos de trabajo de 24 horas. En total, la f\u00e1brica tiene tres puentes gr\u00faas, cada una equipada con un sistema Tiger.<\/p>\n<p>Despu\u00e9s de un a\u00f1o de funcionamiento las 24 horas del d\u00eda, solo se necesitaron reemplazar dos transmisores. Las gr\u00faas fueron reemplazadas y trasladadas a su planta de Nottingham, donde los sistemas contin\u00faan funcionando sin fallos. Se instalaron nuevas gr\u00faas Demag en la planta de Kent que ven\u00edan con la soluci\u00f3n de radio control de Demags. Despu\u00e9s de solo un mes, el primer control remoto se rompi\u00f3, lo que llev\u00f3 a Tomasz Fraczek, gerente de mantenimiento, a comunicarse con Tele Radio para reemplazar los radio controles Demag con sistemas de Tele Radio.<\/p>\n<blockquote><p>\u201cLos controles remotos de Tele Radio pueden soportar muchos abusos mec\u00e1nicos sin romperse y el tiempo de bater\u00eda es impresionante\u201d.<\/p><\/blockquote>\n<p>Esta vez, Tele Radio instal\u00f3 una soluci\u00f3n <a href=\"https:\/\/www.tele-radio.com\/la\/products\/panther\/\">Panther<\/a> con <strong>bater\u00edas extra\u00edbles y recargables<\/strong> para ayudar con el servicio ininterrumpido. Los transmisores pueden soportar m\u00e1s de 100 horas de servicio, un n\u00famero al que nadie m\u00e1s se acerca. Estos sistemas han estado funcionando durante tres meses sin fallas.<\/p>\n<p>Puedes leer tambi\u00e9n sobre\u00a0<a href=\"https:\/\/www.tele-radio.com\/la\/munck-cranes-a-s\/\">las gr\u00faas Munck<\/a>\u00a0y por qu\u00e9 decidieron usar Tele Radio.<\/p>\n","protected":false},"excerpt":{"rendered":"<p>Refuerzos Thames Ltd es una f\u00e1brica en Sheerness, Kent, construida con el \u00fanico prop\u00f3sito de fabricar barras de refuerzo de acero. La capacidad de la f\u00e1brica alcanza 1500 toneladas de refuerzos de acero cortados y doblados aprobados por CARES cada semana. Thames comenz\u00f3 con un control remoto de la competencia, pero descubrieron que el duro [&hellip;]<\/p>\n","protected":false},"author":29,"featured_media":9755,"parent":0,"menu_order":0,"comment_status":"closed","ping_status":"closed","template":"","meta":{"_acf_changed":false,"footnotes":""},"class_list":["post-6542","page","type-page","status-publish","has-post-thumbnail","hentry"],"acf":[],"_links":{"self":[{"href":"https:\/\/www.tele-radio.com\/la\/wp-json\/wp\/v2\/pages\/6542","targetHints":{"allow":["GET"]}}],"collection":[{"href":"https:\/\/www.tele-radio.com\/la\/wp-json\/wp\/v2\/pages"}],"about":[{"href":"https:\/\/www.tele-radio.com\/la\/wp-json\/wp\/v2\/types\/page"}],"author":[{"embeddable":true,"href":"https:\/\/www.tele-radio.com\/la\/wp-json\/wp\/v2\/users\/29"}],"replies":[{"embeddable":true,"href":"https:\/\/www.tele-radio.com\/la\/wp-json\/wp\/v2\/comments?post=6542"}],"version-history":[{"count":4,"href":"https:\/\/www.tele-radio.com\/la\/wp-json\/wp\/v2\/pages\/6542\/revisions"}],"predecessor-version":[{"id":20306,"href":"https:\/\/www.tele-radio.com\/la\/wp-json\/wp\/v2\/pages\/6542\/revisions\/20306"}],"wp:featuredmedia":[{"embeddable":true,"href":"https:\/\/www.tele-radio.com\/la\/wp-json\/wp\/v2\/media\/9755"}],"wp:attachment":[{"href":"https:\/\/www.tele-radio.com\/la\/wp-json\/wp\/v2\/media?parent=6542"}],"curies":[{"name":"wp","href":"https:\/\/api.w.org\/{rel}","templated":true}]}}