{"id":6518,"date":"2018-05-14T06:20:21","date_gmt":"2018-05-14T06:20:21","guid":{"rendered":"https:\/\/www.tele-radio.com\/easy-silage\/"},"modified":"2019-04-24T10:25:24","modified_gmt":"2019-04-24T10:25:24","slug":"easy-silage","status":"publish","type":"page","link":"https:\/\/www.tele-radio.com\/la\/easy-silage\/","title":{"rendered":"Cubrimiento de Silos &#8211; Easy Silage BV"},"content":{"rendered":"<h2>Sistema de recubrimiento de silo de pinza<\/h2>\n<p>Easy Silage BV es una empresa especializada en cubrir silos de sujeci\u00f3n. La compa\u00f1\u00eda est\u00e1 ubicada en Dearsum, en el centro de la provincia de Frisia, conocida como la provincia lechera de los Pa\u00edses Bajos.<\/p>\n<h2>Hecho para encajar<\/h2>\n<p>Los sistemas de cubierta Easy Silage son adecuados para silos de sujeci\u00f3n de hasta 100 metros de largo y 25 metros de ancho. La operaci\u00f3n <strong>se controla de forma remota<\/strong> mediante un sistema de control remoto <a href=\"https:\/\/www.tele-radio.com\/la\/products\/panther\/\">Panther<\/a> de Tele Radio. Dado que todas las fincas son \u00fanicas en la forma en que operan, los sistemas de cobertura est\u00e1n hechos adaptados a cada cliente y con especificaciones personalizadas. B\u00e1sicamente, pueden identificarse tres componentes: El sistema ferroviario, el sistema de cabrestante y el sistema de portal.<\/p>\n<h2>Sistema flexible<\/h2>\n<p>Los sistemas de riel y cabrestante se adaptan a casi cualquier silo existente. La m\u00e1quina con el mecanismo de rodadura corre a lo largo del canal. La unidad del receptor est\u00e1 montada en la pared del silo, utilizando soportes especiales. El sistema de cabrestante se puede utilizar para varios silos, gracias a un punto de contacto de dise\u00f1o especial. Con un tractor o un cargador telesc\u00f3pico, el operador puede mover f\u00e1cilmente la m\u00e1quina de la cubierta de un silo a otro.<\/p>\n<h2>Reemplazo de un control de panel fijo<\/h2>\n<p>El cliente <strong>pas\u00f3 de los controles fijos a los controles remotos<\/strong> porque ofrece al operador una mejor vista de la operaci\u00f3n, que de otro modo quedar\u00eda parcialmente oculta desde donde se montaron los controles originales. Tele Radio BV espera entregar al menos 40 sistemas a Easy Silage BV por a\u00f1o.<\/p>\n","protected":false},"excerpt":{"rendered":"<p>Sistema de recubrimiento de silo de pinza Easy Silage BV es una empresa especializada en cubrir silos de sujeci\u00f3n. La compa\u00f1\u00eda est\u00e1 ubicada en Dearsum, en el centro de la provincia de Frisia, conocida como la provincia lechera de los Pa\u00edses Bajos. Hecho para encajar Los sistemas de cubierta Easy Silage son adecuados para silos [&hellip;]<\/p>\n","protected":false},"author":29,"featured_media":9791,"parent":0,"menu_order":0,"comment_status":"closed","ping_status":"closed","template":"","meta":{"_acf_changed":false,"footnotes":""},"class_list":["post-6518","page","type-page","status-publish","has-post-thumbnail","hentry"],"acf":[],"_links":{"self":[{"href":"https:\/\/www.tele-radio.com\/la\/wp-json\/wp\/v2\/pages\/6518","targetHints":{"allow":["GET"]}}],"collection":[{"href":"https:\/\/www.tele-radio.com\/la\/wp-json\/wp\/v2\/pages"}],"about":[{"href":"https:\/\/www.tele-radio.com\/la\/wp-json\/wp\/v2\/types\/page"}],"author":[{"embeddable":true,"href":"https:\/\/www.tele-radio.com\/la\/wp-json\/wp\/v2\/users\/29"}],"replies":[{"embeddable":true,"href":"https:\/\/www.tele-radio.com\/la\/wp-json\/wp\/v2\/comments?post=6518"}],"version-history":[{"count":7,"href":"https:\/\/www.tele-radio.com\/la\/wp-json\/wp\/v2\/pages\/6518\/revisions"}],"predecessor-version":[{"id":20106,"href":"https:\/\/www.tele-radio.com\/la\/wp-json\/wp\/v2\/pages\/6518\/revisions\/20106"}],"wp:featuredmedia":[{"embeddable":true,"href":"https:\/\/www.tele-radio.com\/la\/wp-json\/wp\/v2\/media\/9791"}],"wp:attachment":[{"href":"https:\/\/www.tele-radio.com\/la\/wp-json\/wp\/v2\/media?parent=6518"}],"curies":[{"name":"wp","href":"https:\/\/api.w.org\/{rel}","templated":true}]}}