{"id":6494,"date":"2018-05-14T09:08:21","date_gmt":"2018-05-14T09:08:21","guid":{"rendered":"https:\/\/www.tele-radio.com\/euro-prima-doo\/"},"modified":"2019-04-24T10:59:09","modified_gmt":"2019-04-24T10:59:09","slug":"cosechadoras-euro-prima-doo","status":"publish","type":"page","link":"https:\/\/www.tele-radio.com\/la\/cosechadoras-euro-prima-doo\/","title":{"rendered":"Cosechadoras &#8211; Euro Prima doo"},"content":{"rendered":"<div class=\"main\">\n<div class=\"inner\">\n<h2>Especialistas en cultivo de hierbas<\/h2>\n<p>La empresa Euro Prima es un proveedor serbio de <strong>maquinaria de cosecha<\/strong>, especializada en la recolecci\u00f3n de plantas medicinales y hierbas como el romero, la menta, la hierba de lim\u00f3n, el perejil y muchas m\u00e1s. La compa\u00f1\u00eda tiene su sede en Novi Sad, Serbia, con clientes en 50 pa\u00edses de todo el mundo.<\/p>\n<h2>Mejor con Tele Radio<\/h2>\n<p>En la imagen de arriba se muestra el Harvester-Mower NB 2005 V, una unidad de recolecci\u00f3n que est\u00e1 hecha para la manzanilla, menta y otras hierbas. Se mueve sobre las plantas, suspendidas en el aire por el tractor, separando las flores del tallo, dejando intacta la mayor parte de la planta.<\/p>\n<p>La empresa y sus clientes experimentaron problemas e inconvenientes al hacer ajustes en la operaci\u00f3n con controles cableados. Al utilizar un sistema de control remoto de Tele Radio, el operador puede controlar f\u00e1cilmente el cosechador, sin tener que abandonar la cabina con aire acondicionado del tractor en vez de trabajar a altas temperaturas a los campos agr\u00edcolas.<\/p>\n<p>Para este sistema en particular, el cliente compr\u00f3 <strong>sistemas Panther<\/strong> que consist\u00edan en un transmisor PN-T19-2 y un receptor PN-R8-3. La configuraci\u00f3n proporciona el uso de grupos de rel\u00e9 de enclavamiento que desactiva una funci\u00f3n mientras inicia otra. Esta soluci\u00f3n hizo felices a los clientes y tambi\u00e9n demostr\u00f3 ser <strong>muy f\u00e1cil de instalar para la empresa<\/strong>.<\/p>\n<\/div>\n<\/div>\n<div class=\"footer\">\n<div class=\"inner\">\n<div class=\"section\">\n<div class=\"col half\"><\/div>\n<\/div>\n<\/div>\n<\/div>\n","protected":false},"excerpt":{"rendered":"<p>Especialistas en cultivo de hierbas La empresa Euro Prima es un proveedor serbio de maquinaria de cosecha, especializada en la recolecci\u00f3n de plantas medicinales y hierbas como el romero, la menta, la hierba de lim\u00f3n, el perejil y muchas m\u00e1s. La compa\u00f1\u00eda tiene su sede en Novi Sad, Serbia, con clientes en 50 pa\u00edses de [&hellip;]<\/p>\n","protected":false},"author":29,"featured_media":9827,"parent":0,"menu_order":0,"comment_status":"closed","ping_status":"closed","template":"","meta":{"_acf_changed":false,"footnotes":""},"class_list":["post-6494","page","type-page","status-publish","has-post-thumbnail","hentry"],"acf":[],"_links":{"self":[{"href":"https:\/\/www.tele-radio.com\/la\/wp-json\/wp\/v2\/pages\/6494","targetHints":{"allow":["GET"]}}],"collection":[{"href":"https:\/\/www.tele-radio.com\/la\/wp-json\/wp\/v2\/pages"}],"about":[{"href":"https:\/\/www.tele-radio.com\/la\/wp-json\/wp\/v2\/types\/page"}],"author":[{"embeddable":true,"href":"https:\/\/www.tele-radio.com\/la\/wp-json\/wp\/v2\/users\/29"}],"replies":[{"embeddable":true,"href":"https:\/\/www.tele-radio.com\/la\/wp-json\/wp\/v2\/comments?post=6494"}],"version-history":[{"count":4,"href":"https:\/\/www.tele-radio.com\/la\/wp-json\/wp\/v2\/pages\/6494\/revisions"}],"predecessor-version":[{"id":20110,"href":"https:\/\/www.tele-radio.com\/la\/wp-json\/wp\/v2\/pages\/6494\/revisions\/20110"}],"wp:featuredmedia":[{"embeddable":true,"href":"https:\/\/www.tele-radio.com\/la\/wp-json\/wp\/v2\/media\/9827"}],"wp:attachment":[{"href":"https:\/\/www.tele-radio.com\/la\/wp-json\/wp\/v2\/media?parent=6494"}],"curies":[{"name":"wp","href":"https:\/\/api.w.org\/{rel}","templated":true}]}}