{"id":6387,"date":"2018-05-10T13:37:16","date_gmt":"2018-05-10T13:37:16","guid":{"rendered":"https:\/\/www.tele-radio.com\/ethical-standards\/"},"modified":"2019-04-24T10:53:05","modified_gmt":"2019-04-24T10:53:05","slug":"estandares-eticos","status":"publish","type":"page","link":"https:\/\/www.tele-radio.com\/la\/estandares-eticos\/","title":{"rendered":"Est\u00e1ndares \u00e9ticos"},"content":{"rendered":"<h1>Est\u00e1ndares \u00e9ticos<\/h1>\n<h2>Sociales y medioambientales<\/h2>\n<p>En Tele Radio creemos en la protecci\u00f3n del medio ambiente y lo hacemos alentando la reducci\u00f3n, la reutilizaci\u00f3n y el reciclaje del material de desecho. Tanto el nuestro propio como el de nuestros socios proveedores en la medida de lo posible. Tambi\u00e9n instamos a nuestros socios proveedores a reducir el exceso de embalaje utilizando materiales reciclados y no t\u00f3xicos siempre que sea posible. Las emisiones de cualquier lugar de negocios se reducir\u00e1n para minimizar el da\u00f1o al medio ambiente y habr\u00e1 un plan vigente sobre c\u00f3mo reducir a\u00fan m\u00e1s el riesgo de emisiones en el futuro.<\/p>\n<h2>Lugar de trabajo seguro<\/h2>\n<p>Mantenemos un entorno seguro, limpio, saludable y productivo para nuestros asociados y esperamos lo mismo de nuestros socios proveedores. Los socios proveedores deben ser empleados con condiciones de trabajo seguras y saludables. Las <strong>f\u00e1bricas que trabajan con productos o merchandise de Tele Radio<\/strong> deben proporcionar instalaciones m\u00e9dicas adecuadas, salidas de emergencia, equipos de seguridad, lugares de trabajo bien iluminados y confortables y ba\u00f1os limpios. En Tele Radio no aceptaremos negocios con ning\u00fan proveedor asociado que proporcione un entorno de trabajo insalubre o peligroso o que utilice pr\u00e1cticas f\u00edsicas o mentales disciplinarias.<\/p>\n<h2>En contra de la discriminaci\u00f3n<\/h2>\n<p>Reconocemos que existen diferencias y est\u00e1ndares culturales, y en nuestros diversos pa\u00edses. Sin embargo, creemos que los t\u00e9rminos y condiciones de empleo <strong>se deben basar en la capacidad de un individuo<\/strong> para realizar el trabajo, no en base a las caracter\u00edsticas o creencias personales. En el grupo Tele Radio nos exigimos a nosotros mismos y a nuestros proveedores que defiendan los principios b\u00e1sicos de los derechos humanos y no discriminen a los empleados por motivos de raza, color, origen nacional, g\u00e9nero, religi\u00f3n, discapacidad, orientaci\u00f3n sexual u opini\u00f3n pol\u00edtica.<\/p>\n<h2>No toleramos el trabajo infantil<\/h2>\n<p>No toleramos bajo ning\u00fan concepto el uso de mano de obra infantil en el dise\u00f1o o fabricaci\u00f3n de los productos que compramos ni vendemos. No aceptaremos productos de proveedores que utilicen cualquier manera de trabajo infantil en la contrataci\u00f3n, subcontrataci\u00f3n u otras relaciones en la producci\u00f3n de sus productos o servicios.<\/p>\n<h2>Nuestro C\u00f3digo de Conducta<\/h2>\n<p><a href=\"https:\/\/api.tele-radio.com\/api\/files\/1990\">Puede ver nuestro c\u00f3digo de conducta aqu\u00ed.<\/a><\/p>\n<h2>WWF y la conservaci\u00f3n de tigres<\/h2>\n<p>El n\u00famero de tigres en el a\u00f1o 1900 era de m\u00e1s de 100.000. Esta cifra se redujo a solo 4.000 en los a\u00f1os 70, un 96% menos en tan solo 70 a\u00f1os. Hoy en d\u00eda, se trata de una especie en <strong>peligro cr\u00edtico<\/strong>, se estima que son alrededor de 3.000 tigres en total, contando todas las poblaciones salvajes de las cinco subespecies restantes (Bengala, indochina, siberiana, sur de China y Sumatra). Se sabe que todos los tigres restantes viven en poblaciones peque\u00f1as y aisladas en reservas muy dispersas. La mayor concentraci\u00f3n de tigres en una reserva es de aproximadamente 215.<\/p>\n<p>En Tele Radio apoyamos el Fondo Mundial para la Naturaleza (WWF) y sus esfuerzos para conservar el tigre. La poblaci\u00f3n de tigres se est\u00e1 recuperando lentamente a trav\u00e9s de los esfuerzos diligentes de WWF. Dado que el tigre ocupa un lugar destacado en nuestro marketing y es el nombre de <a href=\"https:\/\/www.tele-radio.com\/la\/products\/tiger-g2\/\">uno de nuestros sistemas de control remoto<\/a>, pensamos que es una buena forma de <strong>devolver el favor<\/strong> poniendo de nuestra parte en los esfuerzos de conservaci\u00f3n.<\/p>\n<p><img loading=\"lazy\" decoding=\"async\" class=\"aligncenter size-full wp-image-6302\" src=\"https:\/\/www.tele-radio.com\/app\/uploads\/tiger_wwf.jpg\" sizes=\"auto, (max-width: 1200px) 100vw, 1200px\" srcset=\"https:\/\/www.tele-radio.com\/app\/uploads\/tiger_wwf.jpg 1200w, https:\/\/www.tele-radio.com\/app\/uploads\/tiger_wwf-400x185.jpg 400w, https:\/\/www.tele-radio.com\/app\/uploads\/tiger_wwf-768x355.jpg 768w, https:\/\/www.tele-radio.com\/app\/uploads\/tiger_wwf-750x347.jpg 750w, https:\/\/www.tele-radio.com\/app\/uploads\/tiger_wwf-500x231.jpg 500w, https:\/\/www.tele-radio.com\/app\/uploads\/tiger_wwf-800x370.jpg 800w\" alt=\"Tele Radio supports WWF\" width=\"1200\" height=\"555\" \/><\/p>\n","protected":false},"excerpt":{"rendered":"<p>Est\u00e1ndares \u00e9ticos Sociales y medioambientales En Tele Radio creemos en la protecci\u00f3n del medio ambiente y lo hacemos alentando la reducci\u00f3n, la reutilizaci\u00f3n y el reciclaje del material de desecho. Tanto el nuestro propio como el de nuestros socios proveedores en la medida de lo posible. Tambi\u00e9n instamos a nuestros socios proveedores a reducir el [&hellip;]<\/p>\n","protected":false},"author":29,"featured_media":9701,"parent":0,"menu_order":0,"comment_status":"closed","ping_status":"closed","template":"","meta":{"_acf_changed":false,"footnotes":""},"class_list":["post-6387","page","type-page","status-publish","has-post-thumbnail","hentry"],"acf":[],"_links":{"self":[{"href":"https:\/\/www.tele-radio.com\/la\/wp-json\/wp\/v2\/pages\/6387","targetHints":{"allow":["GET"]}}],"collection":[{"href":"https:\/\/www.tele-radio.com\/la\/wp-json\/wp\/v2\/pages"}],"about":[{"href":"https:\/\/www.tele-radio.com\/la\/wp-json\/wp\/v2\/types\/page"}],"author":[{"embeddable":true,"href":"https:\/\/www.tele-radio.com\/la\/wp-json\/wp\/v2\/users\/29"}],"replies":[{"embeddable":true,"href":"https:\/\/www.tele-radio.com\/la\/wp-json\/wp\/v2\/comments?post=6387"}],"version-history":[{"count":4,"href":"https:\/\/www.tele-radio.com\/la\/wp-json\/wp\/v2\/pages\/6387\/revisions"}],"predecessor-version":[{"id":20108,"href":"https:\/\/www.tele-radio.com\/la\/wp-json\/wp\/v2\/pages\/6387\/revisions\/20108"}],"wp:featuredmedia":[{"embeddable":true,"href":"https:\/\/www.tele-radio.com\/la\/wp-json\/wp\/v2\/media\/9701"}],"wp:attachment":[{"href":"https:\/\/www.tele-radio.com\/la\/wp-json\/wp\/v2\/media?parent=6387"}],"curies":[{"name":"wp","href":"https:\/\/api.w.org\/{rel}","templated":true}]}}