{"id":6349,"date":"2018-05-10T13:36:49","date_gmt":"2018-05-10T13:36:49","guid":{"rendered":"https:\/\/www.tele-radio.com\/specialized-production\/"},"modified":"2022-06-06T15:58:17","modified_gmt":"2022-06-06T15:58:17","slug":"productos-personalizados","status":"publish","type":"page","link":"https:\/\/www.tele-radio.com\/la\/productos-personalizados\/","title":{"rendered":"Fabricaci\u00f3n a medida de controles remotos"},"content":{"rendered":"<h1>Sistemas de control remoto a medida<\/h1>\n<p>Tele Radio dispone de la gama de controles remotos m\u00e1s amplia del mercado. No obstante, si ninguno de nuestros productos encaja con su aplicaci\u00f3n, <strong>podemos fabricarlo a medida<\/strong>.<\/p>\n<p><img loading=\"lazy\" decoding=\"async\" class=\"aligncenter size-full wp-image-6293\" src=\"https:\/\/www.tele-radio.com\/app\/uploads\/custom_remotes_from_Tele_Radio.jpg\" alt=\"Custom remote control being milled | Tele Radio\" width=\"1200\" height=\"499\" srcset=\"https:\/\/www.tele-radio.com\/app\/uploads\/custom_remotes_from_Tele_Radio.jpg 1200w, https:\/\/www.tele-radio.com\/app\/uploads\/custom_remotes_from_Tele_Radio-400x166.jpg 400w, https:\/\/www.tele-radio.com\/app\/uploads\/custom_remotes_from_Tele_Radio-768x319.jpg 768w, https:\/\/www.tele-radio.com\/app\/uploads\/custom_remotes_from_Tele_Radio-750x312.jpg 750w, https:\/\/www.tele-radio.com\/app\/uploads\/custom_remotes_from_Tele_Radio-500x208.jpg 500w, https:\/\/www.tele-radio.com\/app\/uploads\/custom_remotes_from_Tele_Radio-800x333.jpg 800w\" sizes=\"auto, (max-width: 1200px) 100vw, 1200px\" \/><\/p>\n<p>Realizamos <strong>cientos de proyectos de personalizaci\u00f3n cada a\u00f1o<\/strong>. En Tele Radio creemos que para satisfacer al cliente, a menudo, es necesario adaptar el producto al cliente y no al contrario. Para ello ofrecemos soluciones personalizadas mediante hardware y software.<\/p>\n<p>Tambi\u00e9n ofrecemos <strong>car\u00e1tulas y placas personalizadas<\/strong> para que el dise\u00f1o de los mandos se encuentre acorde a su propia imagen corporativa. Independientemente de lo que necesite, haremos todo lo posible para encontrar una soluci\u00f3n viable.<\/p>\n<h2>Personalizaciones de software y\/o hardware<\/h2>\n<p>La complejidad de la personalizaci\u00f3n y del proyecto puede variar. En la mayor\u00eda de casos, las personalizaciones pueden realizarse mediante cambios en el <strong>software<\/strong>. En estos casos, puede utilizarse uno de nuestros controles remotos y re-programar el software de acuerdo a su maquinaria o aplicaci\u00f3n. Normalmente, est\u00e1 <strong>listo en\u00a0cuesti\u00f3n de d\u00edas<\/strong>.<\/p>\n<p>Tambi\u00e9n ofrecemos soluciones para personalizaciones y proyectos m\u00e1s complejos que adem\u00e1s de un cambio de software, requieran cambios de hardware los elementos f\u00edsicos (receptores o transmisores).<\/p>\n<h2>Validaci\u00f3n de los sistemas a medida<\/h2>\n<p>Los proyectos personalizados m\u00e1s complejos suelen contar con algunas rondas de validaci\u00f3n adicionales para garantizar que todo funcione como el cliente espera. Para ello colaboramos estrechamente con el cliente y hacemos pruebas in-situ con la maquinaria para validar un funcionamiento \u00f3ptimo.<\/p>\n<p><img loading=\"lazy\" decoding=\"async\" class=\"aligncenter size-full wp-image-6294\" src=\"https:\/\/www.tele-radio.com\/app\/uploads\/customer-foil.jpg\" alt=\"Customer using Tele Radio remote with custom foil\" width=\"1200\" height=\"495\" srcset=\"https:\/\/www.tele-radio.com\/app\/uploads\/customer-foil.jpg 1200w, https:\/\/www.tele-radio.com\/app\/uploads\/customer-foil-400x165.jpg 400w, https:\/\/www.tele-radio.com\/app\/uploads\/customer-foil-768x317.jpg 768w, https:\/\/www.tele-radio.com\/app\/uploads\/customer-foil-750x309.jpg 750w, https:\/\/www.tele-radio.com\/app\/uploads\/customer-foil-500x206.jpg 500w, https:\/\/www.tele-radio.com\/app\/uploads\/customer-foil-800x330.jpg 800w\" sizes=\"auto, (max-width: 1200px) 100vw, 1200px\" \/><\/p>\n<h2>Personalizaci\u00f3n de transmisores PUMA<\/h2>\n<p>Cons\u00faltenos sobre las opciones de personalizaci\u00f3n de los <a href=\"https:\/\/www.tele-radio.com\/es\/products\/puma-control-remoto-avanzado\/\" data-wplink-edit=\"true\">transmisores PUMA<\/a> y descubra la enorme flexibilidad y la cantidad de variaciones que pueden hacerse, hasta conseguir adaptar el sistema a la mayor\u00eda de aplicaciones. Puede elegir la cantidad de botones, joysticks, paletas y potenci\u00f3metros que necesite para su maquinaria, adem\u00e1s de personalizar el tama\u00f1o y los datos mostrados en la pantalla.<\/p>\n<p><img loading=\"lazy\" decoding=\"async\" class=\"alignnone size-medium wp-image-21939\" src=\"https:\/\/www.tele-radio.com\/app\/uploads\/\/image004-400x264.jpg\" alt=\"\" width=\"400\" height=\"264\" srcset=\"https:\/\/www.tele-radio.com\/app\/uploads\/image004-400x264.jpg 400w, https:\/\/www.tele-radio.com\/app\/uploads\/image004.jpg 750w, https:\/\/www.tele-radio.com\/app\/uploads\/image004-500x330.jpg 500w\" sizes=\"auto, (max-width: 400px) 100vw, 400px\" \/><\/p>\n<p><img loading=\"lazy\" decoding=\"async\" class=\"alignnone size-medium wp-image-21921\" src=\"https:\/\/www.tele-radio.com\/app\/uploads\/\/image003-400x267.jpg\" alt=\"\" width=\"400\" height=\"267\" srcset=\"https:\/\/www.tele-radio.com\/app\/uploads\/image003-400x267.jpg 400w, https:\/\/www.tele-radio.com\/app\/uploads\/image003.jpg 750w, https:\/\/www.tele-radio.com\/app\/uploads\/image003-500x334.jpg 500w\" sizes=\"auto, (max-width: 400px) 100vw, 400px\" \/><\/p>\n<h2>Personalizaci\u00f3n de car\u00e1tulas y botones de mandos<\/h2>\n<p><img loading=\"lazy\" decoding=\"async\" class=\"size-full wp-image-29175 alignleft\" src=\"https:\/\/www.tele-radio.com\/app\/uploads\/foils-personalizados-small.jpg\" alt=\"\" width=\"600\" height=\"300\" srcset=\"https:\/\/www.tele-radio.com\/app\/uploads\/foils-personalizados-small.jpg 600w, https:\/\/www.tele-radio.com\/app\/uploads\/foils-personalizados-small-400x200.jpg 400w, https:\/\/www.tele-radio.com\/app\/uploads\/foils-personalizados-small-360x180.jpg 360w, https:\/\/www.tele-radio.com\/app\/uploads\/foils-personalizados-small-500x250.jpg 500w\" sizes=\"auto, (max-width: 600px) 100vw, 600px\" \/><\/p>\n<p>Fabricamos placas de metacrilato y car\u00e1tulas personalizadas para nuestros mandos con los colores corporativos, logo, textos, etc. de su empresa. Los s\u00edmbolos tambi\u00e9n pueden ser dise\u00f1ados a medida para que indiquen las funciones de la forma m\u00e1s clara posible.\u00a0\u00a1Las posibilidades son enormes!<\/p>\n<p>Puede ver toda la informaci\u00f3n en la p\u00e1gina de <a href=\"https:\/\/www.tele-radio.com\/la\/caratulas-personalizables\/\">car\u00e1tulas personalizadas<\/a>.<\/p>\n","protected":false},"excerpt":{"rendered":"<p>Sistemas de control remoto a medida Tele Radio dispone de la gama de controles remotos m\u00e1s amplia del mercado. No obstante, si ninguno de nuestros productos encaja con su aplicaci\u00f3n, podemos fabricarlo a medida. Realizamos cientos de proyectos de personalizaci\u00f3n cada a\u00f1o. En Tele Radio creemos que para satisfacer al cliente, a menudo, es necesario [&hellip;]<\/p>\n","protected":false},"author":29,"featured_media":11789,"parent":0,"menu_order":0,"comment_status":"closed","ping_status":"closed","template":"","meta":{"_acf_changed":false,"footnotes":""},"class_list":["post-6349","page","type-page","status-publish","has-post-thumbnail","hentry"],"acf":[],"_links":{"self":[{"href":"https:\/\/www.tele-radio.com\/la\/wp-json\/wp\/v2\/pages\/6349","targetHints":{"allow":["GET"]}}],"collection":[{"href":"https:\/\/www.tele-radio.com\/la\/wp-json\/wp\/v2\/pages"}],"about":[{"href":"https:\/\/www.tele-radio.com\/la\/wp-json\/wp\/v2\/types\/page"}],"author":[{"embeddable":true,"href":"https:\/\/www.tele-radio.com\/la\/wp-json\/wp\/v2\/users\/29"}],"replies":[{"embeddable":true,"href":"https:\/\/www.tele-radio.com\/la\/wp-json\/wp\/v2\/comments?post=6349"}],"version-history":[{"count":6,"href":"https:\/\/www.tele-radio.com\/la\/wp-json\/wp\/v2\/pages\/6349\/revisions"}],"predecessor-version":[{"id":104292,"href":"https:\/\/www.tele-radio.com\/la\/wp-json\/wp\/v2\/pages\/6349\/revisions\/104292"}],"wp:featuredmedia":[{"embeddable":true,"href":"https:\/\/www.tele-radio.com\/la\/wp-json\/wp\/v2\/media\/11789"}],"wp:attachment":[{"href":"https:\/\/www.tele-radio.com\/la\/wp-json\/wp\/v2\/media?parent=6349"}],"curies":[{"name":"wp","href":"https:\/\/api.w.org\/{rel}","templated":true}]}}